{"id":1046,"date":"2023-07-05T07:43:01","date_gmt":"2023-07-05T07:43:01","guid":{"rendered":"https:\/\/hetapro.com\/?post_type=product&#038;p=1046"},"modified":"2025-01-14T03:02:20","modified_gmt":"2025-01-14T03:02:20","slug":"thermalux-r290-heat-pump","status":"publish","type":"product","link":"https:\/\/hetapro.com\/de\/products\/thermalux-r290-heat-pump\/","title":{"rendered":"Monoblock-W\u00e4rmepumpe der ThermaluX-Serie R290 DC Inverter"},"content":{"rendered":"<table width=\"1333\">\n<tbody>\n<tr>\n<td width=\"323\">Modell<\/td>\n<td width=\"67\">\/<\/td>\n<td width=\"173\">HEAW06MRN5-A<\/td>\n<td width=\"173\">HEAW10MRN5-A<\/td>\n<td width=\"173\">HEAW12MRN5-A<\/td>\n<td colspan=\"2\" width=\"251\">HEAW16MRN5-A<\/td>\n<td width=\"173\">HEAW18MRN5-A<\/td>\n<\/tr>\n<tr>\n<td>\u00a0Stromversorgung<\/td>\n<td>V\/Ph<\/td>\n<td colspan=\"2\" width=\"346\">220 V\/1 Phase<\/td>\n<td colspan=\"4\" width=\"597\">220 V\/1-phasig 380 V\/3-phasig<\/td>\n<\/tr>\n<tr>\n<td colspan=\"8\">\u00a0Heizung (A7\/6\u2103, W30\/35\u2103)<\/td>\n<\/tr>\n<tr>\n<td>\u00a0Heizleistung<\/td>\n<td>kw<\/td>\n<td>6.25<\/td>\n<td>9.95<\/td>\n<td>12.50<\/td>\n<td>15.88<\/td>\n<td>15.88<\/td>\n<td>18.00<\/td>\n<\/tr>\n<tr>\n<td>\u00a0Leistungsaufnahme<\/td>\n<td>kw<\/td>\n<td>1.49<\/td>\n<td>2.07<\/td>\n<td>2.98<\/td>\n<td>3.55<\/td>\n<td>3.55<\/td>\n<td>4.62<\/td>\n<\/tr>\n<tr>\n<td>\u00a0POLIZIST<\/td>\n<td>W\/W<\/td>\n<td>4.19<\/td>\n<td>4.81<\/td>\n<td>4.20<\/td>\n<td>4.47<\/td>\n<td>4.47<\/td>\n<td>3.90<\/td>\n<\/tr>\n<tr>\n<td colspan=\"8\">\u00a0Heizung (A7\/6\u2103, W47\/55\u2103)<\/td>\n<\/tr>\n<tr>\n<td>\u00a0Heizleistung<\/td>\n<td>kw<\/td>\n<td>6.25<\/td>\n<td>9.34<\/td>\n<td>12.50<\/td>\n<td>15.97<\/td>\n<td>15.97<\/td>\n<td>17.00<\/td>\n<\/tr>\n<tr>\n<td>\u00a0Leistungsaufnahme<\/td>\n<td>kw<\/td>\n<td>2<\/td>\n<td>3.07<\/td>\n<td>4.17<\/td>\n<td>5.85<\/td>\n<td>5.85<\/td>\n<td>5.86<\/td>\n<\/tr>\n<tr>\n<td>\u00a0POLIZIST<\/td>\n<td>W\/W<\/td>\n<td>3.13<\/td>\n<td>3.04<\/td>\n<td>3.00<\/td>\n<td>2.73<\/td>\n<td>2.73<\/td>\n<td>2.90<\/td>\n<\/tr>\n<tr>\n<td colspan=\"8\">\u00a0K\u00fchlung (A35\/24\u2103, W12\/7\u2103)<\/td>\n<\/tr>\n<tr>\n<td>\u00a0K\u00fchlleistung<\/td>\n<td>kw<\/td>\n<td>4.4<\/td>\n<td width=\"173\">8.20<\/td>\n<td width=\"173\">8.80<\/td>\n<td width=\"125\">14.00<\/td>\n<td width=\"125\">14.00<\/td>\n<td width=\"173\">14.00<\/td>\n<\/tr>\n<tr>\n<td>\u00a0Leistungsaufnahme<\/td>\n<td>kw<\/td>\n<td>1.52<\/td>\n<td width=\"173\">2.52<\/td>\n<td>3.03<\/td>\n<td width=\"125\">5.19<\/td>\n<td width=\"125\">5.19<\/td>\n<td width=\"173\">5.19<\/td>\n<\/tr>\n<tr>\n<td>\u00a0Effektiver Jahresertrag<\/td>\n<td>W\/W<\/td>\n<td>2.89<\/td>\n<td>3.25<\/td>\n<td>2.90<\/td>\n<td>2.70<\/td>\n<td>2.70<\/td>\n<td>2.70<\/td>\n<\/tr>\n<tr>\n<td>\u00a0ERP-Level (35 \u00b0C)<\/td>\n<td>\/<\/td>\n<td>Eine+++<\/td>\n<td>Eine+++<\/td>\n<td>Eine+++<\/td>\n<td>Eine+++<\/td>\n<td>Eine+++<\/td>\n<td>Eine+++<\/td>\n<\/tr>\n<tr>\n<td>\u00a0ERP-Level (55 \u00b0C)<\/td>\n<td>\/<\/td>\n<td>A++<\/td>\n<td>A++<\/td>\n<td>A++<\/td>\n<td>A++<\/td>\n<td>A++<\/td>\n<td>A++<\/td>\n<\/tr>\n<tr>\n<td>\u00a0Nennwasserdurchfluss<\/td>\n<td>m3\/h<\/td>\n<td>1.032<\/td>\n<td>1.72<\/td>\n<td>2.064<\/td>\n<td>2.752<\/td>\n<td>3.096<\/td>\n<td>3.784<\/td>\n<\/tr>\n<tr>\n<td>\u00a0MAX. Eingangsleistung<\/td>\n<td>kw<\/td>\n<td>2.5<\/td>\n<td>5.01<\/td>\n<td>5.01<\/td>\n<td>7.92<\/td>\n<td>7.92<\/td>\n<td>7.92<\/td>\n<\/tr>\n<tr>\n<td>\u00a0MAX. Eingangsstrom<\/td>\n<td>A<\/td>\n<td>9.5<\/td>\n<td>19<\/td>\n<td>19<\/td>\n<td>30<\/td>\n<td>30<\/td>\n<td>30<\/td>\n<\/tr>\n<tr>\n<td>Motortyp der Au\u00dfeneinheit<\/td>\n<td>\/<\/td>\n<td><\/td>\n<td colspan=\"5\">Gleichstroml\u00fcfter<\/td>\n<\/tr>\n<tr>\n<td>Anzahl der L\u00fcfterbl\u00e4tter der Au\u00dfeneinheit<\/td>\n<td>\/<\/td>\n<td><\/td>\n<td colspan=\"5\">1<\/td>\n<\/tr>\n<tr>\n<td>\u00a0Kompressor<\/td>\n<td>\/<\/td>\n<td><\/td>\n<td colspan=\"5\">GMCC\/Rotary\/EVI<\/td>\n<\/tr>\n<tr>\n<td>\u00a0Wasserpumpe<\/td>\n<td>\/<\/td>\n<td><\/td>\n<td colspan=\"5\">Neue Gebiete\/Wechselrichter\/Eingebaut<\/td>\n<\/tr>\n<tr>\n<td>Luftseitiger W\u00e4rmetauscher<\/td>\n<td>\/<\/td>\n<td><\/td>\n<td colspan=\"5\">Rippenrohr<\/td>\n<\/tr>\n<tr>\n<td>Wasserseitiger W\u00e4rmetauscher<\/td>\n<td><\/td>\n<td><\/td>\n<td colspan=\"5\">Plattentyp<\/td>\n<\/tr>\n<tr>\n<td>\u00a0Auftauen<\/td>\n<td>\/<\/td>\n<td><\/td>\n<td colspan=\"5\">\u00a0Automatisches Abtauen mit 4-Wege-Ventil<\/td>\n<\/tr>\n<tr>\n<td>\u00a0Wasserdichtigkeit<\/td>\n<td>\/<\/td>\n<td><\/td>\n<td colspan=\"5\">IPX4<\/td>\n<\/tr>\n<tr>\n<td>Schallleistungspegel<\/td>\n<td>dB(A)<\/td>\n<td>45<\/td>\n<td>48<\/td>\n<td>48<\/td>\n<td colspan=\"2\">50<\/td>\n<td>50<\/td>\n<\/tr>\n<tr>\n<td>\u00a0Maximale Wasseraustrittstemperatur<\/td>\n<td>\u2103<\/td>\n<td>75<\/td>\n<td>75<\/td>\n<td>75<\/td>\n<td colspan=\"2\">75<\/td>\n<td>75<\/td>\n<\/tr>\n<tr>\n<td width=\"323\">K\u00fchlumgebungstemperatur<\/td>\n<td width=\"67\"><\/td>\n<td colspan=\"6\" width=\"943\">-5 ~43<\/td>\n<\/tr>\n<tr>\n<td width=\"323\">Heizungsumgebungstemperatur<\/td>\n<td width=\"67\"><\/td>\n<td colspan=\"6\" width=\"943\">-25 ~ 35<\/td>\n<\/tr>\n<tr>\n<td width=\"323\">Warmwasser-Umgebungstemperatur<\/td>\n<td width=\"67\"><\/td>\n<td colspan=\"6\" width=\"943\">-25 ~43<\/td>\n<\/tr>\n<tr>\n<td width=\"323\">K\u00fchlwassertemperatur am Auslass<\/td>\n<td>\u2103<\/td>\n<td colspan=\"6\" width=\"943\">5~30<\/td>\n<\/tr>\n<tr>\n<td width=\"323\">Heizungsauslasswassertemperatur<\/td>\n<td>\u2103<\/td>\n<td colspan=\"6\" width=\"943\">12~75<\/td>\n<\/tr>\n<tr>\n<td width=\"323\">Warmwasser (Speicher) Austrittswassertemperatur<\/td>\n<td>\u2103<\/td>\n<td colspan=\"6\" width=\"943\">10~70<\/td>\n<\/tr>\n<tr>\n<td>Wasserseitiger Anschluss<\/td>\n<td>\/<\/td>\n<td colspan=\"6\">R5\/4\u2033<\/td>\n<\/tr>\n<tr>\n<td width=\"323\">Ger\u00e4teabmessungen (B\u00d7H\u00d7T)<\/td>\n<td>mm<\/td>\n<td>1045*765*450<\/td>\n<td colspan=\"5\">1325\u00d7903\u00d7500<\/td>\n<\/tr>\n<tr>\n<td width=\"323\">Verpackungsma\u00dfe (B\u00d7H\u00d7T)<\/td>\n<td>mm<\/td>\n<td>1120*810*520<\/td>\n<td colspan=\"5\">1410\u00d71055\u00d7550<\/td>\n<\/tr>\n<tr>\n<td>Netto<\/td>\n<td>kg<\/td>\n<td>90<\/td>\n<td colspan=\"2\">118<\/td>\n<td colspan=\"3\">130<\/td>\n<\/tr>\n<tr>\n<td width=\"323\">Bruttogewicht<\/td>\n<td width=\"67\">kg<\/td>\n<td width=\"173\">95<\/td>\n<td colspan=\"2\" width=\"346\">154<\/td>\n<td colspan=\"3\" width=\"424\">166<\/td>\n<\/tr>\n<tr>\n<td colspan=\"8\" width=\"1333\">Hinweise:<br \/>\n1. Relevante EU-Normen und -Gesetze: EN14511; EN14825; EN50564; EN12102; (EU) Nr. 811\/2013; (EU) Nr. 813\/2013; ABl. 2014\/C 207\/02.<br \/>\n2. Tests der saisonalen Energieeffizienzklasse f\u00fcr Raumheizungen unter durchschnittlichen Klimabedingungen.<br \/>\n3. Schallleistungstestbedingung: EN12102-1<\/td>\n<\/tr>\n<tr>\n<td colspan=\"8\">DHW: Warmwasser f\u00fcr den Hausgebrauch.<\/td>\n<\/tr>\n<\/tbody>\n<\/table>","protected":false},"excerpt":{"rendered":"<p>Produktionskapazit\u00e4t: 150 St\u00fcck \/ Stunde<\/p>\n<p>F\u00fcllbereich: 1-30 kg<\/p>\n<p>Kontinuierlich und automatisch<br \/>\nGut zur Umwelt<br \/>\nHochpr\u00e4zises F\u00fcllen<br \/>\nLange Nutzungsdauer<br \/>\nF\u00fcllpr\u00e4zision: 1 kg \u2264 0,02<\/p>","protected":false},"featured_media":2718,"template":"","meta":{"_acf_changed":false,"_seopress_robots_primary_cat":"none","_seopress_titles_title":"ThermaluX Series - R290 DC Inverter Monobloc Air to Water Heat Pump","_seopress_titles_desc":"ThermaluX Series - R290 DC Inverter Monobloc Air to Water Heat Pump for household heating cooling and sanitary hot water","_seopress_robots_index":""},"product_cat":[42],"product_tag":[107,106,105,36],"acf":[],"_links":{"self":[{"href":"https:\/\/hetapro.com\/de\/wp-json\/wp\/v2\/product\/1046"}],"collection":[{"href":"https:\/\/hetapro.com\/de\/wp-json\/wp\/v2\/product"}],"about":[{"href":"https:\/\/hetapro.com\/de\/wp-json\/wp\/v2\/types\/product"}],"wp:featuredmedia":[{"embeddable":true,"href":"https:\/\/hetapro.com\/de\/wp-json\/wp\/v2\/media\/2718"}],"wp:attachment":[{"href":"https:\/\/hetapro.com\/de\/wp-json\/wp\/v2\/media?parent=1046"}],"wp:term":[{"taxonomy":"product_cat","embeddable":true,"href":"https:\/\/hetapro.com\/de\/wp-json\/wp\/v2\/product_cat?post=1046"},{"taxonomy":"product_tag","embeddable":true,"href":"https:\/\/hetapro.com\/de\/wp-json\/wp\/v2\/product_tag?post=1046"}],"curies":[{"name":"wp","href":"https:\/\/api.w.org\/{rel}","templated":true}]}}