{"id":4172,"date":"2025-03-12T12:50:25","date_gmt":"2025-03-12T12:50:25","guid":{"rendered":"https:\/\/hetapro.com\/?post_type=product&#038;p=4172"},"modified":"2025-03-13T09:40:05","modified_gmt":"2025-03-13T09:40:05","slug":"aquariux-r290-all-in-one-heat-pump-water-heater","status":"publish","type":"product","link":"https:\/\/hetapro.com\/de\/products\/aquariux-r290-all-in-one-heat-pump-water-heater\/","title":{"rendered":"AquariuX R290 All-in-One-W\u00e4rmepumpen-Warmwasserbereiter"},"content":{"rendered":"<h1 data-start=\"145\" data-end=\"241\">AquariuX-Serie 200\/250\/300L R290 All-in-One-Warmwasserbereiter mit W\u00e4rmepumpe \u2013 intelligent, effizient und umweltfreundlich<\/h1>\n<h2 data-start=\"243\" data-end=\"264\"><strong data-start=\"246\" data-end=\"262\">Einf\u00fchrung<\/strong><\/h2>\n<p data-start=\"265\" data-end=\"762\">Der <strong data-start=\"269\" data-end=\"288\">AquariuX-Serie<\/strong> von <strong data-start=\"292\" data-end=\"303\">Hetapro<\/strong> Die AquariuX W\u00e4rmepumpen-Warmwasserbereiter sind eine innovative L\u00f6sung f\u00fcr den Warmwasserbedarf von Privathaushalten und Gewerbe. Sie wurden f\u00fcr anspruchsvolle Umgebungen entwickelt und kombinieren fortschrittliche R290-K\u00e4ltemitteltechnologie, integrierte WLAN-Steuerung und optionale Solarheizung f\u00fcr maximale Effizienz und Nachhaltigkeit. Erh\u00e4ltlich in <strong data-start=\"617\" data-end=\"641\">200 l, 250 l und 300 l<\/strong> AquariuX sorgt mit seinen Modellen f\u00fcr eine konstante Warmwasserversorgung und reduziert gleichzeitig den Energieverbrauch und die Betriebskosten.<\/p>\n<hr data-start=\"764\" data-end=\"767\" \/>\n<h2 data-start=\"769\" data-end=\"803\"><strong data-start=\"772\" data-end=\"801\">Hauptfunktionen und Vorteile<\/strong><\/h2>\n<h3 data-start=\"805\" data-end=\"843\">\u2705 <strong data-start=\"811\" data-end=\"841\">\u00dcberlegene Energieeffizienz<\/strong><\/h3>\n<ul data-start=\"844\" data-end=\"1113\">\n<li data-start=\"844\" data-end=\"957\"><strong data-start=\"846\" data-end=\"862\">ErP-Klasse A+<\/strong> \u2013 Au\u00dfergew\u00f6hnliche Energieeffizienz, die den Stromverbrauch reduziert und Betriebskosten spart.<\/li>\n<li data-start=\"958\" data-end=\"1113\"><strong data-start=\"960\" data-end=\"980\">K\u00e4ltemittel R290<\/strong> \u2013 Umweltfreundliches K\u00e4ltemittel mit geringem Treibhauspotenzial (GWP), das eine hohe Leistung bei minimaler Umweltbelastung gew\u00e4hrleistet.<\/li>\n<\/ul>\n<h3 data-start=\"1115\" data-end=\"1157\">\ud83d\ude80 <strong data-start=\"1122\" data-end=\"1155\">Hohe Kapazit\u00e4t und Vielseitigkeit<\/strong><\/h3>\n<ul data-start=\"1158\" data-end=\"1385\">\n<li data-start=\"1158\" data-end=\"1281\">Erh\u00e4ltlich in <strong data-start=\"1173\" data-end=\"1197\">200 l, 250 l und 300 l<\/strong> Gr\u00f6\u00dfen, ideal f\u00fcr gro\u00dfe Haushalte, Villen, Wohnungen und Gewerbeimmobilien.<\/li>\n<li data-start=\"1282\" data-end=\"1385\">Maximale Leistung von <strong data-start=\"1302\" data-end=\"1309\">75\u2103<\/strong> f\u00fcr Warmwasser (DHW) und erf\u00fcllt die anspruchsvollsten Warmwasseranforderungen.<\/li>\n<\/ul>\n<h3 data-start=\"1387\" data-end=\"1437\">\ud83c\udf1e <strong data-start=\"1394\" data-end=\"1435\">Solarintegration f\u00fcr h\u00f6here Einsparungen<\/strong><\/h3>\n<ul data-start=\"1438\" data-end=\"1665\">\n<li data-start=\"1438\" data-end=\"1570\">Das Modell AquariuX Plus erm\u00f6glicht die Integration mit Solarthermiekollektoren und nutzt kostenlose Sonnenenergie, um den Stromverbrauch zu minimieren.<\/li>\n<li data-start=\"1571\" data-end=\"1665\">Reduziert die Umweltbelastung und die Betriebskosten durch den Einsatz erneuerbarer Energiequellen.<\/li>\n<\/ul>\n<h3 data-start=\"1667\" data-end=\"1703\">\ud83d\udd25 <strong data-start=\"1674\" data-end=\"1701\">Elektrische Backup-Heizung<\/strong><\/h3>\n<ul data-start=\"1704\" data-end=\"1930\">\n<li data-start=\"1704\" data-end=\"1824\">Ausgestattet mit einem <strong data-start=\"1722\" data-end=\"1751\">2,5 kW elektrischer Widerstand<\/strong> um bei Spitzenbedarf oder extrem kaltem Wetter schnell f\u00fcr W\u00e4rme zu sorgen.<\/li>\n<li data-start=\"1825\" data-end=\"1930\">Wird nur bei Bedarf aktiviert, um die Energieeffizienz aufrechtzuerhalten und gleichzeitig eine konstante Warmwasserversorgung sicherzustellen.<\/li>\n<\/ul>\n<h3 data-start=\"1932\" data-end=\"1979\">\ud83d\udcf1 <strong data-start=\"1939\" data-end=\"1977\">Intelligente Steuerung mit integriertem WLAN<\/strong><\/h3>\n<ul data-start=\"1980\" data-end=\"2250\">\n<li data-start=\"1980\" data-end=\"2056\">Steuern und \u00fcberwachen Sie Ihr Warmwassersystem aus der Ferne \u00fcber eine Smartphone-App.<\/li>\n<li data-start=\"2057\" data-end=\"2146\">Echtzeitanpassungen, Zeitplanung und Verfolgung des Energieverbrauchs f\u00fcr maximalen Komfort.<\/li>\n<li data-start=\"2147\" data-end=\"2250\">Automatische Software-Updates stellen sicher, dass das System immer mit den neuesten Funktionen und Verbesserungen l\u00e4uft.<\/li>\n<\/ul>\n<h3 data-start=\"2252\" data-end=\"2293\">\ud83c\udf0d <strong data-start=\"2259\" data-end=\"2291\">Umweltfreundlich und nachhaltig<\/strong><\/h3>\n<ul data-start=\"2294\" data-end=\"2479\">\n<li data-start=\"2294\" data-end=\"2394\">Anwendung <strong data-start=\"2301\" data-end=\"2321\">K\u00e4ltemittel R290<\/strong> mit einem GWP von nur <strong data-start=\"2341\" data-end=\"2346\">3<\/strong>, wodurch die Umweltbelastung deutlich reduziert wird.<\/li>\n<li data-start=\"2395\" data-end=\"2479\">Ger\u00e4uscharmer Betrieb bei <strong data-start=\"2420\" data-end=\"2431\">40 dB(A)<\/strong> f\u00fcr eine ruhige und komfortable Wohnumgebung.<\/li>\n<\/ul>\n<hr data-start=\"2481\" data-end=\"2484\" \/>\n<h2 data-start=\"2486\" data-end=\"2519\"><strong data-start=\"2489\" data-end=\"2517\">Technische Spezifikationen<\/strong><\/h2>\n<table data-start=\"2521\" data-end=\"2935\">\n<thead data-start=\"2521\" data-end=\"2548\">\n<tr data-start=\"2521\" data-end=\"2548\">\n<th data-start=\"2521\" data-end=\"2531\">Besonderheit<\/th>\n<th data-start=\"2531\" data-end=\"2548\">Beschreibung<\/th>\n<\/tr>\n<\/thead>\n<tbody data-start=\"2577\" data-end=\"2935\">\n<tr data-start=\"2577\" data-end=\"2621\">\n<td><strong data-start=\"2579\" data-end=\"2596\">Modelloptionen<\/strong><\/td>\n<td>200L \/ 250L \/ 300L<\/td>\n<\/tr>\n<tr data-start=\"2622\" data-end=\"2660\">\n<td><strong data-start=\"2624\" data-end=\"2639\">K\u00e4ltemittel<\/strong><\/td>\n<td>R290 (Propan)<\/td>\n<\/tr>\n<tr data-start=\"2661\" data-end=\"2702\">\n<td><strong data-start=\"2663\" data-end=\"2681\">Heizleistung<\/strong><\/td>\n<td>Bis zu 75\u00b0C Warmwasser<\/td>\n<\/tr>\n<tr data-start=\"2703\" data-end=\"2736\">\n<td><strong data-start=\"2705\" data-end=\"2721\">Energieklasse<\/strong><\/td>\n<td>A+ (ErP)<\/td>\n<\/tr>\n<tr data-start=\"2737\" data-end=\"2768\">\n<td><strong data-start=\"2739\" data-end=\"2754\">Ger\u00e4uschpegel<\/strong><\/td>\n<td>40 dB(A)<\/td>\n<\/tr>\n<tr data-start=\"2769\" data-end=\"2821\">\n<td><strong data-start=\"2771\" data-end=\"2789\">Backup-Heizung<\/strong><\/td>\n<td>2,5 kW elektrischer Widerstand<\/td>\n<\/tr>\n<tr data-start=\"2822\" data-end=\"2876\">\n<td><strong data-start=\"2824\" data-end=\"2841\">Intelligente Steuerung<\/strong><\/td>\n<td>Integriertes WLAN + Mobile App<\/td>\n<\/tr>\n<tr data-start=\"2877\" data-end=\"2935\">\n<td><strong data-start=\"2879\" data-end=\"2900\">Solarintegration<\/strong><\/td>\n<td>Verf\u00fcgbar mit AquariuX Plus<\/td>\n<\/tr>\n<\/tbody>\n<\/table>\n<hr data-start=\"2937\" data-end=\"2940\" \/>\n<h2 data-start=\"2942\" data-end=\"2994\"><strong data-start=\"2945\" data-end=\"2992\">Warum sollten Sie sich f\u00fcr einen AquariuX-Warmwasserbereiter mit W\u00e4rmepumpe entscheiden?<\/strong><\/h2>\n<ol data-start=\"2995\" data-end=\"3494\">\n<li data-start=\"2995\" data-end=\"3109\"><strong data-start=\"2998\" data-end=\"3016\">Energieeinsparungen<\/strong> \u2013 Bis zu <strong data-start=\"3025\" data-end=\"3047\">65% Kostensenkung<\/strong> durch staatliche Anreize und geringeren Energieverbrauch.<\/li>\n<li data-start=\"3110\" data-end=\"3218\"><strong data-start=\"3113\" data-end=\"3134\">Intelligente Leistung<\/strong> \u2013 Echtzeit\u00fcberwachung und -steuerung gew\u00e4hrleisten einen optimalen Betrieb unter allen Bedingungen.<\/li>\n<li data-start=\"3219\" data-end=\"3317\"><strong data-start=\"3222\" data-end=\"3247\">Umweltfreundliche L\u00f6sung<\/strong> \u2013 K\u00e4ltemittel R290 und Solarkompatibilit\u00e4t reduzieren den CO2-Fu\u00dfabdruck.<\/li>\n<li data-start=\"3318\" data-end=\"3396\"><strong data-start=\"3321\" data-end=\"3340\">Leiser Betrieb<\/strong> \u2013 Niedriger Ger\u00e4uschpegel von <strong data-start=\"3362\" data-end=\"3373\">40 dB(A)<\/strong> f\u00fcr maximalen Komfort.<\/li>\n<li data-start=\"3397\" data-end=\"3494\"><strong data-start=\"3400\" data-end=\"3419\">Zuverl\u00e4ssige Sicherung<\/strong> \u2013 2,5 kW Widerstand sorgen f\u00fcr konstant hei\u00dfes Wasser auch bei Spitzenbedarf.<\/li>\n<\/ol>\n<hr data-start=\"3496\" data-end=\"3499\" \/>\n<h2 data-start=\"3501\" data-end=\"3534\"><strong data-start=\"3504\" data-end=\"3532\">Verf\u00fcgbare Konfigurationen<\/strong><\/h2>\n<h3 data-start=\"3535\" data-end=\"3565\">\ud83d\udd39 <strong data-start=\"3542\" data-end=\"3563\">AquariuX Standard<\/strong><\/h3>\n<ul data-start=\"3566\" data-end=\"3688\">\n<li data-start=\"3566\" data-end=\"3607\">Vollelektrischer Warmwasserbereiter mit W\u00e4rmepumpe<\/li>\n<li data-start=\"3608\" data-end=\"3651\">Hohe Energieeffizienz und schnelles Aufheizen<\/li>\n<li data-start=\"3652\" data-end=\"3688\">Intelligente Steuerung und Backup-Heizung<\/li>\n<\/ul>\n<h3 data-start=\"3690\" data-end=\"3741\">\ud83d\udd39 <strong data-start=\"3697\" data-end=\"3739\">AquariuX Plus (mit Solarintegration)<\/strong><\/h3>\n<ul data-start=\"3742\" data-end=\"3916\">\n<li data-start=\"3742\" data-end=\"3795\">Zus\u00e4tzlicher Anschluss an Solarthermiekollektoren<\/li>\n<li data-start=\"3796\" data-end=\"3850\">Niedrigere Betriebskosten und reduzierter CO2-Fu\u00dfabdruck<\/li>\n<li data-start=\"3851\" data-end=\"3916\">Ideal f\u00fcr umweltbewusste Haushalte und Unternehmen<\/li>\n<\/ul>\n<hr data-start=\"3918\" data-end=\"3921\" \/>\n<h2 data-start=\"3923\" data-end=\"3959\"><strong data-start=\"3926\" data-end=\"3957\">Anreize und Kosteneinsparungen<\/strong><\/h2>\n<ul data-start=\"3960\" data-end=\"4224\">\n<li data-start=\"3960\" data-end=\"4051\">Staatliche Anreize und Steuerabz\u00fcge decken bis zu <strong data-start=\"4015\" data-end=\"4022\">65%<\/strong> der Anfangsinvestition.<\/li>\n<li data-start=\"4052\" data-end=\"4143\">F\u00fcr hocheffiziente Energiel\u00f6sungen stehen zus\u00e4tzliche lokale und regionale F\u00f6rdermittel zur Verf\u00fcgung.<\/li>\n<li data-start=\"4144\" data-end=\"4224\">Niedrigere Betriebskosten f\u00fchren zu langfristigen finanziellen Vorteilen und einem schnelleren ROI.<\/li>\n<\/ul>\n<hr data-start=\"4226\" data-end=\"4229\" \/>\n<h2 data-start=\"4231\" data-end=\"4264\"><strong data-start=\"4234\" data-end=\"4262\">Installationsflexibilit\u00e4t<\/strong><\/h2>\n<ul data-start=\"4265\" data-end=\"4508\">\n<li data-start=\"4265\" data-end=\"4452\">Geeignet f\u00fcr private und gewerbliche Anwendungen:\n<ul data-start=\"4331\" data-end=\"4452\">\n<li data-start=\"4331\" data-end=\"4348\">Luxusvillen<\/li>\n<li data-start=\"4352\" data-end=\"4372\">Gro\u00dfe Wohnungen<\/li>\n<li data-start=\"4376\" data-end=\"4424\">Sportanlagen (zB Fitnessstudios, Sportvereine)<\/li>\n<li data-start=\"4428\" data-end=\"4452\">Industriegeb\u00e4ude<\/li>\n<\/ul>\n<\/li>\n<li data-start=\"4453\" data-end=\"4508\">Kompaktes, platzsparendes Design f\u00fcr eine einfache Installation.<\/li>\n<\/ul>","protected":false},"excerpt":{"rendered":"<p>Entdecken Sie den AquariuX R290 All-in-One-Warmwasserbereiter mit W\u00e4rmepumpe \u2013 erh\u00e4ltlich in den Gr\u00f6\u00dfen 200 l, 250 l und 300 l. Mit intelligenter Steuerung, Solarintegration und hoher Effizienz. Sparen Sie noch heute Energie und senken Sie Kosten!<\/p>","protected":false},"featured_media":4190,"template":"","meta":{"_acf_changed":false,"_seopress_robots_primary_cat":"none","_seopress_titles_title":"AquariuX R290 All in One Heat Pump Water Heater","_seopress_titles_desc":"Discover the AquariuX R290 All in One Hot Water Heat Pump Water Heater \u2013 available in 200L, 250L, and 300L. Featuring smart control, solar integration, and high efficiency. Save energy and reduce costs today!","_seopress_robots_index":""},"product_cat":[154,102],"product_tag":[93],"acf":[],"_links":{"self":[{"href":"https:\/\/hetapro.com\/de\/wp-json\/wp\/v2\/product\/4172"}],"collection":[{"href":"https:\/\/hetapro.com\/de\/wp-json\/wp\/v2\/product"}],"about":[{"href":"https:\/\/hetapro.com\/de\/wp-json\/wp\/v2\/types\/product"}],"wp:featuredmedia":[{"embeddable":true,"href":"https:\/\/hetapro.com\/de\/wp-json\/wp\/v2\/media\/4190"}],"wp:attachment":[{"href":"https:\/\/hetapro.com\/de\/wp-json\/wp\/v2\/media?parent=4172"}],"wp:term":[{"taxonomy":"product_cat","embeddable":true,"href":"https:\/\/hetapro.com\/de\/wp-json\/wp\/v2\/product_cat?post=4172"},{"taxonomy":"product_tag","embeddable":true,"href":"https:\/\/hetapro.com\/de\/wp-json\/wp\/v2\/product_tag?post=4172"}],"curies":[{"name":"wp","href":"https:\/\/api.w.org\/{rel}","templated":true}]}}