{"id":4290,"date":"2025-05-26T01:12:56","date_gmt":"2025-05-26T01:12:56","guid":{"rendered":"https:\/\/hetapro.com\/?post_type=product&#038;p=4290"},"modified":"2025-06-17T08:44:19","modified_gmt":"2025-06-17T08:44:19","slug":"pac-parking-air-conditioner","status":"publish","type":"product","link":"https:\/\/hetapro.com\/de\/products\/pac-parking-air-conditioner\/","title":{"rendered":"PAC (Parkklimaanlage)"},"content":{"rendered":"<h1 data-start=\"145\" data-end=\"241\">24-V-DC-Wechselrichter-Mono-Parkklimaanlagen (PACs) auf dem Dach von Fahrzeugen<\/h1>\n<h2 data-start=\"243\" data-end=\"264\"><strong data-start=\"246\" data-end=\"262\">Einf\u00fchrung<\/strong><\/h2>\n<p data-start=\"265\" data-end=\"762\">Der <strong data-start=\"411\" data-end=\"470\">Hetapro 24 V DC Wechselrichter Mono Fahrzeugdach-Parkklimaanlage<\/strong> wurde f\u00fcr zuverl\u00e4ssige und energieeffiziente K\u00fchlung von Nutzfahrzeugen, Bussen und Shuttle-Flotten entwickelt. Das kompakte All-in-One-Design l\u00e4sst sich problemlos auf jedem Fahrzeugdach montieren und erm\u00f6glicht sofortige Klimatisierung, ohne den Innenraum zu ver\u00e4ndern.<\/p>\n<hr data-start=\"764\" data-end=\"767\" \/>\n<h3 data-start=\"726\" data-end=\"762\"><strong data-start=\"730\" data-end=\"760\">Hauptfunktionen und Vorteile<\/strong><\/h3>\n<ul data-start=\"763\" data-end=\"1797\">\n<li data-start=\"763\" data-end=\"880\">\n<p data-start=\"765\" data-end=\"880\"><strong data-start=\"765\" data-end=\"791\">GMCC DC-Inverter-Kompressor<\/strong>: Sorgt f\u00fcr eine gleichm\u00e4\u00dfige Kapazit\u00e4tsmodulation, minimiert den Stromverbrauch und verl\u00e4ngert die Batterielebensdauer.<\/p>\n<\/li>\n<li data-start=\"881\" data-end=\"970\">\n<p data-start=\"883\" data-end=\"970\"><strong data-start=\"883\" data-end=\"903\">24V-Stromversorgung<\/strong>: Ideal f\u00fcr elektrische Systeme von LKWs und Bussen; kein Wechselrichter erforderlich.<\/p>\n<\/li>\n<li data-start=\"971\" data-end=\"1068\">\n<p data-start=\"973\" data-end=\"1068\"><strong data-start=\"973\" data-end=\"1000\">Fl\u00fcsterleiser Betrieb<\/strong>: Ger\u00e4uschpegel so niedrig wie <strong data-start=\"1025\" data-end=\"1037\">53 dB(A)<\/strong> damit die Passagiere in Ruhe reisen k\u00f6nnen.<\/p>\n<\/li>\n<li data-start=\"1069\" data-end=\"1164\">\n<p data-start=\"1071\" data-end=\"1164\"><strong data-start=\"1071\" data-end=\"1096\">Hohe K\u00fchlleistung<\/strong>: Bis zu 2<strong data-start=\"1104\" data-end=\"1112\">\u00a0kW<\/strong> K\u00fchlleistung f\u00fcr eine schnelle Temperatursenkung.<\/p>\n<\/li>\n<li data-start=\"1165\" data-end=\"1298\">\n<p data-start=\"1167\" data-end=\"1298\"><strong data-start=\"1167\" data-end=\"1196\">Kompaktes Design zur Dachmontage<\/strong>: Niedriges Profil (973 \u00d7 802 \u00d7 195) und geringes Gewicht (35 kg) f\u00fcr einfache Installation und minimalen Luftwiderstand.<\/p>\n<\/li>\n<li data-start=\"1299\" data-end=\"1391\">\n<p data-start=\"1301\" data-end=\"1391\"><strong data-start=\"1301\" data-end=\"1330\">Fortschrittliche Luftverteilung<\/strong>: Mehrwege-L\u00fcftungsschlitze sorgen f\u00fcr eine gleichm\u00e4\u00dfige Kabinentemperatur.<\/p>\n<\/li>\n<li data-start=\"1500\" data-end=\"1598\">\n<p data-start=\"1502\" data-end=\"1598\"><strong data-start=\"1502\" data-end=\"1519\">Energieeinsparung<\/strong>: Bis zu <strong data-start=\"1527\" data-end=\"1534\">30%<\/strong> geringerer Stromverbrauch im Vergleich zu herk\u00f6mmlichen Dachger\u00e4ten.<\/p>\n<\/li>\n<li data-start=\"1599\" data-end=\"1700\">\n<p data-start=\"1601\" data-end=\"1700\"><strong data-start=\"1601\" data-end=\"1622\">Robuste Haltbarkeit<\/strong>: IPX4 Wasser- und Staubschutz; Betrieb ab <strong data-start=\"1670\" data-end=\"1689\">\u201310 \u00b0C bis 55 \u00b0C<\/strong> Umgebungstemperatur.<\/p>\n<\/li>\n<li data-start=\"1701\" data-end=\"1797\">\n<p data-start=\"1703\" data-end=\"1797\"><strong data-start=\"1703\" data-end=\"1723\">Einfache Wartung<\/strong>: Abnehmbare Filter und Wartungsklappen f\u00fcr schnelle Reinigung und Inspektionen.<\/p>\n<\/li>\n<\/ul>","protected":false},"excerpt":{"rendered":"<p>Der <strong data-start=\"411\" data-end=\"470\">Hetapro 24 V DC Wechselrichter Mono Fahrzeugdach-Parkklimaanlage<\/strong> wurde f\u00fcr zuverl\u00e4ssige und energieeffiziente K\u00fchlung von Nutzfahrzeugen, Bussen und Shuttle-Flotten entwickelt. Das kompakte All-in-One-Design l\u00e4sst sich problemlos auf jedem Fahrzeugdach montieren und erm\u00f6glicht sofortige Klimatisierung, ohne den Innenraum zu ver\u00e4ndern.<\/p>","protected":false},"featured_media":4291,"template":"","meta":{"_acf_changed":false,"_seopress_robots_primary_cat":"none","_seopress_titles_title":"Parking Air Conditioner (24V DC Inverter Rooftop Mono Unit)","_seopress_titles_desc":"Discover Hetapro\u2019s 24V DC Inverter Rooftop Parking Air Conditioner\u2014efficient cooling for buses, trucks & shuttles. Whisper-quiet, low power draw, 24\/7 comfort.","_seopress_robots_index":""},"product_cat":[164],"product_tag":[163],"acf":[],"_links":{"self":[{"href":"https:\/\/hetapro.com\/de\/wp-json\/wp\/v2\/product\/4290"}],"collection":[{"href":"https:\/\/hetapro.com\/de\/wp-json\/wp\/v2\/product"}],"about":[{"href":"https:\/\/hetapro.com\/de\/wp-json\/wp\/v2\/types\/product"}],"wp:featuredmedia":[{"embeddable":true,"href":"https:\/\/hetapro.com\/de\/wp-json\/wp\/v2\/media\/4291"}],"wp:attachment":[{"href":"https:\/\/hetapro.com\/de\/wp-json\/wp\/v2\/media?parent=4290"}],"wp:term":[{"taxonomy":"product_cat","embeddable":true,"href":"https:\/\/hetapro.com\/de\/wp-json\/wp\/v2\/product_cat?post=4290"},{"taxonomy":"product_tag","embeddable":true,"href":"https:\/\/hetapro.com\/de\/wp-json\/wp\/v2\/product_tag?post=4290"}],"curies":[{"name":"wp","href":"https:\/\/api.w.org\/{rel}","templated":true}]}}