{"id":4891,"date":"2025-09-27T02:59:54","date_gmt":"2025-09-27T02:59:54","guid":{"rendered":"https:\/\/hetapro.com\/?post_type=product&#038;p=4891"},"modified":"2025-09-27T09:11:09","modified_gmt":"2025-09-27T09:11:09","slug":"cassette-series-inverter-ceiling-cassette-type-air-conditioner","status":"publish","type":"product","link":"https:\/\/hetapro.com\/de\/products\/cassette-series-inverter-ceiling-cassette-type-air-conditioner\/","title":{"rendered":"Kassettenserie \u2013 Inverter-Decken-Kassettenklimaanlage"},"content":{"rendered":"<h1 data-start=\"145\" data-end=\"241\">Kassettenklimaanlage \u2013 Leistungsstarke K\u00fchlung f\u00fcr moderne Gewerber\u00e4ume<\/h1>\n<h2 data-start=\"243\" data-end=\"264\"><strong data-start=\"246\" data-end=\"262\">Einf\u00fchrung<\/strong><\/h2>\n<p data-start=\"265\" data-end=\"762\">Wenn es darum geht, ein angenehmes Raumklima f\u00fcr B\u00fcros, Hotels, Restaurants oder Einzelhandelsgesch\u00e4fte zu schaffen, <strong>Kassettenklimaanlagen<\/strong> zeichnen sich als eine der effektivsten und stilvollsten L\u00f6sungen aus. Mit ihrem deckenmontierten Design, ihrer leistungsstarken K\u00fchlleistung und ihrer Energieeffizienz bieten sie eine perfekte Balance aus Leistung und \u00c4sthetik. Die Kassettenserie von Hetapro bietet fortschrittliche Funktionen, schlankes Design und zuverl\u00e4ssige Technologie, die den Anforderungen moderner Gewerbe- und Wohnprojekte gerecht wird.<\/p>\n<p>&nbsp;<\/p>\n<hr data-start=\"764\" data-end=\"767\" \/>\n<h2 data-start=\"1500\" data-end=\"1528\">Hauptfunktionen und Vorteile<\/h2>\n<h3 data-start=\"1530\" data-end=\"1565\">360\u00b0-Luftstrom f\u00fcr gleichm\u00e4\u00dfige K\u00fchlung<\/h3>\n<p data-start=\"1566\" data-end=\"1834\">Die Kassetten-Klimaanlagen von Hetapro sind ausgestattet mit <strong data-start=\"1607\" data-end=\"1636\">Vierwege-Luftverteilung<\/strong>, wodurch eine gleichm\u00e4\u00dfige K\u00fchlung in jeder Ecke des Raumes gew\u00e4hrleistet wird. Im Gegensatz zu wandmontierten Systemen, die die Luft in eine Richtung blasen, halten Kassettenger\u00e4te die Temperatur im Gleichgewicht und verbessern so den Komfort und den Energieverbrauch.<\/p>\n<h3 data-start=\"1836\" data-end=\"1875\">Energiesparende Inverter-Technologie<\/h3>\n<p data-start=\"1876\" data-end=\"2122\">Verwenden <strong data-start=\"1882\" data-end=\"1922\">hocheffiziente Inverterkompressoren<\/strong>Hetapro Kassetten-Klimaanlagen sorgen f\u00fcr gleichm\u00e4\u00dfige K\u00fchlung bei minimalem Energieverbrauch. Dies senkt die Betriebskosten f\u00fcr Unternehmen und entspricht den strengeren Energievorschriften in Europa und dar\u00fcber hinaus.<\/p>\n<h3 data-start=\"2124\" data-end=\"2157\">Ultraschlankes und kompaktes Design<\/h3>\n<p data-start=\"2158\" data-end=\"2349\">Der <strong data-start=\"2162\" data-end=\"2182\">schlankes Geh\u00e4usedesign<\/strong> vereinfacht die Installation, selbst an Orten mit begrenztem Deckenraum. Perfekt f\u00fcr B\u00fcros, Einzelhandelsgesch\u00e4fte und Hotels, in denen \u00c4sthetik ebenso wichtig ist wie Leistung.<\/p>\n<h3 data-start=\"2351\" data-end=\"2380\">Fl\u00fcsterleiser Betrieb<\/h3>\n<p data-start=\"2381\" data-end=\"2534\">L\u00e4rm kann den Komfort in Arbeitsr\u00e4umen und Restaurants beeintr\u00e4chtigen. Hetapro-Ger\u00e4te sind f\u00fcr <strong data-start=\"2471\" data-end=\"2494\">ger\u00e4uscharmer Betrieb<\/strong>, wodurch eine ungest\u00f6rte Umgebung gew\u00e4hrleistet wird.<\/p>\n<h3 data-start=\"2536\" data-end=\"2563\">Intelligente Steuerungsoptionen<\/h3>\n<p data-start=\"2564\" data-end=\"2735\">Hetapro unterst\u00fctzt sowohl <strong data-start=\"2586\" data-end=\"2620\">kabelgebundene und kabellose Controller<\/strong>, sowie <strong data-start=\"2633\" data-end=\"2652\">BMS-Integration<\/strong>, wodurch Facility Manager eine flexible und intelligente Kontrolle \u00fcber K\u00fchlsysteme erhalten.<\/p>\n<hr data-start=\"2481\" data-end=\"2484\" \/>\n<h2 data-start=\"2486\" data-end=\"2519\"><strong data-start=\"2489\" data-end=\"2517\">Technische Spezifikationen<\/strong><\/h2>\n<p>&nbsp;<\/p>\n<hr data-start=\"2481\" data-end=\"2484\" \/>\n<h2 data-start=\"2486\" data-end=\"2519\"><strong data-start=\"2489\" data-end=\"2517\">Anwendungen<\/strong><\/h2>\n<p>Ideal f\u00fcr Wohnungen, Atelierb\u00fcros, Schlafzimmer, Einzelhandelsfl\u00e4chen und Renovierungsprojekte, bei denen eine Verlegung von Luftkan\u00e4len nicht m\u00f6glich ist.<\/p>\n<p>&nbsp;<\/p>\n<hr data-start=\"2937\" data-end=\"2940\" \/>\n<h2 data-start=\"754\" data-end=\"804\">Warum sollten Sie sich f\u00fcr Kassettenklimaanlagen von Hetapro entscheiden?<\/h2>\n<p data-start=\"806\" data-end=\"1057\">Die Wahl des richtigen K\u00fchlsystems ist eine langfristige Investition. Die Kassetten-Klimaanlagen von Hetapro sind so konzipiert, dass sie <strong data-start=\"914\" data-end=\"965\">Effizienz, Langlebigkeit und intelligente Steuerung<\/strong>Im Vergleich zu Wettbewerbern wie Hisense, Daikin, Toshiba und LG bieten Hetapro-Ger\u00e4te:<\/p>\n<ul data-start=\"1059\" data-end=\"1380\">\n<li data-start=\"1059\" data-end=\"1118\">\n<p data-start=\"1061\" data-end=\"1118\"><strong data-start=\"1061\" data-end=\"1089\">\u00dcberlegene Luftstromkontrolle<\/strong> mit 360\u00b0-K\u00fchlabdeckung<\/p>\n<\/li>\n<li data-start=\"1119\" data-end=\"1184\">\n<p data-start=\"1121\" data-end=\"1184\"><strong data-start=\"1121\" data-end=\"1142\">Energieeffizienz<\/strong> dank fortschrittlicher Inverter-Kompressoren<\/p>\n<\/li>\n<li data-start=\"1185\" data-end=\"1255\">\n<p data-start=\"1187\" data-end=\"1255\"><strong data-start=\"1187\" data-end=\"1212\">Kompaktes und schlankes Design<\/strong> das auch in begrenzte Deckenr\u00e4ume passt<\/p>\n<\/li>\n<li data-start=\"1256\" data-end=\"1323\">\n<p data-start=\"1258\" data-end=\"1323\"><strong data-start=\"1258\" data-end=\"1283\">Flexible Installation<\/strong> passend zu verschiedenen kommerziellen Layouts<\/p>\n<\/li>\n<li data-start=\"1324\" data-end=\"1380\">\n<p data-start=\"1326\" data-end=\"1380\"><strong data-start=\"1326\" data-end=\"1354\">Umweltfreundliches K\u00e4ltemittel<\/strong> Nachhaltigkeit gew\u00e4hrleisten<\/p>\n<\/li>\n<\/ul>\n<p data-start=\"1382\" data-end=\"1493\">Diese Vorteile machen Hetapro zu einer zuverl\u00e4ssigen Wahl f\u00fcr H\u00e4ndler, Installateure und Projektplaner weltweit.<\/p>\n<p>&nbsp;<\/p>\n<hr data-start=\"2937\" data-end=\"2940\" \/>\n<h2 data-start=\"2742\" data-end=\"2771\">Technische Spezifikationen<\/h2>\n<p data-start=\"2773\" data-end=\"2879\">Nachfolgend finden Sie eine Zusammenfassung der technischen Highlights der Kassettenserie (basierend auf dem hochgeladenen Datenblatt):<\/p>\n<div class=\"_tableContainer_1rjym_1\">\n<div class=\"group _tableWrapper_1rjym_13 flex w-fit flex-col-reverse\" tabindex=\"-1\">\n<table class=\"w-fit min-w-(--thread-content-width)\" data-start=\"2881\" data-end=\"3446\">\n<thead data-start=\"2881\" data-end=\"2981\">\n<tr data-start=\"2881\" data-end=\"2981\">\n<th data-start=\"2881\" data-end=\"2889\" data-col-size=\"sm\">Modell<\/th>\n<th data-start=\"2889\" data-end=\"2911\" data-col-size=\"sm\">Leistungsbereich (kW)<\/th>\n<th data-start=\"2911\" data-end=\"2928\" data-col-size=\"sm\">Luftstrom (m\u00b3\/h)<\/th>\n<th data-start=\"2928\" data-end=\"2943\" data-col-size=\"sm\">Stromversorgung<\/th>\n<th data-start=\"2943\" data-end=\"2961\" data-col-size=\"sm\">Abmessungen (mm)<\/th>\n<th data-start=\"2961\" data-end=\"2981\" data-col-size=\"sm\">Ger\u00e4uschpegel (dB)<\/th>\n<\/tr>\n<\/thead>\n<tbody data-start=\"3084\" data-end=\"3446\">\n<tr data-start=\"3084\" data-end=\"3144\">\n<td data-start=\"3084\" data-end=\"3096\" data-col-size=\"sm\">HET-CAS09<\/td>\n<td data-start=\"3096\" data-end=\"3102\" data-col-size=\"sm\">2.6<\/td>\n<td data-start=\"3102\" data-end=\"3108\" data-col-size=\"sm\">600<\/td>\n<td data-start=\"3108\" data-end=\"3124\" data-col-size=\"sm\">220-240 V\/50 Hz<\/td>\n<td data-start=\"3124\" data-end=\"3138\" data-col-size=\"sm\">570\u00d7570\u00d7260<\/td>\n<td data-start=\"3138\" data-end=\"3144\" data-col-size=\"sm\">32<\/td>\n<\/tr>\n<tr data-start=\"3145\" data-end=\"3205\">\n<td data-start=\"3145\" data-end=\"3157\" data-col-size=\"sm\">HET-CAS12<\/td>\n<td data-start=\"3157\" data-end=\"3163\" data-col-size=\"sm\">3.5<\/td>\n<td data-start=\"3163\" data-end=\"3169\" data-col-size=\"sm\">650<\/td>\n<td data-start=\"3169\" data-end=\"3185\" data-col-size=\"sm\">220-240 V\/50 Hz<\/td>\n<td data-start=\"3185\" data-end=\"3199\" data-col-size=\"sm\">570\u00d7570\u00d7260<\/td>\n<td data-start=\"3199\" data-end=\"3205\" data-col-size=\"sm\">34<\/td>\n<\/tr>\n<tr data-start=\"3206\" data-end=\"3266\">\n<td data-start=\"3206\" data-end=\"3218\" data-col-size=\"sm\">HET-CAS18<\/td>\n<td data-start=\"3218\" data-end=\"3224\" data-col-size=\"sm\">5.3<\/td>\n<td data-start=\"3224\" data-end=\"3230\" data-col-size=\"sm\">950<\/td>\n<td data-start=\"3230\" data-end=\"3246\" data-col-size=\"sm\">220-240 V\/50 Hz<\/td>\n<td data-start=\"3246\" data-end=\"3260\" data-col-size=\"sm\">840\u00d7840\u00d7287<\/td>\n<td data-start=\"3260\" data-end=\"3266\" data-col-size=\"sm\">38<\/td>\n<\/tr>\n<tr data-start=\"3267\" data-end=\"3328\">\n<td data-start=\"3267\" data-end=\"3279\" data-col-size=\"sm\">HET-CAS24<\/td>\n<td data-start=\"3279\" data-end=\"3285\" data-col-size=\"sm\">7.1<\/td>\n<td data-start=\"3285\" data-end=\"3292\" data-col-size=\"sm\">1200<\/td>\n<td data-start=\"3292\" data-end=\"3308\" data-col-size=\"sm\">220-240 V\/50 Hz<\/td>\n<td data-start=\"3308\" data-end=\"3322\" data-col-size=\"sm\">840\u00d7840\u00d7287<\/td>\n<td data-start=\"3322\" data-end=\"3328\" data-col-size=\"sm\">42<\/td>\n<\/tr>\n<tr data-start=\"3329\" data-end=\"3387\">\n<td data-start=\"3329\" data-end=\"3341\" data-col-size=\"sm\">HET-CAS36<\/td>\n<td data-start=\"3341\" data-end=\"3348\" data-col-size=\"sm\">10.5<\/td>\n<td data-start=\"3348\" data-end=\"3355\" data-col-size=\"sm\">1800<\/td>\n<td data-start=\"3355\" data-end=\"3367\" data-col-size=\"sm\">380 V\/50 Hz<\/td>\n<td data-start=\"3367\" data-end=\"3381\" data-col-size=\"sm\">950\u00d7950\u00d7290<\/td>\n<td data-start=\"3381\" data-end=\"3387\" data-col-size=\"sm\">44<\/td>\n<\/tr>\n<tr data-start=\"3388\" data-end=\"3446\">\n<td data-start=\"3388\" data-end=\"3400\" data-col-size=\"sm\">HET-CAS48<\/td>\n<td data-start=\"3400\" data-end=\"3407\" data-col-size=\"sm\">14.0<\/td>\n<td data-start=\"3407\" data-end=\"3414\" data-col-size=\"sm\">2200<\/td>\n<td data-start=\"3414\" data-end=\"3426\" data-col-size=\"sm\">380 V\/50 Hz<\/td>\n<td data-start=\"3426\" data-end=\"3440\" data-col-size=\"sm\">950\u00d7950\u00d7290<\/td>\n<td data-start=\"3440\" data-end=\"3446\" data-col-size=\"sm\">46<\/td>\n<\/tr>\n<\/tbody>\n<\/table>\n<\/div>\n<\/div>\n<p data-start=\"3448\" data-end=\"3544\"><em data-start=\"3448\" data-end=\"3542\">(Hinweis: Die Daten wurden aus den Spezifikationen der Hetapro-Kassettenserie \u00fcbernommen. Die Werte k\u00f6nnen je nach Region variieren.)<\/em><\/p>\n<hr data-start=\"4723\" data-end=\"4726\" \/>\n<h2 data-start=\"4728\" data-end=\"4759\">Installation und Wartung<\/h2>\n<p data-start=\"4761\" data-end=\"4830\">Hetapro Kassetten-Klimaanlagen sind konzipiert f\u00fcr <strong data-start=\"4801\" data-end=\"4822\">einfache Installation<\/strong> mit:<\/p>\n<ul data-start=\"4832\" data-end=\"5041\">\n<li data-start=\"4832\" data-end=\"4884\">\n<p data-start=\"4834\" data-end=\"4884\"><strong data-start=\"4834\" data-end=\"4851\">Kompakteinheiten<\/strong> die in modulare Decken passen<\/p>\n<\/li>\n<li data-start=\"4885\" data-end=\"4940\">\n<p data-start=\"4887\" data-end=\"4940\"><strong data-start=\"4887\" data-end=\"4907\">Abnehmbare Paneele<\/strong> zur bequemen Filterreinigung<\/p>\n<\/li>\n<li data-start=\"4941\" data-end=\"4993\">\n<p data-start=\"4943\" data-end=\"4993\"><strong data-start=\"4943\" data-end=\"4963\">Waschbare Filter<\/strong> zur Reduzierung der Wartungskosten<\/p>\n<\/li>\n<li data-start=\"4994\" data-end=\"5041\">\n<p data-start=\"4996\" data-end=\"5041\"><strong data-start=\"4996\" data-end=\"5023\">Servicefreundliches Design<\/strong> f\u00fcr Techniker<\/p>\n<\/li>\n<\/ul>\n<p data-start=\"5043\" data-end=\"5126\">Regelm\u00e4\u00dfige Wartung gew\u00e4hrleistet langfristige Effizienz und verl\u00e4ngert die Lebensdauer des Ger\u00e4ts.<\/p>","protected":false},"excerpt":{"rendered":"<p>Entdecken Sie Hetapro Kassettenklimaanlagen mit 360\u00b0-Luftstrom, schlankem Design, Invertertechnologie und umweltfreundlichem K\u00e4ltemittel R32. Ideal f\u00fcr B\u00fcros, Hotels und den Einzelhandel.<\/p>","protected":false},"featured_media":4892,"template":"","meta":{"_acf_changed":false,"_seopress_robots_primary_cat":"none","_seopress_titles_title":"Cassette Air Conditioner | Hetapro Ceiling-Mounted AC for Commercial Spaces","_seopress_titles_desc":"Discover Hetapro Cassette Air Conditioners with 360\u00b0 airflow, slim design, inverter technology, and eco-friendly R32 refrigerant. Ideal for offices, hotels, and retail.","_seopress_robots_index":""},"product_cat":[164,179],"product_tag":[180],"acf":[],"_links":{"self":[{"href":"https:\/\/hetapro.com\/de\/wp-json\/wp\/v2\/product\/4891"}],"collection":[{"href":"https:\/\/hetapro.com\/de\/wp-json\/wp\/v2\/product"}],"about":[{"href":"https:\/\/hetapro.com\/de\/wp-json\/wp\/v2\/types\/product"}],"wp:featuredmedia":[{"embeddable":true,"href":"https:\/\/hetapro.com\/de\/wp-json\/wp\/v2\/media\/4892"}],"wp:attachment":[{"href":"https:\/\/hetapro.com\/de\/wp-json\/wp\/v2\/media?parent=4891"}],"wp:term":[{"taxonomy":"product_cat","embeddable":true,"href":"https:\/\/hetapro.com\/de\/wp-json\/wp\/v2\/product_cat?post=4891"},{"taxonomy":"product_tag","embeddable":true,"href":"https:\/\/hetapro.com\/de\/wp-json\/wp\/v2\/product_tag?post=4891"}],"curies":[{"name":"wp","href":"https:\/\/api.w.org\/{rel}","templated":true}]}}