{"id":4912,"date":"2025-09-29T02:37:54","date_gmt":"2025-09-29T02:37:54","guid":{"rendered":"https:\/\/hetapro.com\/?post_type=product&#038;p=4912"},"modified":"2025-09-30T02:32:49","modified_gmt":"2025-09-30T02:32:49","slug":"duct-series-inverter-ducted-air-conditioner","status":"publish","type":"product","link":"https:\/\/hetapro.com\/de\/products\/duct-series-inverter-ducted-air-conditioner\/","title":{"rendered":"Kanalserie \u2013 Inverter-Kanalklimaanlage"},"content":{"rendered":"<h1 data-start=\"145\" data-end=\"241\">HETAPRO Hocheffiziente R32-Kanalklimaanlagenserie mit niedriger und mittlerer Statik<\/h1>\n<p>Leistungsstarke K\u00fchlung und Heizung mit schlankem, verborgenem Design<\/p>\n<h2 data-start=\"243\" data-end=\"264\"><strong data-start=\"246\" data-end=\"262\">Einf\u00fchrung<\/strong><\/h2>\n<p data-start=\"265\" data-end=\"762\">Wenn es um effiziente und zuverl\u00e4ssige Klimatisierung geht, <strong data-start=\"291\" data-end=\"326\">HETAPRO Kanalklimaanlagen<\/strong> zeichnen sich als hervorragende Wahl f\u00fcr Wohn- und Gesch\u00e4ftsumgebungen aus. Unsere Kanal-Klimaanlagen sind auf leisen Betrieb, gleichm\u00e4\u00dfige Luftstromverteilung und robuste Leistung ausgelegt und kombinieren fortschrittliche Wechselrichtertechnologie mit eleganter, verdeckter Installation f\u00fcr un\u00fcbertroffenen Komfort.<\/p>\n<p>&nbsp;<\/p>\n<hr data-start=\"764\" data-end=\"767\" \/>\n<h2 data-start=\"1500\" data-end=\"1528\">Hauptfunktionen und Vorteile<\/h2>\n<ul>\n<li data-start=\"2577\" data-end=\"2644\">\n<p data-start=\"2579\" data-end=\"2644\"><strong data-start=\"2579\" data-end=\"2608\">Gleichm\u00e4\u00dfige Luftstromverteilung<\/strong> \u2013 Deckt jede Ecke des Raumes ab<\/p>\n<\/li>\n<li data-start=\"2645\" data-end=\"2715\">\n<p data-start=\"2647\" data-end=\"2715\"><strong data-start=\"2647\" data-end=\"2667\">Niedriger Ger\u00e4uschpegel<\/strong> \u2013 Leiser Betrieb f\u00fcr ruhige Umgebungen<\/p>\n<\/li>\n<li data-start=\"2716\" data-end=\"2787\">\n<p data-start=\"2718\" data-end=\"2787\"><strong data-start=\"2718\" data-end=\"2743\">Flexible Installation<\/strong> \u2013 Schlankes Design passt in begrenzte Deckenr\u00e4ume<\/p>\n<\/li>\n<li data-start=\"2788\" data-end=\"2851\">\n<p data-start=\"2790\" data-end=\"2851\"><strong data-start=\"2790\" data-end=\"2813\">Wechselrichtertechnologie<\/strong> \u2013 Reduziert die Energiekosten um bis zu 30%<\/p>\n<\/li>\n<li data-start=\"2852\" data-end=\"2914\">\n<p data-start=\"2854\" data-end=\"2914\"><strong data-start=\"2854\" data-end=\"2877\">Dauerhafte Leistung<\/strong> \u2013 F\u00fcr langlebigen Betrieb gebaut<\/p>\n<\/li>\n<\/ul>\n<hr data-start=\"2481\" data-end=\"2484\" \/>\n<h2 data-start=\"2486\" data-end=\"2519\"><strong data-start=\"2489\" data-end=\"2517\">Technische Spezifikationen<\/strong><\/h2>\n<table class=\"w-fit min-w-(--thread-content-width)\" data-start=\"1820\" data-end=\"2551\">\n<thead data-start=\"1820\" data-end=\"1941\">\n<tr data-start=\"1820\" data-end=\"1941\">\n<th data-start=\"1820\" data-end=\"1835\" data-col-size=\"sm\">Modell<\/th>\n<th data-start=\"1835\" data-end=\"1853\" data-col-size=\"sm\">K\u00fchlung (BTU\/h)<\/th>\n<th data-start=\"1853\" data-end=\"1871\" data-col-size=\"sm\">Heizleistung (BTU\/h)<\/th>\n<th data-start=\"1871\" data-end=\"1901\" data-col-size=\"sm\">Stromversorgung<\/th>\n<th data-start=\"1901\" data-end=\"1918\" data-col-size=\"sm\">Luftstrom (m\u00b3\/h)<\/th>\n<th data-start=\"1918\" data-end=\"1941\" data-col-size=\"sm\">Abmessungen (mm)<\/th>\n<\/tr>\n<\/thead>\n<tbody data-start=\"2064\" data-end=\"2551\">\n<tr data-start=\"2064\" data-end=\"2185\">\n<td data-start=\"2064\" data-end=\"2079\" data-col-size=\"sm\">SDVH18M-A3NA<\/td>\n<td data-start=\"2079\" data-end=\"2097\" data-col-size=\"sm\">18,000<\/td>\n<td data-start=\"2097\" data-end=\"2115\" data-col-size=\"sm\">18,000<\/td>\n<td data-start=\"2115\" data-end=\"2145\" data-col-size=\"sm\">1Ph, 220\u2013240 V, 50 Hz<\/td>\n<td data-start=\"2145\" data-end=\"2162\" data-col-size=\"sm\">920<\/td>\n<td data-start=\"2162\" data-end=\"2185\" data-col-size=\"sm\">1000 \u00d7 450 \u00d7 200<\/td>\n<\/tr>\n<tr data-start=\"2186\" data-end=\"2307\">\n<td data-start=\"2186\" data-end=\"2201\" data-col-size=\"sm\">SDVH24M-A3NA<\/td>\n<td data-start=\"2201\" data-end=\"2219\" data-col-size=\"sm\">24,000<\/td>\n<td data-start=\"2219\" data-end=\"2237\" data-col-size=\"sm\">24,000<\/td>\n<td data-start=\"2237\" data-end=\"2267\" data-col-size=\"sm\">1Ph, 220\u2013240 V, 50 Hz<\/td>\n<td data-start=\"2267\" data-end=\"2284\" data-col-size=\"sm\">1300<\/td>\n<td data-start=\"2284\" data-end=\"2307\" data-col-size=\"sm\">1300 \u00d7 450 \u00d7 200<\/td>\n<\/tr>\n<tr data-start=\"2308\" data-end=\"2429\">\n<td data-start=\"2308\" data-end=\"2323\" data-col-size=\"sm\">SDVH36M-A4NA<\/td>\n<td data-start=\"2323\" data-end=\"2341\" data-col-size=\"sm\">36,000<\/td>\n<td data-start=\"2341\" data-end=\"2359\" data-col-size=\"sm\">36,000<\/td>\n<td data-start=\"2359\" data-end=\"2389\" data-col-size=\"sm\">1Ph, 220\u2013240 V, 50 Hz<\/td>\n<td data-start=\"2389\" data-end=\"2406\" data-col-size=\"sm\">2000<\/td>\n<td data-start=\"2406\" data-end=\"2429\" data-col-size=\"sm\">1430 \u00d7 715 \u00d7 280<\/td>\n<\/tr>\n<tr data-start=\"2430\" data-end=\"2551\">\n<td data-start=\"2430\" data-end=\"2445\" data-col-size=\"sm\">SDVH48H-E1NA<\/td>\n<td data-start=\"2445\" data-end=\"2463\" data-col-size=\"sm\">48,000<\/td>\n<td data-start=\"2463\" data-end=\"2481\" data-col-size=\"sm\">48,000<\/td>\n<td data-start=\"2481\" data-end=\"2511\" data-col-size=\"sm\">3Ph, 380~415V, 50Hz<\/td>\n<td data-start=\"2511\" data-end=\"2528\" data-col-size=\"sm\">2150<\/td>\n<td data-start=\"2528\" data-end=\"2551\" data-col-size=\"sm\">1430 \u00d7 715 \u00d7 280<\/td>\n<\/tr>\n<\/tbody>\n<\/table>\n<hr data-start=\"2481\" data-end=\"2484\" \/>\n<h2 data-start=\"2921\" data-end=\"2939\">Anwendungen<\/h2>\n<ul data-start=\"2940\" data-end=\"3115\">\n<li data-start=\"2940\" data-end=\"2997\">\n<p data-start=\"2942\" data-end=\"2997\"><strong data-start=\"2942\" data-end=\"2957\">Wohnen<\/strong>: Wohnungen, Villen und Luxush\u00e4user<\/p>\n<\/li>\n<li data-start=\"2998\" data-end=\"3060\">\n<p data-start=\"3000\" data-end=\"3060\"><strong data-start=\"3000\" data-end=\"3014\">Kommerziell<\/strong>: B\u00fcros, Einzelhandelsgesch\u00e4fte, Restaurants, Hotels<\/p>\n<\/li>\n<li data-start=\"3061\" data-end=\"3115\">\n<p data-start=\"3063\" data-end=\"3115\"><strong data-start=\"3063\" data-end=\"3077\">Industrie<\/strong>: Lagerhallen, Werkst\u00e4tten, gro\u00dfe Hallen<\/p>\n<\/li>\n<\/ul>\n<hr data-start=\"2937\" data-end=\"2940\" \/>\n<h2 data-start=\"7759\" data-end=\"7819\">Warum sollten Sie f\u00fcr Ihre Klimatisierungsbed\u00fcrfnisse mit HETAPRO zusammenarbeiten?<\/h2>\n<p data-start=\"7821\" data-end=\"8047\">H\u00e4ndler, Installateure und Vertreter profitieren von <strong data-start=\"7871\" data-end=\"7952\">engagierter technischer Support, flexible Preise und starker Kundendienst<\/strong>. Eine Partnerschaft mit HETAPRO bedeutet, eine zuverl\u00e4ssige Marke zu gewinnen, die Wert auf eine langfristige Zusammenarbeit legt.<\/p>\n<p>&nbsp;<\/p>\n<hr data-start=\"2937\" data-end=\"2940\" \/>\n<h2 data-start=\"2742\" data-end=\"2771\">Technische Spezifikationen<\/h2>\n<p data-start=\"2773\" data-end=\"2879\">Nachfolgend finden Sie eine Zusammenfassung der technischen Highlights der Kassettenserie (basierend auf dem hochgeladenen Datenblatt):<\/p>\n<div class=\"_tableContainer_1rjym_1\">\n<div class=\"group _tableWrapper_1rjym_13 flex w-fit flex-col-reverse\" tabindex=\"-1\">\n<table width=\"980\">\n<tbody>\n<tr>\n<td colspan=\"3\" width=\"420\">Modellname<\/td>\n<td width=\"140\">SDVH18M-A3NA<\/td>\n<td width=\"140\">SDVH24M-A3NA<\/td>\n<td width=\"140\">SDVH36M-A4NA<\/td>\n<td width=\"140\">SDVH48H-E1NA<\/td>\n<\/tr>\n<tr>\n<td rowspan=\"2\" width=\"140\">Kapazit\u00e4t<\/td>\n<td width=\"140\">K\u00fchlung<\/td>\n<td width=\"140\">BTU\/h<\/td>\n<td width=\"140\">18000<\/td>\n<td width=\"140\">24000<\/td>\n<td width=\"140\">36000<\/td>\n<td width=\"140\">48000<\/td>\n<\/tr>\n<tr>\n<td width=\"140\">Heizung<\/td>\n<td width=\"140\">BTU\/h<\/td>\n<td width=\"140\">18000<\/td>\n<td width=\"140\">24000<\/td>\n<td width=\"140\">36000<\/td>\n<td width=\"140\">48000<\/td>\n<\/tr>\n<tr>\n<td colspan=\"2\" width=\"280\">Stromversorgung<\/td>\n<td width=\"140\">Ph\/V\/Hz<\/td>\n<td colspan=\"3\" width=\"420\">1 Ph, 220~240 V, 50 Hz<\/td>\n<td width=\"140\">3Ph, 380~415 V, 50Hz<\/td>\n<\/tr>\n<tr>\n<td colspan=\"2\" width=\"280\">Luftstromvolumen<\/td>\n<td width=\"140\">m3\/h<\/td>\n<td width=\"140\">920<\/td>\n<td width=\"140\">1300<\/td>\n<td width=\"140\">2000<\/td>\n<td width=\"140\">2150<\/td>\n<\/tr>\n<tr>\n<td width=\"140\">Dimension<\/td>\n<td width=\"140\">B\u00d7H\u00d7T<\/td>\n<td width=\"140\">mm<\/td>\n<td width=\"140\">1000x450x200<\/td>\n<td width=\"140\">1300x450x200<\/td>\n<td width=\"140\">1430x715x280<\/td>\n<td width=\"140\">1430x715x280<\/td>\n<\/tr>\n<\/tbody>\n<\/table>\n<\/div>\n<\/div>\n<p data-start=\"3448\" data-end=\"3544\"><em data-start=\"3448\" data-end=\"3542\">(Hinweis: Die Daten wurden aus den Spezifikationen der Hetapro-Kassettenserie \u00fcbernommen. Die Werte k\u00f6nnen je nach Region variieren.)<\/em><\/p>\n<hr data-start=\"4723\" data-end=\"4726\" \/>\n<h2 data-start=\"4728\" data-end=\"4759\">Installation und Wartung<\/h2>\n<p data-start=\"4761\" data-end=\"4830\">Hetapro Kassetten-Klimaanlagen sind konzipiert f\u00fcr <strong data-start=\"4801\" data-end=\"4822\">einfache Installation<\/strong> mit:<\/p>\n<ul data-start=\"4832\" data-end=\"5041\">\n<li data-start=\"4832\" data-end=\"4884\">\n<p data-start=\"4834\" data-end=\"4884\"><strong data-start=\"4834\" data-end=\"4851\">Kompakteinheiten<\/strong> die in modulare Decken passen<\/p>\n<\/li>\n<li data-start=\"4885\" data-end=\"4940\">\n<p data-start=\"4887\" data-end=\"4940\"><strong data-start=\"4887\" data-end=\"4907\">Abnehmbare Paneele<\/strong> zur bequemen Filterreinigung<\/p>\n<\/li>\n<li data-start=\"4941\" data-end=\"4993\">\n<p data-start=\"4943\" data-end=\"4993\"><strong data-start=\"4943\" data-end=\"4963\">Waschbare Filter<\/strong> zur Reduzierung der Wartungskosten<\/p>\n<\/li>\n<li data-start=\"4994\" data-end=\"5041\">\n<p data-start=\"4996\" data-end=\"5041\"><strong data-start=\"4996\" data-end=\"5023\">Servicefreundliches Design<\/strong> f\u00fcr Techniker<\/p>\n<\/li>\n<\/ul>\n<p data-start=\"5043\" data-end=\"5126\">Regelm\u00e4\u00dfige Wartung gew\u00e4hrleistet langfristige Effizienz und verl\u00e4ngert die Lebensdauer des Ger\u00e4ts.<\/p>\n<hr data-start=\"6270\" data-end=\"6273\" \/>\n<h2 data-start=\"6275\" data-end=\"6309\">Energieeinsparungen und Nachhaltigkeit<\/h2>\n<p data-start=\"6311\" data-end=\"6594\">Bei HETAPRO engagieren wir uns f\u00fcr <strong data-start=\"6342\" data-end=\"6382\">Nachhaltigkeit und Energieeffizienz<\/strong>Unsere Kanalsysteme verwenden umweltfreundliche K\u00fchlmittel und Inverter-Kompressoren, die den Stromverbrauch deutlich senken. Dies senkt nicht nur die Betriebskosten, sondern unterst\u00fctzt auch die globalen Ziele zur CO2-Reduzierung.<\/p>","protected":false},"excerpt":{"rendered":"<p>Entdecken Sie die Kanalklimager\u00e4te von HETAPRO (18.000\u201348.000 BTU). Schlankes, verdecktes Design, Inverter-Energieeinsparung, leiser Betrieb \u2013 ideal f\u00fcr Privathaushalte und Gewerber\u00e4ume.<\/p>","protected":false},"featured_media":4913,"template":"","meta":{"_acf_changed":false,"_seopress_robots_primary_cat":"164","_seopress_titles_title":"HETAPRO Slim Ducted Air Conditioner Series","_seopress_titles_desc":"Discover HETAPRO ducted air conditioners (18k\u201348k BTU). Slim concealed design, inverter energy saving, quiet operation \u2014 ideal for homes & commercial spaces.","_seopress_robots_index":""},"product_cat":[164,181],"product_tag":[182],"acf":[],"_links":{"self":[{"href":"https:\/\/hetapro.com\/de\/wp-json\/wp\/v2\/product\/4912"}],"collection":[{"href":"https:\/\/hetapro.com\/de\/wp-json\/wp\/v2\/product"}],"about":[{"href":"https:\/\/hetapro.com\/de\/wp-json\/wp\/v2\/types\/product"}],"wp:featuredmedia":[{"embeddable":true,"href":"https:\/\/hetapro.com\/de\/wp-json\/wp\/v2\/media\/4913"}],"wp:attachment":[{"href":"https:\/\/hetapro.com\/de\/wp-json\/wp\/v2\/media?parent=4912"}],"wp:term":[{"taxonomy":"product_cat","embeddable":true,"href":"https:\/\/hetapro.com\/de\/wp-json\/wp\/v2\/product_cat?post=4912"},{"taxonomy":"product_tag","embeddable":true,"href":"https:\/\/hetapro.com\/de\/wp-json\/wp\/v2\/product_tag?post=4912"}],"curies":[{"name":"wp","href":"https:\/\/api.w.org\/{rel}","templated":true}]}}