{"id":919,"date":"2023-07-04T08:03:56","date_gmt":"2023-07-04T08:03:56","guid":{"rendered":"https:\/\/hetapro.com\/?post_type=product&#038;p=919"},"modified":"2025-03-05T04:13:00","modified_gmt":"2025-03-05T04:13:00","slug":"thermax-r32-monoblock-heat-pump","status":"publish","type":"product","link":"https:\/\/hetapro.com\/de\/products\/thermax-r32-monoblock-heat-pump\/","title":{"rendered":"R32 Monoblock-Luft-Wasser-W\u00e4rmepumpe"},"content":{"rendered":"<h3 data-start=\"438\" data-end=\"513\"><strong data-start=\"442\" data-end=\"511\">Thermax-Serie \u2013 R32 DC Inverter Monoblock Luft-Wasser-W\u00e4rmepumpe<\/strong><\/h3>\n<p data-start=\"515\" data-end=\"905\">Als f\u00fchrender W\u00e4rmepumpenhersteller stellt Hetapro die <strong data-start=\"575\" data-end=\"644\">Thermax-Serie \u2013 R32 DC Inverter Monoblock Luft-Wasser-W\u00e4rmepumpe<\/strong>, eine fortschrittliche L\u00f6sung f\u00fcr Heiz-, K\u00fchl- und Warmwasseranwendungen im privaten und gewerblichen Bereich. Diese Hochleistungs-W\u00e4rmepumpe vereint Energieeffizienz, Umweltvertr\u00e4glichkeit und intelligenten Betrieb und sorgt so f\u00fcr h\u00f6chsten Komfort.<\/p>\n<h3 data-start=\"907\" data-end=\"947\"><strong data-start=\"911\" data-end=\"945\">Warum sollten Sie sich f\u00fcr die Thermax-Serie entscheiden?<\/strong><\/h3>\n<p data-start=\"949\" data-end=\"989\">\u2714 <strong data-start=\"951\" data-end=\"987\">Hohe Effizienz und Energieeinsparungen<\/strong><\/p>\n<ul data-start=\"990\" data-end=\"1217\">\n<li data-start=\"990\" data-end=\"1118\">Ausgestattet mit <strong data-start=\"1006\" data-end=\"1025\">K\u00e4ltemittel R32<\/strong>Die Thermax-Serie verbessert die W\u00e4rme\u00fcbertragungseffizienz und reduziert gleichzeitig die Umweltbelastung.<\/li>\n<li data-start=\"1119\" data-end=\"1217\"><strong data-start=\"1121\" data-end=\"1147\">DC-Wechselrichtertechnologie<\/strong> sorgt f\u00fcr eine pr\u00e4zise Temperaturregelung und erhebliche Energieeinsparungen.<\/li>\n<\/ul>\n<p data-start=\"1219\" data-end=\"1263\">\u2714 <strong data-start=\"1221\" data-end=\"1261\">Vielseitige Heiz- und K\u00fchll\u00f6sung<\/strong><\/p>\n<ul data-start=\"1264\" data-end=\"1414\">\n<li data-start=\"1264\" data-end=\"1336\">Bietet <strong data-start=\"1275\" data-end=\"1310\">Heizung, K\u00fchlung und Warmwasser<\/strong> f\u00fcr ganzj\u00e4hrigen Komfort.<\/li>\n<li data-start=\"1337\" data-end=\"1414\"><strong data-start=\"1339\" data-end=\"1375\">Gro\u00dfer Betriebstemperaturbereich<\/strong> macht es ideal f\u00fcr unterschiedliche Klimazonen.<\/li>\n<\/ul>\n<p data-start=\"1416\" data-end=\"1450\">\u2714 <strong data-start=\"1418\" data-end=\"1448\">Umweltfreundlich und nachhaltig<\/strong><\/p>\n<ul data-start=\"1451\" data-end=\"1620\">\n<li data-start=\"1451\" data-end=\"1546\">Anwendung <strong data-start=\"1458\" data-end=\"1485\">K\u00e4ltemittel R32 mit niedrigem GWP<\/strong>, wodurch der CO\u2082-Aussto\u00df reduziert und ein nachhaltiges Leben unterst\u00fctzt wird.<\/li>\n<li data-start=\"1547\" data-end=\"1620\">Entspricht <strong data-start=\"1563\" data-end=\"1580\">EU-\u00d6kodesign<\/strong> Standards f\u00fcr hohe Energieeffizienz.<\/li>\n<\/ul>\n<p data-start=\"1622\" data-end=\"1653\">\u2714 <strong data-start=\"1624\" data-end=\"1651\">Intelligenter und leiser Betrieb<\/strong><\/p>\n<ul data-start=\"1654\" data-end=\"1831\">\n<li data-start=\"1654\" data-end=\"1747\"><strong data-start=\"1656\" data-end=\"1686\">Intelligentes Steuerungssystem<\/strong> erm\u00f6glicht eine nahtlose Integration mit Smart-Home-L\u00f6sungen.<\/li>\n<li data-start=\"1748\" data-end=\"1831\"><strong data-start=\"1750\" data-end=\"1773\">Ger\u00e4uscharmer Betrieb<\/strong>, wodurch es f\u00fcr den privaten und gewerblichen Gebrauch geeignet ist.<\/li>\n<\/ul>\n<h3 data-start=\"1833\" data-end=\"1893\"><strong data-start=\"1837\" data-end=\"1891\">Hetapro: F\u00fchrend in der Zukunft der W\u00e4rmepumpenl\u00f6sungen<\/strong><\/h3>\n<p data-start=\"1895\" data-end=\"2301\">Mit \u00fcber <strong data-start=\"1905\" data-end=\"1930\">20 Jahre Expertise<\/strong>, Hetapro hat sich als einer der vielversprechendsten <strong data-start=\"1992\" data-end=\"2028\">W\u00e4rmepumpenhersteller in China<\/strong>Das Unternehmen ist der Innovation verpflichtet und bietet Spitzenprodukte an, wie zum Beispiel:<br data-start=\"2109\" data-end=\"2112\" \/>\u2705 <strong data-start=\"2114\" data-end=\"2130\">Weltraummeister<\/strong> \u2013 All-in-One-Hydrauliksystem<br data-start=\"2160\" data-end=\"2163\" \/>\u2705 <strong data-start=\"2165\" data-end=\"2182\">Heatix-Serie<\/strong> \u2013 R290 Monoblock-W\u00e4rmepumpe<br data-start=\"2208\" data-end=\"2211\" \/>\u2705 <strong data-start=\"2213\" data-end=\"2227\">Herr Hybrid<\/strong> \u2013 Wandmontierte Hybrid-W\u00e4rmepumpe<br data-start=\"2259\" data-end=\"2262\" \/>\u2705 <strong data-start=\"2264\" data-end=\"2278\">Ultra Heat<\/strong> \u2013 CO\u2082-Mono-W\u00e4rmepumpe<\/p>\n<h3 data-start=\"2303\" data-end=\"2325\"><strong data-start=\"2307\" data-end=\"2323\">Schreiben Sie uns<\/strong><\/h3>\n<p data-start=\"2327\" data-end=\"2511\">Upgrade auf die <strong data-start=\"2342\" data-end=\"2411\">Thermax-Serie \u2013 R32 DC Inverter Monoblock Luft-Wasser-W\u00e4rmepumpe<\/strong> f\u00fcr eine nachhaltige und energieeffiziente Heizl\u00f6sung. Kontakt <strong data-start=\"2477\" data-end=\"2488\">Hetapro<\/strong> heute, um mehr zu erfahren!<\/p>","protected":false},"excerpt":{"rendered":"<p><strong>Produktionskapazit\u00e4t<\/strong>: 150 St\u00fcck \/ Stunde<\/p>\n<p><strong>F\u00fcllbereich<\/strong>: 1-30 kg<\/p>\n<ul>\n<li>Kontinuierlich und automatisch<\/li>\n<li>Gut zur Umwelt<\/li>\n<li>Hochpr\u00e4zises F\u00fcllen<\/li>\n<li>Lange Nutzungsdauer<\/li>\n<\/ul>\n<p><strong>F\u00fcllpr\u00e4zision<\/strong>\u00a0: 1 kg \u2264 0,02<\/p>","protected":false},"featured_media":4075,"template":"","meta":{"_acf_changed":false,"_seopress_robots_primary_cat":"none","_seopress_titles_title":"Thermax Series - R32 DC Inverter Monoblock Air to Water Heat Pump | Hetapro","_seopress_titles_desc":"Discover Hetapro's Thermax Series R32 DC Inverter Monoblock Air to Water Heat Pump\u2014high efficiency, eco-friendly, and ideal for heating, cooling & hot water.","_seopress_robots_index":""},"product_cat":[22],"product_tag":[23],"acf":[],"_links":{"self":[{"href":"https:\/\/hetapro.com\/de\/wp-json\/wp\/v2\/product\/919"}],"collection":[{"href":"https:\/\/hetapro.com\/de\/wp-json\/wp\/v2\/product"}],"about":[{"href":"https:\/\/hetapro.com\/de\/wp-json\/wp\/v2\/types\/product"}],"wp:featuredmedia":[{"embeddable":true,"href":"https:\/\/hetapro.com\/de\/wp-json\/wp\/v2\/media\/4075"}],"wp:attachment":[{"href":"https:\/\/hetapro.com\/de\/wp-json\/wp\/v2\/media?parent=919"}],"wp:term":[{"taxonomy":"product_cat","embeddable":true,"href":"https:\/\/hetapro.com\/de\/wp-json\/wp\/v2\/product_cat?post=919"},{"taxonomy":"product_tag","embeddable":true,"href":"https:\/\/hetapro.com\/de\/wp-json\/wp\/v2\/product_tag?post=919"}],"curies":[{"name":"wp","href":"https:\/\/api.w.org\/{rel}","templated":true}]}}