{"id":1106,"date":"2023-07-07T09:11:19","date_gmt":"2023-07-07T09:11:19","guid":{"rendered":"https:\/\/hetapro.com\/?page_id=1106"},"modified":"2025-03-18T13:55:33","modified_gmt":"2025-03-18T13:55:33","slug":"milestones","status":"publish","type":"page","link":"https:\/\/hetapro.com\/es\/milestones\/","title":{"rendered":"Hitos"},"content":{"rendered":"<div data-elementor-type=\"wp-page\" data-elementor-id=\"1106\" class=\"elementor elementor-1106\" data-elementor-post-type=\"page\">\n\t\t\t\t\t\t<section class=\"elementor-section elementor-top-section elementor-element elementor-element-84ed4c0 elementor-section-full_width elementor-section-height-min-height elementor-section-height-default elementor-section-items-middle\" data-id=\"84ed4c0\" data-element_type=\"section\" data-settings=\"{&quot;background_background&quot;:&quot;classic&quot;}\">\n\t\t\t\t\t\t\t<div class=\"elementor-background-overlay\"><\/div>\n\t\t\t\t\t\t\t<div class=\"elementor-container elementor-column-gap-default\">\n\t\t\t\t\t<div class=\"elementor-column elementor-col-50 elementor-top-column elementor-element elementor-element-d006416\" data-id=\"d006416\" data-element_type=\"column\">\n\t\t\t<div class=\"elementor-widget-wrap elementor-element-populated\">\n\t\t\t\t\t\t<div class=\"elementor-element elementor-element-9280198 elementor-widget elementor-widget-heading\" data-id=\"9280198\" data-element_type=\"widget\" data-widget_type=\"heading.default\">\n\t\t\t\t<div class=\"elementor-widget-container\">\n\t\t\t\t\t<h2 class=\"elementor-heading-title elementor-size-default\">Hitos<\/h2>\t\t\t\t<\/div>\n\t\t\t\t<\/div>\n\t\t\t\t\t<\/div>\n\t\t<\/div>\n\t\t\t\t<div class=\"elementor-column elementor-col-50 elementor-top-column elementor-element elementor-element-a7d64bc\" data-id=\"a7d64bc\" data-element_type=\"column\">\n\t\t\t<div class=\"elementor-widget-wrap\">\n\t\t\t\t\t\t\t<\/div>\n\t\t<\/div>\n\t\t\t\t\t<\/div>\n\t\t<\/section>\n\t\t\t\t<section class=\"elementor-section elementor-top-section elementor-element elementor-element-9dddf61 elementor-section-boxed elementor-section-height-default elementor-section-height-default\" data-id=\"9dddf61\" data-element_type=\"section\">\n\t\t\t\t\t\t<div class=\"elementor-container elementor-column-gap-default\">\n\t\t\t\t\t<div class=\"elementor-column elementor-col-100 elementor-top-column elementor-element elementor-element-b799087\" data-id=\"b799087\" data-element_type=\"column\">\n\t\t\t<div class=\"elementor-widget-wrap elementor-element-populated\">\n\t\t\t\t\t\t<div class=\"elementor-element elementor-element-b63ff16 elementor-widget-mobile__width-initial elementor-widget elementor-widget-image\" data-id=\"b63ff16\" data-element_type=\"widget\" data-widget_type=\"image.default\">\n\t\t\t\t<div class=\"elementor-widget-container\">\n\t\t\t\t\t\t\t\t\t\t\t\t\t\t\t<img loading=\"lazy\" decoding=\"async\" width=\"800\" height=\"524\" src=\"https:\/\/hetapro.com\/wp-content\/uploads\/2023\/07\/factory-story-1024x671.webp\" class=\"attachment-large size-large wp-image-1221\" alt=\"factory story\" srcset=\"https:\/\/hetapro.com\/wp-content\/uploads\/2023\/07\/factory-story-1024x671.webp 1024w, https:\/\/hetapro.com\/wp-content\/uploads\/2023\/07\/factory-story-600x393.webp 600w, https:\/\/hetapro.com\/wp-content\/uploads\/2023\/07\/factory-story-300x197.webp 300w, https:\/\/hetapro.com\/wp-content\/uploads\/2023\/07\/factory-story-768x504.webp 768w, https:\/\/hetapro.com\/wp-content\/uploads\/2023\/07\/factory-story-1536x1007.webp 1536w, https:\/\/hetapro.com\/wp-content\/uploads\/2023\/07\/factory-story.webp 1920w\" sizes=\"(max-width: 800px) 100vw, 800px\" \/>\t\t\t\t\t\t\t\t\t\t\t\t\t\t\t<\/div>\n\t\t\t\t<\/div>\n\t\t\t\t<section class=\"elementor-section elementor-inner-section elementor-element elementor-element-11c9b40 elementor-section-boxed elementor-section-height-default elementor-section-height-default\" data-id=\"11c9b40\" data-element_type=\"section\">\n\t\t\t\t\t\t<div class=\"elementor-container elementor-column-gap-default\">\n\t\t\t\t\t<div class=\"elementor-column elementor-col-100 elementor-inner-column elementor-element elementor-element-f960f51\" data-id=\"f960f51\" data-element_type=\"column\" data-settings=\"{&quot;background_background&quot;:&quot;classic&quot;}\">\n\t\t\t<div class=\"elementor-widget-wrap elementor-element-populated\">\n\t\t\t\t\t\t<div class=\"elementor-element elementor-element-636b67f elementor-widget elementor-widget-heading\" data-id=\"636b67f\" data-element_type=\"widget\" data-widget_type=\"heading.default\">\n\t\t\t\t<div class=\"elementor-widget-container\">\n\t\t\t\t\t<h5 class=\"elementor-heading-title elementor-size-default\">HETA<\/h5>\t\t\t\t<\/div>\n\t\t\t\t<\/div>\n\t\t\t\t<div class=\"elementor-element elementor-element-50d3aa0 elementor-widget elementor-widget-heading\" data-id=\"50d3aa0\" data-element_type=\"widget\" data-widget_type=\"heading.default\">\n\t\t\t\t<div class=\"elementor-widget-container\">\n\t\t\t\t\t<h2 class=\"elementor-heading-title elementor-size-default\">Proveedor l\u00edder de soluciones de calefacci\u00f3n, refrigeraci\u00f3n y agua caliente sanitaria<\/h2>\t\t\t\t<\/div>\n\t\t\t\t<\/div>\n\t\t\t\t\t<\/div>\n\t\t<\/div>\n\t\t\t\t\t<\/div>\n\t\t<\/section>\n\t\t\t\t<div class=\"elementor-element elementor-element-fc3dc53 elementor-widget elementor-widget-text-editor\" data-id=\"fc3dc53\" data-element_type=\"widget\" data-widget_type=\"text-editor.default\">\n\t\t\t\t<div class=\"elementor-widget-container\">\n\t\t\t\t\t\t\t\t\t<p>Hetapro HVAC ofrece una variedad de productos y servicios de energ\u00eda limpia, incluyendo agua caliente, calefacci\u00f3n y refrigeraci\u00f3n, y vapor para usos residenciales, comerciales e industriales, utilizando gas natural, electricidad y otras fuentes de energ\u00eda renovables. Tras a\u00f1os de innovaci\u00f3n, Devotion se ha convertido en una Empresa Nacional Innovadora, una Empresa Nacional de Alta Tecnolog\u00eda, una Empresa de Demostraci\u00f3n de Propiedad Intelectual de la Provincia de Guangdong y ha sido galardonada con el segundo premio al Progreso Cient\u00edfico y Tecnol\u00f3gico Nacional.<\/p>\t\t\t\t\t\t\t\t<\/div>\n\t\t\t\t<\/div>\n\t\t\t\t\t<\/div>\n\t\t<\/div>\n\t\t\t\t\t<\/div>\n\t\t<\/section>\n\t\t\t\t<section class=\"elementor-section elementor-top-section elementor-element elementor-element-6ad5f60 elementor-section-boxed elementor-section-height-default elementor-section-height-default\" data-id=\"6ad5f60\" data-element_type=\"section\">\n\t\t\t\t\t\t<div class=\"elementor-container elementor-column-gap-default\">\n\t\t\t\t\t<div class=\"elementor-column elementor-col-100 elementor-top-column elementor-element elementor-element-4ae74b3\" data-id=\"4ae74b3\" data-element_type=\"column\">\n\t\t\t<div class=\"elementor-widget-wrap\">\n\t\t\t\t\t\t\t<\/div>\n\t\t<\/div>\n\t\t\t\t\t<\/div>\n\t\t<\/section>\n\t\t\t\t<\/div>","protected":false},"excerpt":{"rendered":"<p>Milestones HETA Leading Heating, Cooling and Domestic Hot Water Solutions Provider Hetapro HVAC offers a variety of clean energy products and services, including hot water, heating and cooling, and steam for residential, commercial, and industrial usages using natural gas, electricity and other renewable energy sources. Through years of innovation development, Devotion has become a National [&hellip;]<\/p>","protected":false},"author":1,"featured_media":0,"parent":0,"menu_order":0,"comment_status":"closed","ping_status":"closed","template":"","meta":{"_acf_changed":false,"_seopress_robots_primary_cat":"","_seopress_titles_title":"","_seopress_titles_desc":"","_seopress_robots_index":"","footnotes":""},"acf":[],"_links":{"self":[{"href":"https:\/\/hetapro.com\/es\/wp-json\/wp\/v2\/pages\/1106"}],"collection":[{"href":"https:\/\/hetapro.com\/es\/wp-json\/wp\/v2\/pages"}],"about":[{"href":"https:\/\/hetapro.com\/es\/wp-json\/wp\/v2\/types\/page"}],"author":[{"embeddable":true,"href":"https:\/\/hetapro.com\/es\/wp-json\/wp\/v2\/users\/1"}],"replies":[{"embeddable":true,"href":"https:\/\/hetapro.com\/es\/wp-json\/wp\/v2\/comments?post=1106"}],"version-history":[{"count":31,"href":"https:\/\/hetapro.com\/es\/wp-json\/wp\/v2\/pages\/1106\/revisions"}],"predecessor-version":[{"id":4231,"href":"https:\/\/hetapro.com\/es\/wp-json\/wp\/v2\/pages\/1106\/revisions\/4231"}],"wp:attachment":[{"href":"https:\/\/hetapro.com\/es\/wp-json\/wp\/v2\/media?parent=1106"}],"curies":[{"name":"wp","href":"https:\/\/api.w.org\/{rel}","templated":true}]}}