{"id":1046,"date":"2023-07-05T07:43:01","date_gmt":"2023-07-05T07:43:01","guid":{"rendered":"https:\/\/hetapro.com\/?post_type=product&#038;p=1046"},"modified":"2025-01-14T03:02:20","modified_gmt":"2025-01-14T03:02:20","slug":"thermalux-r290-heat-pump","status":"publish","type":"product","link":"https:\/\/hetapro.com\/es\/products\/thermalux-r290-heat-pump\/","title":{"rendered":"Bomba de calor monobloque con inversor de CC ThermaluX serie R290"},"content":{"rendered":"<table width=\"1333\">\n<tbody>\n<tr>\n<td width=\"323\">Modelo<\/td>\n<td width=\"67\">\/<\/td>\n<td width=\"173\">HEAW06MRN5-A<\/td>\n<td width=\"173\">HEAW10MRN5-A<\/td>\n<td width=\"173\">HEAW12MRN5-A<\/td>\n<td colspan=\"2\" width=\"251\">HEAW16MRN5-A<\/td>\n<td width=\"173\">HEAW18MRN5-A<\/td>\n<\/tr>\n<tr>\n<td>\u00a0Fuente de alimentaci\u00f3n<\/td>\n<td>Doctorado<\/td>\n<td colspan=\"2\" width=\"346\">220 V\/monof\u00e1sico<\/td>\n<td colspan=\"4\" width=\"597\">220 V\/monof\u00e1sico 380 V\/trif\u00e1sico<\/td>\n<\/tr>\n<tr>\n<td colspan=\"8\">\u00a0Calefacci\u00f3n (A7\/6\u2103,W30\/35\u2103)<\/td>\n<\/tr>\n<tr>\n<td>\u00a0Capacidad de calefacci\u00f3n<\/td>\n<td>kilovatio<\/td>\n<td>6.25<\/td>\n<td>9.95<\/td>\n<td>12.50<\/td>\n<td>15.88<\/td>\n<td>15.88<\/td>\n<td>18.00<\/td>\n<\/tr>\n<tr>\n<td>\u00a0Entrada de potencia<\/td>\n<td>kilovatio<\/td>\n<td>1.49<\/td>\n<td>2.07<\/td>\n<td>2.98<\/td>\n<td>3.55<\/td>\n<td>3.55<\/td>\n<td>4.62<\/td>\n<\/tr>\n<tr>\n<td>\u00a0POLIC\u00cdA<\/td>\n<td>W\/W<\/td>\n<td>4.19<\/td>\n<td>4.81<\/td>\n<td>4.20<\/td>\n<td>4.47<\/td>\n<td>4.47<\/td>\n<td>3.90<\/td>\n<\/tr>\n<tr>\n<td colspan=\"8\">\u00a0Calefacci\u00f3n (A7\/6\u2103,W47\/55\u2103)<\/td>\n<\/tr>\n<tr>\n<td>\u00a0Capacidad de calefacci\u00f3n<\/td>\n<td>kilovatio<\/td>\n<td>6.25<\/td>\n<td>9.34<\/td>\n<td>12.50<\/td>\n<td>15.97<\/td>\n<td>15.97<\/td>\n<td>17.00<\/td>\n<\/tr>\n<tr>\n<td>\u00a0Entrada de potencia<\/td>\n<td>kilovatio<\/td>\n<td>2<\/td>\n<td>3.07<\/td>\n<td>4.17<\/td>\n<td>5.85<\/td>\n<td>5.85<\/td>\n<td>5.86<\/td>\n<\/tr>\n<tr>\n<td>\u00a0POLIC\u00cdA<\/td>\n<td>W\/W<\/td>\n<td>3.13<\/td>\n<td>3.04<\/td>\n<td>3.00<\/td>\n<td>2.73<\/td>\n<td>2.73<\/td>\n<td>2.90<\/td>\n<\/tr>\n<tr>\n<td colspan=\"8\">\u00a0Refrigeraci\u00f3n (A35\/24\u2103, W12\/7\u2103)<\/td>\n<\/tr>\n<tr>\n<td>\u00a0Capacidad de enfriamiento<\/td>\n<td>kilovatio<\/td>\n<td>4.4<\/td>\n<td width=\"173\">8.20<\/td>\n<td width=\"173\">8.80<\/td>\n<td width=\"125\">14.00<\/td>\n<td width=\"125\">14.00<\/td>\n<td width=\"173\">14.00<\/td>\n<\/tr>\n<tr>\n<td>\u00a0Entrada de potencia<\/td>\n<td>kilovatio<\/td>\n<td>1.52<\/td>\n<td width=\"173\">2.52<\/td>\n<td>3.03<\/td>\n<td width=\"125\">5.19<\/td>\n<td width=\"125\">5.19<\/td>\n<td width=\"173\">5.19<\/td>\n<\/tr>\n<tr>\n<td>\u00a0EER<\/td>\n<td>W\/W<\/td>\n<td>2.89<\/td>\n<td>3.25<\/td>\n<td>2.90<\/td>\n<td>2.70<\/td>\n<td>2.70<\/td>\n<td>2.70<\/td>\n<\/tr>\n<tr>\n<td>\u00a0Nivel ERP (35 \u2103)<\/td>\n<td>\/<\/td>\n<td>A+++<\/td>\n<td>A+++<\/td>\n<td>A+++<\/td>\n<td>A+++<\/td>\n<td>A+++<\/td>\n<td>A+++<\/td>\n<\/tr>\n<tr>\n<td>\u00a0Nivel ERP (55 \u2103)<\/td>\n<td>\/<\/td>\n<td>A++<\/td>\n<td>A++<\/td>\n<td>A++<\/td>\n<td>A++<\/td>\n<td>A++<\/td>\n<td>A++<\/td>\n<\/tr>\n<tr>\n<td>\u00a0Caudal de agua nominal<\/td>\n<td>m3\/h<\/td>\n<td>1.032<\/td>\n<td>1.72<\/td>\n<td>2.064<\/td>\n<td>2.752<\/td>\n<td>3.096<\/td>\n<td>3.784<\/td>\n<\/tr>\n<tr>\n<td>\u00a0Potencia de entrada M\u00c1XIMA<\/td>\n<td>kilovatio<\/td>\n<td>2.5<\/td>\n<td>5.01<\/td>\n<td>5.01<\/td>\n<td>7.92<\/td>\n<td>7.92<\/td>\n<td>7.92<\/td>\n<\/tr>\n<tr>\n<td>\u00a0Corriente de entrada M\u00c1XIMA<\/td>\n<td>A<\/td>\n<td>9.5<\/td>\n<td>19<\/td>\n<td>19<\/td>\n<td>30<\/td>\n<td>30<\/td>\n<td>30<\/td>\n<\/tr>\n<tr>\n<td>Tipo de motor de la unidad exterior<\/td>\n<td>\/<\/td>\n<td><\/td>\n<td colspan=\"5\">ventilador de CC<\/td>\n<\/tr>\n<tr>\n<td>N\u00famero de aspas del ventilador de la unidad exterior<\/td>\n<td>\/<\/td>\n<td><\/td>\n<td colspan=\"5\">1<\/td>\n<\/tr>\n<tr>\n<td>\u00a0Compresor<\/td>\n<td>\/<\/td>\n<td><\/td>\n<td colspan=\"5\">GMCC\/Rotary\/EVI<\/td>\n<\/tr>\n<tr>\n<td>\u00a0Bomba de agua<\/td>\n<td>\/<\/td>\n<td><\/td>\n<td colspan=\"5\">Nuevos Territorios\/Inversor\/Incorporado<\/td>\n<\/tr>\n<tr>\n<td>Intercambiador de calor del lado del aire<\/td>\n<td>\/<\/td>\n<td><\/td>\n<td colspan=\"5\">tubo con aletas<\/td>\n<\/tr>\n<tr>\n<td>Intercambiador de calor del lado del agua<\/td>\n<td><\/td>\n<td><\/td>\n<td colspan=\"5\">Tipo de placa<\/td>\n<\/tr>\n<tr>\n<td>\u00a0Descongelar<\/td>\n<td>\/<\/td>\n<td><\/td>\n<td colspan=\"5\">\u00a0Descongelaci\u00f3n autom\u00e1tica con v\u00e1lvula de 4 v\u00edas<\/td>\n<\/tr>\n<tr>\n<td>\u00a0Grado de impermeabilidad<\/td>\n<td>\/<\/td>\n<td><\/td>\n<td colspan=\"5\">IPX4<\/td>\n<\/tr>\n<tr>\n<td>Nivel de potencia sonora<\/td>\n<td>dB(A)<\/td>\n<td>45<\/td>\n<td>48<\/td>\n<td>48<\/td>\n<td colspan=\"2\">50<\/td>\n<td>50<\/td>\n<\/tr>\n<tr>\n<td>\u00a0Temperatura m\u00e1xima de salida de agua<\/td>\n<td>\u00b0C<\/td>\n<td>75<\/td>\n<td>75<\/td>\n<td>75<\/td>\n<td colspan=\"2\">75<\/td>\n<td>75<\/td>\n<\/tr>\n<tr>\n<td width=\"323\">Temperatura ambiente de enfriamiento<\/td>\n<td width=\"67\"><\/td>\n<td colspan=\"6\" width=\"943\">-5 ~43<\/td>\n<\/tr>\n<tr>\n<td width=\"323\">Temperatura ambiente de calefacci\u00f3n<\/td>\n<td width=\"67\"><\/td>\n<td colspan=\"6\" width=\"943\">-25 ~ 35<\/td>\n<\/tr>\n<tr>\n<td width=\"323\">Temperatura ambiente del ACS<\/td>\n<td width=\"67\"><\/td>\n<td colspan=\"6\" width=\"943\">-25 ~43<\/td>\n<\/tr>\n<tr>\n<td width=\"323\">Temperatura del agua de salida de refrigeraci\u00f3n<\/td>\n<td>\u00b0C<\/td>\n<td colspan=\"6\" width=\"943\">5~30<\/td>\n<\/tr>\n<tr>\n<td width=\"323\">Temperatura del agua de salida de la calefacci\u00f3n<\/td>\n<td>\u00b0C<\/td>\n<td colspan=\"6\" width=\"943\">12~75<\/td>\n<\/tr>\n<tr>\n<td width=\"323\">Temperatura del agua de salida del tanque de ACS<\/td>\n<td>\u00b0C<\/td>\n<td colspan=\"6\" width=\"943\">10~70<\/td>\n<\/tr>\n<tr>\n<td>Conexi\u00f3n del lado del agua<\/td>\n<td>\/<\/td>\n<td colspan=\"6\">R5\/4\u2033<\/td>\n<\/tr>\n<tr>\n<td width=\"323\">Dimensiones de la unidad (An. \u00d7 Al. \u00d7 Pr.)<\/td>\n<td>mm<\/td>\n<td>1045*765*450<\/td>\n<td colspan=\"5\">1325\u00d7903\u00d7500<\/td>\n<\/tr>\n<tr>\n<td width=\"323\">Dimensiones del embalaje (An. \u00d7 Al. \u00d7 Pr.)<\/td>\n<td>mm<\/td>\n<td>1120*810*520<\/td>\n<td colspan=\"5\">1410\u00d71055\u00d7550<\/td>\n<\/tr>\n<tr>\n<td>Neto<\/td>\n<td>kilogramo<\/td>\n<td>90<\/td>\n<td colspan=\"2\">118<\/td>\n<td colspan=\"3\">130<\/td>\n<\/tr>\n<tr>\n<td width=\"323\">Peso bruto<\/td>\n<td width=\"67\">kilogramo<\/td>\n<td width=\"173\">95<\/td>\n<td colspan=\"2\" width=\"346\">154<\/td>\n<td colspan=\"3\" width=\"424\">166<\/td>\n<\/tr>\n<tr>\n<td colspan=\"8\" width=\"1333\">Notas:<br \/>\n1. Normas y legislaci\u00f3n de la UE pertinentes: EN14511; EN14825; EN50564; EN12102; (UE) n.\u00ba 811\/2013; (UE) n.\u00ba 813\/2013; DO 2014\/C 207\/02.<br \/>\n2. Pruebas de clase de eficiencia energ\u00e9tica de calefacci\u00f3n de espacios estacionales en condiciones clim\u00e1ticas promedio.<br \/>\n3. Condici\u00f3n de prueba de potencia ac\u00fastica: EN12102-1<\/td>\n<\/tr>\n<tr>\n<td colspan=\"8\">ACS: Agua caliente sanitaria.<\/td>\n<\/tr>\n<\/tbody>\n<\/table>","protected":false},"excerpt":{"rendered":"<p>Capacidad de producci\u00f3n: 150 piezas \/ hora<\/p>\n<p>Rango de llenado: 1-30 kg<\/p>\n<p>Continua y autom\u00e1ticamente<br \/>\nBueno para el medio ambiente<br \/>\nLlenado de alta precisi\u00f3n<br \/>\nLargo per\u00edodo de uso<br \/>\nPrecosi\u00f3n de llenado: 1KG\u22640,02<\/p>","protected":false},"featured_media":2718,"template":"","meta":{"_acf_changed":false,"_seopress_robots_primary_cat":"none","_seopress_titles_title":"ThermaluX Series - R290 DC Inverter Monobloc Air to Water Heat Pump","_seopress_titles_desc":"ThermaluX Series - R290 DC Inverter Monobloc Air to Water Heat Pump for household heating cooling and sanitary hot water","_seopress_robots_index":""},"product_cat":[42],"product_tag":[107,106,105,36],"acf":[],"_links":{"self":[{"href":"https:\/\/hetapro.com\/es\/wp-json\/wp\/v2\/product\/1046"}],"collection":[{"href":"https:\/\/hetapro.com\/es\/wp-json\/wp\/v2\/product"}],"about":[{"href":"https:\/\/hetapro.com\/es\/wp-json\/wp\/v2\/types\/product"}],"wp:featuredmedia":[{"embeddable":true,"href":"https:\/\/hetapro.com\/es\/wp-json\/wp\/v2\/media\/2718"}],"wp:attachment":[{"href":"https:\/\/hetapro.com\/es\/wp-json\/wp\/v2\/media?parent=1046"}],"wp:term":[{"taxonomy":"product_cat","embeddable":true,"href":"https:\/\/hetapro.com\/es\/wp-json\/wp\/v2\/product_cat?post=1046"},{"taxonomy":"product_tag","embeddable":true,"href":"https:\/\/hetapro.com\/es\/wp-json\/wp\/v2\/product_tag?post=1046"}],"curies":[{"name":"wp","href":"https:\/\/api.w.org\/{rel}","templated":true}]}}