{"id":4172,"date":"2025-03-12T12:50:25","date_gmt":"2025-03-12T12:50:25","guid":{"rendered":"https:\/\/hetapro.com\/?post_type=product&#038;p=4172"},"modified":"2025-03-13T09:40:05","modified_gmt":"2025-03-13T09:40:05","slug":"aquariux-r290-all-in-one-heat-pump-water-heater","status":"publish","type":"product","link":"https:\/\/hetapro.com\/es\/products\/aquariux-r290-all-in-one-heat-pump-water-heater\/","title":{"rendered":"Calentador de agua con bomba de calor todo en uno AquariuX R290"},"content":{"rendered":"<h1 data-start=\"145\" data-end=\"241\">Calentador de agua con bomba de calor para ACS todo en uno AquariuX Serie 200\/250\/300L R290: inteligente, eficiente y ecol\u00f3gico.<\/h1>\n<h2 data-start=\"243\" data-end=\"264\"><strong data-start=\"246\" data-end=\"262\">Introducci\u00f3n<\/strong><\/h2>\n<p data-start=\"265\" data-end=\"762\">El <strong data-start=\"269\" data-end=\"288\">Serie AquariuX<\/strong> por <strong data-start=\"292\" data-end=\"303\">Hetapro<\/strong> Representa una soluci\u00f3n de vanguardia para las necesidades de agua caliente residencial y comercial. Dise\u00f1ado para entornos de alta demanda, el calentador de agua con bomba de calor AquariuX combina la avanzada tecnolog\u00eda de refrigerante R290, control WiFi integrado y calefacci\u00f3n solar opcional para lograr la m\u00e1xima eficiencia y sostenibilidad. Disponible en <strong data-start=\"617\" data-end=\"641\">200L, 250L y 300L<\/strong> Los modelos AquariuX garantizan un suministro constante de agua caliente, reduciendo al mismo tiempo el consumo de energ\u00eda y los costos operativos.<\/p>\n<hr data-start=\"764\" data-end=\"767\" \/>\n<h2 data-start=\"769\" data-end=\"803\"><strong data-start=\"772\" data-end=\"801\">Caracter\u00edsticas y beneficios clave<\/strong><\/h2>\n<h3 data-start=\"805\" data-end=\"843\">\u2705 <strong data-start=\"811\" data-end=\"841\">Eficiencia energ\u00e9tica superior<\/strong><\/h3>\n<ul data-start=\"844\" data-end=\"1113\">\n<li data-start=\"844\" data-end=\"957\"><strong data-start=\"846\" data-end=\"862\">ErP Clase A+<\/strong> \u2013 Eficiencia energ\u00e9tica excepcional, reduciendo el consumo de energ\u00eda y ahorrando costes operativos.<\/li>\n<li data-start=\"958\" data-end=\"1113\"><strong data-start=\"960\" data-end=\"980\">Refrigerante R290<\/strong> \u2013 Refrigerante ecol\u00f3gico con un bajo potencial de calentamiento global (GWP), que garantiza un alto rendimiento con un impacto ambiental m\u00ednimo.<\/li>\n<\/ul>\n<h3 data-start=\"1115\" data-end=\"1157\">\ud83d\ude80 <strong data-start=\"1122\" data-end=\"1155\">Alta capacidad y versatilidad<\/strong><\/h3>\n<ul data-start=\"1158\" data-end=\"1385\">\n<li data-start=\"1158\" data-end=\"1281\">Disponible en <strong data-start=\"1173\" data-end=\"1197\">200L, 250L y 300L<\/strong> Tama\u00f1os, ideal para hogares grandes, villas, apartamentos y propiedades comerciales.<\/li>\n<li data-start=\"1282\" data-end=\"1385\">M\u00e1xima potencia de <strong data-start=\"1302\" data-end=\"1309\">75\u2103<\/strong> para Agua Caliente Sanitaria (ACS), satisfaciendo las necesidades de agua caliente m\u00e1s exigentes.<\/li>\n<\/ul>\n<h3 data-start=\"1387\" data-end=\"1437\">\ud83c\udf1e <strong data-start=\"1394\" data-end=\"1435\">Integraci\u00f3n solar para un mayor ahorro<\/strong><\/h3>\n<ul data-start=\"1438\" data-end=\"1665\">\n<li data-start=\"1438\" data-end=\"1570\">El modelo AquariuX Plus permite la integraci\u00f3n con colectores solares t\u00e9rmicos, aprovechando la energ\u00eda solar gratuita para minimizar el consumo energ\u00e9tico.<\/li>\n<li data-start=\"1571\" data-end=\"1665\">Reduce el impacto ambiental y los costos operativos al confiar en fuentes de energ\u00eda renovables.<\/li>\n<\/ul>\n<h3 data-start=\"1667\" data-end=\"1703\">\ud83d\udd25 <strong data-start=\"1674\" data-end=\"1701\">Calefacci\u00f3n el\u00e9ctrica de respaldo<\/strong><\/h3>\n<ul data-start=\"1704\" data-end=\"1930\">\n<li data-start=\"1704\" data-end=\"1824\">Equipado con un <strong data-start=\"1722\" data-end=\"1751\">Resistencia el\u00e9ctrica de 2,5 kW<\/strong> para proporcionar calefacci\u00f3n r\u00e1pida durante picos de demanda o climas extremadamente fr\u00edos.<\/li>\n<li data-start=\"1825\" data-end=\"1930\">Se activa solo cuando es necesario para mantener la eficiencia energ\u00e9tica y garantizar un suministro constante de agua caliente.<\/li>\n<\/ul>\n<h3 data-start=\"1932\" data-end=\"1979\">\ud83d\udcf1 <strong data-start=\"1939\" data-end=\"1977\">Control inteligente con WiFi integrado<\/strong><\/h3>\n<ul data-start=\"1980\" data-end=\"2250\">\n<li data-start=\"1980\" data-end=\"2056\">Controle y monitoree su sistema de agua caliente de forma remota a trav\u00e9s de una aplicaci\u00f3n para tel\u00e9fonos inteligentes.<\/li>\n<li data-start=\"2057\" data-end=\"2146\">Ajustes en tiempo real, programaci\u00f3n y seguimiento del uso de energ\u00eda para m\u00e1xima comodidad.<\/li>\n<li data-start=\"2147\" data-end=\"2250\">Las actualizaciones autom\u00e1ticas de software garantizan que el sistema siempre funcione con las \u00faltimas funciones y mejoras.<\/li>\n<\/ul>\n<h3 data-start=\"2252\" data-end=\"2293\">\ud83c\udf0d <strong data-start=\"2259\" data-end=\"2291\">Ecol\u00f3gico y sostenible<\/strong><\/h3>\n<ul data-start=\"2294\" data-end=\"2479\">\n<li data-start=\"2294\" data-end=\"2394\">Usos <strong data-start=\"2301\" data-end=\"2321\">refrigerante R290<\/strong> con un GWP de s\u00f3lo <strong data-start=\"2341\" data-end=\"2346\">3<\/strong>, reduciendo significativamente el impacto ambiental.<\/li>\n<li data-start=\"2395\" data-end=\"2479\">Funcionamiento con bajo nivel de ruido en <strong data-start=\"2420\" data-end=\"2431\">40 dB(A)<\/strong> Para un ambiente hogare\u00f1o tranquilo y confortable.<\/li>\n<\/ul>\n<hr data-start=\"2481\" data-end=\"2484\" \/>\n<h2 data-start=\"2486\" data-end=\"2519\"><strong data-start=\"2489\" data-end=\"2517\">Especificaciones t\u00e9cnicas<\/strong><\/h2>\n<table data-start=\"2521\" data-end=\"2935\">\n<thead data-start=\"2521\" data-end=\"2548\">\n<tr data-start=\"2521\" data-end=\"2548\">\n<th data-start=\"2521\" data-end=\"2531\">Caracter\u00edstica<\/th>\n<th data-start=\"2531\" data-end=\"2548\">Descripci\u00f3n<\/th>\n<\/tr>\n<\/thead>\n<tbody data-start=\"2577\" data-end=\"2935\">\n<tr data-start=\"2577\" data-end=\"2621\">\n<td><strong data-start=\"2579\" data-end=\"2596\">Opciones de modelo<\/strong><\/td>\n<td>200L \/ 250L \/ 300L<\/td>\n<\/tr>\n<tr data-start=\"2622\" data-end=\"2660\">\n<td><strong data-start=\"2624\" data-end=\"2639\">Refrigerante<\/strong><\/td>\n<td>R290 (Propano)<\/td>\n<\/tr>\n<tr data-start=\"2661\" data-end=\"2702\">\n<td><strong data-start=\"2663\" data-end=\"2681\">Salida de calefacci\u00f3n<\/strong><\/td>\n<td>Hasta 75\u00b0C de ACS<\/td>\n<\/tr>\n<tr data-start=\"2703\" data-end=\"2736\">\n<td><strong data-start=\"2705\" data-end=\"2721\">Clase energ\u00e9tica<\/strong><\/td>\n<td>A+ (ErP)<\/td>\n<\/tr>\n<tr data-start=\"2737\" data-end=\"2768\">\n<td><strong data-start=\"2739\" data-end=\"2754\">Nivel de ruido<\/strong><\/td>\n<td>40 dB(A)<\/td>\n<\/tr>\n<tr data-start=\"2769\" data-end=\"2821\">\n<td><strong data-start=\"2771\" data-end=\"2789\">Calefacci\u00f3n de respaldo<\/strong><\/td>\n<td>Resistencia el\u00e9ctrica de 2,5 kW<\/td>\n<\/tr>\n<tr data-start=\"2822\" data-end=\"2876\">\n<td><strong data-start=\"2824\" data-end=\"2841\">Control inteligente<\/strong><\/td>\n<td>WiFi integrado + aplicaci\u00f3n m\u00f3vil<\/td>\n<\/tr>\n<tr data-start=\"2877\" data-end=\"2935\">\n<td><strong data-start=\"2879\" data-end=\"2900\">Integraci\u00f3n solar<\/strong><\/td>\n<td>Disponible con AquariuX Plus<\/td>\n<\/tr>\n<\/tbody>\n<\/table>\n<hr data-start=\"2937\" data-end=\"2940\" \/>\n<h2 data-start=\"2942\" data-end=\"2994\"><strong data-start=\"2945\" data-end=\"2992\">\u00bfPor qu\u00e9 elegir el calentador de agua con bomba de calor AquariuX?<\/strong><\/h2>\n<ol data-start=\"2995\" data-end=\"3494\">\n<li data-start=\"2995\" data-end=\"3109\"><strong data-start=\"2998\" data-end=\"3016\">Ahorro de energ\u00eda<\/strong> \u2013 Hasta <strong data-start=\"3025\" data-end=\"3047\">Reducci\u00f3n de costes del 65%<\/strong> a trav\u00e9s de incentivos gubernamentales y un menor consumo de energ\u00eda.<\/li>\n<li data-start=\"3110\" data-end=\"3218\"><strong data-start=\"3113\" data-end=\"3134\">Rendimiento inteligente<\/strong> \u2013 La monitorizaci\u00f3n y el control en tiempo real garantizan un funcionamiento \u00f3ptimo en todas las condiciones.<\/li>\n<li data-start=\"3219\" data-end=\"3317\"><strong data-start=\"3222\" data-end=\"3247\">Soluci\u00f3n ecol\u00f3gica<\/strong> \u2013 El refrigerante R290 y la compatibilidad solar reducen la huella de carbono.<\/li>\n<li data-start=\"3318\" data-end=\"3396\"><strong data-start=\"3321\" data-end=\"3340\">Operaci\u00f3n silenciosa<\/strong> \u2013 Bajo nivel de ruido de <strong data-start=\"3362\" data-end=\"3373\">40 dB(A)<\/strong> Para m\u00e1xima comodidad.<\/li>\n<li data-start=\"3397\" data-end=\"3494\"><strong data-start=\"3400\" data-end=\"3419\">Copia de seguridad confiable<\/strong> \u2013 La resistencia de 2,5KW garantiza agua caliente constante incluso durante los picos de demanda.<\/li>\n<\/ol>\n<hr data-start=\"3496\" data-end=\"3499\" \/>\n<h2 data-start=\"3501\" data-end=\"3534\"><strong data-start=\"3504\" data-end=\"3532\">Configuraciones disponibles<\/strong><\/h2>\n<h3 data-start=\"3535\" data-end=\"3565\">\ud83d\udd39 <strong data-start=\"3542\" data-end=\"3563\">Est\u00e1ndar AquariuX<\/strong><\/h3>\n<ul data-start=\"3566\" data-end=\"3688\">\n<li data-start=\"3566\" data-end=\"3607\">Calentador de agua con bomba de calor totalmente el\u00e9ctrico<\/li>\n<li data-start=\"3608\" data-end=\"3651\">Alta eficiencia energ\u00e9tica y calentamiento r\u00e1pido.<\/li>\n<li data-start=\"3652\" data-end=\"3688\">Control inteligente y calefacci\u00f3n de respaldo<\/li>\n<\/ul>\n<h3 data-start=\"3690\" data-end=\"3741\">\ud83d\udd39 <strong data-start=\"3697\" data-end=\"3739\">AquariuX Plus (con integraci\u00f3n solar)<\/strong><\/h3>\n<ul data-start=\"3742\" data-end=\"3916\">\n<li data-start=\"3742\" data-end=\"3795\">Conexi\u00f3n adicional a colectores solares t\u00e9rmicos<\/li>\n<li data-start=\"3796\" data-end=\"3850\">Menores costos operativos y menor huella de carbono<\/li>\n<li data-start=\"3851\" data-end=\"3916\">Ideal para hogares y empresas conscientes del medio ambiente.<\/li>\n<\/ul>\n<hr data-start=\"3918\" data-end=\"3921\" \/>\n<h2 data-start=\"3923\" data-end=\"3959\"><strong data-start=\"3926\" data-end=\"3957\">Incentivos y ahorro de costes<\/strong><\/h2>\n<ul data-start=\"3960\" data-end=\"4224\">\n<li data-start=\"3960\" data-end=\"4051\">Los incentivos gubernamentales y las deducciones fiscales cubren hasta <strong data-start=\"4015\" data-end=\"4022\">65%<\/strong> de la inversi\u00f3n inicial.<\/li>\n<li data-start=\"4052\" data-end=\"4143\">Subvenciones locales y regionales adicionales disponibles para soluciones energ\u00e9ticas de alta eficiencia.<\/li>\n<li data-start=\"4144\" data-end=\"4224\">Los costos operativos m\u00e1s bajos resultan en beneficios financieros a largo plazo y un retorno de la inversi\u00f3n m\u00e1s r\u00e1pido.<\/li>\n<\/ul>\n<hr data-start=\"4226\" data-end=\"4229\" \/>\n<h2 data-start=\"4231\" data-end=\"4264\"><strong data-start=\"4234\" data-end=\"4262\">Flexibilidad de instalaci\u00f3n<\/strong><\/h2>\n<ul data-start=\"4265\" data-end=\"4508\">\n<li data-start=\"4265\" data-end=\"4452\">Adecuado para aplicaciones residenciales y comerciales:\n<ul data-start=\"4331\" data-end=\"4452\">\n<li data-start=\"4331\" data-end=\"4348\">Villas de lujo<\/li>\n<li data-start=\"4352\" data-end=\"4372\">Amplios apartamentos<\/li>\n<li data-start=\"4376\" data-end=\"4424\">Instalaciones deportivas (por ejemplo, gimnasios, clubes deportivos)<\/li>\n<li data-start=\"4428\" data-end=\"4452\">Edificios industriales<\/li>\n<\/ul>\n<\/li>\n<li data-start=\"4453\" data-end=\"4508\">Dise\u00f1o compacto que ahorra espacio para una f\u00e1cil instalaci\u00f3n.<\/li>\n<\/ul>","protected":false},"excerpt":{"rendered":"<p>Descubra el calentador de agua con bomba de calor para agua caliente sanitaria (ACS) todo en uno AquariuX R290, disponible en 200 L, 250 L y 300 L. Con control inteligente, integraci\u00f3n solar y alta eficiencia. \u00a1Ahorre energ\u00eda y reduzca costos hoy mismo!<\/p>","protected":false},"featured_media":4190,"template":"","meta":{"_acf_changed":false,"_seopress_robots_primary_cat":"none","_seopress_titles_title":"AquariuX R290 All in One Heat Pump Water Heater","_seopress_titles_desc":"Discover the AquariuX R290 All in One Hot Water Heat Pump Water Heater \u2013 available in 200L, 250L, and 300L. Featuring smart control, solar integration, and high efficiency. Save energy and reduce costs today!","_seopress_robots_index":""},"product_cat":[154,102],"product_tag":[93],"acf":[],"_links":{"self":[{"href":"https:\/\/hetapro.com\/es\/wp-json\/wp\/v2\/product\/4172"}],"collection":[{"href":"https:\/\/hetapro.com\/es\/wp-json\/wp\/v2\/product"}],"about":[{"href":"https:\/\/hetapro.com\/es\/wp-json\/wp\/v2\/types\/product"}],"wp:featuredmedia":[{"embeddable":true,"href":"https:\/\/hetapro.com\/es\/wp-json\/wp\/v2\/media\/4190"}],"wp:attachment":[{"href":"https:\/\/hetapro.com\/es\/wp-json\/wp\/v2\/media?parent=4172"}],"wp:term":[{"taxonomy":"product_cat","embeddable":true,"href":"https:\/\/hetapro.com\/es\/wp-json\/wp\/v2\/product_cat?post=4172"},{"taxonomy":"product_tag","embeddable":true,"href":"https:\/\/hetapro.com\/es\/wp-json\/wp\/v2\/product_tag?post=4172"}],"curies":[{"name":"wp","href":"https:\/\/api.w.org\/{rel}","templated":true}]}}