{"id":4290,"date":"2025-05-26T01:12:56","date_gmt":"2025-05-26T01:12:56","guid":{"rendered":"https:\/\/hetapro.com\/?post_type=product&#038;p=4290"},"modified":"2025-06-17T08:44:19","modified_gmt":"2025-06-17T08:44:19","slug":"pac-parking-air-conditioner","status":"publish","type":"product","link":"https:\/\/hetapro.com\/es\/products\/pac-parking-air-conditioner\/","title":{"rendered":"PAC (Aire acondicionado de estacionamiento)"},"content":{"rendered":"<h1 data-start=\"145\" data-end=\"241\">Aires acondicionados de estacionamiento para techo de veh\u00edculos monomotores con inversor de 24 V CC (PAC)<\/h1>\n<h2 data-start=\"243\" data-end=\"264\"><strong data-start=\"246\" data-end=\"262\">Introducci\u00f3n<\/strong><\/h2>\n<p data-start=\"265\" data-end=\"762\">El <strong data-start=\"411\" data-end=\"470\">Aire acondicionado monof\u00e1sico para estacionamiento en techo de veh\u00edculos Hetapro de 24 V CC con inversor<\/strong> Est\u00e1 dise\u00f1ado para ofrecer refrigeraci\u00f3n fiable y de bajo consumo para veh\u00edculos comerciales, autobuses y flotas de transporte. Su dise\u00f1o compacto e integral se instala f\u00e1cilmente en el techo de cualquier veh\u00edculo, proporcionando control clim\u00e1tico instant\u00e1neo sin modificar el interior de la cabina.<\/p>\n<hr data-start=\"764\" data-end=\"767\" \/>\n<h3 data-start=\"726\" data-end=\"762\"><strong data-start=\"730\" data-end=\"760\">Caracter\u00edsticas y beneficios clave<\/strong><\/h3>\n<ul data-start=\"763\" data-end=\"1797\">\n<li data-start=\"763\" data-end=\"880\">\n<p data-start=\"765\" data-end=\"880\"><strong data-start=\"765\" data-end=\"791\">Compresor inversor de CC GMCC<\/strong>:Garantiza una modulaci\u00f3n suave de la capacidad, minimizando el consumo de energ\u00eda y prolongando la vida \u00fatil de la bater\u00eda.<\/p>\n<\/li>\n<li data-start=\"881\" data-end=\"970\">\n<p data-start=\"883\" data-end=\"970\"><strong data-start=\"883\" data-end=\"903\">Fuente de alimentaci\u00f3n de 24 V<\/strong>:Ideal para sistemas el\u00e9ctricos de camiones y autobuses; no necesita inversor.<\/p>\n<\/li>\n<li data-start=\"971\" data-end=\"1068\">\n<p data-start=\"973\" data-end=\"1068\"><strong data-start=\"973\" data-end=\"1000\">Operaci\u00f3n silenciosa<\/strong>:Niveles de ruido tan bajos como <strong data-start=\"1025\" data-end=\"1037\">53 dB(A)<\/strong> Para que los pasajeros viajen en paz.<\/p>\n<\/li>\n<li data-start=\"1069\" data-end=\"1164\">\n<p data-start=\"1071\" data-end=\"1164\"><strong data-start=\"1071\" data-end=\"1096\">Alta capacidad de enfriamiento<\/strong>:Hasta 2<strong data-start=\"1104\" data-end=\"1112\">\u00a0kilovatios<\/strong> de potencia de enfriamiento para una r\u00e1pida reducci\u00f3n de temperatura.<\/p>\n<\/li>\n<li data-start=\"1165\" data-end=\"1298\">\n<p data-start=\"1167\" data-end=\"1298\"><strong data-start=\"1167\" data-end=\"1196\">Dise\u00f1o compacto para montaje en techo<\/strong>:Perfil bajo (973 \u00d7 802 \u00d7 195) y liviano (35 kg) para una f\u00e1cil instalaci\u00f3n y un arrastre m\u00ednimo.<\/p>\n<\/li>\n<li data-start=\"1299\" data-end=\"1391\">\n<p data-start=\"1301\" data-end=\"1391\"><strong data-start=\"1301\" data-end=\"1330\">Distribuci\u00f3n avanzada de aire<\/strong>:Las ventilaciones multidireccionales garantizan una temperatura uniforme en la cabina.<\/p>\n<\/li>\n<li data-start=\"1500\" data-end=\"1598\">\n<p data-start=\"1502\" data-end=\"1598\"><strong data-start=\"1502\" data-end=\"1519\">Ahorro de energ\u00eda<\/strong>:Hasta <strong data-start=\"1527\" data-end=\"1534\">30%<\/strong> menor consumo de energ\u00eda en comparaci\u00f3n con las unidades de techo tradicionales.<\/p>\n<\/li>\n<li data-start=\"1599\" data-end=\"1700\">\n<p data-start=\"1601\" data-end=\"1700\"><strong data-start=\"1601\" data-end=\"1622\">Durabilidad robusta<\/strong>:Protecci\u00f3n contra agua y polvo IPX4; funciona desde <strong data-start=\"1670\" data-end=\"1689\">\u201310 \u00b0C a 55 \u00b0C<\/strong> ambiente.<\/p>\n<\/li>\n<li data-start=\"1701\" data-end=\"1797\">\n<p data-start=\"1703\" data-end=\"1797\"><strong data-start=\"1703\" data-end=\"1723\">F\u00e1cil mantenimiento<\/strong>:Filtros extra\u00edbles y paneles de servicio para una limpieza e inspecciones r\u00e1pidas.<\/p>\n<\/li>\n<\/ul>","protected":false},"excerpt":{"rendered":"<p>El <strong data-start=\"411\" data-end=\"470\">Aire acondicionado monof\u00e1sico para estacionamiento en techo de veh\u00edculos Hetapro de 24 V CC con inversor<\/strong> Est\u00e1 dise\u00f1ado para ofrecer refrigeraci\u00f3n fiable y de bajo consumo para veh\u00edculos comerciales, autobuses y flotas de transporte. Su dise\u00f1o compacto e integral se instala f\u00e1cilmente en el techo de cualquier veh\u00edculo, proporcionando control clim\u00e1tico instant\u00e1neo sin modificar el interior de la cabina.<\/p>","protected":false},"featured_media":4291,"template":"","meta":{"_acf_changed":false,"_seopress_robots_primary_cat":"none","_seopress_titles_title":"Parking Air Conditioner (24V DC Inverter Rooftop Mono Unit)","_seopress_titles_desc":"Discover Hetapro\u2019s 24V DC Inverter Rooftop Parking Air Conditioner\u2014efficient cooling for buses, trucks & shuttles. Whisper-quiet, low power draw, 24\/7 comfort.","_seopress_robots_index":""},"product_cat":[164],"product_tag":[163],"acf":[],"_links":{"self":[{"href":"https:\/\/hetapro.com\/es\/wp-json\/wp\/v2\/product\/4290"}],"collection":[{"href":"https:\/\/hetapro.com\/es\/wp-json\/wp\/v2\/product"}],"about":[{"href":"https:\/\/hetapro.com\/es\/wp-json\/wp\/v2\/types\/product"}],"wp:featuredmedia":[{"embeddable":true,"href":"https:\/\/hetapro.com\/es\/wp-json\/wp\/v2\/media\/4291"}],"wp:attachment":[{"href":"https:\/\/hetapro.com\/es\/wp-json\/wp\/v2\/media?parent=4290"}],"wp:term":[{"taxonomy":"product_cat","embeddable":true,"href":"https:\/\/hetapro.com\/es\/wp-json\/wp\/v2\/product_cat?post=4290"},{"taxonomy":"product_tag","embeddable":true,"href":"https:\/\/hetapro.com\/es\/wp-json\/wp\/v2\/product_tag?post=4290"}],"curies":[{"name":"wp","href":"https:\/\/api.w.org\/{rel}","templated":true}]}}