{"id":4860,"date":"2025-09-25T02:51:52","date_gmt":"2025-09-25T02:51:52","guid":{"rendered":"https:\/\/hetapro.com\/?post_type=product&#038;p=4860"},"modified":"2025-09-26T00:46:45","modified_gmt":"2025-09-26T00:46:45","slug":"lyra-series-floor-standing-inverter-split-air-conditioner","status":"publish","type":"product","link":"https:\/\/hetapro.com\/es\/products\/lyra-series-floor-standing-inverter-split-air-conditioner\/","title":{"rendered":"Serie LYRA \u2013 Aire acondicionado split inverter de suelo"},"content":{"rendered":"<h1 data-start=\"145\" data-end=\"241\">Serie LYRA \u2013 Aire acondicionado split inverter de suelo | Inteligente, eficiente y ecol\u00f3gico<\/h1>\n<h2 data-start=\"243\" data-end=\"264\"><strong data-start=\"246\" data-end=\"262\">Introducci\u00f3n<\/strong><\/h2>\n<p data-start=\"265\" data-end=\"762\">Dise\u00f1ado por HETAPRO, <strong>\u00a0Serie LYRA<\/strong>\u00a0Combina control inteligente, tecnolog\u00eda de inversor avanzada y m\u00faltiples m\u00e9todos de purificaci\u00f3n de aire para brindar refrigeraci\u00f3n y calefacci\u00f3n c\u00f3modas y energ\u00e9ticamente eficientes para hogares y espacios comerciales livianos.<\/p>\n<p>&nbsp;<\/p>\n<hr data-start=\"764\" data-end=\"767\" \/>\n<h2 data-start=\"769\" data-end=\"803\"><strong data-start=\"772\" data-end=\"801\">Caracter\u00edsticas y beneficios clave<\/strong><\/h2>\n<p>\u25ba Suministro de aire de larga distancia de 15 m<\/p>\n<p>\u25ba Autolimpiable<\/p>\n<p>\u25ba Compresor de alto rendimiento<\/p>\n<p>\u25ba Control Wifi (Opcional)<\/p>\n<p>&nbsp;<\/p>\n<hr data-start=\"2481\" data-end=\"2484\" \/>\n<h2 data-start=\"2486\" data-end=\"2519\"><strong data-start=\"2489\" data-end=\"2517\">Especificaciones t\u00e9cnicas<\/strong><\/h2>\n<p>&nbsp;<\/p>\n<hr data-start=\"2481\" data-end=\"2484\" \/>\n<h2 data-start=\"2486\" data-end=\"2519\"><strong data-start=\"2489\" data-end=\"2517\">Aplicaciones<\/strong><\/h2>\n<p>Ideal para apartamentos, estudios, oficinas, dormitorios, espacios comerciales y proyectos de renovaci\u00f3n donde los conductos no son factibles.<\/p>\n<p>&nbsp;<\/p>\n<hr data-start=\"2937\" data-end=\"2940\" \/>\n<h2 data-start=\"2942\" data-end=\"2994\"><strong data-start=\"2945\" data-end=\"2992\">\u00bfPor qu\u00e9 elegir LYRA Split AC?<\/strong><\/h2>\n<ul class=\"list-disc pl-5 mt-3 muted\">\n<li><strong>Control inteligente de IA:<\/strong> Aprende patrones de uso, optimiza el flujo de aire y reduce el uso de energ\u00eda.<\/li>\n<li><strong>Control del inversor de n\u00facleo:<\/strong> Compresor de velocidad variable para un control preciso de la temperatura, un rango operativo m\u00e1s amplio y un menor consumo de energ\u00eda.<\/li>\n<li><strong>Limpieza avanzada:<\/strong> I\u2011CLEAN y la esterilizaci\u00f3n UVC opcional proporcionan esterilizaci\u00f3n de superficies y reducen los microbios en el flujo de aire.<\/li>\n<li><strong>Purificaci\u00f3n de aire:<\/strong> Los filtros multietapa y los m\u00f3dulos de purificaci\u00f3n reducen las part\u00edculas y los olores.<\/li>\n<li><strong>Instalaci\u00f3n flexible:<\/strong> Unidades exteriores de zona \u00fanica y multizona, unidades interiores montadas en la pared y una gama de capacidades para adaptarse a proyectos de modernizaci\u00f3n y de nueva construcci\u00f3n.<\/li>\n<\/ul>","protected":false},"excerpt":{"rendered":"<p>Descubrir <strong>Serie dividida LYRA<\/strong> \u2014 Serie de minisplits de aire acondicionado sin ductos de alta eficiencia energ\u00e9tica de HETAPRO con control inverter y purificaci\u00f3n de aire multietapa. Contacte con el departamento de ventas para obtener fichas t\u00e9cnicas y presupuestos.<\/p>","protected":false},"featured_media":4861,"template":"","meta":{"_acf_changed":false,"_seopress_robots_primary_cat":"none","_seopress_titles_title":"LYRA Floor Standing Split Air Conditioner | Energy-Efficient Ductless Split AC","_seopress_titles_desc":"Discover LYRA Split Series \u2014 HETAPRO\u2019s energy-efficient ductless floor standing split AC series with inverter control, multi-stage air purification. Contact sales for datasheets & quotes.","_seopress_robots_index":""},"product_cat":[164,178],"product_tag":[177],"acf":[],"_links":{"self":[{"href":"https:\/\/hetapro.com\/es\/wp-json\/wp\/v2\/product\/4860"}],"collection":[{"href":"https:\/\/hetapro.com\/es\/wp-json\/wp\/v2\/product"}],"about":[{"href":"https:\/\/hetapro.com\/es\/wp-json\/wp\/v2\/types\/product"}],"wp:featuredmedia":[{"embeddable":true,"href":"https:\/\/hetapro.com\/es\/wp-json\/wp\/v2\/media\/4861"}],"wp:attachment":[{"href":"https:\/\/hetapro.com\/es\/wp-json\/wp\/v2\/media?parent=4860"}],"wp:term":[{"taxonomy":"product_cat","embeddable":true,"href":"https:\/\/hetapro.com\/es\/wp-json\/wp\/v2\/product_cat?post=4860"},{"taxonomy":"product_tag","embeddable":true,"href":"https:\/\/hetapro.com\/es\/wp-json\/wp\/v2\/product_tag?post=4860"}],"curies":[{"name":"wp","href":"https:\/\/api.w.org\/{rel}","templated":true}]}}