{"id":4891,"date":"2025-09-27T02:59:54","date_gmt":"2025-09-27T02:59:54","guid":{"rendered":"https:\/\/hetapro.com\/?post_type=product&#038;p=4891"},"modified":"2025-09-27T09:11:09","modified_gmt":"2025-09-27T09:11:09","slug":"cassette-series-inverter-ceiling-cassette-type-air-conditioner","status":"publish","type":"product","link":"https:\/\/hetapro.com\/es\/products\/cassette-series-inverter-ceiling-cassette-type-air-conditioner\/","title":{"rendered":"Serie Cassette \u2013 Aire acondicionado de techo tipo cassette con inversor"},"content":{"rendered":"<h1 data-start=\"145\" data-end=\"241\">Aire acondicionado de casete: refrigeraci\u00f3n potente para espacios comerciales modernos<\/h1>\n<h2 data-start=\"243\" data-end=\"264\"><strong data-start=\"246\" data-end=\"262\">Introducci\u00f3n<\/strong><\/h2>\n<p data-start=\"265\" data-end=\"762\">Cuando se trata de crear ambientes interiores c\u00f3modos para oficinas, hoteles, restaurantes o tiendas minoristas, <strong>aires acondicionados de casete<\/strong> Destacan como una de las soluciones m\u00e1s efectivas y elegantes. Con su dise\u00f1o de techo, potente capacidad de refrigeraci\u00f3n y eficiencia energ\u00e9tica, ofrecen un equilibrio perfecto entre rendimiento y est\u00e9tica. La serie Cassette de Hetapro ofrece caracter\u00edsticas avanzadas, un dise\u00f1o elegante y tecnolog\u00eda confiable que satisface las demandas de los proyectos comerciales y residenciales actuales.<\/p>\n<p>&nbsp;<\/p>\n<hr data-start=\"764\" data-end=\"767\" \/>\n<h2 data-start=\"1500\" data-end=\"1528\">Caracter\u00edsticas y beneficios clave<\/h2>\n<h3 data-start=\"1530\" data-end=\"1565\">Flujo de aire de 360\u00b0 para un enfriamiento uniforme<\/h3>\n<p data-start=\"1566\" data-end=\"1834\">Los aires acondicionados de casete de Hetapro est\u00e1n equipados con <strong data-start=\"1607\" data-end=\"1636\">distribuci\u00f3n de aire de cuatro v\u00edas<\/strong>, garantizando una refrigeraci\u00f3n uniforme en cada rinc\u00f3n de la habitaci\u00f3n. A diferencia de los sistemas de pared que impulsan el aire en una sola direcci\u00f3n, las unidades de cassette mantienen temperaturas equilibradas, mejorando el confort y el consumo energ\u00e9tico.<\/p>\n<h3 data-start=\"1836\" data-end=\"1875\">Tecnolog\u00eda de inversor de ahorro de energ\u00eda<\/h3>\n<p data-start=\"1876\" data-end=\"2122\">Usando <strong data-start=\"1882\" data-end=\"1922\">compresores inverter de alta eficiencia<\/strong>Los aires acondicionados de cassette Hetapro ofrecen una refrigeraci\u00f3n uniforme a la vez que minimizan el consumo energ\u00e9tico. Esto reduce los costes operativos de las empresas y cumple con las normativas energ\u00e9ticas m\u00e1s estrictas de Europa y el resto del mundo.<\/p>\n<h3 data-start=\"2124\" data-end=\"2157\">Dise\u00f1o ultradelgado y compacto<\/h3>\n<p data-start=\"2158\" data-end=\"2349\">El <strong data-start=\"2162\" data-end=\"2182\">dise\u00f1o de cuerpo delgado<\/strong> Facilita la instalaci\u00f3n, incluso en lugares con espacio limitado en el techo. Perfecto para oficinas, tiendas y hoteles donde la est\u00e9tica es tan importante como el rendimiento.<\/p>\n<h3 data-start=\"2351\" data-end=\"2380\">Operaci\u00f3n silenciosa<\/h3>\n<p data-start=\"2381\" data-end=\"2534\">El ruido puede perturbar la comodidad en espacios de trabajo y restaurantes. Las unidades Hetapro est\u00e1n dise\u00f1adas para... <strong data-start=\"2471\" data-end=\"2494\">funcionamiento silencioso<\/strong>, garantizando un ambiente no perturbado.<\/p>\n<h3 data-start=\"2536\" data-end=\"2563\">Opciones de control inteligente<\/h3>\n<p data-start=\"2564\" data-end=\"2735\">Hetapro es compatible con ambos <strong data-start=\"2586\" data-end=\"2620\">controladores con cable e inal\u00e1mbricos<\/strong>, as\u00ed como <strong data-start=\"2633\" data-end=\"2652\">Integraci\u00f3n de BMS<\/strong>, brindando a los administradores de instalaciones un control flexible e inteligente sobre los sistemas de enfriamiento.<\/p>\n<hr data-start=\"2481\" data-end=\"2484\" \/>\n<h2 data-start=\"2486\" data-end=\"2519\"><strong data-start=\"2489\" data-end=\"2517\">Especificaciones t\u00e9cnicas<\/strong><\/h2>\n<p>&nbsp;<\/p>\n<hr data-start=\"2481\" data-end=\"2484\" \/>\n<h2 data-start=\"2486\" data-end=\"2519\"><strong data-start=\"2489\" data-end=\"2517\">Aplicaciones<\/strong><\/h2>\n<p>Ideal para apartamentos, estudios, oficinas, dormitorios, espacios comerciales y proyectos de renovaci\u00f3n donde los conductos no son factibles.<\/p>\n<p>&nbsp;<\/p>\n<hr data-start=\"2937\" data-end=\"2940\" \/>\n<h2 data-start=\"754\" data-end=\"804\">\u00bfPor qu\u00e9 elegir los acondicionadores de aire tipo cassette Hetapro?<\/h2>\n<p data-start=\"806\" data-end=\"1057\">Elegir el sistema de refrigeraci\u00f3n adecuado es una inversi\u00f3n a largo plazo. Los aires acondicionados de cassette de Hetapro est\u00e1n dise\u00f1ados para combinar... <strong data-start=\"914\" data-end=\"965\">eficiencia, durabilidad y control inteligente<\/strong>En comparaci\u00f3n con competidores como Hisense, Daikin, Toshiba y LG, las unidades Hetapro ofrecen:<\/p>\n<ul data-start=\"1059\" data-end=\"1380\">\n<li data-start=\"1059\" data-end=\"1118\">\n<p data-start=\"1061\" data-end=\"1118\"><strong data-start=\"1061\" data-end=\"1089\">Control superior del flujo de aire<\/strong> con cobertura de enfriamiento de 360\u00b0<\/p>\n<\/li>\n<li data-start=\"1119\" data-end=\"1184\">\n<p data-start=\"1121\" data-end=\"1184\"><strong data-start=\"1121\" data-end=\"1142\">Eficiencia energ\u00e9tica<\/strong> Gracias a los compresores inverter avanzados<\/p>\n<\/li>\n<li data-start=\"1185\" data-end=\"1255\">\n<p data-start=\"1187\" data-end=\"1255\"><strong data-start=\"1187\" data-end=\"1212\">Dise\u00f1o compacto y delgado<\/strong> que se adapta incluso a espacios de techo limitados<\/p>\n<\/li>\n<li data-start=\"1256\" data-end=\"1323\">\n<p data-start=\"1258\" data-end=\"1323\"><strong data-start=\"1258\" data-end=\"1283\">Instalaci\u00f3n flexible<\/strong> Para adaptarse a diferentes dise\u00f1os comerciales<\/p>\n<\/li>\n<li data-start=\"1324\" data-end=\"1380\">\n<p data-start=\"1326\" data-end=\"1380\"><strong data-start=\"1326\" data-end=\"1354\">Refrigerante ecol\u00f3gico<\/strong> garantizar la sostenibilidad<\/p>\n<\/li>\n<\/ul>\n<p data-start=\"1382\" data-end=\"1493\">Estas ventajas hacen de Hetapro una opci\u00f3n confiable para distribuidores, instaladores y planificadores de proyectos en todo el mundo.<\/p>\n<p>&nbsp;<\/p>\n<hr data-start=\"2937\" data-end=\"2940\" \/>\n<h2 data-start=\"2742\" data-end=\"2771\">Especificaciones t\u00e9cnicas<\/h2>\n<p data-start=\"2773\" data-end=\"2879\">A continuaci\u00f3n se muestra un resumen de los aspectos t\u00e9cnicos m\u00e1s destacados de la serie Cassette (seg\u00fan la hoja de especificaciones cargada):<\/p>\n<div class=\"_tableContainer_1rjym_1\">\n<div class=\"group _tableWrapper_1rjym_13 flex w-fit flex-col-reverse\" tabindex=\"-1\">\n<table class=\"w-fit min-w-(--thread-content-width)\" data-start=\"2881\" data-end=\"3446\">\n<thead data-start=\"2881\" data-end=\"2981\">\n<tr data-start=\"2881\" data-end=\"2981\">\n<th data-start=\"2881\" data-end=\"2889\" data-col-size=\"sm\">Modelo<\/th>\n<th data-start=\"2889\" data-end=\"2911\" data-col-size=\"sm\">Rango de capacidad (kW)<\/th>\n<th data-start=\"2911\" data-end=\"2928\" data-col-size=\"sm\">Caudal de aire (m\u00b3\/h)<\/th>\n<th data-start=\"2928\" data-end=\"2943\" data-col-size=\"sm\">Fuente de alimentaci\u00f3n<\/th>\n<th data-start=\"2943\" data-end=\"2961\" data-col-size=\"sm\">Dimensiones (mm)<\/th>\n<th data-start=\"2961\" data-end=\"2981\" data-col-size=\"sm\">Nivel de ruido (dB)<\/th>\n<\/tr>\n<\/thead>\n<tbody data-start=\"3084\" data-end=\"3446\">\n<tr data-start=\"3084\" data-end=\"3144\">\n<td data-start=\"3084\" data-end=\"3096\" data-col-size=\"sm\">HET-CAS09<\/td>\n<td data-start=\"3096\" data-end=\"3102\" data-col-size=\"sm\">2.6<\/td>\n<td data-start=\"3102\" data-end=\"3108\" data-col-size=\"sm\">600<\/td>\n<td data-start=\"3108\" data-end=\"3124\" data-col-size=\"sm\">220-240 V\/50 Hz<\/td>\n<td data-start=\"3124\" data-end=\"3138\" data-col-size=\"sm\">570\u00d7570\u00d7260<\/td>\n<td data-start=\"3138\" data-end=\"3144\" data-col-size=\"sm\">32<\/td>\n<\/tr>\n<tr data-start=\"3145\" data-end=\"3205\">\n<td data-start=\"3145\" data-end=\"3157\" data-col-size=\"sm\">HET-CAS12<\/td>\n<td data-start=\"3157\" data-end=\"3163\" data-col-size=\"sm\">3.5<\/td>\n<td data-start=\"3163\" data-end=\"3169\" data-col-size=\"sm\">650<\/td>\n<td data-start=\"3169\" data-end=\"3185\" data-col-size=\"sm\">220-240 V\/50 Hz<\/td>\n<td data-start=\"3185\" data-end=\"3199\" data-col-size=\"sm\">570\u00d7570\u00d7260<\/td>\n<td data-start=\"3199\" data-end=\"3205\" data-col-size=\"sm\">34<\/td>\n<\/tr>\n<tr data-start=\"3206\" data-end=\"3266\">\n<td data-start=\"3206\" data-end=\"3218\" data-col-size=\"sm\">HET-CAS18<\/td>\n<td data-start=\"3218\" data-end=\"3224\" data-col-size=\"sm\">5.3<\/td>\n<td data-start=\"3224\" data-end=\"3230\" data-col-size=\"sm\">950<\/td>\n<td data-start=\"3230\" data-end=\"3246\" data-col-size=\"sm\">220-240 V\/50 Hz<\/td>\n<td data-start=\"3246\" data-end=\"3260\" data-col-size=\"sm\">840\u00d7840\u00d7287<\/td>\n<td data-start=\"3260\" data-end=\"3266\" data-col-size=\"sm\">38<\/td>\n<\/tr>\n<tr data-start=\"3267\" data-end=\"3328\">\n<td data-start=\"3267\" data-end=\"3279\" data-col-size=\"sm\">HET-CAS24<\/td>\n<td data-start=\"3279\" data-end=\"3285\" data-col-size=\"sm\">7.1<\/td>\n<td data-start=\"3285\" data-end=\"3292\" data-col-size=\"sm\">1200<\/td>\n<td data-start=\"3292\" data-end=\"3308\" data-col-size=\"sm\">220-240 V\/50 Hz<\/td>\n<td data-start=\"3308\" data-end=\"3322\" data-col-size=\"sm\">840\u00d7840\u00d7287<\/td>\n<td data-start=\"3322\" data-end=\"3328\" data-col-size=\"sm\">42<\/td>\n<\/tr>\n<tr data-start=\"3329\" data-end=\"3387\">\n<td data-start=\"3329\" data-end=\"3341\" data-col-size=\"sm\">HET-CAS36<\/td>\n<td data-start=\"3341\" data-end=\"3348\" data-col-size=\"sm\">10.5<\/td>\n<td data-start=\"3348\" data-end=\"3355\" data-col-size=\"sm\">1800<\/td>\n<td data-start=\"3355\" data-end=\"3367\" data-col-size=\"sm\">380 V\/50 Hz<\/td>\n<td data-start=\"3367\" data-end=\"3381\" data-col-size=\"sm\">950\u00d7950\u00d7290<\/td>\n<td data-start=\"3381\" data-end=\"3387\" data-col-size=\"sm\">44<\/td>\n<\/tr>\n<tr data-start=\"3388\" data-end=\"3446\">\n<td data-start=\"3388\" data-end=\"3400\" data-col-size=\"sm\">HET-CAS48<\/td>\n<td data-start=\"3400\" data-end=\"3407\" data-col-size=\"sm\">14.0<\/td>\n<td data-start=\"3407\" data-end=\"3414\" data-col-size=\"sm\">2200<\/td>\n<td data-start=\"3414\" data-end=\"3426\" data-col-size=\"sm\">380 V\/50 Hz<\/td>\n<td data-start=\"3426\" data-end=\"3440\" data-col-size=\"sm\">950\u00d7950\u00d7290<\/td>\n<td data-start=\"3440\" data-end=\"3446\" data-col-size=\"sm\">46<\/td>\n<\/tr>\n<\/tbody>\n<\/table>\n<\/div>\n<\/div>\n<p data-start=\"3448\" data-end=\"3544\"><em data-start=\"3448\" data-end=\"3542\">(Nota: Datos adaptados de las especificaciones de la serie de casetes Hetapro. Los valores pueden variar seg\u00fan la regi\u00f3n).<\/em><\/p>\n<hr data-start=\"4723\" data-end=\"4726\" \/>\n<h2 data-start=\"4728\" data-end=\"4759\">Instalaci\u00f3n y mantenimiento<\/h2>\n<p data-start=\"4761\" data-end=\"4830\">Los acondicionadores de aire de casete Hetapro est\u00e1n dise\u00f1ados para <strong data-start=\"4801\" data-end=\"4822\">F\u00e1cil instalaci\u00f3n<\/strong> con:<\/p>\n<ul data-start=\"4832\" data-end=\"5041\">\n<li data-start=\"4832\" data-end=\"4884\">\n<p data-start=\"4834\" data-end=\"4884\"><strong data-start=\"4834\" data-end=\"4851\">Unidades compactas<\/strong> que encajan en techos modulares<\/p>\n<\/li>\n<li data-start=\"4885\" data-end=\"4940\">\n<p data-start=\"4887\" data-end=\"4940\"><strong data-start=\"4887\" data-end=\"4907\">Paneles extra\u00edbles<\/strong> para una limpieza c\u00f3moda del filtro<\/p>\n<\/li>\n<li data-start=\"4941\" data-end=\"4993\">\n<p data-start=\"4943\" data-end=\"4993\"><strong data-start=\"4943\" data-end=\"4963\">Filtros lavables<\/strong> para reducir los costos de mantenimiento<\/p>\n<\/li>\n<li data-start=\"4994\" data-end=\"5041\">\n<p data-start=\"4996\" data-end=\"5041\"><strong data-start=\"4996\" data-end=\"5023\">Dise\u00f1o f\u00e1cil de usar<\/strong> para t\u00e9cnicos<\/p>\n<\/li>\n<\/ul>\n<p data-start=\"5043\" data-end=\"5126\">El mantenimiento regular garantiza la eficiencia a largo plazo y extiende la vida \u00fatil de la unidad.<\/p>","protected":false},"excerpt":{"rendered":"<p>Descubra los aires acondicionados de casete Hetapro con flujo de aire de 360\u00b0, dise\u00f1o delgado, tecnolog\u00eda Inverter y refrigerante ecol\u00f3gico R32. Ideales para oficinas, hoteles y comercios.<\/p>","protected":false},"featured_media":4892,"template":"","meta":{"_acf_changed":false,"_seopress_robots_primary_cat":"none","_seopress_titles_title":"Cassette Air Conditioner | Hetapro Ceiling-Mounted AC for Commercial Spaces","_seopress_titles_desc":"Discover Hetapro Cassette Air Conditioners with 360\u00b0 airflow, slim design, inverter technology, and eco-friendly R32 refrigerant. Ideal for offices, hotels, and retail.","_seopress_robots_index":""},"product_cat":[164,179],"product_tag":[180],"acf":[],"_links":{"self":[{"href":"https:\/\/hetapro.com\/es\/wp-json\/wp\/v2\/product\/4891"}],"collection":[{"href":"https:\/\/hetapro.com\/es\/wp-json\/wp\/v2\/product"}],"about":[{"href":"https:\/\/hetapro.com\/es\/wp-json\/wp\/v2\/types\/product"}],"wp:featuredmedia":[{"embeddable":true,"href":"https:\/\/hetapro.com\/es\/wp-json\/wp\/v2\/media\/4892"}],"wp:attachment":[{"href":"https:\/\/hetapro.com\/es\/wp-json\/wp\/v2\/media?parent=4891"}],"wp:term":[{"taxonomy":"product_cat","embeddable":true,"href":"https:\/\/hetapro.com\/es\/wp-json\/wp\/v2\/product_cat?post=4891"},{"taxonomy":"product_tag","embeddable":true,"href":"https:\/\/hetapro.com\/es\/wp-json\/wp\/v2\/product_tag?post=4891"}],"curies":[{"name":"wp","href":"https:\/\/api.w.org\/{rel}","templated":true}]}}