{"id":4912,"date":"2025-09-29T02:37:54","date_gmt":"2025-09-29T02:37:54","guid":{"rendered":"https:\/\/hetapro.com\/?post_type=product&#038;p=4912"},"modified":"2025-09-30T02:32:49","modified_gmt":"2025-09-30T02:32:49","slug":"duct-series-inverter-ducted-air-conditioner","status":"publish","type":"product","link":"https:\/\/hetapro.com\/es\/products\/duct-series-inverter-ducted-air-conditioner\/","title":{"rendered":"Serie Duct \u2013 Aire acondicionado con conductos Inverter"},"content":{"rendered":"<h1 data-start=\"145\" data-end=\"241\">Serie de aires acondicionados por conducto HETAPRO de alta eficiencia R32 de baja y media est\u00e1tica<\/h1>\n<p>Refrigeraci\u00f3n y calefacci\u00f3n potentes con un dise\u00f1o delgado y oculto<\/p>\n<h2 data-start=\"243\" data-end=\"264\"><strong data-start=\"246\" data-end=\"262\">Introducci\u00f3n<\/strong><\/h2>\n<p data-start=\"265\" data-end=\"762\">Cuando se trata de un control clim\u00e1tico eficiente y confiable, <strong data-start=\"291\" data-end=\"326\">Aires acondicionados por conductos HETAPRO<\/strong> Destacan como una opci\u00f3n superior tanto para entornos residenciales como comerciales. Dise\u00f1ados para ofrecer un funcionamiento silencioso, una distribuci\u00f3n uniforme del flujo de aire y un rendimiento robusto, nuestros sistemas de aire acondicionado por conductos combinan tecnolog\u00eda inverter avanzada con una elegante instalaci\u00f3n oculta para brindar un confort inigualable.<\/p>\n<p>&nbsp;<\/p>\n<hr data-start=\"764\" data-end=\"767\" \/>\n<h2 data-start=\"1500\" data-end=\"1528\">Caracter\u00edsticas y beneficios clave<\/h2>\n<ul>\n<li data-start=\"2577\" data-end=\"2644\">\n<p data-start=\"2579\" data-end=\"2644\"><strong data-start=\"2579\" data-end=\"2608\">Distribuci\u00f3n uniforme del flujo de aire<\/strong> \u2013 Cubre cada rinc\u00f3n de la habitaci\u00f3n.<\/p>\n<\/li>\n<li data-start=\"2645\" data-end=\"2715\">\n<p data-start=\"2647\" data-end=\"2715\"><strong data-start=\"2647\" data-end=\"2667\">Niveles bajos de ruido<\/strong> \u2013 Rendimiento silencioso para entornos tranquilos<\/p>\n<\/li>\n<li data-start=\"2716\" data-end=\"2787\">\n<p data-start=\"2718\" data-end=\"2787\"><strong data-start=\"2718\" data-end=\"2743\">Instalaci\u00f3n flexible<\/strong> \u2013 El dise\u00f1o delgado se adapta a espacios de techo limitados<\/p>\n<\/li>\n<li data-start=\"2788\" data-end=\"2851\">\n<p data-start=\"2790\" data-end=\"2851\"><strong data-start=\"2790\" data-end=\"2813\">Tecnolog\u00eda de inversor<\/strong> \u2013 Reduce las facturas de energ\u00eda hasta en un 30%<\/p>\n<\/li>\n<li data-start=\"2852\" data-end=\"2914\">\n<p data-start=\"2854\" data-end=\"2914\"><strong data-start=\"2854\" data-end=\"2877\">Rendimiento duradero<\/strong> \u2013 Dise\u00f1ado para un funcionamiento duradero<\/p>\n<\/li>\n<\/ul>\n<hr data-start=\"2481\" data-end=\"2484\" \/>\n<h2 data-start=\"2486\" data-end=\"2519\"><strong data-start=\"2489\" data-end=\"2517\">Especificaciones t\u00e9cnicas<\/strong><\/h2>\n<table class=\"w-fit min-w-(--thread-content-width)\" data-start=\"1820\" data-end=\"2551\">\n<thead data-start=\"1820\" data-end=\"1941\">\n<tr data-start=\"1820\" data-end=\"1941\">\n<th data-start=\"1820\" data-end=\"1835\" data-col-size=\"sm\">Modelo<\/th>\n<th data-start=\"1835\" data-end=\"1853\" data-col-size=\"sm\">Enfriamiento (BTU\/h)<\/th>\n<th data-start=\"1853\" data-end=\"1871\" data-col-size=\"sm\">Calefacci\u00f3n (BTU\/h)<\/th>\n<th data-start=\"1871\" data-end=\"1901\" data-col-size=\"sm\">Fuente de alimentaci\u00f3n<\/th>\n<th data-start=\"1901\" data-end=\"1918\" data-col-size=\"sm\">Caudal de aire (m\u00b3\/h)<\/th>\n<th data-start=\"1918\" data-end=\"1941\" data-col-size=\"sm\">Dimensiones (mm)<\/th>\n<\/tr>\n<\/thead>\n<tbody data-start=\"2064\" data-end=\"2551\">\n<tr data-start=\"2064\" data-end=\"2185\">\n<td data-start=\"2064\" data-end=\"2079\" data-col-size=\"sm\">SDVH18M-A3NA<\/td>\n<td data-start=\"2079\" data-end=\"2097\" data-col-size=\"sm\">18,000<\/td>\n<td data-start=\"2097\" data-end=\"2115\" data-col-size=\"sm\">18,000<\/td>\n<td data-start=\"2115\" data-end=\"2145\" data-col-size=\"sm\">Monof\u00e1sico, 220\u2013240 V, 50 Hz<\/td>\n<td data-start=\"2145\" data-end=\"2162\" data-col-size=\"sm\">920<\/td>\n<td data-start=\"2162\" data-end=\"2185\" data-col-size=\"sm\">1000 \u00d7 450 \u00d7 200<\/td>\n<\/tr>\n<tr data-start=\"2186\" data-end=\"2307\">\n<td data-start=\"2186\" data-end=\"2201\" data-col-size=\"sm\">SDVH24M-A3NA<\/td>\n<td data-start=\"2201\" data-end=\"2219\" data-col-size=\"sm\">24,000<\/td>\n<td data-start=\"2219\" data-end=\"2237\" data-col-size=\"sm\">24,000<\/td>\n<td data-start=\"2237\" data-end=\"2267\" data-col-size=\"sm\">Monof\u00e1sico, 220\u2013240 V, 50 Hz<\/td>\n<td data-start=\"2267\" data-end=\"2284\" data-col-size=\"sm\">1300<\/td>\n<td data-start=\"2284\" data-end=\"2307\" data-col-size=\"sm\">1300 \u00d7 450 \u00d7 200<\/td>\n<\/tr>\n<tr data-start=\"2308\" data-end=\"2429\">\n<td data-start=\"2308\" data-end=\"2323\" data-col-size=\"sm\">SDVH36M-A4NA<\/td>\n<td data-start=\"2323\" data-end=\"2341\" data-col-size=\"sm\">36,000<\/td>\n<td data-start=\"2341\" data-end=\"2359\" data-col-size=\"sm\">36,000<\/td>\n<td data-start=\"2359\" data-end=\"2389\" data-col-size=\"sm\">Monof\u00e1sico, 220\u2013240 V, 50 Hz<\/td>\n<td data-start=\"2389\" data-end=\"2406\" data-col-size=\"sm\">2000<\/td>\n<td data-start=\"2406\" data-end=\"2429\" data-col-size=\"sm\">1430 \u00d7 715 \u00d7 280<\/td>\n<\/tr>\n<tr data-start=\"2430\" data-end=\"2551\">\n<td data-start=\"2430\" data-end=\"2445\" data-col-size=\"sm\">SDVH48H-E1NA<\/td>\n<td data-start=\"2445\" data-end=\"2463\" data-col-size=\"sm\">48,000<\/td>\n<td data-start=\"2463\" data-end=\"2481\" data-col-size=\"sm\">48,000<\/td>\n<td data-start=\"2481\" data-end=\"2511\" data-col-size=\"sm\">Trif\u00e1sico, 380~415 V, 50 Hz<\/td>\n<td data-start=\"2511\" data-end=\"2528\" data-col-size=\"sm\">2150<\/td>\n<td data-start=\"2528\" data-end=\"2551\" data-col-size=\"sm\">1430 \u00d7 715 \u00d7 280<\/td>\n<\/tr>\n<\/tbody>\n<\/table>\n<hr data-start=\"2481\" data-end=\"2484\" \/>\n<h2 data-start=\"2921\" data-end=\"2939\">Aplicaciones<\/h2>\n<ul data-start=\"2940\" data-end=\"3115\">\n<li data-start=\"2940\" data-end=\"2997\">\n<p data-start=\"2942\" data-end=\"2997\"><strong data-start=\"2942\" data-end=\"2957\">Residencial<\/strong>:Apartamentos, villas y casas de lujo<\/p>\n<\/li>\n<li data-start=\"2998\" data-end=\"3060\">\n<p data-start=\"3000\" data-end=\"3060\"><strong data-start=\"3000\" data-end=\"3014\">Comercial<\/strong>:Oficinas, comercios, restaurantes, hoteles<\/p>\n<\/li>\n<li data-start=\"3061\" data-end=\"3115\">\n<p data-start=\"3063\" data-end=\"3115\"><strong data-start=\"3063\" data-end=\"3077\">Industrial<\/strong>:Almacenes, talleres, grandes naves<\/p>\n<\/li>\n<\/ul>\n<hr data-start=\"2937\" data-end=\"2940\" \/>\n<h2 data-start=\"7759\" data-end=\"7819\">\u00bfPor qu\u00e9 asociarse con HETAPRO para sus necesidades de aire acondicionado?<\/h2>\n<p data-start=\"7821\" data-end=\"8047\">Los distribuidores, instaladores y agentes se benefician de <strong data-start=\"7871\" data-end=\"7952\">Soporte t\u00e9cnico dedicado, precios flexibles y un s\u00f3lido servicio posventa.<\/strong>Asociarse con HETAPRO significa obtener una marca confiable que valora la colaboraci\u00f3n a largo plazo.<\/p>\n<p>&nbsp;<\/p>\n<hr data-start=\"2937\" data-end=\"2940\" \/>\n<h2 data-start=\"2742\" data-end=\"2771\">Especificaciones t\u00e9cnicas<\/h2>\n<p data-start=\"2773\" data-end=\"2879\">A continuaci\u00f3n se muestra un resumen de los aspectos t\u00e9cnicos m\u00e1s destacados de la serie Cassette (seg\u00fan la hoja de especificaciones cargada):<\/p>\n<div class=\"_tableContainer_1rjym_1\">\n<div class=\"group _tableWrapper_1rjym_13 flex w-fit flex-col-reverse\" tabindex=\"-1\">\n<table width=\"980\">\n<tbody>\n<tr>\n<td colspan=\"3\" width=\"420\">Nombre del modelo<\/td>\n<td width=\"140\">SDVH18M-A3NA<\/td>\n<td width=\"140\">SDVH24M-A3NA<\/td>\n<td width=\"140\">SDVH36M-A4NA<\/td>\n<td width=\"140\">SDVH48H-E1NA<\/td>\n<\/tr>\n<tr>\n<td rowspan=\"2\" width=\"140\">Capacidad<\/td>\n<td width=\"140\">Enfriamiento<\/td>\n<td width=\"140\">BTU\/h<\/td>\n<td width=\"140\">18000<\/td>\n<td width=\"140\">24000<\/td>\n<td width=\"140\">36000<\/td>\n<td width=\"140\">48000<\/td>\n<\/tr>\n<tr>\n<td width=\"140\">Calefacci\u00f3n<\/td>\n<td width=\"140\">BTU\/h<\/td>\n<td width=\"140\">18000<\/td>\n<td width=\"140\">24000<\/td>\n<td width=\"140\">36000<\/td>\n<td width=\"140\">48000<\/td>\n<\/tr>\n<tr>\n<td colspan=\"2\" width=\"280\">Fuente de alimentaci\u00f3n<\/td>\n<td width=\"140\">Fase\/V\/Hz<\/td>\n<td colspan=\"3\" width=\"420\">Monof\u00e1sico, 220~240 V, 50 Hz<\/td>\n<td width=\"140\">Trif\u00e1sico, 380~415 V, 50 Hz<\/td>\n<\/tr>\n<tr>\n<td colspan=\"2\" width=\"280\">Volumen del flujo de aire<\/td>\n<td width=\"140\">m3\/h<\/td>\n<td width=\"140\">920<\/td>\n<td width=\"140\">1300<\/td>\n<td width=\"140\">2000<\/td>\n<td width=\"140\">2150<\/td>\n<\/tr>\n<tr>\n<td width=\"140\">Dimensi\u00f3n<\/td>\n<td width=\"140\">Ancho \u00d7 Alto \u00d7 Profundidad<\/td>\n<td width=\"140\">mm<\/td>\n<td width=\"140\">1000x450x200<\/td>\n<td width=\"140\">1300x450x200<\/td>\n<td width=\"140\">1430x715x280<\/td>\n<td width=\"140\">1430x715x280<\/td>\n<\/tr>\n<\/tbody>\n<\/table>\n<\/div>\n<\/div>\n<p data-start=\"3448\" data-end=\"3544\"><em data-start=\"3448\" data-end=\"3542\">(Nota: Datos adaptados de las especificaciones de la serie de casetes Hetapro. Los valores pueden variar seg\u00fan la regi\u00f3n).<\/em><\/p>\n<hr data-start=\"4723\" data-end=\"4726\" \/>\n<h2 data-start=\"4728\" data-end=\"4759\">Instalaci\u00f3n y mantenimiento<\/h2>\n<p data-start=\"4761\" data-end=\"4830\">Los acondicionadores de aire de casete Hetapro est\u00e1n dise\u00f1ados para <strong data-start=\"4801\" data-end=\"4822\">F\u00e1cil instalaci\u00f3n<\/strong> con:<\/p>\n<ul data-start=\"4832\" data-end=\"5041\">\n<li data-start=\"4832\" data-end=\"4884\">\n<p data-start=\"4834\" data-end=\"4884\"><strong data-start=\"4834\" data-end=\"4851\">Unidades compactas<\/strong> que encajan en techos modulares<\/p>\n<\/li>\n<li data-start=\"4885\" data-end=\"4940\">\n<p data-start=\"4887\" data-end=\"4940\"><strong data-start=\"4887\" data-end=\"4907\">Paneles extra\u00edbles<\/strong> para una limpieza c\u00f3moda del filtro<\/p>\n<\/li>\n<li data-start=\"4941\" data-end=\"4993\">\n<p data-start=\"4943\" data-end=\"4993\"><strong data-start=\"4943\" data-end=\"4963\">Filtros lavables<\/strong> para reducir los costos de mantenimiento<\/p>\n<\/li>\n<li data-start=\"4994\" data-end=\"5041\">\n<p data-start=\"4996\" data-end=\"5041\"><strong data-start=\"4996\" data-end=\"5023\">Dise\u00f1o f\u00e1cil de usar<\/strong> para t\u00e9cnicos<\/p>\n<\/li>\n<\/ul>\n<p data-start=\"5043\" data-end=\"5126\">El mantenimiento regular garantiza la eficiencia a largo plazo y extiende la vida \u00fatil de la unidad.<\/p>\n<hr data-start=\"6270\" data-end=\"6273\" \/>\n<h2 data-start=\"6275\" data-end=\"6309\">Ahorro de energ\u00eda y sostenibilidad<\/h2>\n<p data-start=\"6311\" data-end=\"6594\">En HETAPRO, estamos comprometidos con <strong data-start=\"6342\" data-end=\"6382\">sostenibilidad y eficiencia energ\u00e9tica<\/strong>Nuestros sistemas de conductos utilizan refrigerantes ecol\u00f3gicos y compresores con inversor que reducen significativamente el consumo de electricidad. Esto no solo reduce los costos operativos, sino que tambi\u00e9n contribuye a los objetivos globales de reducci\u00f3n de carbono.<\/p>","protected":false},"excerpt":{"rendered":"<p>Descubra los aires acondicionados por conducto HETAPRO (18\u00a0000\u201348\u00a0000 BTU). Dise\u00f1o delgado y oculto, con tecnolog\u00eda Inverter de bajo consumo y funcionamiento silencioso, ideales para hogares y espacios comerciales.<\/p>","protected":false},"featured_media":4913,"template":"","meta":{"_acf_changed":false,"_seopress_robots_primary_cat":"164","_seopress_titles_title":"HETAPRO Slim Ducted Air Conditioner Series","_seopress_titles_desc":"Discover HETAPRO ducted air conditioners (18k\u201348k BTU). Slim concealed design, inverter energy saving, quiet operation \u2014 ideal for homes & commercial spaces.","_seopress_robots_index":""},"product_cat":[164,181],"product_tag":[182],"acf":[],"_links":{"self":[{"href":"https:\/\/hetapro.com\/es\/wp-json\/wp\/v2\/product\/4912"}],"collection":[{"href":"https:\/\/hetapro.com\/es\/wp-json\/wp\/v2\/product"}],"about":[{"href":"https:\/\/hetapro.com\/es\/wp-json\/wp\/v2\/types\/product"}],"wp:featuredmedia":[{"embeddable":true,"href":"https:\/\/hetapro.com\/es\/wp-json\/wp\/v2\/media\/4913"}],"wp:attachment":[{"href":"https:\/\/hetapro.com\/es\/wp-json\/wp\/v2\/media?parent=4912"}],"wp:term":[{"taxonomy":"product_cat","embeddable":true,"href":"https:\/\/hetapro.com\/es\/wp-json\/wp\/v2\/product_cat?post=4912"},{"taxonomy":"product_tag","embeddable":true,"href":"https:\/\/hetapro.com\/es\/wp-json\/wp\/v2\/product_tag?post=4912"}],"curies":[{"name":"wp","href":"https:\/\/api.w.org\/{rel}","templated":true}]}}