{"id":919,"date":"2023-07-04T08:03:56","date_gmt":"2023-07-04T08:03:56","guid":{"rendered":"https:\/\/hetapro.com\/?post_type=product&#038;p=919"},"modified":"2025-03-05T04:13:00","modified_gmt":"2025-03-05T04:13:00","slug":"thermax-r32-monoblock-heat-pump","status":"publish","type":"product","link":"https:\/\/hetapro.com\/es\/products\/thermax-r32-monoblock-heat-pump\/","title":{"rendered":"Bomba de calor aire-agua monobloque R32"},"content":{"rendered":"<h3 data-start=\"438\" data-end=\"513\"><strong data-start=\"442\" data-end=\"511\">Serie Thermax \u2013 Bomba de calor aire-agua monobloque con inversor de CC R32<\/strong><\/h3>\n<p data-start=\"515\" data-end=\"905\">Como fabricante l\u00edder de bombas de calor, Hetapro presenta la <strong data-start=\"575\" data-end=\"644\">Serie Thermax \u2013 Bomba de calor aire-agua monobloque con inversor de CC R32<\/strong>Una soluci\u00f3n avanzada para aplicaciones residenciales y comerciales de calefacci\u00f3n, refrigeraci\u00f3n y agua caliente sanitaria (ACS). Esta bomba de calor de alto rendimiento combina eficiencia energ\u00e9tica, sostenibilidad ambiental y funcionamiento inteligente para ofrecer un confort superior.<\/p>\n<h3 data-start=\"907\" data-end=\"947\"><strong data-start=\"911\" data-end=\"945\">\u00bfPor qu\u00e9 elegir la serie Thermax?<\/strong><\/h3>\n<p data-start=\"949\" data-end=\"989\">\u2714 <strong data-start=\"951\" data-end=\"987\">Alta eficiencia y ahorro de energ\u00eda<\/strong><\/p>\n<ul data-start=\"990\" data-end=\"1217\">\n<li data-start=\"990\" data-end=\"1118\">Equipado con <strong data-start=\"1006\" data-end=\"1025\">refrigerante R32<\/strong>La serie Thermax mejora la eficiencia de la transferencia de calor al tiempo que reduce el impacto ambiental.<\/li>\n<li data-start=\"1119\" data-end=\"1217\"><strong data-start=\"1121\" data-end=\"1147\">Tecnolog\u00eda de inversor de CC<\/strong> garantiza un control preciso de la temperatura y un importante ahorro energ\u00e9tico.<\/li>\n<\/ul>\n<p data-start=\"1219\" data-end=\"1263\">\u2714 <strong data-start=\"1221\" data-end=\"1261\">Soluci\u00f3n vers\u00e1til de calefacci\u00f3n y refrigeraci\u00f3n<\/strong><\/p>\n<ul data-start=\"1264\" data-end=\"1414\">\n<li data-start=\"1264\" data-end=\"1336\">Proporciona <strong data-start=\"1275\" data-end=\"1310\">Calefacci\u00f3n, refrigeraci\u00f3n y agua caliente<\/strong> Para comodidad durante todo el a\u00f1o.<\/li>\n<li data-start=\"1337\" data-end=\"1414\"><strong data-start=\"1339\" data-end=\"1375\">Amplio rango de temperatura de funcionamiento<\/strong> Lo hace ideal para diversos climas.<\/li>\n<\/ul>\n<p data-start=\"1416\" data-end=\"1450\">\u2714 <strong data-start=\"1418\" data-end=\"1448\">Ecol\u00f3gico y sostenible<\/strong><\/p>\n<ul data-start=\"1451\" data-end=\"1620\">\n<li data-start=\"1451\" data-end=\"1546\">Usos <strong data-start=\"1458\" data-end=\"1485\">refrigerante R32 de bajo PCA<\/strong>, reduciendo las emisiones de CO\u2082 y apoyando una vida sostenible.<\/li>\n<li data-start=\"1547\" data-end=\"1620\">Cumple con <strong data-start=\"1563\" data-end=\"1580\">Dise\u00f1o ecol\u00f3gico de la UE<\/strong> Est\u00e1ndares de alta eficiencia energ\u00e9tica.<\/li>\n<\/ul>\n<p data-start=\"1622\" data-end=\"1653\">\u2714 <strong data-start=\"1624\" data-end=\"1651\">Operaci\u00f3n inteligente y silenciosa<\/strong><\/p>\n<ul data-start=\"1654\" data-end=\"1831\">\n<li data-start=\"1654\" data-end=\"1747\"><strong data-start=\"1656\" data-end=\"1686\">Sistema de control inteligente<\/strong> Permite una integraci\u00f3n perfecta con soluciones de hogar inteligente.<\/li>\n<li data-start=\"1748\" data-end=\"1831\"><strong data-start=\"1750\" data-end=\"1773\">Funcionamiento con bajo nivel de ruido<\/strong>, lo que lo hace adecuado para uso residencial y comercial.<\/li>\n<\/ul>\n<h3 data-start=\"1833\" data-end=\"1893\"><strong data-start=\"1837\" data-end=\"1891\">Hetapro: Liderando el futuro de las soluciones de bombas de calor<\/strong><\/h3>\n<p data-start=\"1895\" data-end=\"2301\">Con m\u00e1s de <strong data-start=\"1905\" data-end=\"1930\">20 a\u00f1os de experiencia<\/strong>Hetapro se ha consolidado como uno de los f\u00e1rmacos m\u00e1s prometedores. <strong data-start=\"1992\" data-end=\"2028\">fabricantes de bombas de calor en China<\/strong>La empresa apuesta por la innovaci\u00f3n, ofreciendo productos de vanguardia como:<br data-start=\"2109\" data-end=\"2112\" \/>\u2705 <strong data-start=\"2114\" data-end=\"2130\">Maestro del espacio<\/strong> \u2013 Sistema hidr\u00e1ulico todo en uno<br data-start=\"2160\" data-end=\"2163\" \/>\u2705 <strong data-start=\"2165\" data-end=\"2182\">Serie Heatix<\/strong> \u2013 Bomba de calor monobloque R290<br data-start=\"2208\" data-end=\"2211\" \/>\u2705 <strong data-start=\"2213\" data-end=\"2227\">Se\u00f1or H\u00edbrido<\/strong> \u2013 Bomba de calor h\u00edbrida de pared<br data-start=\"2259\" data-end=\"2262\" \/>\u2705 <strong data-start=\"2264\" data-end=\"2278\">Ultra calor<\/strong> \u2013 Bomba de calor mono CO\u2082<\/p>\n<h3 data-start=\"2303\" data-end=\"2325\"><strong data-start=\"2307\" data-end=\"2323\">Cont\u00e1ctanos<\/strong><\/h3>\n<p data-start=\"2327\" data-end=\"2511\">Actualizar a la <strong data-start=\"2342\" data-end=\"2411\">Serie Thermax \u2013 Bomba de calor aire-agua monobloque con inversor de CC R32<\/strong> Para una soluci\u00f3n de calefacci\u00f3n sostenible y energ\u00e9ticamente eficiente. Contacto <strong data-start=\"2477\" data-end=\"2488\">Hetapro<\/strong> \u00a1Hoy para aprender m\u00e1s!<\/p>","protected":false},"excerpt":{"rendered":"<p><strong>Capacidad de producci\u00f3n<\/strong>:150 piezas\/hora<\/p>\n<p><strong>Rango de llenado<\/strong>:1-30 kilogramos<\/p>\n<ul>\n<li>Continua y autom\u00e1ticamente<\/li>\n<li>Bueno para el medio ambiente<\/li>\n<li>Llenado de alta precisi\u00f3n<\/li>\n<li>Largo per\u00edodo de uso<\/li>\n<\/ul>\n<p><strong>Precosi\u00f3n de llenado<\/strong>\u00a0:1 kg \u2264 0,02<\/p>","protected":false},"featured_media":4075,"template":"","meta":{"_acf_changed":false,"_seopress_robots_primary_cat":"none","_seopress_titles_title":"Thermax Series - R32 DC Inverter Monoblock Air to Water Heat Pump | Hetapro","_seopress_titles_desc":"Discover Hetapro's Thermax Series R32 DC Inverter Monoblock Air to Water Heat Pump\u2014high efficiency, eco-friendly, and ideal for heating, cooling & hot water.","_seopress_robots_index":""},"product_cat":[22],"product_tag":[23],"acf":[],"_links":{"self":[{"href":"https:\/\/hetapro.com\/es\/wp-json\/wp\/v2\/product\/919"}],"collection":[{"href":"https:\/\/hetapro.com\/es\/wp-json\/wp\/v2\/product"}],"about":[{"href":"https:\/\/hetapro.com\/es\/wp-json\/wp\/v2\/types\/product"}],"wp:featuredmedia":[{"embeddable":true,"href":"https:\/\/hetapro.com\/es\/wp-json\/wp\/v2\/media\/4075"}],"wp:attachment":[{"href":"https:\/\/hetapro.com\/es\/wp-json\/wp\/v2\/media?parent=919"}],"wp:term":[{"taxonomy":"product_cat","embeddable":true,"href":"https:\/\/hetapro.com\/es\/wp-json\/wp\/v2\/product_cat?post=919"},{"taxonomy":"product_tag","embeddable":true,"href":"https:\/\/hetapro.com\/es\/wp-json\/wp\/v2\/product_tag?post=919"}],"curies":[{"name":"wp","href":"https:\/\/api.w.org\/{rel}","templated":true}]}}