{"id":1046,"date":"2023-07-05T07:43:01","date_gmt":"2023-07-05T07:43:01","guid":{"rendered":"https:\/\/hetapro.com\/?post_type=product&#038;p=1046"},"modified":"2025-01-14T03:02:20","modified_gmt":"2025-01-14T03:02:20","slug":"thermalux-r290-heat-pump","status":"publish","type":"product","link":"https:\/\/hetapro.com\/fr\/products\/thermalux-r290-heat-pump\/","title":{"rendered":"Pompe \u00e0 chaleur monobloc Inverter DC ThermaluX s\u00e9rie R290"},"content":{"rendered":"<table width=\"1333\">\n<tbody>\n<tr>\n<td width=\"323\">Mod\u00e8le<\/td>\n<td width=\"67\">\/<\/td>\n<td width=\"173\">HEAW06MRN5-A<\/td>\n<td width=\"173\">HEAW10MRN5-A<\/td>\n<td width=\"173\">HEAW12MRN5-A<\/td>\n<td colspan=\"2\" width=\"251\">HEAW16MRN5-A<\/td>\n<td width=\"173\">HEAW18MRN5-A<\/td>\n<\/tr>\n<tr>\n<td>\u00a0Alimentation \u00e9lectrique<\/td>\n<td>V\/Ph<\/td>\n<td colspan=\"2\" width=\"346\">220 V\/1 ph<\/td>\n<td colspan=\"4\" width=\"597\">220 V\/1 ph 380 V\/3 ph<\/td>\n<\/tr>\n<tr>\n<td colspan=\"8\">\u00a0Chauffage (A7\/6\u2103, W30\/35\u2103)<\/td>\n<\/tr>\n<tr>\n<td>\u00a0Capacit\u00e9 de chauffage<\/td>\n<td>kW<\/td>\n<td>6.25<\/td>\n<td>9.95<\/td>\n<td>12.50<\/td>\n<td>15.88<\/td>\n<td>15.88<\/td>\n<td>18.00<\/td>\n<\/tr>\n<tr>\n<td>\u00a0Puissance d&#039;entr\u00e9e<\/td>\n<td>kW<\/td>\n<td>1.49<\/td>\n<td>2.07<\/td>\n<td>2.98<\/td>\n<td>3.55<\/td>\n<td>3.55<\/td>\n<td>4.62<\/td>\n<\/tr>\n<tr>\n<td>\u00a0FLIC<\/td>\n<td>W\/W<\/td>\n<td>4.19<\/td>\n<td>4.81<\/td>\n<td>4.20<\/td>\n<td>4.47<\/td>\n<td>4.47<\/td>\n<td>3.90<\/td>\n<\/tr>\n<tr>\n<td colspan=\"8\">\u00a0Chauffage (A7\/6\u2103, W47\/55\u2103)<\/td>\n<\/tr>\n<tr>\n<td>\u00a0Capacit\u00e9 de chauffage<\/td>\n<td>kW<\/td>\n<td>6.25<\/td>\n<td>9.34<\/td>\n<td>12.50<\/td>\n<td>15.97<\/td>\n<td>15.97<\/td>\n<td>17.00<\/td>\n<\/tr>\n<tr>\n<td>\u00a0Puissance d&#039;entr\u00e9e<\/td>\n<td>kW<\/td>\n<td>2<\/td>\n<td>3.07<\/td>\n<td>4.17<\/td>\n<td>5.85<\/td>\n<td>5.85<\/td>\n<td>5.86<\/td>\n<\/tr>\n<tr>\n<td>\u00a0FLIC<\/td>\n<td>W\/W<\/td>\n<td>3.13<\/td>\n<td>3.04<\/td>\n<td>3.00<\/td>\n<td>2.73<\/td>\n<td>2.73<\/td>\n<td>2.90<\/td>\n<\/tr>\n<tr>\n<td colspan=\"8\">\u00a0Refroidissement (A35\/24\u2103, W12\/7\u2103)<\/td>\n<\/tr>\n<tr>\n<td>\u00a0Capacit\u00e9 de refroidissement<\/td>\n<td>kW<\/td>\n<td>4.4<\/td>\n<td width=\"173\">8.20<\/td>\n<td width=\"173\">8.80<\/td>\n<td width=\"125\">14.00<\/td>\n<td width=\"125\">14.00<\/td>\n<td width=\"173\">14.00<\/td>\n<\/tr>\n<tr>\n<td>\u00a0Puissance d&#039;entr\u00e9e<\/td>\n<td>kW<\/td>\n<td>1.52<\/td>\n<td width=\"173\">2.52<\/td>\n<td>3.03<\/td>\n<td width=\"125\">5.19<\/td>\n<td width=\"125\">5.19<\/td>\n<td width=\"173\">5.19<\/td>\n<\/tr>\n<tr>\n<td>\u00a0EER<\/td>\n<td>W\/W<\/td>\n<td>2.89<\/td>\n<td>3.25<\/td>\n<td>2.90<\/td>\n<td>2.70<\/td>\n<td>2.70<\/td>\n<td>2.70<\/td>\n<\/tr>\n<tr>\n<td>\u00a0Niveau ERP (35\u2103)<\/td>\n<td>\/<\/td>\n<td>A+++<\/td>\n<td>A+++<\/td>\n<td>A+++<\/td>\n<td>A+++<\/td>\n<td>A+++<\/td>\n<td>A+++<\/td>\n<\/tr>\n<tr>\n<td>\u00a0Niveau ERP (55\u2103)<\/td>\n<td>\/<\/td>\n<td>A++<\/td>\n<td>A++<\/td>\n<td>A++<\/td>\n<td>A++<\/td>\n<td>A++<\/td>\n<td>A++<\/td>\n<\/tr>\n<tr>\n<td>\u00a0D\u00e9bit d&#039;eau nominal<\/td>\n<td>m3\/h<\/td>\n<td>1.032<\/td>\n<td>1.72<\/td>\n<td>2.064<\/td>\n<td>2.752<\/td>\n<td>3.096<\/td>\n<td>3.784<\/td>\n<\/tr>\n<tr>\n<td>\u00a0Puissance d&#039;entr\u00e9e MAX<\/td>\n<td>kW<\/td>\n<td>2.5<\/td>\n<td>5.01<\/td>\n<td>5.01<\/td>\n<td>7.92<\/td>\n<td>7.92<\/td>\n<td>7.92<\/td>\n<\/tr>\n<tr>\n<td>\u00a0Courant d&#039;entr\u00e9e MAX<\/td>\n<td>UN<\/td>\n<td>9.5<\/td>\n<td>19<\/td>\n<td>19<\/td>\n<td>30<\/td>\n<td>30<\/td>\n<td>30<\/td>\n<\/tr>\n<tr>\n<td>Type de moteur de l&#039;unit\u00e9 ext\u00e9rieure<\/td>\n<td>\/<\/td>\n<td><\/td>\n<td colspan=\"5\">ventilateur CC<\/td>\n<\/tr>\n<tr>\n<td>Nombre de pales du ventilateur de l&#039;unit\u00e9 ext\u00e9rieure<\/td>\n<td>\/<\/td>\n<td><\/td>\n<td colspan=\"5\">1<\/td>\n<\/tr>\n<tr>\n<td>\u00a0Compresseur<\/td>\n<td>\/<\/td>\n<td><\/td>\n<td colspan=\"5\">GMCC\/Rotary\/EVI<\/td>\n<\/tr>\n<tr>\n<td>\u00a0Pompe \u00e0 eau<\/td>\n<td>\/<\/td>\n<td><\/td>\n<td colspan=\"5\">Nouveaux territoires\/Onduleur\/Int\u00e9gr\u00e9<\/td>\n<\/tr>\n<tr>\n<td>\u00c9changeur de chaleur c\u00f4t\u00e9 air<\/td>\n<td>\/<\/td>\n<td><\/td>\n<td colspan=\"5\">Tube \u00e0 ailettes<\/td>\n<\/tr>\n<tr>\n<td>\u00c9changeur de chaleur c\u00f4t\u00e9 eau<\/td>\n<td><\/td>\n<td><\/td>\n<td colspan=\"5\">Type de plaque<\/td>\n<\/tr>\n<tr>\n<td>\u00a0D\u00e9congeler<\/td>\n<td>\/<\/td>\n<td><\/td>\n<td colspan=\"5\">\u00a0D\u00e9givrage automatique avec vanne \u00e0 4 voies<\/td>\n<\/tr>\n<tr>\n<td>\u00a0Niveau d&#039;\u00e9tanch\u00e9it\u00e9<\/td>\n<td>\/<\/td>\n<td><\/td>\n<td colspan=\"5\">IPX4<\/td>\n<\/tr>\n<tr>\n<td>Niveau de puissance acoustique<\/td>\n<td>dB(A)<\/td>\n<td>45<\/td>\n<td>48<\/td>\n<td>48<\/td>\n<td colspan=\"2\">50<\/td>\n<td>50<\/td>\n<\/tr>\n<tr>\n<td>\u00a0Temp\u00e9rature maximale de sortie d&#039;eau<\/td>\n<td>\u00b0C<\/td>\n<td>75<\/td>\n<td>75<\/td>\n<td>75<\/td>\n<td colspan=\"2\">75<\/td>\n<td>75<\/td>\n<\/tr>\n<tr>\n<td width=\"323\">Temp\u00e9rature ambiante de refroidissement<\/td>\n<td width=\"67\"><\/td>\n<td colspan=\"6\" width=\"943\">-5 ~43<\/td>\n<\/tr>\n<tr>\n<td width=\"323\">Temp\u00e9rature ambiante de chauffage<\/td>\n<td width=\"67\"><\/td>\n<td colspan=\"6\" width=\"943\">-25 ~ 35<\/td>\n<\/tr>\n<tr>\n<td width=\"323\">Temp\u00e9rature ambiante de l&#039;ECS<\/td>\n<td width=\"67\"><\/td>\n<td colspan=\"6\" width=\"943\">-25 ~43<\/td>\n<\/tr>\n<tr>\n<td width=\"323\">Temp\u00e9rature de l&#039;eau de sortie de refroidissement<\/td>\n<td>\u00b0C<\/td>\n<td colspan=\"6\" width=\"943\">5~30<\/td>\n<\/tr>\n<tr>\n<td width=\"323\">Temp\u00e9rature de l&#039;eau de sortie de chauffage<\/td>\n<td>\u00b0C<\/td>\n<td colspan=\"6\" width=\"943\">12~75<\/td>\n<\/tr>\n<tr>\n<td width=\"323\">Temp\u00e9rature de l&#039;eau de sortie du ballon ECS<\/td>\n<td>\u00b0C<\/td>\n<td colspan=\"6\" width=\"943\">10~70<\/td>\n<\/tr>\n<tr>\n<td>Raccordement c\u00f4t\u00e9 eau<\/td>\n<td>\/<\/td>\n<td colspan=\"6\">R5\/4\u2033<\/td>\n<\/tr>\n<tr>\n<td width=\"323\">Dimensions de l&#039;unit\u00e9 (L \u00d7 H \u00d7 P)<\/td>\n<td>mm<\/td>\n<td>1045*765*450<\/td>\n<td colspan=\"5\">1325 \u00d7 903 \u00d7 500<\/td>\n<\/tr>\n<tr>\n<td width=\"323\">Dimensions de l&#039;emballage (L \u00d7 H \u00d7 P)<\/td>\n<td>mm<\/td>\n<td>1120*810*520<\/td>\n<td colspan=\"5\">1410\u00d71055\u00d7550<\/td>\n<\/tr>\n<tr>\n<td>Filet<\/td>\n<td>kg<\/td>\n<td>90<\/td>\n<td colspan=\"2\">118<\/td>\n<td colspan=\"3\">130<\/td>\n<\/tr>\n<tr>\n<td width=\"323\">Poids brut<\/td>\n<td width=\"67\">kg<\/td>\n<td width=\"173\">95<\/td>\n<td colspan=\"2\" width=\"346\">154<\/td>\n<td colspan=\"3\" width=\"424\">166<\/td>\n<\/tr>\n<tr>\n<td colspan=\"8\" width=\"1333\">Remarques :<br \/>\n1. Normes et l\u00e9gislations europ\u00e9ennes pertinentes : EN14511 ; EN14825 ; EN50564 ; EN12102 ; (UE) n\u00b0 811\/2013 ; (UE) n\u00b0 813\/2013 ; JO 2014\/C 207\/02.<br \/>\n2. Tests de classe d&#039;efficacit\u00e9 \u00e9nerg\u00e9tique du chauffage saisonnier des locaux dans des conditions climatiques moyennes.<br \/>\n3. Conditions d&#039;essai de puissance acoustique : EN12102-1<\/td>\n<\/tr>\n<tr>\n<td colspan=\"8\">ECS : Eau chaude sanitaire.<\/td>\n<\/tr>\n<\/tbody>\n<\/table>","protected":false},"excerpt":{"rendered":"<p>Capacit\u00e9 de production : 150 pi\u00e8ces\/heure<\/p>\n<p>Plage de remplissage : 1 \u00e0 30 kg<\/p>\n<p>En continu et automatiquement<br \/>\nBon pour l&#039;environnement<br \/>\nRemplissage de haute pr\u00e9cision<br \/>\nLongue p\u00e9riode d&#039;utilisation<br \/>\nPr\u00e9cision de remplissage : 1KG\u22640,02<\/p>","protected":false},"featured_media":2718,"template":"","meta":{"_acf_changed":false,"_seopress_robots_primary_cat":"none","_seopress_titles_title":"ThermaluX Series - R290 DC Inverter Monobloc Air to Water Heat Pump","_seopress_titles_desc":"ThermaluX Series - R290 DC Inverter Monobloc Air to Water Heat Pump for household heating cooling and sanitary hot water","_seopress_robots_index":""},"product_cat":[42],"product_tag":[107,106,105,36],"acf":[],"_links":{"self":[{"href":"https:\/\/hetapro.com\/fr\/wp-json\/wp\/v2\/product\/1046"}],"collection":[{"href":"https:\/\/hetapro.com\/fr\/wp-json\/wp\/v2\/product"}],"about":[{"href":"https:\/\/hetapro.com\/fr\/wp-json\/wp\/v2\/types\/product"}],"wp:featuredmedia":[{"embeddable":true,"href":"https:\/\/hetapro.com\/fr\/wp-json\/wp\/v2\/media\/2718"}],"wp:attachment":[{"href":"https:\/\/hetapro.com\/fr\/wp-json\/wp\/v2\/media?parent=1046"}],"wp:term":[{"taxonomy":"product_cat","embeddable":true,"href":"https:\/\/hetapro.com\/fr\/wp-json\/wp\/v2\/product_cat?post=1046"},{"taxonomy":"product_tag","embeddable":true,"href":"https:\/\/hetapro.com\/fr\/wp-json\/wp\/v2\/product_tag?post=1046"}],"curies":[{"name":"wp","href":"https:\/\/api.w.org\/{rel}","templated":true}]}}