{"id":1059,"date":"2023-07-05T08:44:53","date_gmt":"2023-07-05T08:44:53","guid":{"rendered":"https:\/\/hetapro.com\/?post_type=product&#038;p=1059"},"modified":"2025-01-06T08:08:13","modified_gmt":"2025-01-06T08:08:13","slug":"r410a-modular-chiller","status":"publish","type":"product","link":"https:\/\/hetapro.com\/fr\/products\/r410a-modular-chiller\/","title":{"rendered":"Refroidisseur modulaire R410a"},"content":{"rendered":"<figure id=\"attachment_1069\" aria-describedby=\"caption-attachment-1069\" style=\"width: 300px\" class=\"wp-caption aligncenter\"><img loading=\"lazy\" decoding=\"async\" class=\"size-medium wp-image-1069\" src=\"http:\/\/hetapro.com\/wp-content\/uploads\/2023\/07\/r410a-modular-chiller4-300x200.webp\" alt=\"R410a Modular chiller4\" width=\"300\" height=\"200\" srcset=\"https:\/\/hetapro.com\/wp-content\/uploads\/2023\/07\/r410a-modular-chiller4-300x200.webp 300w, https:\/\/hetapro.com\/wp-content\/uploads\/2023\/07\/r410a-modular-chiller4-600x400.webp 600w, https:\/\/hetapro.com\/wp-content\/uploads\/2023\/07\/r410a-modular-chiller4-1024x682.webp 1024w, https:\/\/hetapro.com\/wp-content\/uploads\/2023\/07\/r410a-modular-chiller4-768x511.webp 768w, https:\/\/hetapro.com\/wp-content\/uploads\/2023\/07\/r410a-modular-chiller4.webp 1200w\" sizes=\"(max-width: 300px) 100vw, 300px\" \/><figcaption id=\"caption-attachment-1069\" class=\"wp-caption-text\">Refroidisseur modulaire R410a4<\/figcaption><\/figure>\n<figure id=\"attachment_1070\" aria-describedby=\"caption-attachment-1070\" style=\"width: 212px\" class=\"wp-caption aligncenter\"><img loading=\"lazy\" decoding=\"async\" class=\"size-medium wp-image-1070\" src=\"http:\/\/hetapro.com\/wp-content\/uploads\/2023\/07\/r410a-modular-chiller5-212x300.webp\" alt=\"auto draft\" width=\"212\" height=\"300\" srcset=\"https:\/\/hetapro.com\/wp-content\/uploads\/2023\/07\/r410a-modular-chiller5-212x300.webp 212w, https:\/\/hetapro.com\/wp-content\/uploads\/2023\/07\/r410a-modular-chiller5-scaled-600x849.webp 600w, https:\/\/hetapro.com\/wp-content\/uploads\/2023\/07\/r410a-modular-chiller5-724x1024.webp 724w, https:\/\/hetapro.com\/wp-content\/uploads\/2023\/07\/r410a-modular-chiller5-768x1086.webp 768w, https:\/\/hetapro.com\/wp-content\/uploads\/2023\/07\/r410a-modular-chiller5-1086x1536.webp 1086w, https:\/\/hetapro.com\/wp-content\/uploads\/2023\/07\/r410a-modular-chiller5-1448x2048.webp 1448w, https:\/\/hetapro.com\/wp-content\/uploads\/2023\/07\/r410a-modular-chiller5-scaled.webp 1810w\" sizes=\"(max-width: 212px) 100vw, 212px\" \/><figcaption id=\"caption-attachment-1070\" class=\"wp-caption-text\">Refroidisseur modulaire R410a4<\/figcaption><\/figure>\n<figure id=\"attachment_1071\" aria-describedby=\"caption-attachment-1071\" style=\"width: 212px\" class=\"wp-caption aligncenter\"><img loading=\"lazy\" decoding=\"async\" class=\"size-medium wp-image-1071\" src=\"http:\/\/hetapro.com\/wp-content\/uploads\/2023\/07\/r410a-modular-chiller6-212x300.webp\" alt=\"R410a Modular chiller4\" width=\"212\" height=\"300\" srcset=\"https:\/\/hetapro.com\/wp-content\/uploads\/2023\/07\/r410a-modular-chiller6-212x300.webp 212w, https:\/\/hetapro.com\/wp-content\/uploads\/2023\/07\/r410a-modular-chiller6-scaled-600x849.webp 600w, https:\/\/hetapro.com\/wp-content\/uploads\/2023\/07\/r410a-modular-chiller6-724x1024.webp 724w, https:\/\/hetapro.com\/wp-content\/uploads\/2023\/07\/r410a-modular-chiller6-768x1087.webp 768w, https:\/\/hetapro.com\/wp-content\/uploads\/2023\/07\/r410a-modular-chiller6-1086x1536.webp 1086w, https:\/\/hetapro.com\/wp-content\/uploads\/2023\/07\/r410a-modular-chiller6-1447x2048.webp 1447w, https:\/\/hetapro.com\/wp-content\/uploads\/2023\/07\/r410a-modular-chiller6-scaled.webp 1809w\" sizes=\"(max-width: 212px) 100vw, 212px\" \/><figcaption id=\"caption-attachment-1071\" class=\"wp-caption-text\">Refroidisseur modulaire R410a4<\/figcaption><\/figure>\n<p><img loading=\"lazy\" decoding=\"async\" class=\"size-medium wp-image-1072 aligncenter\" src=\"http:\/\/hetapro.com\/wp-content\/uploads\/2023\/07\/r410a-modular-7chiller7-212x300.webp\" alt=\"auto draft\" width=\"212\" height=\"300\" srcset=\"https:\/\/hetapro.com\/wp-content\/uploads\/2023\/07\/r410a-modular-7chiller7-212x300.webp 212w, https:\/\/hetapro.com\/wp-content\/uploads\/2023\/07\/r410a-modular-7chiller7-scaled-600x849.webp 600w, https:\/\/hetapro.com\/wp-content\/uploads\/2023\/07\/r410a-modular-7chiller7-724x1024.webp 724w, https:\/\/hetapro.com\/wp-content\/uploads\/2023\/07\/r410a-modular-7chiller7-768x1086.webp 768w, https:\/\/hetapro.com\/wp-content\/uploads\/2023\/07\/r410a-modular-7chiller7-1086x1536.webp 1086w, https:\/\/hetapro.com\/wp-content\/uploads\/2023\/07\/r410a-modular-7chiller7-1448x2048.webp 1448w, https:\/\/hetapro.com\/wp-content\/uploads\/2023\/07\/r410a-modular-7chiller7-scaled.webp 1810w\" sizes=\"(max-width: 212px) 100vw, 212px\" \/><\/p>\n<table style=\"border-collapse: collapse; width: 387.02pt;\" border=\"0\" width=\"516\" cellspacing=\"0\" cellpadding=\"0\">\n<tbody>\n<tr style=\"height: 18.00pt;\">\n<td class=\"et2\" style=\"height: 18.00pt; width: 168.00pt;\" width=\"224\" height=\"24\">article<\/td>\n<td class=\"et2\" style=\"width: 219.00pt;\" width=\"292\">valeur<\/td>\n<\/tr>\n<tr style=\"height: 18.00pt;\">\n<td class=\"et3\" style=\"height: 18.00pt; width: 168.00pt;\" width=\"224\" height=\"24\"><span class=\"font2\">Service apr\u00e8s-vente assur\u00e9<\/span><\/td>\n<td class=\"et3\" style=\"width: 219.00pt;\" width=\"292\"><span class=\"font2\">Pi\u00e8ces de rechange gratuites, centres d&#039;appels \u00e0 l&#039;\u00e9tranger<\/span><\/td>\n<\/tr>\n<tr style=\"height: 18.00pt;\">\n<td class=\"et3\" style=\"height: 18.00pt; width: 168.00pt;\" width=\"224\" height=\"24\"><span class=\"font2\">Garantie<\/span><\/td>\n<td class=\"et3\" style=\"width: 219.00pt;\" width=\"292\"><span class=\"font2\">3 ans<\/span><\/td>\n<\/tr>\n<tr style=\"height: 18.00pt;\">\n<td class=\"et3\" style=\"height: 18.00pt; width: 168.00pt;\" width=\"224\" height=\"24\"><span class=\"font2\">Application<\/span><\/td>\n<td class=\"et3\" style=\"width: 219.00pt;\" width=\"292\"><span class=\"font2\">Ext\u00e9rieur, H\u00f4tel, Garage, Commercial, M\u00e9nage<\/span><\/td>\n<\/tr>\n<tr style=\"height: 18.00pt;\">\n<td class=\"et3\" style=\"height: 18.00pt; width: 168.00pt;\" width=\"224\" height=\"24\"><span class=\"font2\">Source d&#039;\u00e9nergie<\/span><\/td>\n<td class=\"et3\" style=\"width: 219.00pt;\" width=\"292\"><span class=\"font2\">\u00c9lectrique, Gaz<\/span><\/td>\n<\/tr>\n<tr style=\"height: 18.00pt;\">\n<td class=\"et3\" style=\"height: 18.00pt; width: 168.00pt;\" width=\"224\" height=\"24\"><span class=\"font2\">Contr\u00f4l\u00e9 par application<\/span><\/td>\n<td class=\"et3\" style=\"width: 219.00pt;\" width=\"292\"><span class=\"font2\">Oui<\/span><\/td>\n<\/tr>\n<tr style=\"height: 18.00pt;\">\n<td class=\"et3\" style=\"height: 18.00pt; width: 168.00pt;\" width=\"224\" height=\"24\"><span class=\"font2\">Moule priv\u00e9<\/span><\/td>\n<td class=\"et3\" style=\"width: 219.00pt;\" width=\"292\"><span class=\"font2\">NON<\/span><\/td>\n<\/tr>\n<tr style=\"height: 18.00pt;\">\n<td class=\"et3\" style=\"height: 18.00pt; width: 168.00pt;\" width=\"224\" height=\"24\"><span class=\"font2\">Taper<\/span><\/td>\n<td class=\"et3\" style=\"width: 219.00pt;\" width=\"292\"><span class=\"font2\">Refroidisseur \u00e0 air<\/span><\/td>\n<\/tr>\n<tr style=\"height: 18.00pt;\">\n<td class=\"et3\" style=\"height: 18.00pt; width: 168.00pt;\" width=\"224\" height=\"24\"><span class=\"font2\">Installation<\/span><\/td>\n<td class=\"et3\" style=\"width: 219.00pt;\" width=\"292\"><span class=\"font2\">Autonome<\/span><\/td>\n<\/tr>\n<tr style=\"height: 18.00pt;\">\n<td class=\"et3\" style=\"height: 18.00pt; width: 168.00pt;\" width=\"224\" height=\"24\"><span class=\"font2\">Stockage \/ Sans r\u00e9servoir<\/span><\/td>\n<td class=\"et3\" style=\"width: 219.00pt;\" width=\"292\"><span class=\"font2\">Autre<\/span><\/td>\n<\/tr>\n<tr style=\"height: 18.00pt;\">\n<td class=\"et3\" style=\"height: 18.00pt; width: 168.00pt;\" width=\"224\" height=\"24\"><span class=\"font2\">Mat\u00e9riau du bo\u00eetier<\/span><\/td>\n<td class=\"et3\" style=\"width: 219.00pt;\" width=\"292\"><span class=\"font2\">Acier inoxydable<\/span><\/td>\n<\/tr>\n<tr style=\"height: 18.00pt;\">\n<td class=\"et3\" style=\"height: 18.00pt; width: 168.00pt;\" width=\"224\" height=\"24\"><span class=\"font2\">Utiliser<\/span><\/td>\n<td class=\"et3\" style=\"width: 219.00pt;\" width=\"292\"><span class=\"font2\">de plein air<\/span><\/td>\n<\/tr>\n<tr style=\"height: 18.00pt;\">\n<td class=\"et3\" style=\"height: 18.00pt; width: 168.00pt;\" width=\"224\" height=\"24\"><span class=\"font2\">Lieu d&#039;origine<\/span><\/td>\n<td class=\"et3\" style=\"width: 219.00pt;\" width=\"292\"><span class=\"font2\">Chine<\/span><\/td>\n<\/tr>\n<tr style=\"height: 18.00pt;\">\n<td class=\"et3\" style=\"height: 18.00pt; width: 168.00pt;\" width=\"224\" height=\"24\"><span class=\"font2\">Nom de marque<\/span><\/td>\n<td class=\"et3\" style=\"width: 219.00pt;\" width=\"292\"><span class=\"font2\">H\u00e9tapro<\/span><\/td>\n<\/tr>\n<tr style=\"height: 18.00pt;\">\n<td class=\"et3\" style=\"height: 18.00pt; width: 168.00pt;\" width=\"224\" height=\"24\"><span class=\"font2\">Num\u00e9ro de mod\u00e8le<\/span><\/td>\n<td class=\"et3\" style=\"width: 219.00pt;\" width=\"292\"><span class=\"font2\">DSKL-65\/N1S-A<\/span><\/td>\n<\/tr>\n<tr style=\"height: 18.00pt;\">\n<td class=\"et3\" style=\"height: 18.00pt; width: 168.00pt;\" width=\"224\" height=\"24\"><span class=\"font2\">Fonction<\/span><\/td>\n<td class=\"et3\" style=\"width: 219.00pt;\" width=\"292\"><span class=\"font2\">Chauffage et refroidissement<\/span><\/td>\n<\/tr>\n<tr style=\"height: 18.00pt;\">\n<td class=\"et3\" style=\"height: 18.00pt; width: 168.00pt;\" width=\"224\" height=\"24\"><span class=\"font2\">\u00c9changeur de chaleur<\/span><\/td>\n<td class=\"et3\" style=\"width: 219.00pt;\" width=\"292\"><span class=\"font2\">tube dans tube<\/span><\/td>\n<\/tr>\n<tr style=\"height: 18.00pt;\">\n<td class=\"et3\" style=\"height: 18.00pt; width: 168.00pt;\" width=\"224\" height=\"24\"><span class=\"font2\">Compresseur<\/span><\/td>\n<td class=\"et3\" style=\"width: 219.00pt;\" width=\"292\"><span class=\"font2\">Rouleau<\/span><\/td>\n<\/tr>\n<tr style=\"height: 18.00pt;\">\n<td class=\"et3\" style=\"height: 18.00pt; width: 168.00pt;\" width=\"224\" height=\"24\"><span class=\"font2\">Pouvoir<\/span><\/td>\n<td class=\"et3\" style=\"width: 219.00pt;\" width=\"292\"><span class=\"font2\">380-420 V\/triphas\u00e9\/50 Hz<\/span><\/td>\n<\/tr>\n<tr style=\"height: 18.00pt;\">\n<td class=\"et3\" style=\"height: 18.00pt; width: 168.00pt;\" width=\"224\" height=\"24\"><span class=\"font2\">Contr\u00f4leur<\/span><\/td>\n<td class=\"et3\" style=\"width: 219.00pt;\" width=\"292\"><span class=\"font2\">Contr\u00f4leur filaire (Wi-Fi pris en charge)<\/span><\/td>\n<\/tr>\n<tr style=\"height: 18.00pt;\">\n<td class=\"et3\" style=\"height: 18.00pt; width: 168.00pt;\" width=\"224\" height=\"24\"><span class=\"font2\">Source de chaleur<\/span><\/td>\n<td class=\"et3\" style=\"width: 219.00pt;\" width=\"292\"><span class=\"font2\">Source d&#039;air<\/span><\/td>\n<\/tr>\n<tr style=\"height: 18.00pt;\">\n<td class=\"et3\" style=\"height: 18.00pt; width: 168.00pt;\" width=\"224\" height=\"24\"><span class=\"font2\">R\u00e9frig\u00e9rant<\/span><\/td>\n<td class=\"et3\" style=\"width: 219.00pt;\" width=\"292\"><span class=\"font2\">R410A<\/span><\/td>\n<\/tr>\n<tr style=\"height: 18.00pt;\">\n<td class=\"et3\" style=\"height: 18.00pt; width: 168.00pt;\" width=\"224\" height=\"24\"><span class=\"font2\">Temp\u00e9rature ambiante<\/span><\/td>\n<td class=\"et3\" style=\"width: 219.00pt;\" width=\"292\"><span class=\"font2\">-25 ~ 45 degr\u00e9s<\/span><\/td>\n<\/tr>\n<tr style=\"height: 18.00pt;\">\n<td class=\"et3\" style=\"height: 18.00pt; width: 168.00pt;\" width=\"224\" height=\"24\"><span class=\"font2\">Certification<\/span><\/td>\n<td class=\"et3\" style=\"width: 219.00pt;\" width=\"292\"><span class=\"font2\">Certificat CE<\/span><\/td>\n<\/tr>\n<tr style=\"height: 18.00pt;\">\n<td class=\"et3\" style=\"height: 18.00pt; width: 168.00pt;\" width=\"224\" height=\"24\"><span class=\"font2\">Service OEM<\/span><\/td>\n<td class=\"et3\" style=\"width: 219.00pt;\" width=\"292\"><span class=\"font2\">Disponible<\/span><\/td>\n<\/tr>\n<\/tbody>\n<\/table>","protected":false},"excerpt":{"rendered":"<div class=\"elementor-element elementor-element-a18efa6 elementor-repeater-item-none elementor-repeater-item-none_hover elementor-widget elementor-widget-woocommerce-product-short-description\" data-id=\"a18efa6\" data-element_type=\"widget\" data-widget_type=\"woocommerce-product-short-description.default\">\n<div class=\"elementor-widget-container\">\n<div class=\"woocommerce-product-details__short-description\">\n<p><strong>Capacit\u00e9 de production<\/strong>: 150 pi\u00e8ces \/ heure<\/p>\n<p><strong>Gamme de remplissage<\/strong>: 1-30 kg<\/p>\n<ul>\n<li>En continu et automatiquement<\/li>\n<li>Bon pour l&#039;environnement<\/li>\n<li>Remplissage de haute pr\u00e9cision<\/li>\n<li>Longue p\u00e9riode d&#039;utilisation<\/li>\n<\/ul>\n<p><strong>Remplissage Pr\u00e9cosion<\/strong> : 1KG\u22640,02<\/p>\n<\/div>\n<\/div>\n<\/div>","protected":false},"featured_media":3782,"template":"","meta":{"_acf_changed":false,"_seopress_robots_primary_cat":"none","_seopress_titles_title":"","_seopress_titles_desc":"","_seopress_robots_index":""},"product_cat":[28],"product_tag":[37],"acf":[],"_links":{"self":[{"href":"https:\/\/hetapro.com\/fr\/wp-json\/wp\/v2\/product\/1059"}],"collection":[{"href":"https:\/\/hetapro.com\/fr\/wp-json\/wp\/v2\/product"}],"about":[{"href":"https:\/\/hetapro.com\/fr\/wp-json\/wp\/v2\/types\/product"}],"wp:featuredmedia":[{"embeddable":true,"href":"https:\/\/hetapro.com\/fr\/wp-json\/wp\/v2\/media\/3782"}],"wp:attachment":[{"href":"https:\/\/hetapro.com\/fr\/wp-json\/wp\/v2\/media?parent=1059"}],"wp:term":[{"taxonomy":"product_cat","embeddable":true,"href":"https:\/\/hetapro.com\/fr\/wp-json\/wp\/v2\/product_cat?post=1059"},{"taxonomy":"product_tag","embeddable":true,"href":"https:\/\/hetapro.com\/fr\/wp-json\/wp\/v2\/product_tag?post=1059"}],"curies":[{"name":"wp","href":"https:\/\/api.w.org\/{rel}","templated":true}]}}