{"id":1062,"date":"2023-07-05T09:26:54","date_gmt":"2023-07-05T09:26:54","guid":{"rendered":"https:\/\/hetapro.com\/?post_type=product&#038;p=1062"},"modified":"2025-01-06T08:09:29","modified_gmt":"2025-01-06T08:09:29","slug":"r32-modular-chiller","status":"publish","type":"product","link":"https:\/\/hetapro.com\/fr\/products\/r32-modular-chiller\/","title":{"rendered":"Refroidisseur modulaire R32"},"content":{"rendered":"<p><img loading=\"lazy\" decoding=\"async\" class=\"wp-image-1070\" src=\"http:\/\/hetapro.com\/wp-content\/uploads\/2023\/07\/r410a-modular-chiller5-scaled.webp\" alt=\"auto draft\" width=\"900\" height=\"1273\" srcset=\"https:\/\/hetapro.com\/wp-content\/uploads\/2023\/07\/r410a-modular-chiller5-scaled.webp 1810w, https:\/\/hetapro.com\/wp-content\/uploads\/2023\/07\/r410a-modular-chiller5-scaled-600x849.webp 600w, https:\/\/hetapro.com\/wp-content\/uploads\/2023\/07\/r410a-modular-chiller5-212x300.webp 212w, https:\/\/hetapro.com\/wp-content\/uploads\/2023\/07\/r410a-modular-chiller5-724x1024.webp 724w, https:\/\/hetapro.com\/wp-content\/uploads\/2023\/07\/r410a-modular-chiller5-768x1086.webp 768w, https:\/\/hetapro.com\/wp-content\/uploads\/2023\/07\/r410a-modular-chiller5-1086x1536.webp 1086w, https:\/\/hetapro.com\/wp-content\/uploads\/2023\/07\/r410a-modular-chiller5-1448x2048.webp 1448w\" sizes=\"(max-width: 900px) 100vw, 900px\" \/><\/p>\n<p><img loading=\"lazy\" decoding=\"async\" class=\"wp-image-1071\" src=\"http:\/\/hetapro.com\/wp-content\/uploads\/2023\/07\/r410a-modular-chiller6-scaled.webp\" alt=\"R410a Modular chiller4\" width=\"900\" height=\"1274\" srcset=\"https:\/\/hetapro.com\/wp-content\/uploads\/2023\/07\/r410a-modular-chiller6-scaled.webp 1809w, https:\/\/hetapro.com\/wp-content\/uploads\/2023\/07\/r410a-modular-chiller6-scaled-600x849.webp 600w, https:\/\/hetapro.com\/wp-content\/uploads\/2023\/07\/r410a-modular-chiller6-212x300.webp 212w, https:\/\/hetapro.com\/wp-content\/uploads\/2023\/07\/r410a-modular-chiller6-724x1024.webp 724w, https:\/\/hetapro.com\/wp-content\/uploads\/2023\/07\/r410a-modular-chiller6-768x1087.webp 768w, https:\/\/hetapro.com\/wp-content\/uploads\/2023\/07\/r410a-modular-chiller6-1086x1536.webp 1086w, https:\/\/hetapro.com\/wp-content\/uploads\/2023\/07\/r410a-modular-chiller6-1447x2048.webp 1447w\" sizes=\"(max-width: 900px) 100vw, 900px\" \/><\/p>\n<table class=\"alignleft\" style=\"border-collapse: collapse; width: 100%;\" border=\"0\" width=\"415\" cellspacing=\"0\" cellpadding=\"0\">\n<tbody>\n<tr style=\"height: 27.00pt;\">\n<td class=\"et2\" style=\"height: 27pt; width: 115.5pt; text-align: center;\" width=\"154\" height=\"36\">article<\/td>\n<td class=\"et2\" style=\"width: 195.75pt;\" width=\"261\">valeur<\/td>\n<\/tr>\n<tr style=\"height: 27.00pt;\">\n<td class=\"et3\" style=\"height: 27.00pt; width: 115.50pt;\" width=\"154\" height=\"36\"><span class=\"font2\">Service apr\u00e8s-vente assur\u00e9<\/span><\/td>\n<td class=\"et3\" style=\"width: 195.75pt;\" width=\"261\"><span class=\"font2\">Pi\u00e8ces de rechange gratuites, centres d&#039;appels \u00e0 l&#039;\u00e9tranger<\/span><\/td>\n<\/tr>\n<tr style=\"height: 27.00pt;\">\n<td class=\"et3\" style=\"height: 27.00pt; width: 115.50pt;\" width=\"154\" height=\"36\"><span class=\"font2\">Garantie<\/span><\/td>\n<td class=\"et3\" style=\"width: 195.75pt;\" width=\"261\"><span class=\"font2\">3 ans<\/span><\/td>\n<\/tr>\n<tr style=\"height: 27.00pt;\">\n<td class=\"et3\" style=\"height: 27.00pt; width: 115.50pt;\" width=\"154\" height=\"36\"><span class=\"font2\">Application<\/span><\/td>\n<td class=\"et3\" style=\"width: 195.75pt;\" width=\"261\"><span class=\"font2\">Ext\u00e9rieur, H\u00f4tel, Garage, Commercial, M\u00e9nage<\/span><\/td>\n<\/tr>\n<tr style=\"height: 27.00pt;\">\n<td class=\"et3\" style=\"height: 27.00pt; width: 115.50pt;\" width=\"154\" height=\"36\"><span class=\"font2\">Source d&#039;\u00e9nergie<\/span><\/td>\n<td class=\"et3\" style=\"width: 195.75pt;\" width=\"261\"><span class=\"font2\">\u00c9lectrique, Gaz<\/span><\/td>\n<\/tr>\n<tr style=\"height: 27.00pt;\">\n<td class=\"et3\" style=\"height: 27.00pt; width: 115.50pt;\" width=\"154\" height=\"36\"><span class=\"font2\">Contr\u00f4l\u00e9 par application<\/span><\/td>\n<td class=\"et3\" style=\"width: 195.75pt;\" width=\"261\"><span class=\"font2\">Oui<\/span><\/td>\n<\/tr>\n<tr style=\"height: 27.00pt;\">\n<td class=\"et3\" style=\"height: 27.00pt; width: 115.50pt;\" width=\"154\" height=\"36\"><span class=\"font2\">Moule priv\u00e9<\/span><\/td>\n<td class=\"et3\" style=\"width: 195.75pt;\" width=\"261\"><span class=\"font2\">NON<\/span><\/td>\n<\/tr>\n<tr style=\"height: 27.00pt;\">\n<td class=\"et3\" style=\"height: 27.00pt; width: 115.50pt;\" width=\"154\" height=\"36\"><span class=\"font2\">Taper<\/span><\/td>\n<td class=\"et3\" style=\"width: 195.75pt;\" width=\"261\"><span class=\"font2\">Refroidisseur \u00e0 air<\/span><\/td>\n<\/tr>\n<tr style=\"height: 27.00pt;\">\n<td class=\"et3\" style=\"height: 27.00pt; width: 115.50pt;\" width=\"154\" height=\"36\"><span class=\"font2\">Installation<\/span><\/td>\n<td class=\"et3\" style=\"width: 195.75pt;\" width=\"261\"><span class=\"font2\">Autonome<\/span><\/td>\n<\/tr>\n<tr style=\"height: 27.00pt;\">\n<td class=\"et3\" style=\"height: 27.00pt; width: 115.50pt;\" width=\"154\" height=\"36\"><span class=\"font2\">Stockage \/ Sans r\u00e9servoir<\/span><\/td>\n<td class=\"et3\" style=\"width: 195.75pt;\" width=\"261\"><span class=\"font2\">Autre<\/span><\/td>\n<\/tr>\n<tr style=\"height: 27.00pt;\">\n<td class=\"et3\" style=\"height: 27.00pt; width: 115.50pt;\" width=\"154\" height=\"36\"><span class=\"font2\">Mat\u00e9riau du bo\u00eetier<\/span><\/td>\n<td class=\"et3\" style=\"width: 195.75pt;\" width=\"261\"><span class=\"font2\">Acier inoxydable<\/span><\/td>\n<\/tr>\n<tr style=\"height: 27.00pt;\">\n<td class=\"et3\" style=\"height: 27.00pt; width: 115.50pt;\" width=\"154\" height=\"36\"><span class=\"font2\">Utiliser<\/span><\/td>\n<td class=\"et3\" style=\"width: 195.75pt;\" width=\"261\"><span class=\"font2\">de plein air<\/span><\/td>\n<\/tr>\n<tr style=\"height: 27.00pt;\">\n<td class=\"et3\" style=\"height: 27.00pt; width: 115.50pt;\" width=\"154\" height=\"36\"><span class=\"font2\">Lieu d&#039;origine<\/span><\/td>\n<td class=\"et3\" style=\"width: 195.75pt;\" width=\"261\"><span class=\"font2\">Chine<\/span><\/td>\n<\/tr>\n<tr style=\"height: 27.00pt;\">\n<td class=\"et3\" style=\"height: 27.00pt; width: 115.50pt;\" width=\"154\" height=\"36\"><span class=\"font2\">Nom de marque<\/span><\/td>\n<td class=\"et3\" style=\"width: 195.75pt;\" width=\"261\"><span class=\"font2\">H\u00e9tapro<\/span><\/td>\n<\/tr>\n<tr style=\"height: 27.00pt;\">\n<td class=\"et3\" style=\"height: 27.00pt; width: 115.50pt;\" width=\"154\" height=\"36\"><span class=\"font2\">Num\u00e9ro de mod\u00e8le<\/span><\/td>\n<td class=\"et3\" style=\"width: 195.75pt;\" width=\"261\"><span class=\"font2\">DSKL-65\/N1S-A<\/span><\/td>\n<\/tr>\n<tr style=\"height: 27.00pt;\">\n<td class=\"et3\" style=\"height: 27.00pt; width: 115.50pt;\" width=\"154\" height=\"36\"><span class=\"font2\">Fonction<\/span><\/td>\n<td class=\"et3\" style=\"width: 195.75pt;\" width=\"261\"><span class=\"font2\">Chauffage et refroidissement<\/span><\/td>\n<\/tr>\n<tr style=\"height: 27.00pt;\">\n<td class=\"et3\" style=\"height: 27.00pt; width: 115.50pt;\" width=\"154\" height=\"36\"><span class=\"font2\">\u00c9changeur de chaleur<\/span><\/td>\n<td class=\"et3\" style=\"width: 195.75pt;\" width=\"261\"><span class=\"font2\">tube dans tube<\/span><\/td>\n<\/tr>\n<tr style=\"height: 27.00pt;\">\n<td class=\"et3\" style=\"height: 27.00pt; width: 115.50pt;\" width=\"154\" height=\"36\"><span class=\"font2\">Compresseur<\/span><\/td>\n<td class=\"et3\" style=\"width: 195.75pt;\" width=\"261\"><span class=\"font2\">Rouleau<\/span><\/td>\n<\/tr>\n<tr style=\"height: 27.00pt;\">\n<td class=\"et3\" style=\"height: 27.00pt; width: 115.50pt;\" width=\"154\" height=\"36\"><span class=\"font2\">Pouvoir<\/span><\/td>\n<td class=\"et3\" style=\"width: 195.75pt;\" width=\"261\"><span class=\"font2\">380-420 V\/triphas\u00e9\/50 Hz<\/span><\/td>\n<\/tr>\n<tr style=\"height: 27.00pt;\">\n<td class=\"et3\" style=\"height: 27.00pt; width: 115.50pt;\" width=\"154\" height=\"36\"><span class=\"font2\">Contr\u00f4leur<\/span><\/td>\n<td class=\"et3\" style=\"width: 195.75pt;\" width=\"261\"><span class=\"font2\">Contr\u00f4leur filaire (Wi-Fi pris en charge)<\/span><\/td>\n<\/tr>\n<tr style=\"height: 27.00pt;\">\n<td class=\"et3\" style=\"height: 27.00pt; width: 115.50pt;\" width=\"154\" height=\"36\"><span class=\"font2\">Source de chaleur<\/span><\/td>\n<td class=\"et3\" style=\"width: 195.75pt;\" width=\"261\"><span class=\"font2\">Source d&#039;air<\/span><\/td>\n<\/tr>\n<tr style=\"height: 27.00pt;\">\n<td class=\"et3\" style=\"height: 27.00pt; width: 115.50pt;\" width=\"154\" height=\"36\"><span class=\"font2\">R\u00e9frig\u00e9rant<\/span><\/td>\n<td class=\"et3\" style=\"width: 195.75pt;\" width=\"261\"><span class=\"font2\">R410A<\/span><\/td>\n<\/tr>\n<tr style=\"height: 27.00pt;\">\n<td class=\"et3\" style=\"height: 27.00pt; width: 115.50pt;\" width=\"154\" height=\"36\"><span class=\"font2\">Temp\u00e9rature ambiante<\/span><\/td>\n<td class=\"et3\" style=\"width: 195.75pt;\" width=\"261\"><span class=\"font2\">-25 ~ 45 degr\u00e9s<\/span><\/td>\n<\/tr>\n<tr style=\"height: 27.00pt;\">\n<td class=\"et3\" style=\"height: 27.00pt; width: 115.50pt;\" width=\"154\" height=\"36\"><span class=\"font2\">Certification<\/span><\/td>\n<td class=\"et3\" style=\"width: 195.75pt;\" width=\"261\"><span class=\"font2\"><span class=\"font2\">Certificat CE<\/span><\/span>brouillon automatique<\/td>\n<\/tr>\n<tr style=\"height: 27.00pt;\">\n<td class=\"et3\" style=\"height: 27.00pt; width: 115.50pt;\" width=\"154\" height=\"36\"><span class=\"font2\">Service OEM<\/span><\/td>\n<td class=\"et3\" style=\"width: 195.75pt;\" width=\"261\"><span class=\"font2\">Disponible<\/span><\/td>\n<\/tr>\n<\/tbody>\n<\/table>","protected":false},"excerpt":{"rendered":"<p>Capacit\u00e9 de production : 150 pi\u00e8ces\/heure<\/p>\n<p>Plage de remplissage : 1 \u00e0 30 kg<\/p>\n<p>En continu et automatiquement<br \/>\nBon pour l&#039;environnement<br \/>\nRemplissage de haute pr\u00e9cision<br \/>\nLongue p\u00e9riode d&#039;utilisation<br \/>\nPr\u00e9cision de remplissage : 1KG\u22640,02<\/p>","protected":false},"featured_media":3783,"template":"","meta":{"_acf_changed":false,"_seopress_robots_primary_cat":"none","_seopress_titles_title":"","_seopress_titles_desc":"","_seopress_robots_index":""},"product_cat":[29],"product_tag":[],"acf":[],"_links":{"self":[{"href":"https:\/\/hetapro.com\/fr\/wp-json\/wp\/v2\/product\/1062"}],"collection":[{"href":"https:\/\/hetapro.com\/fr\/wp-json\/wp\/v2\/product"}],"about":[{"href":"https:\/\/hetapro.com\/fr\/wp-json\/wp\/v2\/types\/product"}],"wp:featuredmedia":[{"embeddable":true,"href":"https:\/\/hetapro.com\/fr\/wp-json\/wp\/v2\/media\/3783"}],"wp:attachment":[{"href":"https:\/\/hetapro.com\/fr\/wp-json\/wp\/v2\/media?parent=1062"}],"wp:term":[{"taxonomy":"product_cat","embeddable":true,"href":"https:\/\/hetapro.com\/fr\/wp-json\/wp\/v2\/product_cat?post=1062"},{"taxonomy":"product_tag","embeddable":true,"href":"https:\/\/hetapro.com\/fr\/wp-json\/wp\/v2\/product_tag?post=1062"}],"curies":[{"name":"wp","href":"https:\/\/api.w.org\/{rel}","templated":true}]}}