{"id":1506,"date":"2023-07-24T02:24:10","date_gmt":"2023-07-24T02:24:10","guid":{"rendered":"https:\/\/hetapro.com\/?post_type=product&#038;p=1506"},"modified":"2025-07-17T01:59:49","modified_gmt":"2025-07-17T01:59:49","slug":"r32-swimming-pool-series","status":"publish","type":"product","link":"https:\/\/hetapro.com\/fr\/products\/r32-swimming-pool-series\/","title":{"rendered":"S\u00e9rie de piscines R32"},"content":{"rendered":"<p>Profitez du confort de votre piscine toute l&#039;ann\u00e9e gr\u00e2ce aux pompes \u00e0 chaleur Inverter R32 de la s\u00e9rie Piscine d&#039;Hetapro. Dot\u00e9es d&#039;un r\u00e9frig\u00e9rant R32 \u00e9cologique, d&#039;un compresseur Inverter GMCC DC, d&#039;un \u00e9changeur de chaleur spiral\u00e9 en titane r\u00e9sistant \u00e0 la corrosion, d&#039;un fonctionnement ultra-silencieux de 39 dB(A), d&#039;un COP &gt; 5,0 et d&#039;une t\u00e9l\u00e9commande Wi-Fi\/4G intelligente, elles sont id\u00e9ales pour les piscines r\u00e9sidentielles et commerciales.<\/p>","protected":false},"excerpt":{"rendered":"<p>Profitez du confort de votre piscine toute l&#039;ann\u00e9e gr\u00e2ce aux pompes \u00e0 chaleur Inverter R32 de la s\u00e9rie Piscine d&#039;Hetapro. Dot\u00e9es d&#039;un r\u00e9frig\u00e9rant R32 \u00e9cologique, d&#039;un compresseur Inverter GMCC DC, d&#039;un \u00e9changeur de chaleur spiral\u00e9 en titane r\u00e9sistant \u00e0 la corrosion, d&#039;un fonctionnement ultra-silencieux de 39 dB(A), d&#039;un COP &gt; 5,0 et d&#039;options de t\u00e9l\u00e9commande Wi-Fi\/4G intelligentes, elles sont id\u00e9ales pour les piscines r\u00e9sidentielles et commerciales.<\/p>","protected":false},"featured_media":4435,"template":"","meta":{"_acf_changed":false,"_seopress_robots_primary_cat":"none","_seopress_titles_title":"Hetapro R32 Swimming Pool Series | 7\u201328\u202fkW Inverter Pool Heat Pump with Titanium Heat Exchanger","_seopress_titles_desc":"Experience year\u2011round pool comfort with Hetapro\u2019s R32 Swimming Pool Series inverter heat pumps. Featuring eco\u2011friendly R32 refrigerant, GMCC DC inverter compressor, corrosion\u2011resistant spiral titanium heat exchanger, ultra\u2011quiet 39\u202fdB(A) operation, COP\u202f>\u202f5.0, and smart WiFi\/4G remote control options\u2014ideal for residential and commercial pools.","_seopress_robots_index":""},"product_cat":[40],"product_tag":[38],"acf":[],"_links":{"self":[{"href":"https:\/\/hetapro.com\/fr\/wp-json\/wp\/v2\/product\/1506"}],"collection":[{"href":"https:\/\/hetapro.com\/fr\/wp-json\/wp\/v2\/product"}],"about":[{"href":"https:\/\/hetapro.com\/fr\/wp-json\/wp\/v2\/types\/product"}],"wp:featuredmedia":[{"embeddable":true,"href":"https:\/\/hetapro.com\/fr\/wp-json\/wp\/v2\/media\/4435"}],"wp:attachment":[{"href":"https:\/\/hetapro.com\/fr\/wp-json\/wp\/v2\/media?parent=1506"}],"wp:term":[{"taxonomy":"product_cat","embeddable":true,"href":"https:\/\/hetapro.com\/fr\/wp-json\/wp\/v2\/product_cat?post=1506"},{"taxonomy":"product_tag","embeddable":true,"href":"https:\/\/hetapro.com\/fr\/wp-json\/wp\/v2\/product_tag?post=1506"}],"curies":[{"name":"wp","href":"https:\/\/api.w.org\/{rel}","templated":true}]}}