{"id":4290,"date":"2025-05-26T01:12:56","date_gmt":"2025-05-26T01:12:56","guid":{"rendered":"https:\/\/hetapro.com\/?post_type=product&#038;p=4290"},"modified":"2025-06-17T08:44:19","modified_gmt":"2025-06-17T08:44:19","slug":"pac-parking-air-conditioner","status":"publish","type":"product","link":"https:\/\/hetapro.com\/fr\/products\/pac-parking-air-conditioner\/","title":{"rendered":"PAC (climatiseur de stationnement)"},"content":{"rendered":"<h1 data-start=\"145\" data-end=\"241\">Climatiseurs de toit monophas\u00e9s \u00e0 onduleur 24 V CC pour v\u00e9hicules (PAC)<\/h1>\n<h2 data-start=\"243\" data-end=\"264\"><strong data-start=\"246\" data-end=\"262\">Introduction<\/strong><\/h2>\n<p data-start=\"265\" data-end=\"762\">Le <strong data-start=\"411\" data-end=\"470\">Climatiseur de toit Hetapro 24 V CC Inverter Mono pour v\u00e9hicule<\/strong> Con\u00e7u pour offrir un refroidissement fiable et \u00e9conome en \u00e9nergie aux v\u00e9hicules utilitaires, aux bus et aux navettes. Sa conception compacte tout-en-un s&#039;installe facilement sur le toit de n&#039;importe quel v\u00e9hicule, assurant une climatisation instantan\u00e9e sans modifier l&#039;int\u00e9rieur de l&#039;habitacle.<\/p>\n<hr data-start=\"764\" data-end=\"767\" \/>\n<h3 data-start=\"726\" data-end=\"762\"><strong data-start=\"730\" data-end=\"760\">Principales caract\u00e9ristiques et avantages<\/strong><\/h3>\n<ul data-start=\"763\" data-end=\"1797\">\n<li data-start=\"763\" data-end=\"880\">\n<p data-start=\"765\" data-end=\"880\"><strong data-start=\"765\" data-end=\"791\">Compresseur Inverter CC GMCC<\/strong>: Assure une modulation de capacit\u00e9 fluide, minimisant la consommation d&#039;\u00e9nergie et prolongeant la dur\u00e9e de vie de la batterie.<\/p>\n<\/li>\n<li data-start=\"881\" data-end=\"970\">\n<p data-start=\"883\" data-end=\"970\"><strong data-start=\"883\" data-end=\"903\">Alimentation 24 V<\/strong>:Id\u00e9al pour les syst\u00e8mes \u00e9lectriques de camions et de bus\u00a0; aucun onduleur n&#039;est n\u00e9cessaire.<\/p>\n<\/li>\n<li data-start=\"971\" data-end=\"1068\">\n<p data-start=\"973\" data-end=\"1068\"><strong data-start=\"973\" data-end=\"1000\">Fonctionnement silencieux<\/strong>: Des niveaux de bruit aussi bas que <strong data-start=\"1025\" data-end=\"1037\">53 dB(A)<\/strong> afin que les passagers voyagent en toute tranquillit\u00e9.<\/p>\n<\/li>\n<li data-start=\"1069\" data-end=\"1164\">\n<p data-start=\"1071\" data-end=\"1164\"><strong data-start=\"1071\" data-end=\"1096\">Capacit\u00e9 de refroidissement \u00e9lev\u00e9e<\/strong>: Jusqu&#039;\u00e0 2<strong data-start=\"1104\" data-end=\"1112\">\u00a0kW<\/strong> de puissance de refroidissement pour une r\u00e9duction rapide de la temp\u00e9rature.<\/p>\n<\/li>\n<li data-start=\"1165\" data-end=\"1298\">\n<p data-start=\"1167\" data-end=\"1298\"><strong data-start=\"1167\" data-end=\"1196\">Conception compacte pour montage sur toit<\/strong>:Profil bas (973 \u00d7 802 \u00d7 195) et l\u00e9ger (35 kg) pour une installation facile et une tra\u00een\u00e9e minimale.<\/p>\n<\/li>\n<li data-start=\"1299\" data-end=\"1391\">\n<p data-start=\"1301\" data-end=\"1391\"><strong data-start=\"1301\" data-end=\"1330\">Distribution d&#039;air avanc\u00e9e<\/strong>:Les a\u00e9rations multidirectionnelles assurent une temp\u00e9rature uniforme dans la cabine.<\/p>\n<\/li>\n<li data-start=\"1500\" data-end=\"1598\">\n<p data-start=\"1502\" data-end=\"1598\"><strong data-start=\"1502\" data-end=\"1519\">\u00c9conomie d&#039;\u00e9nergie<\/strong>: Jusqu&#039;\u00e0 <strong data-start=\"1527\" data-end=\"1534\">30%<\/strong> consommation d&#039;\u00e9nergie inf\u00e9rieure par rapport aux unit\u00e9s de toit traditionnelles.<\/p>\n<\/li>\n<li data-start=\"1599\" data-end=\"1700\">\n<p data-start=\"1601\" data-end=\"1700\"><strong data-start=\"1601\" data-end=\"1622\">Robuste et durable<\/strong>:Protection IPX4 contre l&#039;eau et la poussi\u00e8re ; fonctionne \u00e0 partir de <strong data-start=\"1670\" data-end=\"1689\">\u201310 \u00b0C \u00e0 55 \u00b0C<\/strong> ambiant.<\/p>\n<\/li>\n<li data-start=\"1701\" data-end=\"1797\">\n<p data-start=\"1703\" data-end=\"1797\"><strong data-start=\"1703\" data-end=\"1723\">Entretien facile<\/strong>:Filtres amovibles et panneaux de service pour un nettoyage et des inspections rapides.<\/p>\n<\/li>\n<\/ul>","protected":false},"excerpt":{"rendered":"<p>Le <strong data-start=\"411\" data-end=\"470\">Climatiseur de toit Hetapro 24 V CC Inverter Mono pour v\u00e9hicule<\/strong> Con\u00e7u pour offrir un refroidissement fiable et \u00e9conome en \u00e9nergie aux v\u00e9hicules utilitaires, aux bus et aux navettes. Sa conception compacte tout-en-un s&#039;installe facilement sur le toit de n&#039;importe quel v\u00e9hicule, assurant une climatisation instantan\u00e9e sans modifier l&#039;int\u00e9rieur de l&#039;habitacle.<\/p>","protected":false},"featured_media":4291,"template":"","meta":{"_acf_changed":false,"_seopress_robots_primary_cat":"none","_seopress_titles_title":"Parking Air Conditioner (24V DC Inverter Rooftop Mono Unit)","_seopress_titles_desc":"Discover Hetapro\u2019s 24V DC Inverter Rooftop Parking Air Conditioner\u2014efficient cooling for buses, trucks & shuttles. Whisper-quiet, low power draw, 24\/7 comfort.","_seopress_robots_index":""},"product_cat":[164],"product_tag":[163],"acf":[],"_links":{"self":[{"href":"https:\/\/hetapro.com\/fr\/wp-json\/wp\/v2\/product\/4290"}],"collection":[{"href":"https:\/\/hetapro.com\/fr\/wp-json\/wp\/v2\/product"}],"about":[{"href":"https:\/\/hetapro.com\/fr\/wp-json\/wp\/v2\/types\/product"}],"wp:featuredmedia":[{"embeddable":true,"href":"https:\/\/hetapro.com\/fr\/wp-json\/wp\/v2\/media\/4291"}],"wp:attachment":[{"href":"https:\/\/hetapro.com\/fr\/wp-json\/wp\/v2\/media?parent=4290"}],"wp:term":[{"taxonomy":"product_cat","embeddable":true,"href":"https:\/\/hetapro.com\/fr\/wp-json\/wp\/v2\/product_cat?post=4290"},{"taxonomy":"product_tag","embeddable":true,"href":"https:\/\/hetapro.com\/fr\/wp-json\/wp\/v2\/product_tag?post=4290"}],"curies":[{"name":"wp","href":"https:\/\/api.w.org\/{rel}","templated":true}]}}