{"id":4384,"date":"2025-06-18T02:23:41","date_gmt":"2025-06-18T02:23:41","guid":{"rendered":"https:\/\/hetapro.com\/?post_type=product&#038;p=4384"},"modified":"2025-06-24T13:11:01","modified_gmt":"2025-06-24T13:11:01","slug":"r410a-dc-inverter-cold-storage-unit","status":"publish","type":"product","link":"https:\/\/hetapro.com\/fr\/products\/r410a-dc-inverter-cold-storage-unit\/","title":{"rendered":"Unit\u00e9 de stockage \u00e0 froid \u00e0 onduleur CC R410A"},"content":{"rendered":"<h1>Unit\u00e9 de stockage \u00e0 froid \u00e0 onduleur CC R410A\/CCU (unit\u00e9 compresseur-condenseur)<\/h1>\n<h2 data-start=\"243\" data-end=\"264\"><strong data-start=\"246\" data-end=\"262\">Introduction<\/strong><\/h2>\n<p data-start=\"265\" data-end=\"762\"><strong>Unit\u00e9 de stockage \u00e0 froid \u00e0 onduleur CC Hetapro R410A<\/strong> Con\u00e7u pour conserver vos aliments, produits pharmaceutiques et autres produits thermosensibles en parfait \u00e9tat. Gr\u00e2ce \u00e0 un contr\u00f4le de temp\u00e9rature ultra-stable et \u00e0 une technologie d&#039;onduleur intelligente, vous b\u00e9n\u00e9ficiez d&#039;une efficacit\u00e9 maximale et de temps d&#039;arr\u00eat minimis\u00e9s.<\/p>\n<hr data-start=\"764\" data-end=\"767\" \/>\n<h3 data-start=\"726\" data-end=\"762\"><strong data-start=\"730\" data-end=\"760\">Principales caract\u00e9ristiques et avantages<\/strong><\/h3>\n<ul data-start=\"763\" data-end=\"1797\">\n<li><strong>Gamme de stockage frigorifique<\/strong>: -20\u2103~15\u2103<\/li>\n<li><strong>Technologie d&#039;onduleur CC :<\/strong>\u00a0La vitesse adaptative du compresseur r\u00e9duit la consommation d&#039;\u00e9nergie jusqu&#039;\u00e0 30%.<\/li>\n<li><strong>R\u00e9frig\u00e9rant R410A :<\/strong>\u00a0Performances de refroidissement respectueuses de l&#039;environnement et \u00e0 haute efficacit\u00e9.<\/li>\n<li><strong>Commandes intelligentes :<\/strong>\u00a0Interface tactile intuitive et connectivit\u00e9 IoT pour la surveillance \u00e0 distance.<\/li>\n<li><strong>Construction robuste :<\/strong>\u00a0Bo\u00eetier en acier inoxydable durable, r\u00e9sistant \u00e0 la corrosion, id\u00e9al pour une utilisation industrielle.<\/li>\n<\/ul>\n<h2>Id\u00e9al pour<\/h2>\n<p>Parfaitement adapt\u00e9 pour :<\/p>\n<ul>\n<li><strong>Alimentation et boissons<\/strong>:Produits frais, viande, produits laitiers et produits surgel\u00e9s.<\/li>\n<li><strong>M\u00e9dicaments<\/strong>:Vaccins, produits biologiques et m\u00e9dicaments sensibles \u00e0 la temp\u00e9rature.<\/li>\n<li><strong>Laboratoires de chimie et de recherche<\/strong>: Compos\u00e9s et \u00e9chantillons de sp\u00e9cialit\u00e9.<\/li>\n<\/ul>","protected":false},"excerpt":{"rendered":"<p>Unit\u00e9 de condensation pour stockage \u00e0 froid<\/p>","protected":false},"featured_media":4396,"template":"","meta":{"_acf_changed":false,"_seopress_robots_primary_cat":"none","_seopress_titles_title":"R410A DC Inverter Cold Storage Unit(Compressor-Condenser Unit)","_seopress_titles_desc":"Discover Hetapro's R410A DC Inverter Cold Storage Unit","_seopress_robots_index":""},"product_cat":[164,165],"product_tag":[166],"acf":[],"_links":{"self":[{"href":"https:\/\/hetapro.com\/fr\/wp-json\/wp\/v2\/product\/4384"}],"collection":[{"href":"https:\/\/hetapro.com\/fr\/wp-json\/wp\/v2\/product"}],"about":[{"href":"https:\/\/hetapro.com\/fr\/wp-json\/wp\/v2\/types\/product"}],"wp:featuredmedia":[{"embeddable":true,"href":"https:\/\/hetapro.com\/fr\/wp-json\/wp\/v2\/media\/4396"}],"wp:attachment":[{"href":"https:\/\/hetapro.com\/fr\/wp-json\/wp\/v2\/media?parent=4384"}],"wp:term":[{"taxonomy":"product_cat","embeddable":true,"href":"https:\/\/hetapro.com\/fr\/wp-json\/wp\/v2\/product_cat?post=4384"},{"taxonomy":"product_tag","embeddable":true,"href":"https:\/\/hetapro.com\/fr\/wp-json\/wp\/v2\/product_tag?post=4384"}],"curies":[{"name":"wp","href":"https:\/\/api.w.org\/{rel}","templated":true}]}}