{"id":4912,"date":"2025-09-29T02:37:54","date_gmt":"2025-09-29T02:37:54","guid":{"rendered":"https:\/\/hetapro.com\/?post_type=product&#038;p=4912"},"modified":"2025-09-30T02:32:49","modified_gmt":"2025-09-30T02:32:49","slug":"duct-series-inverter-ducted-air-conditioner","status":"publish","type":"product","link":"https:\/\/hetapro.com\/fr\/products\/duct-series-inverter-ducted-air-conditioner\/","title":{"rendered":"S\u00e9rie Duct \u2013 Climatiseur gainable Inverter"},"content":{"rendered":"<h1 data-start=\"145\" data-end=\"241\">Climatiseurs gainables HETAPRO R32 haute efficacit\u00e9 \u00e0 faible et moyenne charge statique<\/h1>\n<p>Refroidissement et chauffage puissants avec un design fin et dissimul\u00e9<\/p>\n<h2 data-start=\"243\" data-end=\"264\"><strong data-start=\"246\" data-end=\"262\">Introduction<\/strong><\/h2>\n<p data-start=\"265\" data-end=\"762\">En mati\u00e8re de climatisation efficace et fiable, <strong data-start=\"291\" data-end=\"326\">Climatiseurs gainables HETAPRO<\/strong> D\u00e9marquez-vous comme un choix sup\u00e9rieur pour les environnements r\u00e9sidentiels et commerciaux. Con\u00e7us pour offrir un fonctionnement silencieux, une distribution d&#039;air homog\u00e8ne et des performances robustes, nos syst\u00e8mes de climatisation gainables associent une technologie Inverter avanc\u00e9e \u00e0 une installation encastr\u00e9e \u00e9l\u00e9gante pour un confort in\u00e9gal\u00e9.<\/p>\n<p>&nbsp;<\/p>\n<hr data-start=\"764\" data-end=\"767\" \/>\n<h2 data-start=\"1500\" data-end=\"1528\">Principales caract\u00e9ristiques et avantages<\/h2>\n<ul>\n<li data-start=\"2577\" data-end=\"2644\">\n<p data-start=\"2579\" data-end=\"2644\"><strong data-start=\"2579\" data-end=\"2608\">R\u00e9partition uniforme du flux d&#039;air<\/strong> \u2013 Couvre tous les coins de la pi\u00e8ce<\/p>\n<\/li>\n<li data-start=\"2645\" data-end=\"2715\">\n<p data-start=\"2647\" data-end=\"2715\"><strong data-start=\"2647\" data-end=\"2667\">Faibles niveaux de bruit<\/strong> \u2013 Performances silencieuses pour des environnements paisibles<\/p>\n<\/li>\n<li data-start=\"2716\" data-end=\"2787\">\n<p data-start=\"2718\" data-end=\"2787\"><strong data-start=\"2718\" data-end=\"2743\">Installation flexible<\/strong> \u2013 La conception mince s\u2019adapte aux espaces de plafond limit\u00e9s<\/p>\n<\/li>\n<li data-start=\"2788\" data-end=\"2851\">\n<p data-start=\"2790\" data-end=\"2851\"><strong data-start=\"2790\" data-end=\"2813\">Technologie Inverter<\/strong> \u2013 R\u00e9duit les factures d\u2019\u00e9nergie jusqu\u2019\u00e0 30%<\/p>\n<\/li>\n<li data-start=\"2852\" data-end=\"2914\">\n<p data-start=\"2854\" data-end=\"2914\"><strong data-start=\"2854\" data-end=\"2877\">Performances durables<\/strong> \u2013 Con\u00e7u pour un fonctionnement durable<\/p>\n<\/li>\n<\/ul>\n<hr data-start=\"2481\" data-end=\"2484\" \/>\n<h2 data-start=\"2486\" data-end=\"2519\"><strong data-start=\"2489\" data-end=\"2517\">Sp\u00e9cifications techniques<\/strong><\/h2>\n<table class=\"w-fit min-w-(--thread-content-width)\" data-start=\"1820\" data-end=\"2551\">\n<thead data-start=\"1820\" data-end=\"1941\">\n<tr data-start=\"1820\" data-end=\"1941\">\n<th data-start=\"1820\" data-end=\"1835\" data-col-size=\"sm\">Mod\u00e8le<\/th>\n<th data-start=\"1835\" data-end=\"1853\" data-col-size=\"sm\">Refroidissement (BTU\/h)<\/th>\n<th data-start=\"1853\" data-end=\"1871\" data-col-size=\"sm\">Chauffage (BTU\/h)<\/th>\n<th data-start=\"1871\" data-end=\"1901\" data-col-size=\"sm\">Alimentation \u00e9lectrique<\/th>\n<th data-start=\"1901\" data-end=\"1918\" data-col-size=\"sm\">D\u00e9bit d&#039;air (m\u00b3\/h)<\/th>\n<th data-start=\"1918\" data-end=\"1941\" data-col-size=\"sm\">Dimensions (mm)<\/th>\n<\/tr>\n<\/thead>\n<tbody data-start=\"2064\" data-end=\"2551\">\n<tr data-start=\"2064\" data-end=\"2185\">\n<td data-start=\"2064\" data-end=\"2079\" data-col-size=\"sm\">SDVH18M-A3NA<\/td>\n<td data-start=\"2079\" data-end=\"2097\" data-col-size=\"sm\">18,000<\/td>\n<td data-start=\"2097\" data-end=\"2115\" data-col-size=\"sm\">18,000<\/td>\n<td data-start=\"2115\" data-end=\"2145\" data-col-size=\"sm\">1Ph, 220\u2013240 V, 50 Hz<\/td>\n<td data-start=\"2145\" data-end=\"2162\" data-col-size=\"sm\">920<\/td>\n<td data-start=\"2162\" data-end=\"2185\" data-col-size=\"sm\">1000 \u00d7 450 \u00d7 200<\/td>\n<\/tr>\n<tr data-start=\"2186\" data-end=\"2307\">\n<td data-start=\"2186\" data-end=\"2201\" data-col-size=\"sm\">SDVH24M-A3NA<\/td>\n<td data-start=\"2201\" data-end=\"2219\" data-col-size=\"sm\">24,000<\/td>\n<td data-start=\"2219\" data-end=\"2237\" data-col-size=\"sm\">24,000<\/td>\n<td data-start=\"2237\" data-end=\"2267\" data-col-size=\"sm\">1Ph, 220\u2013240 V, 50 Hz<\/td>\n<td data-start=\"2267\" data-end=\"2284\" data-col-size=\"sm\">1300<\/td>\n<td data-start=\"2284\" data-end=\"2307\" data-col-size=\"sm\">1300 \u00d7 450 \u00d7 200<\/td>\n<\/tr>\n<tr data-start=\"2308\" data-end=\"2429\">\n<td data-start=\"2308\" data-end=\"2323\" data-col-size=\"sm\">SDVH36M-A4NA<\/td>\n<td data-start=\"2323\" data-end=\"2341\" data-col-size=\"sm\">36,000<\/td>\n<td data-start=\"2341\" data-end=\"2359\" data-col-size=\"sm\">36,000<\/td>\n<td data-start=\"2359\" data-end=\"2389\" data-col-size=\"sm\">1Ph, 220\u2013240 V, 50 Hz<\/td>\n<td data-start=\"2389\" data-end=\"2406\" data-col-size=\"sm\">2000<\/td>\n<td data-start=\"2406\" data-end=\"2429\" data-col-size=\"sm\">1430 \u00d7 715 \u00d7 280<\/td>\n<\/tr>\n<tr data-start=\"2430\" data-end=\"2551\">\n<td data-start=\"2430\" data-end=\"2445\" data-col-size=\"sm\">SDVH48H-E1NA<\/td>\n<td data-start=\"2445\" data-end=\"2463\" data-col-size=\"sm\">48,000<\/td>\n<td data-start=\"2463\" data-end=\"2481\" data-col-size=\"sm\">48,000<\/td>\n<td data-start=\"2481\" data-end=\"2511\" data-col-size=\"sm\">3Ph, 380~415V, 50Hz<\/td>\n<td data-start=\"2511\" data-end=\"2528\" data-col-size=\"sm\">2150<\/td>\n<td data-start=\"2528\" data-end=\"2551\" data-col-size=\"sm\">1430 \u00d7 715 \u00d7 280<\/td>\n<\/tr>\n<\/tbody>\n<\/table>\n<hr data-start=\"2481\" data-end=\"2484\" \/>\n<h2 data-start=\"2921\" data-end=\"2939\">Applications<\/h2>\n<ul data-start=\"2940\" data-end=\"3115\">\n<li data-start=\"2940\" data-end=\"2997\">\n<p data-start=\"2942\" data-end=\"2997\"><strong data-start=\"2942\" data-end=\"2957\">R\u00e9sidentiel<\/strong>:Appartements, villas et maisons de luxe<\/p>\n<\/li>\n<li data-start=\"2998\" data-end=\"3060\">\n<p data-start=\"3000\" data-end=\"3060\"><strong data-start=\"3000\" data-end=\"3014\">Commercial<\/strong>: Bureaux, commerces de d\u00e9tail, restaurants, h\u00f4tels<\/p>\n<\/li>\n<li data-start=\"3061\" data-end=\"3115\">\n<p data-start=\"3063\" data-end=\"3115\"><strong data-start=\"3063\" data-end=\"3077\">Industriel<\/strong>: Entrep\u00f4ts, ateliers, grandes halles<\/p>\n<\/li>\n<\/ul>\n<hr data-start=\"2937\" data-end=\"2940\" \/>\n<h2 data-start=\"7759\" data-end=\"7819\">Pourquoi s&#039;associer \u00e0 HETAPRO pour vos besoins en climatisation ?<\/h2>\n<p data-start=\"7821\" data-end=\"8047\">Les distributeurs, les installateurs et les agents b\u00e9n\u00e9ficient de <strong data-start=\"7871\" data-end=\"7952\">support technique d\u00e9di\u00e9, tarification flexible et service apr\u00e8s-vente performant<\/strong>S&#039;associer \u00e0 HETAPRO, c&#039;est acqu\u00e9rir une marque fiable qui valorise la collaboration \u00e0 long terme.<\/p>\n<p>&nbsp;<\/p>\n<hr data-start=\"2937\" data-end=\"2940\" \/>\n<h2 data-start=\"2742\" data-end=\"2771\">Sp\u00e9cifications techniques<\/h2>\n<p data-start=\"2773\" data-end=\"2879\">Vous trouverez ci-dessous un r\u00e9sum\u00e9 des points forts techniques de la s\u00e9rie Cassette (bas\u00e9 sur la fiche technique t\u00e9l\u00e9charg\u00e9e)\u00a0:<\/p>\n<div class=\"_tableContainer_1rjym_1\">\n<div class=\"group _tableWrapper_1rjym_13 flex w-fit flex-col-reverse\" tabindex=\"-1\">\n<table width=\"980\">\n<tbody>\n<tr>\n<td colspan=\"3\" width=\"420\">Nom du mod\u00e8le<\/td>\n<td width=\"140\">SDVH18M-A3NA<\/td>\n<td width=\"140\">SDVH24M-A3NA<\/td>\n<td width=\"140\">SDVH36M-A4NA<\/td>\n<td width=\"140\">SDVH48H-E1NA<\/td>\n<\/tr>\n<tr>\n<td rowspan=\"2\" width=\"140\">Capacit\u00e9<\/td>\n<td width=\"140\">Refroidissement<\/td>\n<td width=\"140\">BTU\/h<\/td>\n<td width=\"140\">18000<\/td>\n<td width=\"140\">24000<\/td>\n<td width=\"140\">36000<\/td>\n<td width=\"140\">48000<\/td>\n<\/tr>\n<tr>\n<td width=\"140\">Chauffage<\/td>\n<td width=\"140\">BTU\/h<\/td>\n<td width=\"140\">18000<\/td>\n<td width=\"140\">24000<\/td>\n<td width=\"140\">36000<\/td>\n<td width=\"140\">48000<\/td>\n<\/tr>\n<tr>\n<td colspan=\"2\" width=\"280\">Alimentation \u00e9lectrique<\/td>\n<td width=\"140\">Ph\/V\/Hz<\/td>\n<td colspan=\"3\" width=\"420\">1 Ph, 220~240 V, 50 Hz<\/td>\n<td width=\"140\">3Ph, 380~415 V, 50 Hz<\/td>\n<\/tr>\n<tr>\n<td colspan=\"2\" width=\"280\">Volume du flux d&#039;air<\/td>\n<td width=\"140\">m3\/h<\/td>\n<td width=\"140\">920<\/td>\n<td width=\"140\">1300<\/td>\n<td width=\"140\">2000<\/td>\n<td width=\"140\">2150<\/td>\n<\/tr>\n<tr>\n<td width=\"140\">Dimension<\/td>\n<td width=\"140\">L \u00d7 H \u00d7 P<\/td>\n<td width=\"140\">mm<\/td>\n<td width=\"140\">1000x450x200<\/td>\n<td width=\"140\">1300x450x200<\/td>\n<td width=\"140\">1430x715x280<\/td>\n<td width=\"140\">1430x715x280<\/td>\n<\/tr>\n<\/tbody>\n<\/table>\n<\/div>\n<\/div>\n<p data-start=\"3448\" data-end=\"3544\"><em data-start=\"3448\" data-end=\"3542\">(Remarque\u00a0: donn\u00e9es adapt\u00e9es des sp\u00e9cifications de la s\u00e9rie de cassettes Hetapro. Les valeurs peuvent varier selon la r\u00e9gion.)<\/em><\/p>\n<hr data-start=\"4723\" data-end=\"4726\" \/>\n<h2 data-start=\"4728\" data-end=\"4759\">Installation et maintenance<\/h2>\n<p data-start=\"4761\" data-end=\"4830\">Les cassettes AC Hetapro sont con\u00e7ues pour <strong data-start=\"4801\" data-end=\"4822\">installation facile<\/strong> avec:<\/p>\n<ul data-start=\"4832\" data-end=\"5041\">\n<li data-start=\"4832\" data-end=\"4884\">\n<p data-start=\"4834\" data-end=\"4884\"><strong data-start=\"4834\" data-end=\"4851\">Unit\u00e9s compactes<\/strong> qui s&#039;int\u00e8grent dans les plafonds modulaires<\/p>\n<\/li>\n<li data-start=\"4885\" data-end=\"4940\">\n<p data-start=\"4887\" data-end=\"4940\"><strong data-start=\"4887\" data-end=\"4907\">Panneaux amovibles<\/strong> pour un nettoyage pratique du filtre<\/p>\n<\/li>\n<li data-start=\"4941\" data-end=\"4993\">\n<p data-start=\"4943\" data-end=\"4993\"><strong data-start=\"4943\" data-end=\"4963\">Filtres lavables<\/strong> pour r\u00e9duire les co\u00fbts de maintenance<\/p>\n<\/li>\n<li data-start=\"4994\" data-end=\"5041\">\n<p data-start=\"4996\" data-end=\"5041\"><strong data-start=\"4996\" data-end=\"5023\">Conception conviviale<\/strong> pour les techniciens<\/p>\n<\/li>\n<\/ul>\n<p data-start=\"5043\" data-end=\"5126\">Un entretien r\u00e9gulier garantit une efficacit\u00e9 \u00e0 long terme et prolonge la dur\u00e9e de vie de l&#039;unit\u00e9.<\/p>\n<hr data-start=\"6270\" data-end=\"6273\" \/>\n<h2 data-start=\"6275\" data-end=\"6309\">\u00c9conomies d&#039;\u00e9nergie et durabilit\u00e9<\/h2>\n<p data-start=\"6311\" data-end=\"6594\">Chez HETAPRO, nous nous engageons \u00e0 <strong data-start=\"6342\" data-end=\"6382\">durabilit\u00e9 et efficacit\u00e9 \u00e9nerg\u00e9tique<\/strong>Nos syst\u00e8mes gainables utilisent des r\u00e9frig\u00e9rants \u00e9cologiques et des compresseurs \u00e0 variateur de fr\u00e9quence qui r\u00e9duisent consid\u00e9rablement la consommation d&#039;\u00e9lectricit\u00e9. Cela permet non seulement de r\u00e9duire les co\u00fbts d&#039;exploitation, mais aussi de contribuer aux objectifs mondiaux de r\u00e9duction des \u00e9missions de carbone.<\/p>","protected":false},"excerpt":{"rendered":"<p>D\u00e9couvrez les climatiseurs gainables HETAPRO (18\u00a0000 \u00e0 48\u00a0000 BTU). Design compact et dissimul\u00e9, \u00e9conomie d&#039;\u00e9nergie par Inverter et fonctionnement silencieux\u00a0: id\u00e9al pour les maisons et les espaces commerciaux.<\/p>","protected":false},"featured_media":4913,"template":"","meta":{"_acf_changed":false,"_seopress_robots_primary_cat":"164","_seopress_titles_title":"HETAPRO Slim Ducted Air Conditioner Series","_seopress_titles_desc":"Discover HETAPRO ducted air conditioners (18k\u201348k BTU). Slim concealed design, inverter energy saving, quiet operation \u2014 ideal for homes & commercial spaces.","_seopress_robots_index":""},"product_cat":[164,181],"product_tag":[182],"acf":[],"_links":{"self":[{"href":"https:\/\/hetapro.com\/fr\/wp-json\/wp\/v2\/product\/4912"}],"collection":[{"href":"https:\/\/hetapro.com\/fr\/wp-json\/wp\/v2\/product"}],"about":[{"href":"https:\/\/hetapro.com\/fr\/wp-json\/wp\/v2\/types\/product"}],"wp:featuredmedia":[{"embeddable":true,"href":"https:\/\/hetapro.com\/fr\/wp-json\/wp\/v2\/media\/4913"}],"wp:attachment":[{"href":"https:\/\/hetapro.com\/fr\/wp-json\/wp\/v2\/media?parent=4912"}],"wp:term":[{"taxonomy":"product_cat","embeddable":true,"href":"https:\/\/hetapro.com\/fr\/wp-json\/wp\/v2\/product_cat?post=4912"},{"taxonomy":"product_tag","embeddable":true,"href":"https:\/\/hetapro.com\/fr\/wp-json\/wp\/v2\/product_tag?post=4912"}],"curies":[{"name":"wp","href":"https:\/\/api.w.org\/{rel}","templated":true}]}}