{"id":4969,"date":"2025-10-12T13:20:54","date_gmt":"2025-10-12T13:20:54","guid":{"rendered":"https:\/\/hetapro.com\/?post_type=product&#038;p=4969"},"modified":"2025-10-12T13:20:55","modified_gmt":"2025-10-12T13:20:55","slug":"portable-air-conditioner","status":"publish","type":"product","link":"https:\/\/hetapro.com\/fr\/products\/portable-air-conditioner\/","title":{"rendered":"Climatiseur portable"},"content":{"rendered":"<p>Refroidissement rapide pour appartements et bureaux. Climatiseur portable HETAPRO (7\u00a0000\/9\u00a0000 BTU) \u2014 \u00e9vaporation automatique, mode d\u00e9shumidification, kit fen\u00eatre facile, t\u00e9l\u00e9commande et mode veille. Id\u00e9al pour les pi\u00e8ces jusqu&#039;\u00e0 18 \u00e0 32 m\u00b2.<\/p>","protected":false},"excerpt":{"rendered":"<p>Refroidissement rapide pour appartements et bureaux. Climatiseur portable HETAPRO (7\u00a0000\/9\u00a0000 BTU) \u2014 \u00e9vaporation automatique, mode d\u00e9shumidification, kit fen\u00eatre facile, t\u00e9l\u00e9commande et mode veille. Id\u00e9al pour les pi\u00e8ces jusqu&#039;\u00e0 18 \u00e0 32 m\u00b2.<\/p>","protected":false},"featured_media":4961,"template":"","meta":{"_acf_changed":false,"_seopress_robots_primary_cat":"","_seopress_titles_title":"HETAPRO Portable Air Conditioner \u2014 Compact Cooling, Built for Real Life","_seopress_titles_desc":"Fast cooling for apartments & offices. HETAPRO Portable AC (7,000 \/ 9,000 BTU) \u2014 auto-evaporation, dehumidify mode, easy window kit, remote + sleep mode. Ideal for rooms up to 200\u2013350 sq ft.","_seopress_robots_index":""},"product_cat":[164,183],"product_tag":[184],"acf":[],"_links":{"self":[{"href":"https:\/\/hetapro.com\/fr\/wp-json\/wp\/v2\/product\/4969"}],"collection":[{"href":"https:\/\/hetapro.com\/fr\/wp-json\/wp\/v2\/product"}],"about":[{"href":"https:\/\/hetapro.com\/fr\/wp-json\/wp\/v2\/types\/product"}],"wp:featuredmedia":[{"embeddable":true,"href":"https:\/\/hetapro.com\/fr\/wp-json\/wp\/v2\/media\/4961"}],"wp:attachment":[{"href":"https:\/\/hetapro.com\/fr\/wp-json\/wp\/v2\/media?parent=4969"}],"wp:term":[{"taxonomy":"product_cat","embeddable":true,"href":"https:\/\/hetapro.com\/fr\/wp-json\/wp\/v2\/product_cat?post=4969"},{"taxonomy":"product_tag","embeddable":true,"href":"https:\/\/hetapro.com\/fr\/wp-json\/wp\/v2\/product_tag?post=4969"}],"curies":[{"name":"wp","href":"https:\/\/api.w.org\/{rel}","templated":true}]}}