{"id":919,"date":"2023-07-04T08:03:56","date_gmt":"2023-07-04T08:03:56","guid":{"rendered":"https:\/\/hetapro.com\/?post_type=product&#038;p=919"},"modified":"2025-03-05T04:13:00","modified_gmt":"2025-03-05T04:13:00","slug":"thermax-r32-monoblock-heat-pump","status":"publish","type":"product","link":"https:\/\/hetapro.com\/fr\/products\/thermax-r32-monoblock-heat-pump\/","title":{"rendered":"Pompe \u00e0 chaleur air-eau monobloc R32"},"content":{"rendered":"<h3 data-start=\"438\" data-end=\"513\"><strong data-start=\"442\" data-end=\"511\">S\u00e9rie Thermax \u2013 Pompe \u00e0 chaleur air-eau monobloc \u00e0 onduleur CC R32<\/strong><\/h3>\n<p data-start=\"515\" data-end=\"905\">En tant que fabricant leader de pompes \u00e0 chaleur, Hetapro pr\u00e9sente le <strong data-start=\"575\" data-end=\"644\">S\u00e9rie Thermax \u2013 Pompe \u00e0 chaleur air-eau monobloc \u00e0 onduleur CC R32<\/strong>, une solution avanc\u00e9e pour les applications de chauffage, de climatisation et d&#039;eau chaude sanitaire (ECS) r\u00e9sidentielles et commerciales. Cette pompe \u00e0 chaleur haute performance allie efficacit\u00e9 \u00e9nerg\u00e9tique, durabilit\u00e9 environnementale et fonctionnement intelligent pour un confort optimal.<\/p>\n<h3 data-start=\"907\" data-end=\"947\"><strong data-start=\"911\" data-end=\"945\">Pourquoi choisir la s\u00e9rie Thermax ?<\/strong><\/h3>\n<p data-start=\"949\" data-end=\"989\">\u2714 <strong data-start=\"951\" data-end=\"987\">Haute efficacit\u00e9 et \u00e9conomies d&#039;\u00e9nergie<\/strong><\/p>\n<ul data-start=\"990\" data-end=\"1217\">\n<li data-start=\"990\" data-end=\"1118\">\u00c9quip\u00e9 de <strong data-start=\"1006\" data-end=\"1025\">r\u00e9frig\u00e9rant R32<\/strong>, la s\u00e9rie Thermax am\u00e9liore l&#039;efficacit\u00e9 du transfert de chaleur tout en r\u00e9duisant l&#039;impact environnemental.<\/li>\n<li data-start=\"1119\" data-end=\"1217\"><strong data-start=\"1121\" data-end=\"1147\">Technologie d&#039;onduleur CC<\/strong> assure un contr\u00f4le pr\u00e9cis de la temp\u00e9rature et des \u00e9conomies d&#039;\u00e9nergie importantes.<\/li>\n<\/ul>\n<p data-start=\"1219\" data-end=\"1263\">\u2714 <strong data-start=\"1221\" data-end=\"1261\">Solution polyvalente de chauffage et de refroidissement<\/strong><\/p>\n<ul data-start=\"1264\" data-end=\"1414\">\n<li data-start=\"1264\" data-end=\"1336\">Fournit <strong data-start=\"1275\" data-end=\"1310\">chauffage, refroidissement et eau chaude<\/strong> pour un confort toute l&#039;ann\u00e9e.<\/li>\n<li data-start=\"1337\" data-end=\"1414\"><strong data-start=\"1339\" data-end=\"1375\">Large plage de temp\u00e9ratures de fonctionnement<\/strong> le rend id\u00e9al pour divers climats.<\/li>\n<\/ul>\n<p data-start=\"1416\" data-end=\"1450\">\u2714 <strong data-start=\"1418\" data-end=\"1448\">\u00c9cologique et durable<\/strong><\/p>\n<ul data-start=\"1451\" data-end=\"1620\">\n<li data-start=\"1451\" data-end=\"1546\">Utilisations <strong data-start=\"1458\" data-end=\"1485\">r\u00e9frig\u00e9rant R32 \u00e0 faible PRG<\/strong>, r\u00e9duisant les \u00e9missions de CO\u2082 et soutenant un mode de vie durable.<\/li>\n<li data-start=\"1547\" data-end=\"1620\">Conforme \u00e0 <strong data-start=\"1563\" data-end=\"1580\">\u00c9coconception de l&#039;UE<\/strong> normes de haute efficacit\u00e9 \u00e9nerg\u00e9tique.<\/li>\n<\/ul>\n<p data-start=\"1622\" data-end=\"1653\">\u2714 <strong data-start=\"1624\" data-end=\"1651\">Fonctionnement intelligent et silencieux<\/strong><\/p>\n<ul data-start=\"1654\" data-end=\"1831\">\n<li data-start=\"1654\" data-end=\"1747\"><strong data-start=\"1656\" data-end=\"1686\">Syst\u00e8me de contr\u00f4le intelligent<\/strong> permet une int\u00e9gration transparente avec les solutions de maison intelligente.<\/li>\n<li data-start=\"1748\" data-end=\"1831\"><strong data-start=\"1750\" data-end=\"1773\">Fonctionnement silencieux<\/strong>, ce qui le rend adapt\u00e9 \u00e0 un usage r\u00e9sidentiel et commercial.<\/li>\n<\/ul>\n<h3 data-start=\"1833\" data-end=\"1893\"><strong data-start=\"1837\" data-end=\"1891\">Hetapro\u00a0: Leader de l&#039;avenir des solutions de pompes \u00e0 chaleur<\/strong><\/h3>\n<p data-start=\"1895\" data-end=\"2301\">Avec plus de <strong data-start=\"1905\" data-end=\"1930\">20 ans d&#039;expertise<\/strong>, Hetapro s&#039;est impos\u00e9 comme l&#039;un des m\u00e9dicaments les plus prometteurs <strong data-start=\"1992\" data-end=\"2028\">fabricants de pompes \u00e0 chaleur en Chine<\/strong>L&#039;entreprise s&#039;engage \u00e0 innover en proposant des produits de pointe tels que :<br data-start=\"2109\" data-end=\"2112\" \/>\u2705 <strong data-start=\"2114\" data-end=\"2130\">Ma\u00eetre de l&#039;espace<\/strong> \u2013 Syst\u00e8me hydraulique tout-en-un<br data-start=\"2160\" data-end=\"2163\" \/>\u2705 <strong data-start=\"2165\" data-end=\"2182\">S\u00e9rie Heatix<\/strong> \u2013 Pompe \u00e0 chaleur monobloc R290<br data-start=\"2208\" data-end=\"2211\" \/>\u2705 <strong data-start=\"2213\" data-end=\"2227\">Monsieur Hybride<\/strong> \u2013 Pompe \u00e0 chaleur hybride murale<br data-start=\"2259\" data-end=\"2262\" \/>\u2705 <strong data-start=\"2264\" data-end=\"2278\">Ultra Chaleur<\/strong> \u2013 Pompe \u00e0 chaleur CO\u2082 Mono<\/p>\n<h3 data-start=\"2303\" data-end=\"2325\"><strong data-start=\"2307\" data-end=\"2323\">Entrer en contact<\/strong><\/h3>\n<p data-start=\"2327\" data-end=\"2511\">Passez \u00e0 la <strong data-start=\"2342\" data-end=\"2411\">S\u00e9rie Thermax \u2013 Pompe \u00e0 chaleur air-eau monobloc \u00e0 onduleur CC R32<\/strong> Pour une solution de chauffage durable et \u00e9conome en \u00e9nergie. Contactez-nous <strong data-start=\"2477\" data-end=\"2488\">H\u00e9tapro<\/strong> aujourd&#039;hui pour en savoir plus !<\/p>","protected":false},"excerpt":{"rendered":"<p><strong>Capacit\u00e9 de production<\/strong>: 150 pi\u00e8ces \/ heure<\/p>\n<p><strong>Gamme de remplissage<\/strong>: 1-30 kg<\/p>\n<ul>\n<li>En continu et automatiquement<\/li>\n<li>Bon pour l&#039;environnement<\/li>\n<li>Remplissage de haute pr\u00e9cision<\/li>\n<li>Longue p\u00e9riode d&#039;utilisation<\/li>\n<\/ul>\n<p><strong>Remplissage Pr\u00e9cosion<\/strong>\u00a0: 1KG\u22640,02<\/p>","protected":false},"featured_media":4075,"template":"","meta":{"_acf_changed":false,"_seopress_robots_primary_cat":"none","_seopress_titles_title":"Thermax Series - R32 DC Inverter Monoblock Air to Water Heat Pump | Hetapro","_seopress_titles_desc":"Discover Hetapro's Thermax Series R32 DC Inverter Monoblock Air to Water Heat Pump\u2014high efficiency, eco-friendly, and ideal for heating, cooling & hot water.","_seopress_robots_index":""},"product_cat":[22],"product_tag":[23],"acf":[],"_links":{"self":[{"href":"https:\/\/hetapro.com\/fr\/wp-json\/wp\/v2\/product\/919"}],"collection":[{"href":"https:\/\/hetapro.com\/fr\/wp-json\/wp\/v2\/product"}],"about":[{"href":"https:\/\/hetapro.com\/fr\/wp-json\/wp\/v2\/types\/product"}],"wp:featuredmedia":[{"embeddable":true,"href":"https:\/\/hetapro.com\/fr\/wp-json\/wp\/v2\/media\/4075"}],"wp:attachment":[{"href":"https:\/\/hetapro.com\/fr\/wp-json\/wp\/v2\/media?parent=919"}],"wp:term":[{"taxonomy":"product_cat","embeddable":true,"href":"https:\/\/hetapro.com\/fr\/wp-json\/wp\/v2\/product_cat?post=919"},{"taxonomy":"product_tag","embeddable":true,"href":"https:\/\/hetapro.com\/fr\/wp-json\/wp\/v2\/product_tag?post=919"}],"curies":[{"name":"wp","href":"https:\/\/api.w.org\/{rel}","templated":true}]}}