{"id":1046,"date":"2023-07-05T07:43:01","date_gmt":"2023-07-05T07:43:01","guid":{"rendered":"https:\/\/hetapro.com\/?post_type=product&#038;p=1046"},"modified":"2025-01-14T03:02:20","modified_gmt":"2025-01-14T03:02:20","slug":"thermalux-r290-heat-pump","status":"publish","type":"product","link":"https:\/\/hetapro.com\/it\/products\/thermalux-r290-heat-pump\/","title":{"rendered":"Pompa di calore monoblocco inverter DC ThermaluX Series R290"},"content":{"rendered":"<table width=\"1333\">\n<tbody>\n<tr>\n<td width=\"323\">Modello<\/td>\n<td width=\"67\">\/<\/td>\n<td width=\"173\">Modello HEAW06MRN5-A<\/td>\n<td width=\"173\">Modello HEAW10MRN5-A<\/td>\n<td width=\"173\">Modello HEAW12MRN5-A<\/td>\n<td colspan=\"2\" width=\"251\">Modello HEAW16MRN5-A<\/td>\n<td width=\"173\">Modello HEAW18MRN5-A<\/td>\n<\/tr>\n<tr>\n<td>\u00a0Alimentazione elettrica<\/td>\n<td>Vers\/F<\/td>\n<td colspan=\"2\" width=\"346\">220V\/1fase<\/td>\n<td colspan=\"4\" width=\"597\">220V\/1fase 380V\/3fase<\/td>\n<\/tr>\n<tr>\n<td colspan=\"8\">\u00a0Riscaldamento (A7\/6\u2103, W30\/35\u2103)<\/td>\n<\/tr>\n<tr>\n<td>\u00a0Capacit\u00e0 di riscaldamento<\/td>\n<td>chilo<\/td>\n<td>6.25<\/td>\n<td>9.95<\/td>\n<td>12.50<\/td>\n<td>15.88<\/td>\n<td>15.88<\/td>\n<td>18.00<\/td>\n<\/tr>\n<tr>\n<td>\u00a0Potenza in ingresso<\/td>\n<td>chilo<\/td>\n<td>1.49<\/td>\n<td>2.07<\/td>\n<td>2.98<\/td>\n<td>3.55<\/td>\n<td>3.55<\/td>\n<td>4.62<\/td>\n<\/tr>\n<tr>\n<td>\u00a0POLIZIOTTO<\/td>\n<td>Mercoled\u00ec\/mercoled\u00ec<\/td>\n<td>4.19<\/td>\n<td>4.81<\/td>\n<td>4.20<\/td>\n<td>4.47<\/td>\n<td>4.47<\/td>\n<td>3.90<\/td>\n<\/tr>\n<tr>\n<td colspan=\"8\">\u00a0Riscaldamento (A7\/6\u2103, W47\/55\u2103)<\/td>\n<\/tr>\n<tr>\n<td>\u00a0Capacit\u00e0 di riscaldamento<\/td>\n<td>chilo<\/td>\n<td>6.25<\/td>\n<td>9.34<\/td>\n<td>12.50<\/td>\n<td>15.97<\/td>\n<td>15.97<\/td>\n<td>17.00<\/td>\n<\/tr>\n<tr>\n<td>\u00a0Potenza in ingresso<\/td>\n<td>chilo<\/td>\n<td>2<\/td>\n<td>3.07<\/td>\n<td>4.17<\/td>\n<td>5.85<\/td>\n<td>5.85<\/td>\n<td>5.86<\/td>\n<\/tr>\n<tr>\n<td>\u00a0POLIZIOTTO<\/td>\n<td>Mercoled\u00ec\/mercoled\u00ec<\/td>\n<td>3.13<\/td>\n<td>3.04<\/td>\n<td>3.00<\/td>\n<td>2.73<\/td>\n<td>2.73<\/td>\n<td>2.90<\/td>\n<\/tr>\n<tr>\n<td colspan=\"8\">\u00a0Raffreddamento (A35\/24\u2103, W12\/7\u2103)<\/td>\n<\/tr>\n<tr>\n<td>\u00a0Capacit\u00e0 di raffreddamento<\/td>\n<td>chilo<\/td>\n<td>4.4<\/td>\n<td width=\"173\">8.20<\/td>\n<td width=\"173\">8.80<\/td>\n<td width=\"125\">14.00<\/td>\n<td width=\"125\">14.00<\/td>\n<td width=\"173\">14.00<\/td>\n<\/tr>\n<tr>\n<td>\u00a0Potenza in ingresso<\/td>\n<td>chilo<\/td>\n<td>1.52<\/td>\n<td width=\"173\">2.52<\/td>\n<td>3.03<\/td>\n<td width=\"125\">5.19<\/td>\n<td width=\"125\">5.19<\/td>\n<td width=\"173\">5.19<\/td>\n<\/tr>\n<tr>\n<td>\u00a0EER<\/td>\n<td>Mercoled\u00ec\/mercoled\u00ec<\/td>\n<td>2.89<\/td>\n<td>3.25<\/td>\n<td>2.90<\/td>\n<td>2.70<\/td>\n<td>2.70<\/td>\n<td>2.70<\/td>\n<\/tr>\n<tr>\n<td>\u00a0Livello ERP (35\u2103)<\/td>\n<td>\/<\/td>\n<td>Ottimo<\/td>\n<td>Ottimo<\/td>\n<td>Ottimo<\/td>\n<td>Ottimo<\/td>\n<td>Ottimo<\/td>\n<td>Ottimo<\/td>\n<\/tr>\n<tr>\n<td>\u00a0Livello ERP (55\u2103)<\/td>\n<td>\/<\/td>\n<td>Ottimo<\/td>\n<td>Ottimo<\/td>\n<td>Ottimo<\/td>\n<td>Ottimo<\/td>\n<td>Ottimo<\/td>\n<td>Ottimo<\/td>\n<\/tr>\n<tr>\n<td>\u00a0Portata d&#039;acqua nominale<\/td>\n<td>m3\/ora<\/td>\n<td>1.032<\/td>\n<td>1.72<\/td>\n<td>2.064<\/td>\n<td>2.752<\/td>\n<td>3.096<\/td>\n<td>3.784<\/td>\n<\/tr>\n<tr>\n<td>\u00a0Potenza di ingresso MAX<\/td>\n<td>chilo<\/td>\n<td>2.5<\/td>\n<td>5.01<\/td>\n<td>5.01<\/td>\n<td>7.92<\/td>\n<td>7.92<\/td>\n<td>7.92<\/td>\n<\/tr>\n<tr>\n<td>\u00a0Corrente di ingresso MAX<\/td>\n<td>UN<\/td>\n<td>9.5<\/td>\n<td>19<\/td>\n<td>19<\/td>\n<td>30<\/td>\n<td>30<\/td>\n<td>30<\/td>\n<\/tr>\n<tr>\n<td>Tipo di motore dell&#039;unit\u00e0 esterna<\/td>\n<td>\/<\/td>\n<td><\/td>\n<td colspan=\"5\">Ventilatore CC<\/td>\n<\/tr>\n<tr>\n<td>Numero di pale del ventilatore dell&#039;unit\u00e0 esterna<\/td>\n<td>\/<\/td>\n<td><\/td>\n<td colspan=\"5\">1<\/td>\n<\/tr>\n<tr>\n<td>\u00a0Compressore<\/td>\n<td>\/<\/td>\n<td><\/td>\n<td colspan=\"5\">GMCC\/Rotary\/EVI<\/td>\n<\/tr>\n<tr>\n<td>\u00a0Pompa dell&#039;acqua<\/td>\n<td>\/<\/td>\n<td><\/td>\n<td colspan=\"5\">Nuovi territori\/Inverter\/Integrato<\/td>\n<\/tr>\n<tr>\n<td>Scambiatore di calore lato aria<\/td>\n<td>\/<\/td>\n<td><\/td>\n<td colspan=\"5\">Tubo alettato<\/td>\n<\/tr>\n<tr>\n<td>Scambiatore di calore lato acqua<\/td>\n<td><\/td>\n<td><\/td>\n<td colspan=\"5\">Tipo di piastra<\/td>\n<\/tr>\n<tr>\n<td>\u00a0Scongelare<\/td>\n<td>\/<\/td>\n<td><\/td>\n<td colspan=\"5\">\u00a0Sbrinamento automatico con valvola a 4 vie<\/td>\n<\/tr>\n<tr>\n<td>\u00a0Grado di impermeabilit\u00e0<\/td>\n<td>\/<\/td>\n<td><\/td>\n<td colspan=\"5\">Grado di protezione IPX4<\/td>\n<\/tr>\n<tr>\n<td>Livello di potenza sonora<\/td>\n<td>dB(A)<\/td>\n<td>45<\/td>\n<td>48<\/td>\n<td>48<\/td>\n<td colspan=\"2\">50<\/td>\n<td>50<\/td>\n<\/tr>\n<tr>\n<td>\u00a0Temperatura massima di uscita dell&#039;acqua<\/td>\n<td>\u2103<\/td>\n<td>75<\/td>\n<td>75<\/td>\n<td>75<\/td>\n<td colspan=\"2\">75<\/td>\n<td>75<\/td>\n<\/tr>\n<tr>\n<td width=\"323\">Temperatura ambiente di raffreddamento<\/td>\n<td width=\"67\"><\/td>\n<td colspan=\"6\" width=\"943\">-5 ~43<\/td>\n<\/tr>\n<tr>\n<td width=\"323\">Temperatura ambiente di riscaldamento<\/td>\n<td width=\"67\"><\/td>\n<td colspan=\"6\" width=\"943\">-25 ~ 35<\/td>\n<\/tr>\n<tr>\n<td width=\"323\">Temperatura ambiente ACS<\/td>\n<td width=\"67\"><\/td>\n<td colspan=\"6\" width=\"943\">-25 ~43<\/td>\n<\/tr>\n<tr>\n<td width=\"323\">Temperatura dell&#039;acqua in uscita di raffreddamento<\/td>\n<td>\u2103<\/td>\n<td colspan=\"6\" width=\"943\">5~30<\/td>\n<\/tr>\n<tr>\n<td width=\"323\">Temperatura dell&#039;acqua in uscita dal riscaldamento<\/td>\n<td>\u2103<\/td>\n<td colspan=\"6\" width=\"943\">12~75<\/td>\n<\/tr>\n<tr>\n<td width=\"323\">ACS (serbatoio) Temperatura acqua in uscita<\/td>\n<td>\u2103<\/td>\n<td colspan=\"6\" width=\"943\">10~70<\/td>\n<\/tr>\n<tr>\n<td>Collegamento lato acqua<\/td>\n<td>\/<\/td>\n<td colspan=\"6\">R5\/4\u2033<\/td>\n<\/tr>\n<tr>\n<td width=\"323\">Dimensioni unit\u00e0 (L\u00d7A\u00d7P)<\/td>\n<td>mm<\/td>\n<td>1045*765*450<\/td>\n<td colspan=\"5\">Dimensioni: 1325\u00d7903\u00d7500<\/td>\n<\/tr>\n<tr>\n<td width=\"323\">Dimensioni dell&#039;imballaggio (L\u00d7A\u00d7P)<\/td>\n<td>mm<\/td>\n<td>1120*810*520<\/td>\n<td colspan=\"5\">Dimensioni: 1410\u00d71055\u00d7550<\/td>\n<\/tr>\n<tr>\n<td>Netto<\/td>\n<td>kg<\/td>\n<td>90<\/td>\n<td colspan=\"2\">118<\/td>\n<td colspan=\"3\">130<\/td>\n<\/tr>\n<tr>\n<td width=\"323\">Peso lordo<\/td>\n<td width=\"67\">kg<\/td>\n<td width=\"173\">95<\/td>\n<td colspan=\"2\" width=\"346\">154<\/td>\n<td colspan=\"3\" width=\"424\">166<\/td>\n<\/tr>\n<tr>\n<td colspan=\"8\" width=\"1333\">Note:<br \/>\n1. Norme e legislazione UE pertinenti: EN14511; EN14825; EN50564; EN12102; (UE) n. 811\/2013; (UE) n. 813\/2013; GU 2014\/C 207\/02.<br \/>\n2. Test di classe di efficienza energetica stagionale del riscaldamento degli ambienti in condizioni climatiche medie.<br \/>\n3. Condizioni di prova della potenza sonora: EN12102-1<\/td>\n<\/tr>\n<tr>\n<td colspan=\"8\">ACS: Acqua calda sanitaria.<\/td>\n<\/tr>\n<\/tbody>\n<\/table>","protected":false},"excerpt":{"rendered":"<p>Capacit\u00e0 produttiva: 150 pezzi\/ora<\/p>\n<p>Intervallo di riempimento: 1-30 kg<\/p>\n<p>In modo continuo e automatico<br \/>\nBuono per l&#039;ambiente<br \/>\nRiempimento ad alta precisione<br \/>\nLungo periodo di utilizzo<br \/>\nPrecisione di riempimento: 1KG\u22640,02<\/p>","protected":false},"featured_media":2718,"template":"","meta":{"_acf_changed":false,"_seopress_robots_primary_cat":"none","_seopress_titles_title":"ThermaluX Series - R290 DC Inverter Monobloc Air to Water Heat Pump","_seopress_titles_desc":"ThermaluX Series - R290 DC Inverter Monobloc Air to Water Heat Pump for household heating cooling and sanitary hot water","_seopress_robots_index":""},"product_cat":[42],"product_tag":[107,106,105,36],"acf":[],"_links":{"self":[{"href":"https:\/\/hetapro.com\/it\/wp-json\/wp\/v2\/product\/1046"}],"collection":[{"href":"https:\/\/hetapro.com\/it\/wp-json\/wp\/v2\/product"}],"about":[{"href":"https:\/\/hetapro.com\/it\/wp-json\/wp\/v2\/types\/product"}],"wp:featuredmedia":[{"embeddable":true,"href":"https:\/\/hetapro.com\/it\/wp-json\/wp\/v2\/media\/2718"}],"wp:attachment":[{"href":"https:\/\/hetapro.com\/it\/wp-json\/wp\/v2\/media?parent=1046"}],"wp:term":[{"taxonomy":"product_cat","embeddable":true,"href":"https:\/\/hetapro.com\/it\/wp-json\/wp\/v2\/product_cat?post=1046"},{"taxonomy":"product_tag","embeddable":true,"href":"https:\/\/hetapro.com\/it\/wp-json\/wp\/v2\/product_tag?post=1046"}],"curies":[{"name":"wp","href":"https:\/\/api.w.org\/{rel}","templated":true}]}}