{"id":1046,"date":"2023-07-05T07:43:01","date_gmt":"2023-07-05T07:43:01","guid":{"rendered":"https:\/\/hetapro.com\/?post_type=product&#038;p=1046"},"modified":"2025-01-14T03:02:20","modified_gmt":"2025-01-14T03:02:20","slug":"thermalux-r290-heat-pump","status":"publish","type":"product","link":"https:\/\/hetapro.com\/pl\/products\/thermalux-r290-heat-pump\/","title":{"rendered":"ThermaluX Series R290 DC Inverter Monoblokowa pompa ciep\u0142a"},"content":{"rendered":"<table width=\"1333\">\n<tbody>\n<tr>\n<td width=\"323\">Model<\/td>\n<td width=\"67\">\/<\/td>\n<td width=\"173\">HEAW06MRN5-A<\/td>\n<td width=\"173\">HEAW10MRN5-A<\/td>\n<td width=\"173\">HEAW12MRN5-A<\/td>\n<td colspan=\"2\" width=\"251\">HEAW16MRN5-A<\/td>\n<td width=\"173\">HEAW18MRN5-A<\/td>\n<\/tr>\n<tr>\n<td>\u00a0Zasilacz<\/td>\n<td>V\/Faza<\/td>\n<td colspan=\"2\" width=\"346\">220 V\/1 faza<\/td>\n<td colspan=\"4\" width=\"597\">220 V\/1 faza 380 V\/3 fazy<\/td>\n<\/tr>\n<tr>\n<td colspan=\"8\">\u00a0Ogrzewanie (A7\/6\u2103,W30\/35\u2103)<\/td>\n<\/tr>\n<tr>\n<td>\u00a0Moc grzewcza<\/td>\n<td>kw<\/td>\n<td>6.25<\/td>\n<td>9.95<\/td>\n<td>12.50<\/td>\n<td>15.88<\/td>\n<td>15.88<\/td>\n<td>18.00<\/td>\n<\/tr>\n<tr>\n<td>\u00a0Moc wej\u015bciowa<\/td>\n<td>kw<\/td>\n<td>1.49<\/td>\n<td>2.07<\/td>\n<td>2.98<\/td>\n<td>3.55<\/td>\n<td>3.55<\/td>\n<td>4.62<\/td>\n<\/tr>\n<tr>\n<td>\u00a0POLICJANT<\/td>\n<td>W\/W<\/td>\n<td>4.19<\/td>\n<td>4.81<\/td>\n<td>4.20<\/td>\n<td>4.47<\/td>\n<td>4.47<\/td>\n<td>3.90<\/td>\n<\/tr>\n<tr>\n<td colspan=\"8\">\u00a0Ogrzewanie (A7\/6\u2103,W47\/55\u2103)<\/td>\n<\/tr>\n<tr>\n<td>\u00a0Moc grzewcza<\/td>\n<td>kw<\/td>\n<td>6.25<\/td>\n<td>9.34<\/td>\n<td>12.50<\/td>\n<td>15.97<\/td>\n<td>15.97<\/td>\n<td>17.00<\/td>\n<\/tr>\n<tr>\n<td>\u00a0Moc wej\u015bciowa<\/td>\n<td>kw<\/td>\n<td>2<\/td>\n<td>3.07<\/td>\n<td>4.17<\/td>\n<td>5.85<\/td>\n<td>5.85<\/td>\n<td>5.86<\/td>\n<\/tr>\n<tr>\n<td>\u00a0POLICJANT<\/td>\n<td>W\/W<\/td>\n<td>3.13<\/td>\n<td>3.04<\/td>\n<td>3.00<\/td>\n<td>2.73<\/td>\n<td>2.73<\/td>\n<td>2.90<\/td>\n<\/tr>\n<tr>\n<td colspan=\"8\">\u00a0Ch\u0142odzenie (A35\/24\u2103,W12\/7\u2103)<\/td>\n<\/tr>\n<tr>\n<td>\u00a0Wydajno\u015b\u0107 ch\u0142odzenia<\/td>\n<td>kw<\/td>\n<td>4.4<\/td>\n<td width=\"173\">8.20<\/td>\n<td width=\"173\">8.80<\/td>\n<td width=\"125\">14.00<\/td>\n<td width=\"125\">14.00<\/td>\n<td width=\"173\">14.00<\/td>\n<\/tr>\n<tr>\n<td>\u00a0Moc wej\u015bciowa<\/td>\n<td>kw<\/td>\n<td>1.52<\/td>\n<td width=\"173\">2.52<\/td>\n<td>3.03<\/td>\n<td width=\"125\">5.19<\/td>\n<td width=\"125\">5.19<\/td>\n<td width=\"173\">5.19<\/td>\n<\/tr>\n<tr>\n<td>\u00a0EER<\/td>\n<td>W\/W<\/td>\n<td>2.89<\/td>\n<td>3.25<\/td>\n<td>2.90<\/td>\n<td>2.70<\/td>\n<td>2.70<\/td>\n<td>2.70<\/td>\n<\/tr>\n<tr>\n<td>\u00a0Poziom ERP (35\u2103)<\/td>\n<td>\/<\/td>\n<td>A++++<\/td>\n<td>A++++<\/td>\n<td>A++++<\/td>\n<td>A++++<\/td>\n<td>A++++<\/td>\n<td>A++++<\/td>\n<\/tr>\n<tr>\n<td>\u00a0Poziom ERP (55\u2103)<\/td>\n<td>\/<\/td>\n<td>A++<\/td>\n<td>A++<\/td>\n<td>A++<\/td>\n<td>A++<\/td>\n<td>A++<\/td>\n<td>A++<\/td>\n<\/tr>\n<tr>\n<td>\u00a0Przep\u0142yw znamionowy wody<\/td>\n<td>m3\/godz.<\/td>\n<td>1.032<\/td>\n<td>1.72<\/td>\n<td>2.064<\/td>\n<td>2.752<\/td>\n<td>3.096<\/td>\n<td>3.784<\/td>\n<\/tr>\n<tr>\n<td>\u00a0Maksymalna moc wej\u015bciowa<\/td>\n<td>kw<\/td>\n<td>2.5<\/td>\n<td>5.01<\/td>\n<td>5.01<\/td>\n<td>7.92<\/td>\n<td>7.92<\/td>\n<td>7.92<\/td>\n<\/tr>\n<tr>\n<td>\u00a0Maksymalny pr\u0105d wej\u015bciowy<\/td>\n<td>A<\/td>\n<td>9.5<\/td>\n<td>19<\/td>\n<td>19<\/td>\n<td>30<\/td>\n<td>30<\/td>\n<td>30<\/td>\n<\/tr>\n<tr>\n<td>Typ silnika jednostki zewn\u0119trznej<\/td>\n<td>\/<\/td>\n<td><\/td>\n<td colspan=\"5\">Wentylator DC<\/td>\n<\/tr>\n<tr>\n<td>Liczba \u0142opatek wentylatora jednostki zewn\u0119trznej<\/td>\n<td>\/<\/td>\n<td><\/td>\n<td colspan=\"5\">1<\/td>\n<\/tr>\n<tr>\n<td>\u00a0Kompresor<\/td>\n<td>\/<\/td>\n<td><\/td>\n<td colspan=\"5\">GMCC\/Rotary\/EVI<\/td>\n<\/tr>\n<tr>\n<td>\u00a0Pompa wodna<\/td>\n<td>\/<\/td>\n<td><\/td>\n<td colspan=\"5\">Nowe terytoria\/Inwerter\/Wbudowany<\/td>\n<\/tr>\n<tr>\n<td>Wymiennik ciep\u0142a po stronie powietrza<\/td>\n<td>\/<\/td>\n<td><\/td>\n<td colspan=\"5\">Rura \u017cebrowana<\/td>\n<\/tr>\n<tr>\n<td>Wymiennik ciep\u0142a po stronie wody<\/td>\n<td><\/td>\n<td><\/td>\n<td colspan=\"5\">Typ p\u0142yty<\/td>\n<\/tr>\n<tr>\n<td>\u00a0Rozmra\u017ca\u0107<\/td>\n<td>\/<\/td>\n<td><\/td>\n<td colspan=\"5\">\u00a0Automatyczne rozmra\u017canie za pomoc\u0105 zaworu 4-dro\u017cnego<\/td>\n<\/tr>\n<tr>\n<td>\u00a0Stopie\u0144 wodoodporno\u015bci<\/td>\n<td>\/<\/td>\n<td><\/td>\n<td colspan=\"5\">IPX4<\/td>\n<\/tr>\n<tr>\n<td>Poziom mocy akustycznej<\/td>\n<td>dB(A)<\/td>\n<td>45<\/td>\n<td>48<\/td>\n<td>48<\/td>\n<td colspan=\"2\">50<\/td>\n<td>50<\/td>\n<\/tr>\n<tr>\n<td>\u00a0Maksymalna temperatura wody na wylocie<\/td>\n<td>\u2103<\/td>\n<td>75<\/td>\n<td>75<\/td>\n<td>75<\/td>\n<td colspan=\"2\">75<\/td>\n<td>75<\/td>\n<\/tr>\n<tr>\n<td width=\"323\">Temperatura otoczenia podczas ch\u0142odzenia<\/td>\n<td width=\"67\"><\/td>\n<td colspan=\"6\" width=\"943\">-5 ~43<\/td>\n<\/tr>\n<tr>\n<td width=\"323\">Ogrzewanie temperatury otoczenia<\/td>\n<td width=\"67\"><\/td>\n<td colspan=\"6\" width=\"943\">-25 ~ 35<\/td>\n<\/tr>\n<tr>\n<td width=\"323\">Temperatura otoczenia ciep\u0142ej wody u\u017cytkowej<\/td>\n<td width=\"67\"><\/td>\n<td colspan=\"6\" width=\"943\">-25 ~43<\/td>\n<\/tr>\n<tr>\n<td width=\"323\">Temperatura wody ch\u0142odz\u0105cej na wylocie<\/td>\n<td>\u2103<\/td>\n<td colspan=\"6\" width=\"943\">5~30<\/td>\n<\/tr>\n<tr>\n<td width=\"323\">Temperatura wody wylotowej ogrzewania<\/td>\n<td>\u2103<\/td>\n<td colspan=\"6\" width=\"943\">12~75<\/td>\n<\/tr>\n<tr>\n<td width=\"323\">Temperatura wody wylotowej (zbiornik) CWU<\/td>\n<td>\u2103<\/td>\n<td colspan=\"6\" width=\"943\">10~70<\/td>\n<\/tr>\n<tr>\n<td>Pod\u0142\u0105czenie do strony wodnej<\/td>\n<td>\/<\/td>\n<td colspan=\"6\">R5\/4\u2033<\/td>\n<\/tr>\n<tr>\n<td width=\"323\">Wymiary jednostki (szer. \u00d7 wys. \u00d7 g\u0142.)<\/td>\n<td>mm<\/td>\n<td>1045*765*450<\/td>\n<td colspan=\"5\">1325\u00d7903\u00d7500<\/td>\n<\/tr>\n<tr>\n<td width=\"323\">Wymiary opakowania (szer. \u00d7 wys. \u00d7 g\u0142.)<\/td>\n<td>mm<\/td>\n<td>1120*810*520<\/td>\n<td colspan=\"5\">1410\u00d71055\u00d7550<\/td>\n<\/tr>\n<tr>\n<td>Internet<\/td>\n<td>kg<\/td>\n<td>90<\/td>\n<td colspan=\"2\">118<\/td>\n<td colspan=\"3\">130<\/td>\n<\/tr>\n<tr>\n<td width=\"323\">Masa brutto<\/td>\n<td width=\"67\">kg<\/td>\n<td width=\"173\">95<\/td>\n<td colspan=\"2\" width=\"346\">154<\/td>\n<td colspan=\"3\" width=\"424\">166<\/td>\n<\/tr>\n<tr>\n<td colspan=\"8\" width=\"1333\">Uwagi:<br \/>\n1. W\u0142a\u015bciwe normy i przepisy UE: EN14511; EN14825; EN50564; EN12102; (UE) nr 811\/2013; (UE) nr 813\/2013; Dz.U. 2014\/C 207\/02.<br \/>\n2. Testy klas efektywno\u015bci energetycznej ogrzewania pomieszcze\u0144 w warunkach klimatu umiarkowanego.<br \/>\n3. Warunki testu mocy akustycznej: EN12102-1<\/td>\n<\/tr>\n<tr>\n<td colspan=\"8\">CWU: Ciep\u0142a woda u\u017cytkowa.<\/td>\n<\/tr>\n<\/tbody>\n<\/table>","protected":false},"excerpt":{"rendered":"<p>Wydajno\u015b\u0107 produkcyjna: 150 sztuk\/godz.<\/p>\n<p>Zakres nape\u0142niania: 1-30 kg<\/p>\n<p>Ci\u0105g\u0142e i automatyczne<br \/>\nDobre dla \u015brodowiska<br \/>\nWysoka dok\u0142adno\u015b\u0107 wype\u0142niania<br \/>\nD\u0142ugi okres u\u017cytkowania<br \/>\nPrecyzja wype\u0142nienia: 1KG\u22640,02<\/p>","protected":false},"featured_media":2718,"template":"","meta":{"_acf_changed":false,"_seopress_robots_primary_cat":"none","_seopress_titles_title":"ThermaluX Series - R290 DC Inverter Monobloc Air to Water Heat Pump","_seopress_titles_desc":"ThermaluX Series - R290 DC Inverter Monobloc Air to Water Heat Pump for household heating cooling and sanitary hot water","_seopress_robots_index":""},"product_cat":[42],"product_tag":[107,106,105,36],"acf":[],"_links":{"self":[{"href":"https:\/\/hetapro.com\/pl\/wp-json\/wp\/v2\/product\/1046"}],"collection":[{"href":"https:\/\/hetapro.com\/pl\/wp-json\/wp\/v2\/product"}],"about":[{"href":"https:\/\/hetapro.com\/pl\/wp-json\/wp\/v2\/types\/product"}],"wp:featuredmedia":[{"embeddable":true,"href":"https:\/\/hetapro.com\/pl\/wp-json\/wp\/v2\/media\/2718"}],"wp:attachment":[{"href":"https:\/\/hetapro.com\/pl\/wp-json\/wp\/v2\/media?parent=1046"}],"wp:term":[{"taxonomy":"product_cat","embeddable":true,"href":"https:\/\/hetapro.com\/pl\/wp-json\/wp\/v2\/product_cat?post=1046"},{"taxonomy":"product_tag","embeddable":true,"href":"https:\/\/hetapro.com\/pl\/wp-json\/wp\/v2\/product_tag?post=1046"}],"curies":[{"name":"wp","href":"https:\/\/api.w.org\/{rel}","templated":true}]}}