{"id":1059,"date":"2023-07-05T08:44:53","date_gmt":"2023-07-05T08:44:53","guid":{"rendered":"https:\/\/hetapro.com\/?post_type=product&#038;p=1059"},"modified":"2025-01-06T08:08:13","modified_gmt":"2025-01-06T08:08:13","slug":"r410a-modular-chiller","status":"publish","type":"product","link":"https:\/\/hetapro.com\/pl\/products\/r410a-modular-chiller\/","title":{"rendered":"Ch\u0142odziarka modu\u0142owa R410a"},"content":{"rendered":"<figure id=\"attachment_1069\" aria-describedby=\"caption-attachment-1069\" style=\"width: 300px\" class=\"wp-caption aligncenter\"><img loading=\"lazy\" decoding=\"async\" class=\"size-medium wp-image-1069\" src=\"http:\/\/hetapro.com\/wp-content\/uploads\/2023\/07\/r410a-modular-chiller4-300x200.webp\" alt=\"R410a Modular chiller4\" width=\"300\" height=\"200\" srcset=\"https:\/\/hetapro.com\/wp-content\/uploads\/2023\/07\/r410a-modular-chiller4-300x200.webp 300w, https:\/\/hetapro.com\/wp-content\/uploads\/2023\/07\/r410a-modular-chiller4-600x400.webp 600w, https:\/\/hetapro.com\/wp-content\/uploads\/2023\/07\/r410a-modular-chiller4-1024x682.webp 1024w, https:\/\/hetapro.com\/wp-content\/uploads\/2023\/07\/r410a-modular-chiller4-768x511.webp 768w, https:\/\/hetapro.com\/wp-content\/uploads\/2023\/07\/r410a-modular-chiller4.webp 1200w\" sizes=\"(max-width: 300px) 100vw, 300px\" \/><figcaption id=\"caption-attachment-1069\" class=\"wp-caption-text\">Ch\u0142odziarka modu\u0142owa R410a4<\/figcaption><\/figure>\n<figure id=\"attachment_1070\" aria-describedby=\"caption-attachment-1070\" style=\"width: 212px\" class=\"wp-caption aligncenter\"><img loading=\"lazy\" decoding=\"async\" class=\"size-medium wp-image-1070\" src=\"http:\/\/hetapro.com\/wp-content\/uploads\/2023\/07\/r410a-modular-chiller5-212x300.webp\" alt=\"auto draft\" width=\"212\" height=\"300\" srcset=\"https:\/\/hetapro.com\/wp-content\/uploads\/2023\/07\/r410a-modular-chiller5-212x300.webp 212w, https:\/\/hetapro.com\/wp-content\/uploads\/2023\/07\/r410a-modular-chiller5-scaled-600x849.webp 600w, https:\/\/hetapro.com\/wp-content\/uploads\/2023\/07\/r410a-modular-chiller5-724x1024.webp 724w, https:\/\/hetapro.com\/wp-content\/uploads\/2023\/07\/r410a-modular-chiller5-768x1086.webp 768w, https:\/\/hetapro.com\/wp-content\/uploads\/2023\/07\/r410a-modular-chiller5-1086x1536.webp 1086w, https:\/\/hetapro.com\/wp-content\/uploads\/2023\/07\/r410a-modular-chiller5-1448x2048.webp 1448w, https:\/\/hetapro.com\/wp-content\/uploads\/2023\/07\/r410a-modular-chiller5-scaled.webp 1810w\" sizes=\"(max-width: 212px) 100vw, 212px\" \/><figcaption id=\"caption-attachment-1070\" class=\"wp-caption-text\">Ch\u0142odziarka modu\u0142owa R410a4<\/figcaption><\/figure>\n<figure id=\"attachment_1071\" aria-describedby=\"caption-attachment-1071\" style=\"width: 212px\" class=\"wp-caption aligncenter\"><img loading=\"lazy\" decoding=\"async\" class=\"size-medium wp-image-1071\" src=\"http:\/\/hetapro.com\/wp-content\/uploads\/2023\/07\/r410a-modular-chiller6-212x300.webp\" alt=\"R410a Modular chiller4\" width=\"212\" height=\"300\" srcset=\"https:\/\/hetapro.com\/wp-content\/uploads\/2023\/07\/r410a-modular-chiller6-212x300.webp 212w, https:\/\/hetapro.com\/wp-content\/uploads\/2023\/07\/r410a-modular-chiller6-scaled-600x849.webp 600w, https:\/\/hetapro.com\/wp-content\/uploads\/2023\/07\/r410a-modular-chiller6-724x1024.webp 724w, https:\/\/hetapro.com\/wp-content\/uploads\/2023\/07\/r410a-modular-chiller6-768x1087.webp 768w, https:\/\/hetapro.com\/wp-content\/uploads\/2023\/07\/r410a-modular-chiller6-1086x1536.webp 1086w, https:\/\/hetapro.com\/wp-content\/uploads\/2023\/07\/r410a-modular-chiller6-1447x2048.webp 1447w, https:\/\/hetapro.com\/wp-content\/uploads\/2023\/07\/r410a-modular-chiller6-scaled.webp 1809w\" sizes=\"(max-width: 212px) 100vw, 212px\" \/><figcaption id=\"caption-attachment-1071\" class=\"wp-caption-text\">Ch\u0142odziarka modu\u0142owa R410a4<\/figcaption><\/figure>\n<p><img loading=\"lazy\" decoding=\"async\" class=\"size-medium wp-image-1072 aligncenter\" src=\"http:\/\/hetapro.com\/wp-content\/uploads\/2023\/07\/r410a-modular-7chiller7-212x300.webp\" alt=\"auto draft\" width=\"212\" height=\"300\" srcset=\"https:\/\/hetapro.com\/wp-content\/uploads\/2023\/07\/r410a-modular-7chiller7-212x300.webp 212w, https:\/\/hetapro.com\/wp-content\/uploads\/2023\/07\/r410a-modular-7chiller7-scaled-600x849.webp 600w, https:\/\/hetapro.com\/wp-content\/uploads\/2023\/07\/r410a-modular-7chiller7-724x1024.webp 724w, https:\/\/hetapro.com\/wp-content\/uploads\/2023\/07\/r410a-modular-7chiller7-768x1086.webp 768w, https:\/\/hetapro.com\/wp-content\/uploads\/2023\/07\/r410a-modular-7chiller7-1086x1536.webp 1086w, https:\/\/hetapro.com\/wp-content\/uploads\/2023\/07\/r410a-modular-7chiller7-1448x2048.webp 1448w, https:\/\/hetapro.com\/wp-content\/uploads\/2023\/07\/r410a-modular-7chiller7-scaled.webp 1810w\" sizes=\"(max-width: 212px) 100vw, 212px\" \/><\/p>\n<table style=\"border-collapse: collapse; width: 387.02pt;\" border=\"0\" width=\"516\" cellspacing=\"0\" cellpadding=\"0\">\n<tbody>\n<tr style=\"height: 18.00pt;\">\n<td class=\"et2\" style=\"height: 18.00pt; width: 168.00pt;\" width=\"224\" height=\"24\">przedmiot<\/td>\n<td class=\"et2\" style=\"width: 219.00pt;\" width=\"292\">warto\u015b\u0107<\/td>\n<\/tr>\n<tr style=\"height: 18.00pt;\">\n<td class=\"et3\" style=\"height: 18.00pt; width: 168.00pt;\" width=\"224\" height=\"24\"><span class=\"font2\">Zapewniamy obs\u0142ug\u0119 posprzeda\u017cow\u0105<\/span><\/td>\n<td class=\"et3\" style=\"width: 219.00pt;\" width=\"292\"><span class=\"font2\">Bezp\u0142atne cz\u0119\u015bci zamienne, zagraniczne centra telefoniczne<\/span><\/td>\n<\/tr>\n<tr style=\"height: 18.00pt;\">\n<td class=\"et3\" style=\"height: 18.00pt; width: 168.00pt;\" width=\"224\" height=\"24\"><span class=\"font2\">Gwarancja<\/span><\/td>\n<td class=\"et3\" style=\"width: 219.00pt;\" width=\"292\"><span class=\"font2\">3 lata<\/span><\/td>\n<\/tr>\n<tr style=\"height: 18.00pt;\">\n<td class=\"et3\" style=\"height: 18.00pt; width: 168.00pt;\" width=\"224\" height=\"24\"><span class=\"font2\">Aplikacja<\/span><\/td>\n<td class=\"et3\" style=\"width: 219.00pt;\" width=\"292\"><span class=\"font2\">Na zewn\u0105trz, Hotel, Gara\u017c, Obiekt komercyjny, Gospodarstwo domowe<\/span><\/td>\n<\/tr>\n<tr style=\"height: 18.00pt;\">\n<td class=\"et3\" style=\"height: 18.00pt; width: 168.00pt;\" width=\"224\" height=\"24\"><span class=\"font2\">\u0179r\u00f3d\u0142o zasilania<\/span><\/td>\n<td class=\"et3\" style=\"width: 219.00pt;\" width=\"292\"><span class=\"font2\">Elektryczno\u015b\u0107, gaz<\/span><\/td>\n<\/tr>\n<tr style=\"height: 18.00pt;\">\n<td class=\"et3\" style=\"height: 18.00pt; width: 168.00pt;\" width=\"224\" height=\"24\"><span class=\"font2\">Sterowane aplikacj\u0105<\/span><\/td>\n<td class=\"et3\" style=\"width: 219.00pt;\" width=\"292\"><span class=\"font2\">Tak<\/span><\/td>\n<\/tr>\n<tr style=\"height: 18.00pt;\">\n<td class=\"et3\" style=\"height: 18.00pt; width: 168.00pt;\" width=\"224\" height=\"24\"><span class=\"font2\">Prywatna forma<\/span><\/td>\n<td class=\"et3\" style=\"width: 219.00pt;\" width=\"292\"><span class=\"font2\">NIE<\/span><\/td>\n<\/tr>\n<tr style=\"height: 18.00pt;\">\n<td class=\"et3\" style=\"height: 18.00pt; width: 168.00pt;\" width=\"224\" height=\"24\"><span class=\"font2\">Typ<\/span><\/td>\n<td class=\"et3\" style=\"width: 219.00pt;\" width=\"292\"><span class=\"font2\">Ch\u0142odziarka powietrzna<\/span><\/td>\n<\/tr>\n<tr style=\"height: 18.00pt;\">\n<td class=\"et3\" style=\"height: 18.00pt; width: 168.00pt;\" width=\"224\" height=\"24\"><span class=\"font2\">Instalacja<\/span><\/td>\n<td class=\"et3\" style=\"width: 219.00pt;\" width=\"292\"><span class=\"font2\">Wolnostoj\u0105cy<\/span><\/td>\n<\/tr>\n<tr style=\"height: 18.00pt;\">\n<td class=\"et3\" style=\"height: 18.00pt; width: 168.00pt;\" width=\"224\" height=\"24\"><span class=\"font2\">Przechowywanie \/ Bez zbiornika<\/span><\/td>\n<td class=\"et3\" style=\"width: 219.00pt;\" width=\"292\"><span class=\"font2\">Inny<\/span><\/td>\n<\/tr>\n<tr style=\"height: 18.00pt;\">\n<td class=\"et3\" style=\"height: 18.00pt; width: 168.00pt;\" width=\"224\" height=\"24\"><span class=\"font2\">Materia\u0142 obudowy<\/span><\/td>\n<td class=\"et3\" style=\"width: 219.00pt;\" width=\"292\"><span class=\"font2\">Stal nierdzewna<\/span><\/td>\n<\/tr>\n<tr style=\"height: 18.00pt;\">\n<td class=\"et3\" style=\"height: 18.00pt; width: 168.00pt;\" width=\"224\" height=\"24\"><span class=\"font2\">U\u017cywa\u0107<\/span><\/td>\n<td class=\"et3\" style=\"width: 219.00pt;\" width=\"292\"><span class=\"font2\">plenerowy<\/span><\/td>\n<\/tr>\n<tr style=\"height: 18.00pt;\">\n<td class=\"et3\" style=\"height: 18.00pt; width: 168.00pt;\" width=\"224\" height=\"24\"><span class=\"font2\">Miejsce pochodzenia<\/span><\/td>\n<td class=\"et3\" style=\"width: 219.00pt;\" width=\"292\"><span class=\"font2\">Chiny<\/span><\/td>\n<\/tr>\n<tr style=\"height: 18.00pt;\">\n<td class=\"et3\" style=\"height: 18.00pt; width: 168.00pt;\" width=\"224\" height=\"24\"><span class=\"font2\">Nazwa marki<\/span><\/td>\n<td class=\"et3\" style=\"width: 219.00pt;\" width=\"292\"><span class=\"font2\">Hetapro<\/span><\/td>\n<\/tr>\n<tr style=\"height: 18.00pt;\">\n<td class=\"et3\" style=\"height: 18.00pt; width: 168.00pt;\" width=\"224\" height=\"24\"><span class=\"font2\">Numer modelu<\/span><\/td>\n<td class=\"et3\" style=\"width: 219.00pt;\" width=\"292\"><span class=\"font2\">DSKL-65\/N1S-A<\/span><\/td>\n<\/tr>\n<tr style=\"height: 18.00pt;\">\n<td class=\"et3\" style=\"height: 18.00pt; width: 168.00pt;\" width=\"224\" height=\"24\"><span class=\"font2\">Funkcjonowa\u0107<\/span><\/td>\n<td class=\"et3\" style=\"width: 219.00pt;\" width=\"292\"><span class=\"font2\">Ogrzewanie i ch\u0142odzenie<\/span><\/td>\n<\/tr>\n<tr style=\"height: 18.00pt;\">\n<td class=\"et3\" style=\"height: 18.00pt; width: 168.00pt;\" width=\"224\" height=\"24\"><span class=\"font2\">Wymiennik ciep\u0142a<\/span><\/td>\n<td class=\"et3\" style=\"width: 219.00pt;\" width=\"292\"><span class=\"font2\">rurka w rurce<\/span><\/td>\n<\/tr>\n<tr style=\"height: 18.00pt;\">\n<td class=\"et3\" style=\"height: 18.00pt; width: 168.00pt;\" width=\"224\" height=\"24\"><span class=\"font2\">Kompresor<\/span><\/td>\n<td class=\"et3\" style=\"width: 219.00pt;\" width=\"292\"><span class=\"font2\">Zw\u00f3j<\/span><\/td>\n<\/tr>\n<tr style=\"height: 18.00pt;\">\n<td class=\"et3\" style=\"height: 18.00pt; width: 168.00pt;\" width=\"224\" height=\"24\"><span class=\"font2\">Moc<\/span><\/td>\n<td class=\"et3\" style=\"width: 219.00pt;\" width=\"292\"><span class=\"font2\">380-420 V\/3 fazy\/50 Hz<\/span><\/td>\n<\/tr>\n<tr style=\"height: 18.00pt;\">\n<td class=\"et3\" style=\"height: 18.00pt; width: 168.00pt;\" width=\"224\" height=\"24\"><span class=\"font2\">Kontroler<\/span><\/td>\n<td class=\"et3\" style=\"width: 219.00pt;\" width=\"292\"><span class=\"font2\">Kontroler przewodowy (obs\u0142uguje Wi-Fi)<\/span><\/td>\n<\/tr>\n<tr style=\"height: 18.00pt;\">\n<td class=\"et3\" style=\"height: 18.00pt; width: 168.00pt;\" width=\"224\" height=\"24\"><span class=\"font2\">\u0179r\u00f3d\u0142o ciep\u0142a<\/span><\/td>\n<td class=\"et3\" style=\"width: 219.00pt;\" width=\"292\"><span class=\"font2\">\u0179r\u00f3d\u0142o powietrza<\/span><\/td>\n<\/tr>\n<tr style=\"height: 18.00pt;\">\n<td class=\"et3\" style=\"height: 18.00pt; width: 168.00pt;\" width=\"224\" height=\"24\"><span class=\"font2\">Ch\u0142odziwo<\/span><\/td>\n<td class=\"et3\" style=\"width: 219.00pt;\" width=\"292\"><span class=\"font2\">R410A<\/span><\/td>\n<\/tr>\n<tr style=\"height: 18.00pt;\">\n<td class=\"et3\" style=\"height: 18.00pt; width: 168.00pt;\" width=\"224\" height=\"24\"><span class=\"font2\">Temperatura otoczenia<\/span><\/td>\n<td class=\"et3\" style=\"width: 219.00pt;\" width=\"292\"><span class=\"font2\">-25 ~ 45 stopni<\/span><\/td>\n<\/tr>\n<tr style=\"height: 18.00pt;\">\n<td class=\"et3\" style=\"height: 18.00pt; width: 168.00pt;\" width=\"224\" height=\"24\"><span class=\"font2\">Orzecznictwo<\/span><\/td>\n<td class=\"et3\" style=\"width: 219.00pt;\" width=\"292\"><span class=\"font2\">Certyfikat CE<\/span><\/td>\n<\/tr>\n<tr style=\"height: 18.00pt;\">\n<td class=\"et3\" style=\"height: 18.00pt; width: 168.00pt;\" width=\"224\" height=\"24\"><span class=\"font2\">Serwis OEM<\/span><\/td>\n<td class=\"et3\" style=\"width: 219.00pt;\" width=\"292\"><span class=\"font2\">Dost\u0119pne<\/span><\/td>\n<\/tr>\n<\/tbody>\n<\/table>","protected":false},"excerpt":{"rendered":"<div class=\"elementor-element elementor-element-a18efa6 elementor-repeater-item-none elementor-repeater-item-none_hover elementor-widget elementor-widget-woocommerce-product-short-description\" data-id=\"a18efa6\" data-element_type=\"widget\" data-widget_type=\"woocommerce-product-short-description.default\">\n<div class=\"elementor-widget-container\">\n<div class=\"woocommerce-product-details__short-description\">\n<p><strong>Zdolno\u015b\u0107 produkcyjna<\/strong>: 150 sztuk \/ godzin\u0119<\/p>\n<p><strong>Zakres nape\u0142niania<\/strong>: 1-30kg<\/p>\n<ul>\n<li>Ci\u0105g\u0142e i automatyczne<\/li>\n<li>Dobre dla \u015brodowiska<\/li>\n<li>Wysoka dok\u0142adno\u015b\u0107 wype\u0142niania<\/li>\n<li>D\u0142ugi okres u\u017cytkowania<\/li>\n<\/ul>\n<p><strong>Wype\u0142nienie Precosion<\/strong> : 1KG\u22640,02<\/p>\n<\/div>\n<\/div>\n<\/div>","protected":false},"featured_media":3782,"template":"","meta":{"_acf_changed":false,"_seopress_robots_primary_cat":"none","_seopress_titles_title":"","_seopress_titles_desc":"","_seopress_robots_index":""},"product_cat":[28],"product_tag":[37],"acf":[],"_links":{"self":[{"href":"https:\/\/hetapro.com\/pl\/wp-json\/wp\/v2\/product\/1059"}],"collection":[{"href":"https:\/\/hetapro.com\/pl\/wp-json\/wp\/v2\/product"}],"about":[{"href":"https:\/\/hetapro.com\/pl\/wp-json\/wp\/v2\/types\/product"}],"wp:featuredmedia":[{"embeddable":true,"href":"https:\/\/hetapro.com\/pl\/wp-json\/wp\/v2\/media\/3782"}],"wp:attachment":[{"href":"https:\/\/hetapro.com\/pl\/wp-json\/wp\/v2\/media?parent=1059"}],"wp:term":[{"taxonomy":"product_cat","embeddable":true,"href":"https:\/\/hetapro.com\/pl\/wp-json\/wp\/v2\/product_cat?post=1059"},{"taxonomy":"product_tag","embeddable":true,"href":"https:\/\/hetapro.com\/pl\/wp-json\/wp\/v2\/product_tag?post=1059"}],"curies":[{"name":"wp","href":"https:\/\/api.w.org\/{rel}","templated":true}]}}