{"id":1062,"date":"2023-07-05T09:26:54","date_gmt":"2023-07-05T09:26:54","guid":{"rendered":"https:\/\/hetapro.com\/?post_type=product&#038;p=1062"},"modified":"2025-01-06T08:09:29","modified_gmt":"2025-01-06T08:09:29","slug":"r32-modular-chiller","status":"publish","type":"product","link":"https:\/\/hetapro.com\/pl\/products\/r32-modular-chiller\/","title":{"rendered":"Ch\u0142odziarka modu\u0142owa R32"},"content":{"rendered":"<p><img loading=\"lazy\" decoding=\"async\" class=\"wp-image-1070\" src=\"http:\/\/hetapro.com\/wp-content\/uploads\/2023\/07\/r410a-modular-chiller5-scaled.webp\" alt=\"auto draft\" width=\"900\" height=\"1273\" srcset=\"https:\/\/hetapro.com\/wp-content\/uploads\/2023\/07\/r410a-modular-chiller5-scaled.webp 1810w, https:\/\/hetapro.com\/wp-content\/uploads\/2023\/07\/r410a-modular-chiller5-scaled-600x849.webp 600w, https:\/\/hetapro.com\/wp-content\/uploads\/2023\/07\/r410a-modular-chiller5-212x300.webp 212w, https:\/\/hetapro.com\/wp-content\/uploads\/2023\/07\/r410a-modular-chiller5-724x1024.webp 724w, https:\/\/hetapro.com\/wp-content\/uploads\/2023\/07\/r410a-modular-chiller5-768x1086.webp 768w, https:\/\/hetapro.com\/wp-content\/uploads\/2023\/07\/r410a-modular-chiller5-1086x1536.webp 1086w, https:\/\/hetapro.com\/wp-content\/uploads\/2023\/07\/r410a-modular-chiller5-1448x2048.webp 1448w\" sizes=\"(max-width: 900px) 100vw, 900px\" \/><\/p>\n<p><img loading=\"lazy\" decoding=\"async\" class=\"wp-image-1071\" src=\"http:\/\/hetapro.com\/wp-content\/uploads\/2023\/07\/r410a-modular-chiller6-scaled.webp\" alt=\"R410a Modular chiller4\" width=\"900\" height=\"1274\" srcset=\"https:\/\/hetapro.com\/wp-content\/uploads\/2023\/07\/r410a-modular-chiller6-scaled.webp 1809w, https:\/\/hetapro.com\/wp-content\/uploads\/2023\/07\/r410a-modular-chiller6-scaled-600x849.webp 600w, https:\/\/hetapro.com\/wp-content\/uploads\/2023\/07\/r410a-modular-chiller6-212x300.webp 212w, https:\/\/hetapro.com\/wp-content\/uploads\/2023\/07\/r410a-modular-chiller6-724x1024.webp 724w, https:\/\/hetapro.com\/wp-content\/uploads\/2023\/07\/r410a-modular-chiller6-768x1087.webp 768w, https:\/\/hetapro.com\/wp-content\/uploads\/2023\/07\/r410a-modular-chiller6-1086x1536.webp 1086w, https:\/\/hetapro.com\/wp-content\/uploads\/2023\/07\/r410a-modular-chiller6-1447x2048.webp 1447w\" sizes=\"(max-width: 900px) 100vw, 900px\" \/><\/p>\n<table class=\"alignleft\" style=\"border-collapse: collapse; width: 100%;\" border=\"0\" width=\"415\" cellspacing=\"0\" cellpadding=\"0\">\n<tbody>\n<tr style=\"height: 27.00pt;\">\n<td class=\"et2\" style=\"height: 27pt; width: 115.5pt; text-align: center;\" width=\"154\" height=\"36\">przedmiot<\/td>\n<td class=\"et2\" style=\"width: 195.75pt;\" width=\"261\">warto\u015b\u0107<\/td>\n<\/tr>\n<tr style=\"height: 27.00pt;\">\n<td class=\"et3\" style=\"height: 27.00pt; width: 115.50pt;\" width=\"154\" height=\"36\"><span class=\"font2\">Zapewniamy obs\u0142ug\u0119 posprzeda\u017cow\u0105<\/span><\/td>\n<td class=\"et3\" style=\"width: 195.75pt;\" width=\"261\"><span class=\"font2\">Bezp\u0142atne cz\u0119\u015bci zamienne, zagraniczne centra telefoniczne<\/span><\/td>\n<\/tr>\n<tr style=\"height: 27.00pt;\">\n<td class=\"et3\" style=\"height: 27.00pt; width: 115.50pt;\" width=\"154\" height=\"36\"><span class=\"font2\">Gwarancja<\/span><\/td>\n<td class=\"et3\" style=\"width: 195.75pt;\" width=\"261\"><span class=\"font2\">3 lata<\/span><\/td>\n<\/tr>\n<tr style=\"height: 27.00pt;\">\n<td class=\"et3\" style=\"height: 27.00pt; width: 115.50pt;\" width=\"154\" height=\"36\"><span class=\"font2\">Aplikacja<\/span><\/td>\n<td class=\"et3\" style=\"width: 195.75pt;\" width=\"261\"><span class=\"font2\">Na zewn\u0105trz, Hotel, Gara\u017c, Obiekt komercyjny, Gospodarstwo domowe<\/span><\/td>\n<\/tr>\n<tr style=\"height: 27.00pt;\">\n<td class=\"et3\" style=\"height: 27.00pt; width: 115.50pt;\" width=\"154\" height=\"36\"><span class=\"font2\">\u0179r\u00f3d\u0142o zasilania<\/span><\/td>\n<td class=\"et3\" style=\"width: 195.75pt;\" width=\"261\"><span class=\"font2\">Elektryczno\u015b\u0107, gaz<\/span><\/td>\n<\/tr>\n<tr style=\"height: 27.00pt;\">\n<td class=\"et3\" style=\"height: 27.00pt; width: 115.50pt;\" width=\"154\" height=\"36\"><span class=\"font2\">Sterowane aplikacj\u0105<\/span><\/td>\n<td class=\"et3\" style=\"width: 195.75pt;\" width=\"261\"><span class=\"font2\">Tak<\/span><\/td>\n<\/tr>\n<tr style=\"height: 27.00pt;\">\n<td class=\"et3\" style=\"height: 27.00pt; width: 115.50pt;\" width=\"154\" height=\"36\"><span class=\"font2\">Prywatna forma<\/span><\/td>\n<td class=\"et3\" style=\"width: 195.75pt;\" width=\"261\"><span class=\"font2\">NIE<\/span><\/td>\n<\/tr>\n<tr style=\"height: 27.00pt;\">\n<td class=\"et3\" style=\"height: 27.00pt; width: 115.50pt;\" width=\"154\" height=\"36\"><span class=\"font2\">Typ<\/span><\/td>\n<td class=\"et3\" style=\"width: 195.75pt;\" width=\"261\"><span class=\"font2\">Ch\u0142odziarka powietrzna<\/span><\/td>\n<\/tr>\n<tr style=\"height: 27.00pt;\">\n<td class=\"et3\" style=\"height: 27.00pt; width: 115.50pt;\" width=\"154\" height=\"36\"><span class=\"font2\">Instalacja<\/span><\/td>\n<td class=\"et3\" style=\"width: 195.75pt;\" width=\"261\"><span class=\"font2\">Wolnostoj\u0105cy<\/span><\/td>\n<\/tr>\n<tr style=\"height: 27.00pt;\">\n<td class=\"et3\" style=\"height: 27.00pt; width: 115.50pt;\" width=\"154\" height=\"36\"><span class=\"font2\">Przechowywanie \/ Bez zbiornika<\/span><\/td>\n<td class=\"et3\" style=\"width: 195.75pt;\" width=\"261\"><span class=\"font2\">Inny<\/span><\/td>\n<\/tr>\n<tr style=\"height: 27.00pt;\">\n<td class=\"et3\" style=\"height: 27.00pt; width: 115.50pt;\" width=\"154\" height=\"36\"><span class=\"font2\">Materia\u0142 obudowy<\/span><\/td>\n<td class=\"et3\" style=\"width: 195.75pt;\" width=\"261\"><span class=\"font2\">Stal nierdzewna<\/span><\/td>\n<\/tr>\n<tr style=\"height: 27.00pt;\">\n<td class=\"et3\" style=\"height: 27.00pt; width: 115.50pt;\" width=\"154\" height=\"36\"><span class=\"font2\">U\u017cywa\u0107<\/span><\/td>\n<td class=\"et3\" style=\"width: 195.75pt;\" width=\"261\"><span class=\"font2\">plenerowy<\/span><\/td>\n<\/tr>\n<tr style=\"height: 27.00pt;\">\n<td class=\"et3\" style=\"height: 27.00pt; width: 115.50pt;\" width=\"154\" height=\"36\"><span class=\"font2\">Miejsce pochodzenia<\/span><\/td>\n<td class=\"et3\" style=\"width: 195.75pt;\" width=\"261\"><span class=\"font2\">Chiny<\/span><\/td>\n<\/tr>\n<tr style=\"height: 27.00pt;\">\n<td class=\"et3\" style=\"height: 27.00pt; width: 115.50pt;\" width=\"154\" height=\"36\"><span class=\"font2\">Nazwa marki<\/span><\/td>\n<td class=\"et3\" style=\"width: 195.75pt;\" width=\"261\"><span class=\"font2\">Hetapro<\/span><\/td>\n<\/tr>\n<tr style=\"height: 27.00pt;\">\n<td class=\"et3\" style=\"height: 27.00pt; width: 115.50pt;\" width=\"154\" height=\"36\"><span class=\"font2\">Numer modelu<\/span><\/td>\n<td class=\"et3\" style=\"width: 195.75pt;\" width=\"261\"><span class=\"font2\">DSKL-65\/N1S-A<\/span><\/td>\n<\/tr>\n<tr style=\"height: 27.00pt;\">\n<td class=\"et3\" style=\"height: 27.00pt; width: 115.50pt;\" width=\"154\" height=\"36\"><span class=\"font2\">Funkcjonowa\u0107<\/span><\/td>\n<td class=\"et3\" style=\"width: 195.75pt;\" width=\"261\"><span class=\"font2\">Ogrzewanie i ch\u0142odzenie<\/span><\/td>\n<\/tr>\n<tr style=\"height: 27.00pt;\">\n<td class=\"et3\" style=\"height: 27.00pt; width: 115.50pt;\" width=\"154\" height=\"36\"><span class=\"font2\">Wymiennik ciep\u0142a<\/span><\/td>\n<td class=\"et3\" style=\"width: 195.75pt;\" width=\"261\"><span class=\"font2\">rurka w rurce<\/span><\/td>\n<\/tr>\n<tr style=\"height: 27.00pt;\">\n<td class=\"et3\" style=\"height: 27.00pt; width: 115.50pt;\" width=\"154\" height=\"36\"><span class=\"font2\">Kompresor<\/span><\/td>\n<td class=\"et3\" style=\"width: 195.75pt;\" width=\"261\"><span class=\"font2\">Zw\u00f3j<\/span><\/td>\n<\/tr>\n<tr style=\"height: 27.00pt;\">\n<td class=\"et3\" style=\"height: 27.00pt; width: 115.50pt;\" width=\"154\" height=\"36\"><span class=\"font2\">Moc<\/span><\/td>\n<td class=\"et3\" style=\"width: 195.75pt;\" width=\"261\"><span class=\"font2\">380-420 V\/3 fazy\/50 Hz<\/span><\/td>\n<\/tr>\n<tr style=\"height: 27.00pt;\">\n<td class=\"et3\" style=\"height: 27.00pt; width: 115.50pt;\" width=\"154\" height=\"36\"><span class=\"font2\">Kontroler<\/span><\/td>\n<td class=\"et3\" style=\"width: 195.75pt;\" width=\"261\"><span class=\"font2\">Kontroler przewodowy (obs\u0142uguje Wi-Fi)<\/span><\/td>\n<\/tr>\n<tr style=\"height: 27.00pt;\">\n<td class=\"et3\" style=\"height: 27.00pt; width: 115.50pt;\" width=\"154\" height=\"36\"><span class=\"font2\">\u0179r\u00f3d\u0142o ciep\u0142a<\/span><\/td>\n<td class=\"et3\" style=\"width: 195.75pt;\" width=\"261\"><span class=\"font2\">\u0179r\u00f3d\u0142o powietrza<\/span><\/td>\n<\/tr>\n<tr style=\"height: 27.00pt;\">\n<td class=\"et3\" style=\"height: 27.00pt; width: 115.50pt;\" width=\"154\" height=\"36\"><span class=\"font2\">Ch\u0142odziwo<\/span><\/td>\n<td class=\"et3\" style=\"width: 195.75pt;\" width=\"261\"><span class=\"font2\">R410A<\/span><\/td>\n<\/tr>\n<tr style=\"height: 27.00pt;\">\n<td class=\"et3\" style=\"height: 27.00pt; width: 115.50pt;\" width=\"154\" height=\"36\"><span class=\"font2\">Temperatura otoczenia<\/span><\/td>\n<td class=\"et3\" style=\"width: 195.75pt;\" width=\"261\"><span class=\"font2\">-25 ~ 45 stopni<\/span><\/td>\n<\/tr>\n<tr style=\"height: 27.00pt;\">\n<td class=\"et3\" style=\"height: 27.00pt; width: 115.50pt;\" width=\"154\" height=\"36\"><span class=\"font2\">Orzecznictwo<\/span><\/td>\n<td class=\"et3\" style=\"width: 195.75pt;\" width=\"261\"><span class=\"font2\"><span class=\"font2\">Certyfikat CE<\/span><\/span>automatyczny projekt<\/td>\n<\/tr>\n<tr style=\"height: 27.00pt;\">\n<td class=\"et3\" style=\"height: 27.00pt; width: 115.50pt;\" width=\"154\" height=\"36\"><span class=\"font2\">Serwis OEM<\/span><\/td>\n<td class=\"et3\" style=\"width: 195.75pt;\" width=\"261\"><span class=\"font2\">Dost\u0119pne<\/span><\/td>\n<\/tr>\n<\/tbody>\n<\/table>","protected":false},"excerpt":{"rendered":"<p>Wydajno\u015b\u0107 produkcyjna: 150 sztuk\/godz.<\/p>\n<p>Zakres nape\u0142niania: 1-30 kg<\/p>\n<p>Ci\u0105g\u0142e i automatyczne<br \/>\nDobre dla \u015brodowiska<br \/>\nWysoka dok\u0142adno\u015b\u0107 wype\u0142niania<br \/>\nD\u0142ugi okres u\u017cytkowania<br \/>\nPrecyzja wype\u0142nienia: 1KG\u22640,02<\/p>","protected":false},"featured_media":3783,"template":"","meta":{"_acf_changed":false,"_seopress_robots_primary_cat":"none","_seopress_titles_title":"","_seopress_titles_desc":"","_seopress_robots_index":""},"product_cat":[29],"product_tag":[],"acf":[],"_links":{"self":[{"href":"https:\/\/hetapro.com\/pl\/wp-json\/wp\/v2\/product\/1062"}],"collection":[{"href":"https:\/\/hetapro.com\/pl\/wp-json\/wp\/v2\/product"}],"about":[{"href":"https:\/\/hetapro.com\/pl\/wp-json\/wp\/v2\/types\/product"}],"wp:featuredmedia":[{"embeddable":true,"href":"https:\/\/hetapro.com\/pl\/wp-json\/wp\/v2\/media\/3783"}],"wp:attachment":[{"href":"https:\/\/hetapro.com\/pl\/wp-json\/wp\/v2\/media?parent=1062"}],"wp:term":[{"taxonomy":"product_cat","embeddable":true,"href":"https:\/\/hetapro.com\/pl\/wp-json\/wp\/v2\/product_cat?post=1062"},{"taxonomy":"product_tag","embeddable":true,"href":"https:\/\/hetapro.com\/pl\/wp-json\/wp\/v2\/product_tag?post=1062"}],"curies":[{"name":"wp","href":"https:\/\/api.w.org\/{rel}","templated":true}]}}