{"id":3932,"date":"2025-01-14T07:12:08","date_gmt":"2025-01-14T07:12:08","guid":{"rendered":"https:\/\/hetapro.com\/?post_type=product&#038;p=3932"},"modified":"2025-09-04T05:15:01","modified_gmt":"2025-09-04T05:15:01","slug":"mr-hybrid-wall-mounted-indoor-r290-hybrid-heat-pump","status":"publish","type":"product","link":"https:\/\/hetapro.com\/pl\/products\/mr-hybrid-wall-mounted-indoor-r290-hybrid-heat-pump\/","title":{"rendered":"Mr. Hybrid \u2013 \u015bcienna pompa ciep\u0142a hybrydowa R290 do wn\u0119trz"},"content":{"rendered":"","protected":false},"excerpt":{"rendered":"<p>Odkryj Mr. Hybrid, kompaktow\u0105, montowan\u0105 na \u015bcianie hybrydow\u0105 pomp\u0119 ciep\u0142a do u\u017cytku wewn\u0105trz pomieszcze\u0144, kt\u00f3ra nie wymaga licencji F-Gas. Oszcz\u0119dzaj energi\u0119, miejsce i koszty, ciesz\u0105c si\u0119 inteligentnym, wydajnym ogrzewaniem.<\/p>","protected":false},"featured_media":4620,"template":"","meta":{"_acf_changed":false,"_seopress_robots_primary_cat":"none","_seopress_titles_title":"Mr. Hybrid - Wall Mounted Indoor R290 Hybrid Heat Pump %%sep%% HETAPRO","_seopress_titles_desc":"Discover Mr. Hybrid, the compact, wall-mounted indoor hybrid heat pump with no F-Gas license required. Save energy, space, and costs while enjoying smart, efficient heating.","_seopress_robots_index":""},"product_cat":[42,102],"product_tag":[108],"acf":[],"_links":{"self":[{"href":"https:\/\/hetapro.com\/pl\/wp-json\/wp\/v2\/product\/3932"}],"collection":[{"href":"https:\/\/hetapro.com\/pl\/wp-json\/wp\/v2\/product"}],"about":[{"href":"https:\/\/hetapro.com\/pl\/wp-json\/wp\/v2\/types\/product"}],"wp:featuredmedia":[{"embeddable":true,"href":"https:\/\/hetapro.com\/pl\/wp-json\/wp\/v2\/media\/4620"}],"wp:attachment":[{"href":"https:\/\/hetapro.com\/pl\/wp-json\/wp\/v2\/media?parent=3932"}],"wp:term":[{"taxonomy":"product_cat","embeddable":true,"href":"https:\/\/hetapro.com\/pl\/wp-json\/wp\/v2\/product_cat?post=3932"},{"taxonomy":"product_tag","embeddable":true,"href":"https:\/\/hetapro.com\/pl\/wp-json\/wp\/v2\/product_tag?post=3932"}],"curies":[{"name":"wp","href":"https:\/\/api.w.org\/{rel}","templated":true}]}}