{"id":4172,"date":"2025-03-12T12:50:25","date_gmt":"2025-03-12T12:50:25","guid":{"rendered":"https:\/\/hetapro.com\/?post_type=product&#038;p=4172"},"modified":"2025-03-13T09:40:05","modified_gmt":"2025-03-13T09:40:05","slug":"aquariux-r290-all-in-one-heat-pump-water-heater","status":"publish","type":"product","link":"https:\/\/hetapro.com\/pl\/products\/aquariux-r290-all-in-one-heat-pump-water-heater\/","title":{"rendered":"AquariuX R290 Uniwersalny podgrzewacz wody z pomp\u0105 ciep\u0142a"},"content":{"rendered":"<h1 data-start=\"145\" data-end=\"241\">AquariuX Series 200\/250\/300L R290 Uniwersalny podgrzewacz wody z pomp\u0105 ciep\u0142a do ciep\u0142ej wody u\u017cytkowej \u2013 inteligentny, wydajny i ekologiczny<\/h1>\n<h2 data-start=\"243\" data-end=\"264\"><strong data-start=\"246\" data-end=\"262\">Wst\u0119p<\/strong><\/h2>\n<p data-start=\"265\" data-end=\"762\">Ten <strong data-start=\"269\" data-end=\"288\">Seria AquariuX<\/strong> przez <strong data-start=\"292\" data-end=\"303\">Hetapro<\/strong> Stanowi najnowocze\u015bniejsze rozwi\u0105zanie dla potrzeb ciep\u0142ej wody u\u017cytkowej w domach i firmach. Zaprojektowany z my\u015bl\u0105 o \u015brodowiskach o du\u017cym zapotrzebowaniu, podgrzewacz wody z pomp\u0105 ciep\u0142a AquariuX \u0142\u0105czy w sobie zaawansowan\u0105 technologi\u0119 czynnika ch\u0142odniczego R290, zintegrowane sterowanie Wi-Fi i opcjonalne ogrzewanie s\u0142oneczne, zapewniaj\u0105c maksymaln\u0105 wydajno\u015b\u0107 i zr\u00f3wnowa\u017cony rozw\u00f3j. Dost\u0119pny w <strong data-start=\"617\" data-end=\"641\">200L, 250L i 300L<\/strong> Modele AquariuX zapewniaj\u0105 sta\u0142y dop\u0142yw ciep\u0142ej wody, jednocze\u015bnie redukuj\u0105c zu\u017cycie energii i obni\u017caj\u0105c koszty eksploatacji.<\/p>\n<hr data-start=\"764\" data-end=\"767\" \/>\n<h2 data-start=\"769\" data-end=\"803\"><strong data-start=\"772\" data-end=\"801\">G\u0142\u00f3wne cechy i korzy\u015bci<\/strong><\/h2>\n<h3 data-start=\"805\" data-end=\"843\">\u2705 <strong data-start=\"811\" data-end=\"841\">Wy\u017csza efektywno\u015b\u0107 energetyczna<\/strong><\/h3>\n<ul data-start=\"844\" data-end=\"1113\">\n<li data-start=\"844\" data-end=\"957\"><strong data-start=\"846\" data-end=\"862\">ErP Klasa A+<\/strong> \u2013 Wyj\u0105tkowa efektywno\u015b\u0107 energetyczna, redukuj\u0105ca zu\u017cycie pr\u0105du i oszcz\u0119dzaj\u0105ca koszty operacyjne.<\/li>\n<li data-start=\"958\" data-end=\"1113\"><strong data-start=\"960\" data-end=\"980\">Czynnik ch\u0142odniczy R290<\/strong> \u2013 Ekologiczny czynnik ch\u0142odniczy o niskim potencjale tworzenia efektu cieplarnianego (GWP), zapewniaj\u0105cy wysok\u0105 wydajno\u015b\u0107 przy minimalnym wp\u0142ywie na \u015brodowisko.<\/li>\n<\/ul>\n<h3 data-start=\"1115\" data-end=\"1157\">\ud83d\ude80 <strong data-start=\"1122\" data-end=\"1155\">Du\u017ca pojemno\u015b\u0107 i wszechstronno\u015b\u0107<\/strong><\/h3>\n<ul data-start=\"1158\" data-end=\"1385\">\n<li data-start=\"1158\" data-end=\"1281\">Dost\u0119pne w <strong data-start=\"1173\" data-end=\"1197\">200L, 250L i 300L<\/strong> rozmiary idealne dla du\u017cych gospodarstw domowych, willi, apartament\u00f3w i nieruchomo\u015bci komercyjnych.<\/li>\n<li data-start=\"1282\" data-end=\"1385\">Maksymalna wydajno\u015b\u0107 <strong data-start=\"1302\" data-end=\"1309\">75\u2103<\/strong> do ciep\u0142ej wody u\u017cytkowej (CWU), zaspokajaj\u0105c najbardziej wymagaj\u0105ce potrzeby w zakresie ciep\u0142ej wody.<\/li>\n<\/ul>\n<h3 data-start=\"1387\" data-end=\"1437\">\ud83c\udf1e <strong data-start=\"1394\" data-end=\"1435\">Integracja energii s\u0142onecznej dla wi\u0119kszych oszcz\u0119dno\u015bci<\/strong><\/h3>\n<ul data-start=\"1438\" data-end=\"1665\">\n<li data-start=\"1438\" data-end=\"1570\">Model AquariuX Plus umo\u017cliwia integracj\u0119 z kolektorami s\u0142onecznymi, wykorzystuj\u0105c darmow\u0105 energi\u0119 s\u0142oneczn\u0105 w celu zminimalizowania zu\u017cycia energii.<\/li>\n<li data-start=\"1571\" data-end=\"1665\">Zmniejsza wp\u0142yw na \u015brodowisko i koszty operacyjne poprzez wykorzystanie odnawialnych \u017ar\u00f3de\u0142 energii.<\/li>\n<\/ul>\n<h3 data-start=\"1667\" data-end=\"1703\">\ud83d\udd25 <strong data-start=\"1674\" data-end=\"1701\">Zapasowe ogrzewanie elektryczne<\/strong><\/h3>\n<ul data-start=\"1704\" data-end=\"1930\">\n<li data-start=\"1704\" data-end=\"1824\">Wyposa\u017cony w <strong data-start=\"1722\" data-end=\"1751\">Op\u00f3r elektryczny 2,5 kW<\/strong> aby zapewni\u0107 szybkie ogrzewanie w okresach szczytowego zapotrzebowania lub przy ekstremalnie zimnej pogodzie.<\/li>\n<li data-start=\"1825\" data-end=\"1930\">Aktywuje si\u0119 tylko wtedy, gdy jest to konieczne, aby utrzyma\u0107 efektywno\u015b\u0107 energetyczn\u0105, zapewniaj\u0105c jednocze\u015bnie sta\u0142y dop\u0142yw ciep\u0142ej wody.<\/li>\n<\/ul>\n<h3 data-start=\"1932\" data-end=\"1979\">\ud83d\udcf1 <strong data-start=\"1939\" data-end=\"1977\">Inteligentne sterowanie ze zintegrowanym WiFi<\/strong><\/h3>\n<ul data-start=\"1980\" data-end=\"2250\">\n<li data-start=\"1980\" data-end=\"2056\">Kontroluj i monitoruj sw\u00f3j system ciep\u0142ej wody zdalnie za pomoc\u0105 aplikacji na smartfonie.<\/li>\n<li data-start=\"2057\" data-end=\"2146\">Maksymalna wygoda dzi\u0119ki mo\u017cliwo\u015bci wprowadzania zmian w czasie rzeczywistym, ustalania harmonogramu i \u015bledzenia zu\u017cycia energii.<\/li>\n<li data-start=\"2147\" data-end=\"2250\">Automatyczne aktualizacje oprogramowania gwarantuj\u0105, \u017ce system zawsze dzia\u0142a z najnowszymi funkcjami i udoskonaleniami.<\/li>\n<\/ul>\n<h3 data-start=\"2252\" data-end=\"2293\">\ud83c\udf0d <strong data-start=\"2259\" data-end=\"2291\">Ekologiczne i zr\u00f3wnowa\u017cone<\/strong><\/h3>\n<ul data-start=\"2294\" data-end=\"2479\">\n<li data-start=\"2294\" data-end=\"2394\">Zastosowania <strong data-start=\"2301\" data-end=\"2321\">Czynnik ch\u0142odniczy R290<\/strong> z GWP wynosz\u0105cym zaledwie <strong data-start=\"2341\" data-end=\"2346\">3<\/strong>, co znacznie zmniejsza wp\u0142yw na \u015brodowisko.<\/li>\n<li data-start=\"2395\" data-end=\"2479\">Praca o niskim poziomie ha\u0142asu <strong data-start=\"2420\" data-end=\"2431\">40dB(A)<\/strong> dla spokojnego i komfortowego otoczenia domowego.<\/li>\n<\/ul>\n<hr data-start=\"2481\" data-end=\"2484\" \/>\n<h2 data-start=\"2486\" data-end=\"2519\"><strong data-start=\"2489\" data-end=\"2517\">Dane techniczne<\/strong><\/h2>\n<table data-start=\"2521\" data-end=\"2935\">\n<thead data-start=\"2521\" data-end=\"2548\">\n<tr data-start=\"2521\" data-end=\"2548\">\n<th data-start=\"2521\" data-end=\"2531\">Funkcja<\/th>\n<th data-start=\"2531\" data-end=\"2548\">Opis<\/th>\n<\/tr>\n<\/thead>\n<tbody data-start=\"2577\" data-end=\"2935\">\n<tr data-start=\"2577\" data-end=\"2621\">\n<td><strong data-start=\"2579\" data-end=\"2596\">Opcje modelu<\/strong><\/td>\n<td>200L \/ 250L \/ 300L<\/td>\n<\/tr>\n<tr data-start=\"2622\" data-end=\"2660\">\n<td><strong data-start=\"2624\" data-end=\"2639\">Ch\u0142odziwo<\/strong><\/td>\n<td>R290 (propan)<\/td>\n<\/tr>\n<tr data-start=\"2661\" data-end=\"2702\">\n<td><strong data-start=\"2663\" data-end=\"2681\">Moc grzewcza<\/strong><\/td>\n<td>Do 75\u00b0C ciep\u0142ej wody u\u017cytkowej<\/td>\n<\/tr>\n<tr data-start=\"2703\" data-end=\"2736\">\n<td><strong data-start=\"2705\" data-end=\"2721\">Klasa energetyczna<\/strong><\/td>\n<td>A+ (ErP)<\/td>\n<\/tr>\n<tr data-start=\"2737\" data-end=\"2768\">\n<td><strong data-start=\"2739\" data-end=\"2754\">Poziom ha\u0142asu<\/strong><\/td>\n<td>40dB(A)<\/td>\n<\/tr>\n<tr data-start=\"2769\" data-end=\"2821\">\n<td><strong data-start=\"2771\" data-end=\"2789\">Ogrzewanie zapasowe<\/strong><\/td>\n<td>Op\u00f3r elektryczny 2,5 kW<\/td>\n<\/tr>\n<tr data-start=\"2822\" data-end=\"2876\">\n<td><strong data-start=\"2824\" data-end=\"2841\">Inteligentne sterowanie<\/strong><\/td>\n<td>Zintegrowane WiFi + aplikacja mobilna<\/td>\n<\/tr>\n<tr data-start=\"2877\" data-end=\"2935\">\n<td><strong data-start=\"2879\" data-end=\"2900\">Integracja s\u0142oneczna<\/strong><\/td>\n<td>Dost\u0119pne z AquariuX Plus<\/td>\n<\/tr>\n<\/tbody>\n<\/table>\n<hr data-start=\"2937\" data-end=\"2940\" \/>\n<h2 data-start=\"2942\" data-end=\"2994\"><strong data-start=\"2945\" data-end=\"2992\">Dlaczego warto wybra\u0107 podgrzewacz wody z pomp\u0105 ciep\u0142a AquariuX?<\/strong><\/h2>\n<ol data-start=\"2995\" data-end=\"3494\">\n<li data-start=\"2995\" data-end=\"3109\"><strong data-start=\"2998\" data-end=\"3016\">Oszcz\u0119dno\u015b\u0107 energii<\/strong> - A\u017c do <strong data-start=\"3025\" data-end=\"3047\">65% redukcja koszt\u00f3w<\/strong> poprzez zach\u0119ty rz\u0105dowe i ni\u017csze zu\u017cycie energii.<\/li>\n<li data-start=\"3110\" data-end=\"3218\"><strong data-start=\"3113\" data-end=\"3134\">Inteligentna wydajno\u015b\u0107<\/strong> \u2013 Monitorowanie i kontrola w czasie rzeczywistym zapewniaj\u0105 optymaln\u0105 prac\u0119 w ka\u017cdych warunkach.<\/li>\n<li data-start=\"3219\" data-end=\"3317\"><strong data-start=\"3222\" data-end=\"3247\">Ekologiczne rozwi\u0105zanie<\/strong> \u2013 Czynnik ch\u0142odniczy R290 i kompatybilno\u015b\u0107 z energi\u0105 s\u0142oneczn\u0105 zmniejszaj\u0105 \u015blad w\u0119glowy.<\/li>\n<li data-start=\"3318\" data-end=\"3396\"><strong data-start=\"3321\" data-end=\"3340\">Cicha praca<\/strong> \u2013 Niski poziom ha\u0142asu <strong data-start=\"3362\" data-end=\"3373\">40dB(A)<\/strong> dla maksymalnego komfortu.<\/li>\n<li data-start=\"3397\" data-end=\"3494\"><strong data-start=\"3400\" data-end=\"3419\">Niezawodna kopia zapasowa<\/strong> \u2013 Op\u00f3r 2,5 kW gwarantuje sta\u0142\u0105 ciep\u0142\u0105 wod\u0119 nawet w okresach szczytowego zapotrzebowania.<\/li>\n<\/ol>\n<hr data-start=\"3496\" data-end=\"3499\" \/>\n<h2 data-start=\"3501\" data-end=\"3534\"><strong data-start=\"3504\" data-end=\"3532\">Dost\u0119pne konfiguracje<\/strong><\/h2>\n<h3 data-start=\"3535\" data-end=\"3565\">\ud83d\udd39 <strong data-start=\"3542\" data-end=\"3563\">AquariuX Standard<\/strong><\/h3>\n<ul data-start=\"3566\" data-end=\"3688\">\n<li data-start=\"3566\" data-end=\"3607\">Podgrzewacz wody z pomp\u0105 ciep\u0142a w pe\u0142ni elektryczny<\/li>\n<li data-start=\"3608\" data-end=\"3651\">Wysoka efektywno\u015b\u0107 energetyczna i szybkie nagrzewanie<\/li>\n<li data-start=\"3652\" data-end=\"3688\">Inteligentne sterowanie i ogrzewanie zapasowe<\/li>\n<\/ul>\n<h3 data-start=\"3690\" data-end=\"3741\">\ud83d\udd39 <strong data-start=\"3697\" data-end=\"3739\">AquariuX Plus (z integracj\u0105 solarn\u0105)<\/strong><\/h3>\n<ul data-start=\"3742\" data-end=\"3916\">\n<li data-start=\"3742\" data-end=\"3795\">Dodatkowe pod\u0142\u0105czenie do kolektor\u00f3w s\u0142onecznych<\/li>\n<li data-start=\"3796\" data-end=\"3850\">Ni\u017csze koszty operacyjne i mniejszy \u015blad w\u0119glowy<\/li>\n<li data-start=\"3851\" data-end=\"3916\">Idealne dla gospodarstw domowych i firm dbaj\u0105cych o \u015brodowisko<\/li>\n<\/ul>\n<hr data-start=\"3918\" data-end=\"3921\" \/>\n<h2 data-start=\"3923\" data-end=\"3959\"><strong data-start=\"3926\" data-end=\"3957\">Zach\u0119ty i oszcz\u0119dno\u015bci koszt\u00f3w<\/strong><\/h2>\n<ul data-start=\"3960\" data-end=\"4224\">\n<li data-start=\"3960\" data-end=\"4051\">Zach\u0119ty rz\u0105dowe i ulgi podatkowe obejmuj\u0105 do <strong data-start=\"4015\" data-end=\"4022\">65%<\/strong> pocz\u0105tkowej inwestycji.<\/li>\n<li data-start=\"4052\" data-end=\"4143\">Dodatkowe dotacje lokalne i regionalne s\u0105 dost\u0119pne na rozwi\u0105zania energetyczne o wysokiej efektywno\u015bci.<\/li>\n<li data-start=\"4144\" data-end=\"4224\">Ni\u017csze koszty operacyjne przek\u0142adaj\u0105 si\u0119 na d\u0142ugoterminowe korzy\u015bci finansowe i szybszy zwrot z inwestycji (ROI).<\/li>\n<\/ul>\n<hr data-start=\"4226\" data-end=\"4229\" \/>\n<h2 data-start=\"4231\" data-end=\"4264\"><strong data-start=\"4234\" data-end=\"4262\">Elastyczno\u015b\u0107 instalacji<\/strong><\/h2>\n<ul data-start=\"4265\" data-end=\"4508\">\n<li data-start=\"4265\" data-end=\"4452\">Nadaje si\u0119 do zastosowa\u0144 mieszkaniowych i komercyjnych:\n<ul data-start=\"4331\" data-end=\"4452\">\n<li data-start=\"4331\" data-end=\"4348\">Luksusowe wille<\/li>\n<li data-start=\"4352\" data-end=\"4372\">Du\u017ce apartamenty<\/li>\n<li data-start=\"4376\" data-end=\"4424\">Obiekty sportowe (np. si\u0142ownie, kluby sportowe)<\/li>\n<li data-start=\"4428\" data-end=\"4452\">Budynki przemys\u0142owe<\/li>\n<\/ul>\n<\/li>\n<li data-start=\"4453\" data-end=\"4508\">Kompaktowa, oszcz\u0119dzaj\u0105ca miejsce konstrukcja umo\u017cliwiaj\u0105ca \u0142atw\u0105 instalacj\u0119.<\/li>\n<\/ul>","protected":false},"excerpt":{"rendered":"<p>Odkryj AquariuX R290 All-in-One Domestic Hot Water (DHW) Heat Pump Water Heater \u2013 dost\u0119pny w pojemno\u015bciach 200 l, 250 l i 300 l. Z inteligentnym sterowaniem, integracj\u0105 solarn\u0105 i wysok\u0105 wydajno\u015bci\u0105. Oszcz\u0119dzaj energi\u0119 i obni\u017caj koszty ju\u017c dzi\u015b!<\/p>","protected":false},"featured_media":4190,"template":"","meta":{"_acf_changed":false,"_seopress_robots_primary_cat":"none","_seopress_titles_title":"AquariuX R290 All in One Heat Pump Water Heater","_seopress_titles_desc":"Discover the AquariuX R290 All in One Hot Water Heat Pump Water Heater \u2013 available in 200L, 250L, and 300L. Featuring smart control, solar integration, and high efficiency. Save energy and reduce costs today!","_seopress_robots_index":""},"product_cat":[154,102],"product_tag":[93],"acf":[],"_links":{"self":[{"href":"https:\/\/hetapro.com\/pl\/wp-json\/wp\/v2\/product\/4172"}],"collection":[{"href":"https:\/\/hetapro.com\/pl\/wp-json\/wp\/v2\/product"}],"about":[{"href":"https:\/\/hetapro.com\/pl\/wp-json\/wp\/v2\/types\/product"}],"wp:featuredmedia":[{"embeddable":true,"href":"https:\/\/hetapro.com\/pl\/wp-json\/wp\/v2\/media\/4190"}],"wp:attachment":[{"href":"https:\/\/hetapro.com\/pl\/wp-json\/wp\/v2\/media?parent=4172"}],"wp:term":[{"taxonomy":"product_cat","embeddable":true,"href":"https:\/\/hetapro.com\/pl\/wp-json\/wp\/v2\/product_cat?post=4172"},{"taxonomy":"product_tag","embeddable":true,"href":"https:\/\/hetapro.com\/pl\/wp-json\/wp\/v2\/product_tag?post=4172"}],"curies":[{"name":"wp","href":"https:\/\/api.w.org\/{rel}","templated":true}]}}