{"id":4290,"date":"2025-05-26T01:12:56","date_gmt":"2025-05-26T01:12:56","guid":{"rendered":"https:\/\/hetapro.com\/?post_type=product&#038;p=4290"},"modified":"2025-06-17T08:44:19","modified_gmt":"2025-06-17T08:44:19","slug":"pac-parking-air-conditioner","status":"publish","type":"product","link":"https:\/\/hetapro.com\/pl\/products\/pac-parking-air-conditioner\/","title":{"rendered":"PAC (klimatyzator postojowy)"},"content":{"rendered":"<h1 data-start=\"145\" data-end=\"241\">Klimatyzatory dachowe (PAC) z falownikiem 24 V DC<\/h1>\n<h2 data-start=\"243\" data-end=\"264\"><strong data-start=\"246\" data-end=\"262\">Wst\u0119p<\/strong><\/h2>\n<p data-start=\"265\" data-end=\"762\">Ten <strong data-start=\"411\" data-end=\"470\">Hetapro 24V DC Inverter Mono Pojazd Dach Parking Klimatyzacja<\/strong> jest zaprojektowany, aby zapewni\u0107 niezawodne, energooszcz\u0119dne ch\u0142odzenie dla pojazd\u00f3w u\u017cytkowych, autobus\u00f3w i flot wahad\u0142owych. Jego kompaktowa konstrukcja typu \u201ewszystko w jednym\u201d \u0142atwo montuje si\u0119 na dachu ka\u017cdego pojazdu, zapewniaj\u0105c natychmiastow\u0105 kontrol\u0119 klimatu bez modyfikowania wn\u0119trza kabiny.<\/p>\n<hr data-start=\"764\" data-end=\"767\" \/>\n<h3 data-start=\"726\" data-end=\"762\"><strong data-start=\"730\" data-end=\"760\">G\u0142\u00f3wne cechy i korzy\u015bci<\/strong><\/h3>\n<ul data-start=\"763\" data-end=\"1797\">\n<li data-start=\"763\" data-end=\"880\">\n<p data-start=\"765\" data-end=\"880\"><strong data-start=\"765\" data-end=\"791\">Kompresor inwerterowy GMCC DC<\/strong>:Zapewnia p\u0142ynn\u0105 modulacj\u0119 pojemno\u015bci, minimalizuj\u0105c pob\u00f3r mocy i wyd\u0142u\u017caj\u0105c \u017cywotno\u015b\u0107 baterii.<\/p>\n<\/li>\n<li data-start=\"881\" data-end=\"970\">\n<p data-start=\"883\" data-end=\"970\"><strong data-start=\"883\" data-end=\"903\">Zasilacz 24V<\/strong>:Idealny do uk\u0142ad\u00f3w elektrycznych w samochodach ci\u0119\u017carowych i autobusach; nie wymaga falownika.<\/p>\n<\/li>\n<li data-start=\"971\" data-end=\"1068\">\n<p data-start=\"973\" data-end=\"1068\"><strong data-start=\"973\" data-end=\"1000\">Cicha praca<\/strong>:Poziom ha\u0142asu jest tak niski, jak <strong data-start=\"1025\" data-end=\"1037\">53 dB(A)<\/strong> aby pasa\u017cerowie mogli podr\u00f3\u017cowa\u0107 w spokoju.<\/p>\n<\/li>\n<li data-start=\"1069\" data-end=\"1164\">\n<p data-start=\"1071\" data-end=\"1164\"><strong data-start=\"1071\" data-end=\"1096\">Wysoka wydajno\u015b\u0107 ch\u0142odzenia<\/strong>:Do 2<strong data-start=\"1104\" data-end=\"1112\">\u00a0kW<\/strong> mocy ch\u0142odzenia umo\u017cliwiaj\u0105cej szybk\u0105 redukcj\u0119 temperatury.<\/p>\n<\/li>\n<li data-start=\"1165\" data-end=\"1298\">\n<p data-start=\"1167\" data-end=\"1298\"><strong data-start=\"1167\" data-end=\"1196\">Kompaktowa konstrukcja do monta\u017cu na dachu<\/strong>:Niski profil (973 \u00d7 802 \u00d7 195) i niewielka waga (35 kg) zapewniaj\u0105 \u0142atw\u0105 instalacj\u0119 i minimalny op\u00f3r.<\/p>\n<\/li>\n<li data-start=\"1299\" data-end=\"1391\">\n<p data-start=\"1301\" data-end=\"1391\"><strong data-start=\"1301\" data-end=\"1330\">Zaawansowana dystrybucja powietrza<\/strong>:Wielokierunkowe otwory wentylacyjne zapewniaj\u0105 r\u00f3wnomiern\u0105 temperatur\u0119 w kabinie.<\/p>\n<\/li>\n<li data-start=\"1500\" data-end=\"1598\">\n<p data-start=\"1502\" data-end=\"1598\"><strong data-start=\"1502\" data-end=\"1519\">Oszcz\u0119dno\u015b\u0107 energii<\/strong>: A\u017c do <strong data-start=\"1527\" data-end=\"1534\">30%<\/strong> mniejsze zu\u017cycie energii w por\u00f3wnaniu do tradycyjnych jednostek dachowych.<\/p>\n<\/li>\n<li data-start=\"1599\" data-end=\"1700\">\n<p data-start=\"1601\" data-end=\"1700\"><strong data-start=\"1601\" data-end=\"1622\">Solidna trwa\u0142o\u015b\u0107<\/strong>:Ochrona przed wod\u0105 i kurzem IPX4; dzia\u0142a z <strong data-start=\"1670\" data-end=\"1689\">\u201310 \u00b0C do 55 \u00b0C<\/strong> otoczenia.<\/p>\n<\/li>\n<li data-start=\"1701\" data-end=\"1797\">\n<p data-start=\"1703\" data-end=\"1797\"><strong data-start=\"1703\" data-end=\"1723\">\u0141atwa konserwacja<\/strong>: Wyjmowane filtry i panele serwisowe umo\u017cliwiaj\u0105 szybkie czyszczenie i inspekcje.<\/p>\n<\/li>\n<\/ul>","protected":false},"excerpt":{"rendered":"<p>Ten <strong data-start=\"411\" data-end=\"470\">Hetapro 24V DC Inverter Mono Pojazd Dach Parking Klimatyzacja<\/strong> jest zaprojektowany, aby zapewni\u0107 niezawodne, energooszcz\u0119dne ch\u0142odzenie dla pojazd\u00f3w u\u017cytkowych, autobus\u00f3w i flot wahad\u0142owych. Jego kompaktowa konstrukcja typu \u201ewszystko w jednym\u201d \u0142atwo montuje si\u0119 na dachu ka\u017cdego pojazdu, zapewniaj\u0105c natychmiastow\u0105 kontrol\u0119 klimatu bez modyfikowania wn\u0119trza kabiny.<\/p>","protected":false},"featured_media":4291,"template":"","meta":{"_acf_changed":false,"_seopress_robots_primary_cat":"none","_seopress_titles_title":"Parking Air Conditioner (24V DC Inverter Rooftop Mono Unit)","_seopress_titles_desc":"Discover Hetapro\u2019s 24V DC Inverter Rooftop Parking Air Conditioner\u2014efficient cooling for buses, trucks & shuttles. Whisper-quiet, low power draw, 24\/7 comfort.","_seopress_robots_index":""},"product_cat":[164],"product_tag":[163],"acf":[],"_links":{"self":[{"href":"https:\/\/hetapro.com\/pl\/wp-json\/wp\/v2\/product\/4290"}],"collection":[{"href":"https:\/\/hetapro.com\/pl\/wp-json\/wp\/v2\/product"}],"about":[{"href":"https:\/\/hetapro.com\/pl\/wp-json\/wp\/v2\/types\/product"}],"wp:featuredmedia":[{"embeddable":true,"href":"https:\/\/hetapro.com\/pl\/wp-json\/wp\/v2\/media\/4291"}],"wp:attachment":[{"href":"https:\/\/hetapro.com\/pl\/wp-json\/wp\/v2\/media?parent=4290"}],"wp:term":[{"taxonomy":"product_cat","embeddable":true,"href":"https:\/\/hetapro.com\/pl\/wp-json\/wp\/v2\/product_cat?post=4290"},{"taxonomy":"product_tag","embeddable":true,"href":"https:\/\/hetapro.com\/pl\/wp-json\/wp\/v2\/product_tag?post=4290"}],"curies":[{"name":"wp","href":"https:\/\/api.w.org\/{rel}","templated":true}]}}