{"id":4384,"date":"2025-06-18T02:23:41","date_gmt":"2025-06-18T02:23:41","guid":{"rendered":"https:\/\/hetapro.com\/?post_type=product&#038;p=4384"},"modified":"2025-06-24T13:11:01","modified_gmt":"2025-06-24T13:11:01","slug":"r410a-dc-inverter-cold-storage-unit","status":"publish","type":"product","link":"https:\/\/hetapro.com\/pl\/products\/r410a-dc-inverter-cold-storage-unit\/","title":{"rendered":"Jednostka ch\u0142odnicza z falownikiem DC R410A"},"content":{"rendered":"<h1>Agregat ch\u0142odniczy\/CCU (jednostka spr\u0119\u017carkowo-skraplaj\u0105ca) z inwerterem pr\u0105du sta\u0142ego R410A<\/h1>\n<h2 data-start=\"243\" data-end=\"264\"><strong data-start=\"246\" data-end=\"262\">Wst\u0119p<\/strong><\/h2>\n<p data-start=\"265\" data-end=\"762\"><strong>Agregat ch\u0142odniczy Hetapro R410A DC Inverter<\/strong> zosta\u0142 zaprojektowany, aby utrzyma\u0107 \u017cywno\u015b\u0107, farmaceutyki i inne produkty wra\u017cliwe na temperatur\u0119 w idealnym stanie. Dzi\u0119ki niezwykle stabilnej kontroli temperatury i inteligentnej technologii inwerterowej zapewniasz maksymaln\u0105 wydajno\u015b\u0107 i minimalny czas przestoju.<\/p>\n<hr data-start=\"764\" data-end=\"767\" \/>\n<h3 data-start=\"726\" data-end=\"762\"><strong data-start=\"730\" data-end=\"760\">G\u0142\u00f3wne cechy i korzy\u015bci<\/strong><\/h3>\n<ul data-start=\"763\" data-end=\"1797\">\n<li><strong>Zakres ch\u0142odni<\/strong>: -20\u2103~15\u2103<\/li>\n<li><strong>Technologia falownika pr\u0105du sta\u0142ego:<\/strong>\u00a0Adaptacyjna pr\u0119dko\u015b\u0107 spr\u0119\u017carki zmniejsza zu\u017cycie energii nawet o 30%.<\/li>\n<li><strong>Czynnik ch\u0142odniczy R410A:<\/strong>\u00a0Przyjazne dla \u015brodowiska i wysoce wydajne ch\u0142odzenie.<\/li>\n<li><strong>Inteligentne sterowanie:<\/strong>\u00a0Intuicyjny interfejs z ekranem dotykowym i \u0142\u0105czno\u015b\u0107 IoT umo\u017cliwiaj\u0105 zdalne monitorowanie.<\/li>\n<li><strong>Solidna konstrukcja:<\/strong>\u00a0Trwa\u0142a obudowa ze stali nierdzewnej, odporna na korozj\u0119, idealna do zastosowa\u0144 przemys\u0142owych.<\/li>\n<\/ul>\n<h2>Idealny dla<\/h2>\n<p>Idealnie nadaje si\u0119 do:<\/p>\n<ul>\n<li><strong>Jedzenie i napoje<\/strong>:Produkty rolne, mi\u0119so, nabia\u0142 i mro\u017conki.<\/li>\n<li><strong>Produkty farmaceutyczne<\/strong>:Szczepionki, leki biologiczne i leki wra\u017cliwe na temperatur\u0119.<\/li>\n<li><strong>Laboratoria chemiczne i badawcze<\/strong>:Specjalne zwi\u0105zki i pr\u00f3bki.<\/li>\n<\/ul>","protected":false},"excerpt":{"rendered":"<p>Jednostka skraplania ch\u0142odniczego<\/p>","protected":false},"featured_media":4396,"template":"","meta":{"_acf_changed":false,"_seopress_robots_primary_cat":"none","_seopress_titles_title":"R410A DC Inverter Cold Storage Unit(Compressor-Condenser Unit)","_seopress_titles_desc":"Discover Hetapro's R410A DC Inverter Cold Storage Unit","_seopress_robots_index":""},"product_cat":[164,165],"product_tag":[166],"acf":[],"_links":{"self":[{"href":"https:\/\/hetapro.com\/pl\/wp-json\/wp\/v2\/product\/4384"}],"collection":[{"href":"https:\/\/hetapro.com\/pl\/wp-json\/wp\/v2\/product"}],"about":[{"href":"https:\/\/hetapro.com\/pl\/wp-json\/wp\/v2\/types\/product"}],"wp:featuredmedia":[{"embeddable":true,"href":"https:\/\/hetapro.com\/pl\/wp-json\/wp\/v2\/media\/4396"}],"wp:attachment":[{"href":"https:\/\/hetapro.com\/pl\/wp-json\/wp\/v2\/media?parent=4384"}],"wp:term":[{"taxonomy":"product_cat","embeddable":true,"href":"https:\/\/hetapro.com\/pl\/wp-json\/wp\/v2\/product_cat?post=4384"},{"taxonomy":"product_tag","embeddable":true,"href":"https:\/\/hetapro.com\/pl\/wp-json\/wp\/v2\/product_tag?post=4384"}],"curies":[{"name":"wp","href":"https:\/\/api.w.org\/{rel}","templated":true}]}}