{"id":4891,"date":"2025-09-27T02:59:54","date_gmt":"2025-09-27T02:59:54","guid":{"rendered":"https:\/\/hetapro.com\/?post_type=product&#038;p=4891"},"modified":"2025-09-27T09:11:09","modified_gmt":"2025-09-27T09:11:09","slug":"cassette-series-inverter-ceiling-cassette-type-air-conditioner","status":"publish","type":"product","link":"https:\/\/hetapro.com\/pl\/products\/cassette-series-inverter-ceiling-cassette-type-air-conditioner\/","title":{"rendered":"Seria kasetonowa \u2013 klimatyzator sufitowy typu kasetonowego z inwerterem"},"content":{"rendered":"<h1 data-start=\"145\" data-end=\"241\">Klimatyzator kasetonowy \u2013 wydajne ch\u0142odzenie dla nowoczesnych przestrzeni komercyjnych<\/h1>\n<h2 data-start=\"243\" data-end=\"264\"><strong data-start=\"246\" data-end=\"262\">Wst\u0119p<\/strong><\/h2>\n<p data-start=\"265\" data-end=\"762\">Je\u015bli chodzi o tworzenie komfortowych warunk\u00f3w w biurach, hotelach, restauracjach lub sklepach detalicznych, <strong>klimatyzatory kasetonowe<\/strong> wyr\u00f3\u017cniaj\u0105 si\u0119 jako jedno z najskuteczniejszych i najbardziej stylowych rozwi\u0105za\u0144. Dzi\u0119ki konstrukcji sufitowej, wysokiej wydajno\u015bci ch\u0142odzenia i energooszcz\u0119dno\u015bci zapewniaj\u0105 idealn\u0105 r\u00f3wnowag\u0119 mi\u0119dzy wydajno\u015bci\u0105 a estetyk\u0105. Seria kaset Hetapro oferuje zaawansowane funkcje, elegancki design i niezawodn\u0105 technologi\u0119, kt\u00f3ra spe\u0142nia wymagania wsp\u00f3\u0142czesnych projekt\u00f3w komercyjnych i mieszkaniowych.<\/p>\n<p>&nbsp;<\/p>\n<hr data-start=\"764\" data-end=\"767\" \/>\n<h2 data-start=\"1500\" data-end=\"1528\">G\u0142\u00f3wne cechy i korzy\u015bci<\/h2>\n<h3 data-start=\"1530\" data-end=\"1565\">360\u00b0 przep\u0142yw powietrza zapewniaj\u0105cy r\u00f3wnomierne ch\u0142odzenie<\/h3>\n<p data-start=\"1566\" data-end=\"1834\">Klimatyzatory kasetonowe Hetapro s\u0105 wyposa\u017cone w <strong data-start=\"1607\" data-end=\"1636\">czterokierunkowy rozprowadzanie powietrza<\/strong>, zapewniaj\u0105c r\u00f3wnomierne ch\u0142odzenie w ka\u017cdym zak\u0105tku pomieszczenia. W przeciwie\u0144stwie do system\u00f3w \u015bciennych, kt\u00f3re nawiewaj\u0105 powietrze w jednym kierunku, jednostki kasetonowe utrzymuj\u0105 zr\u00f3wnowa\u017con\u0105 temperatur\u0119, poprawiaj\u0105c komfort i zu\u017cycie energii.<\/p>\n<h3 data-start=\"1836\" data-end=\"1875\">Technologia inwertera oszcz\u0119dzaj\u0105ca energi\u0119<\/h3>\n<p data-start=\"1876\" data-end=\"2122\">U\u017cywanie <strong data-start=\"1882\" data-end=\"1922\">wysokowydajne spr\u0119\u017carki inwerterowe<\/strong>Klimatyzatory kasetonowe Hetapro zapewniaj\u0105 sta\u0142e ch\u0142odzenie przy jednoczesnym minimalizowaniu zu\u017cycia energii. To obni\u017ca koszty operacyjne firm i jest zgodne z bardziej rygorystycznymi przepisami energetycznymi w Europie i na \u015bwiecie.<\/p>\n<h3 data-start=\"2124\" data-end=\"2157\">Ultracienka i kompaktowa konstrukcja<\/h3>\n<p data-start=\"2158\" data-end=\"2349\">Ten <strong data-start=\"2162\" data-end=\"2182\">smuk\u0142a konstrukcja korpusu<\/strong> U\u0142atwia monta\u017c nawet w miejscach o ograniczonej przestrzeni sufitowej. Idealne do biur, sklep\u00f3w detalicznych i hoteli, gdzie estetyka liczy si\u0119 r\u00f3wnie mocno, jak wydajno\u015b\u0107.<\/p>\n<h3 data-start=\"2351\" data-end=\"2380\">Cicha praca<\/h3>\n<p data-start=\"2381\" data-end=\"2534\">Ha\u0142as mo\u017ce zak\u0142\u00f3ca\u0107 komfort w miejscach pracy i restauracjach. Urz\u0105dzenia Hetapro zosta\u0142y zaprojektowane z my\u015bl\u0105 o <strong data-start=\"2471\" data-end=\"2494\">cicha praca<\/strong>, zapewniaj\u0105c niezak\u0142\u00f3cone \u015brodowisko.<\/p>\n<h3 data-start=\"2536\" data-end=\"2563\">Opcje inteligentnego sterowania<\/h3>\n<p data-start=\"2564\" data-end=\"2735\">Hetapro obs\u0142uguje oba <strong data-start=\"2586\" data-end=\"2620\">kontrolery przewodowe i bezprzewodowe<\/strong>, jak r\u00f3wnie\u017c <strong data-start=\"2633\" data-end=\"2652\">Integracja BMS<\/strong>zapewniaj\u0105c kierownikom obiekt\u00f3w elastyczn\u0105 i inteligentn\u0105 kontrol\u0119 nad systemami ch\u0142odzenia.<\/p>\n<hr data-start=\"2481\" data-end=\"2484\" \/>\n<h2 data-start=\"2486\" data-end=\"2519\"><strong data-start=\"2489\" data-end=\"2517\">Dane techniczne<\/strong><\/h2>\n<p>&nbsp;<\/p>\n<hr data-start=\"2481\" data-end=\"2484\" \/>\n<h2 data-start=\"2486\" data-end=\"2519\"><strong data-start=\"2489\" data-end=\"2517\">Aplikacje<\/strong><\/h2>\n<p>Idealne do mieszka\u0144, biur typu studio, sypialni, przestrzeni handlowych i projekt\u00f3w renowacyjnych, w kt\u00f3rych nie jest mo\u017cliwe zastosowanie kana\u0142\u00f3w wentylacyjnych.<\/p>\n<p>&nbsp;<\/p>\n<hr data-start=\"2937\" data-end=\"2940\" \/>\n<h2 data-start=\"754\" data-end=\"804\">Dlaczego warto wybra\u0107 klimatyzatory kasetonowe Hetapro?<\/h2>\n<p data-start=\"806\" data-end=\"1057\">Wyb\u00f3r odpowiedniego systemu ch\u0142odzenia to inwestycja d\u0142ugoterminowa. Klimatyzatory kasetonowe Hetapro zosta\u0142y zaprojektowane tak, aby \u0142\u0105czy\u0107 <strong data-start=\"914\" data-end=\"965\">wydajno\u015b\u0107, trwa\u0142o\u015b\u0107 i inteligentne sterowanie<\/strong>W por\u00f3wnaniu z konkurencj\u0105, tak\u0105 jak Hisense, Daikin, Toshiba i LG, urz\u0105dzenia Hetapro oferuj\u0105:<\/p>\n<ul data-start=\"1059\" data-end=\"1380\">\n<li data-start=\"1059\" data-end=\"1118\">\n<p data-start=\"1061\" data-end=\"1118\"><strong data-start=\"1061\" data-end=\"1089\">Doskona\u0142a kontrola przep\u0142ywu powietrza<\/strong> z ch\u0142odzeniem 360\u00b0<\/p>\n<\/li>\n<li data-start=\"1119\" data-end=\"1184\">\n<p data-start=\"1121\" data-end=\"1184\"><strong data-start=\"1121\" data-end=\"1142\">Efektywno\u015b\u0107 energetyczna<\/strong> dzi\u0119ki zaawansowanym spr\u0119\u017carkom inwerterowym<\/p>\n<\/li>\n<li data-start=\"1185\" data-end=\"1255\">\n<p data-start=\"1187\" data-end=\"1255\"><strong data-start=\"1187\" data-end=\"1212\">Kompaktowa i smuk\u0142a konstrukcja<\/strong> kt\u00f3ry pasuje nawet do ograniczonych przestrzeni sufitowych<\/p>\n<\/li>\n<li data-start=\"1256\" data-end=\"1323\">\n<p data-start=\"1258\" data-end=\"1323\"><strong data-start=\"1258\" data-end=\"1283\">Elastyczna instalacja<\/strong> aby dopasowa\u0107 si\u0119 do r\u00f3\u017cnych uk\u0142ad\u00f3w komercyjnych<\/p>\n<\/li>\n<li data-start=\"1324\" data-end=\"1380\">\n<p data-start=\"1326\" data-end=\"1380\"><strong data-start=\"1326\" data-end=\"1354\">Ekologiczny czynnik ch\u0142odniczy<\/strong> zapewnienie zr\u00f3wnowa\u017conego rozwoju<\/p>\n<\/li>\n<\/ul>\n<p data-start=\"1382\" data-end=\"1493\">Dzi\u0119ki tym zaletom Hetapro jest niezawodnym wyborem dla dystrybutor\u00f3w, instalator\u00f3w i planist\u00f3w projekt\u00f3w na ca\u0142ym \u015bwiecie.<\/p>\n<p>&nbsp;<\/p>\n<hr data-start=\"2937\" data-end=\"2940\" \/>\n<h2 data-start=\"2742\" data-end=\"2771\">Dane techniczne<\/h2>\n<p data-start=\"2773\" data-end=\"2879\">Poni\u017cej znajduje si\u0119 podsumowanie najwa\u017cniejszych parametr\u00f3w technicznych serii kaset (na podstawie przes\u0142anej specyfikacji):<\/p>\n<div class=\"_tableContainer_1rjym_1\">\n<div class=\"group _tableWrapper_1rjym_13 flex w-fit flex-col-reverse\" tabindex=\"-1\">\n<table class=\"w-fit min-w-(--thread-content-width)\" data-start=\"2881\" data-end=\"3446\">\n<thead data-start=\"2881\" data-end=\"2981\">\n<tr data-start=\"2881\" data-end=\"2981\">\n<th data-start=\"2881\" data-end=\"2889\" data-col-size=\"sm\">Model<\/th>\n<th data-start=\"2889\" data-end=\"2911\" data-col-size=\"sm\">Zakres wydajno\u015bci (kW)<\/th>\n<th data-start=\"2911\" data-end=\"2928\" data-col-size=\"sm\">Przep\u0142yw powietrza (m\u00b3\/h)<\/th>\n<th data-start=\"2928\" data-end=\"2943\" data-col-size=\"sm\">Zasilacz<\/th>\n<th data-start=\"2943\" data-end=\"2961\" data-col-size=\"sm\">Wymiary (mm)<\/th>\n<th data-start=\"2961\" data-end=\"2981\" data-col-size=\"sm\">Poziom ha\u0142asu (dB)<\/th>\n<\/tr>\n<\/thead>\n<tbody data-start=\"3084\" data-end=\"3446\">\n<tr data-start=\"3084\" data-end=\"3144\">\n<td data-start=\"3084\" data-end=\"3096\" data-col-size=\"sm\">HET-CAS09<\/td>\n<td data-start=\"3096\" data-end=\"3102\" data-col-size=\"sm\">2.6<\/td>\n<td data-start=\"3102\" data-end=\"3108\" data-col-size=\"sm\">600<\/td>\n<td data-start=\"3108\" data-end=\"3124\" data-col-size=\"sm\">220-240V\/50Hz<\/td>\n<td data-start=\"3124\" data-end=\"3138\" data-col-size=\"sm\">570\u00d7570\u00d7260<\/td>\n<td data-start=\"3138\" data-end=\"3144\" data-col-size=\"sm\">32<\/td>\n<\/tr>\n<tr data-start=\"3145\" data-end=\"3205\">\n<td data-start=\"3145\" data-end=\"3157\" data-col-size=\"sm\">HET-CAS12<\/td>\n<td data-start=\"3157\" data-end=\"3163\" data-col-size=\"sm\">3.5<\/td>\n<td data-start=\"3163\" data-end=\"3169\" data-col-size=\"sm\">650<\/td>\n<td data-start=\"3169\" data-end=\"3185\" data-col-size=\"sm\">220-240V\/50Hz<\/td>\n<td data-start=\"3185\" data-end=\"3199\" data-col-size=\"sm\">570\u00d7570\u00d7260<\/td>\n<td data-start=\"3199\" data-end=\"3205\" data-col-size=\"sm\">34<\/td>\n<\/tr>\n<tr data-start=\"3206\" data-end=\"3266\">\n<td data-start=\"3206\" data-end=\"3218\" data-col-size=\"sm\">HET-CAS18<\/td>\n<td data-start=\"3218\" data-end=\"3224\" data-col-size=\"sm\">5.3<\/td>\n<td data-start=\"3224\" data-end=\"3230\" data-col-size=\"sm\">950<\/td>\n<td data-start=\"3230\" data-end=\"3246\" data-col-size=\"sm\">220-240V\/50Hz<\/td>\n<td data-start=\"3246\" data-end=\"3260\" data-col-size=\"sm\">840\u00d7840\u00d7287<\/td>\n<td data-start=\"3260\" data-end=\"3266\" data-col-size=\"sm\">38<\/td>\n<\/tr>\n<tr data-start=\"3267\" data-end=\"3328\">\n<td data-start=\"3267\" data-end=\"3279\" data-col-size=\"sm\">HET-CAS24<\/td>\n<td data-start=\"3279\" data-end=\"3285\" data-col-size=\"sm\">7.1<\/td>\n<td data-start=\"3285\" data-end=\"3292\" data-col-size=\"sm\">1200<\/td>\n<td data-start=\"3292\" data-end=\"3308\" data-col-size=\"sm\">220-240V\/50Hz<\/td>\n<td data-start=\"3308\" data-end=\"3322\" data-col-size=\"sm\">840\u00d7840\u00d7287<\/td>\n<td data-start=\"3322\" data-end=\"3328\" data-col-size=\"sm\">42<\/td>\n<\/tr>\n<tr data-start=\"3329\" data-end=\"3387\">\n<td data-start=\"3329\" data-end=\"3341\" data-col-size=\"sm\">HET-CAS36<\/td>\n<td data-start=\"3341\" data-end=\"3348\" data-col-size=\"sm\">10.5<\/td>\n<td data-start=\"3348\" data-end=\"3355\" data-col-size=\"sm\">1800<\/td>\n<td data-start=\"3355\" data-end=\"3367\" data-col-size=\"sm\">380V\/50Hz<\/td>\n<td data-start=\"3367\" data-end=\"3381\" data-col-size=\"sm\">950\u00d7950\u00d7290<\/td>\n<td data-start=\"3381\" data-end=\"3387\" data-col-size=\"sm\">44<\/td>\n<\/tr>\n<tr data-start=\"3388\" data-end=\"3446\">\n<td data-start=\"3388\" data-end=\"3400\" data-col-size=\"sm\">HET-CAS48<\/td>\n<td data-start=\"3400\" data-end=\"3407\" data-col-size=\"sm\">14.0<\/td>\n<td data-start=\"3407\" data-end=\"3414\" data-col-size=\"sm\">2200<\/td>\n<td data-start=\"3414\" data-end=\"3426\" data-col-size=\"sm\">380V\/50Hz<\/td>\n<td data-start=\"3426\" data-end=\"3440\" data-col-size=\"sm\">950\u00d7950\u00d7290<\/td>\n<td data-start=\"3440\" data-end=\"3446\" data-col-size=\"sm\">46<\/td>\n<\/tr>\n<\/tbody>\n<\/table>\n<\/div>\n<\/div>\n<p data-start=\"3448\" data-end=\"3544\"><em data-start=\"3448\" data-end=\"3542\">(Uwaga: dane opracowane na podstawie specyfikacji serii kaset Hetapro. Warto\u015bci mog\u0105 si\u0119 r\u00f3\u017cni\u0107 w zale\u017cno\u015bci od regionu.)<\/em><\/p>\n<hr data-start=\"4723\" data-end=\"4726\" \/>\n<h2 data-start=\"4728\" data-end=\"4759\">Instalacja i konserwacja<\/h2>\n<p data-start=\"4761\" data-end=\"4830\">Klimatyzatory kasetonowe Hetapro s\u0105 zaprojektowane dla <strong data-start=\"4801\" data-end=\"4822\">\u0142atwa instalacja<\/strong> z:<\/p>\n<ul data-start=\"4832\" data-end=\"5041\">\n<li data-start=\"4832\" data-end=\"4884\">\n<p data-start=\"4834\" data-end=\"4884\"><strong data-start=\"4834\" data-end=\"4851\">Jednostki kompaktowe<\/strong> kt\u00f3re pasuj\u0105 do sufit\u00f3w modu\u0142owych<\/p>\n<\/li>\n<li data-start=\"4885\" data-end=\"4940\">\n<p data-start=\"4887\" data-end=\"4940\"><strong data-start=\"4887\" data-end=\"4907\">Zdejmowane panele<\/strong> do wygodnego czyszczenia filtra<\/p>\n<\/li>\n<li data-start=\"4941\" data-end=\"4993\">\n<p data-start=\"4943\" data-end=\"4993\"><strong data-start=\"4943\" data-end=\"4963\">Zmywalne filtry<\/strong> aby obni\u017cy\u0107 koszty utrzymania<\/p>\n<\/li>\n<li data-start=\"4994\" data-end=\"5041\">\n<p data-start=\"4996\" data-end=\"5041\"><strong data-start=\"4996\" data-end=\"5023\">Przyjazny dla serwisu projekt<\/strong> dla technik\u00f3w<\/p>\n<\/li>\n<\/ul>\n<p data-start=\"5043\" data-end=\"5126\">Regularna konserwacja zapewnia d\u0142ugoterminow\u0105 wydajno\u015b\u0107 i wyd\u0142u\u017ca \u017cywotno\u015b\u0107 urz\u0105dzenia.<\/p>","protected":false},"excerpt":{"rendered":"<p>Odkryj klimatyzatory kasetonowe Hetapro z przep\u0142ywem powietrza 360\u00b0, smuk\u0142\u0105 konstrukcj\u0105, technologi\u0105 inwerterow\u0105 i ekologicznym czynnikiem ch\u0142odniczym R32. Idealne do biur, hoteli i sklep\u00f3w.<\/p>","protected":false},"featured_media":4892,"template":"","meta":{"_acf_changed":false,"_seopress_robots_primary_cat":"none","_seopress_titles_title":"Cassette Air Conditioner | Hetapro Ceiling-Mounted AC for Commercial Spaces","_seopress_titles_desc":"Discover Hetapro Cassette Air Conditioners with 360\u00b0 airflow, slim design, inverter technology, and eco-friendly R32 refrigerant. Ideal for offices, hotels, and retail.","_seopress_robots_index":""},"product_cat":[164,179],"product_tag":[180],"acf":[],"_links":{"self":[{"href":"https:\/\/hetapro.com\/pl\/wp-json\/wp\/v2\/product\/4891"}],"collection":[{"href":"https:\/\/hetapro.com\/pl\/wp-json\/wp\/v2\/product"}],"about":[{"href":"https:\/\/hetapro.com\/pl\/wp-json\/wp\/v2\/types\/product"}],"wp:featuredmedia":[{"embeddable":true,"href":"https:\/\/hetapro.com\/pl\/wp-json\/wp\/v2\/media\/4892"}],"wp:attachment":[{"href":"https:\/\/hetapro.com\/pl\/wp-json\/wp\/v2\/media?parent=4891"}],"wp:term":[{"taxonomy":"product_cat","embeddable":true,"href":"https:\/\/hetapro.com\/pl\/wp-json\/wp\/v2\/product_cat?post=4891"},{"taxonomy":"product_tag","embeddable":true,"href":"https:\/\/hetapro.com\/pl\/wp-json\/wp\/v2\/product_tag?post=4891"}],"curies":[{"name":"wp","href":"https:\/\/api.w.org\/{rel}","templated":true}]}}