{"id":4912,"date":"2025-09-29T02:37:54","date_gmt":"2025-09-29T02:37:54","guid":{"rendered":"https:\/\/hetapro.com\/?post_type=product&#038;p=4912"},"modified":"2025-09-30T02:32:49","modified_gmt":"2025-09-30T02:32:49","slug":"duct-series-inverter-ducted-air-conditioner","status":"publish","type":"product","link":"https:\/\/hetapro.com\/pl\/products\/duct-series-inverter-ducted-air-conditioner\/","title":{"rendered":"Seria kana\u0142owa \u2013 klimatyzator kana\u0142owy inwerterowy"},"content":{"rendered":"<h1 data-start=\"145\" data-end=\"241\">Seria klimatyzator\u00f3w kana\u0142owych HETAPRO o wysokiej wydajno\u015bci i niskim i \u015brednim ci\u015bnieniu statycznym R32<\/h1>\n<p>Wydajne ch\u0142odzenie i ogrzewanie w smuk\u0142ej, ukrytej obudowie<\/p>\n<h2 data-start=\"243\" data-end=\"264\"><strong data-start=\"246\" data-end=\"262\">Wst\u0119p<\/strong><\/h2>\n<p data-start=\"265\" data-end=\"762\">Je\u015bli chodzi o wydajn\u0105 i niezawodn\u0105 kontrol\u0119 klimatu, <strong data-start=\"291\" data-end=\"326\">Klimatyzatory kana\u0142owe HETAPRO<\/strong> wyr\u00f3\u017cniaj\u0105 si\u0119 jako doskona\u0142y wyb\u00f3r zar\u00f3wno do zastosowa\u0144 domowych, jak i komercyjnych. Zaprojektowane z my\u015bl\u0105 o cichej pracy, r\u00f3wnomiernym rozprowadzaniu powietrza i wysokiej wydajno\u015bci, nasze kana\u0142owe systemy klimatyzacyjne \u0142\u0105cz\u0105 zaawansowan\u0105 technologi\u0119 inwerterow\u0105 z eleganckim, ukrytym monta\u017cem, zapewniaj\u0105c niezr\u00f3wnany komfort.<\/p>\n<p>&nbsp;<\/p>\n<hr data-start=\"764\" data-end=\"767\" \/>\n<h2 data-start=\"1500\" data-end=\"1528\">G\u0142\u00f3wne cechy i korzy\u015bci<\/h2>\n<ul>\n<li data-start=\"2577\" data-end=\"2644\">\n<p data-start=\"2579\" data-end=\"2644\"><strong data-start=\"2579\" data-end=\"2608\">R\u00f3wnomierny rozk\u0142ad przep\u0142ywu powietrza<\/strong> \u2013 Pokrywa ka\u017cdy k\u0105t pomieszczenia<\/p>\n<\/li>\n<li data-start=\"2645\" data-end=\"2715\">\n<p data-start=\"2647\" data-end=\"2715\"><strong data-start=\"2647\" data-end=\"2667\">Niski poziom ha\u0142asu<\/strong> \u2013 Cicha praca w spokojnym otoczeniu<\/p>\n<\/li>\n<li data-start=\"2716\" data-end=\"2787\">\n<p data-start=\"2718\" data-end=\"2787\"><strong data-start=\"2718\" data-end=\"2743\">Elastyczna instalacja<\/strong> \u2013 Smuk\u0142a konstrukcja pasuje do ograniczonych przestrzeni sufitowych<\/p>\n<\/li>\n<li data-start=\"2788\" data-end=\"2851\">\n<p data-start=\"2790\" data-end=\"2851\"><strong data-start=\"2790\" data-end=\"2813\">Technologia inwerterowa<\/strong> \u2013 Zmniejsza rachunki za energi\u0119 nawet o 30%<\/p>\n<\/li>\n<li data-start=\"2852\" data-end=\"2914\">\n<p data-start=\"2854\" data-end=\"2914\"><strong data-start=\"2854\" data-end=\"2877\">Trwa\u0142a wydajno\u015b\u0107<\/strong> \u2013 Zbudowany do d\u0142ugotrwa\u0142ej pracy<\/p>\n<\/li>\n<\/ul>\n<hr data-start=\"2481\" data-end=\"2484\" \/>\n<h2 data-start=\"2486\" data-end=\"2519\"><strong data-start=\"2489\" data-end=\"2517\">Dane techniczne<\/strong><\/h2>\n<table class=\"w-fit min-w-(--thread-content-width)\" data-start=\"1820\" data-end=\"2551\">\n<thead data-start=\"1820\" data-end=\"1941\">\n<tr data-start=\"1820\" data-end=\"1941\">\n<th data-start=\"1820\" data-end=\"1835\" data-col-size=\"sm\">Model<\/th>\n<th data-start=\"1835\" data-end=\"1853\" data-col-size=\"sm\">Ch\u0142odzenie (BTU\/h)<\/th>\n<th data-start=\"1853\" data-end=\"1871\" data-col-size=\"sm\">Ogrzewanie (BTU\/h)<\/th>\n<th data-start=\"1871\" data-end=\"1901\" data-col-size=\"sm\">Zasilacz<\/th>\n<th data-start=\"1901\" data-end=\"1918\" data-col-size=\"sm\">Przep\u0142yw powietrza (m\u00b3\/h)<\/th>\n<th data-start=\"1918\" data-end=\"1941\" data-col-size=\"sm\">Wymiary (mm)<\/th>\n<\/tr>\n<\/thead>\n<tbody data-start=\"2064\" data-end=\"2551\">\n<tr data-start=\"2064\" data-end=\"2185\">\n<td data-start=\"2064\" data-end=\"2079\" data-col-size=\"sm\">SDVH18M-A3NA<\/td>\n<td data-start=\"2079\" data-end=\"2097\" data-col-size=\"sm\">18,000<\/td>\n<td data-start=\"2097\" data-end=\"2115\" data-col-size=\"sm\">18,000<\/td>\n<td data-start=\"2115\" data-end=\"2145\" data-col-size=\"sm\">1 faza, 220\u2013240 V, 50 Hz<\/td>\n<td data-start=\"2145\" data-end=\"2162\" data-col-size=\"sm\">920<\/td>\n<td data-start=\"2162\" data-end=\"2185\" data-col-size=\"sm\">1000 \u00d7 450 \u00d7 200<\/td>\n<\/tr>\n<tr data-start=\"2186\" data-end=\"2307\">\n<td data-start=\"2186\" data-end=\"2201\" data-col-size=\"sm\">SDVH24M-A3NA<\/td>\n<td data-start=\"2201\" data-end=\"2219\" data-col-size=\"sm\">24,000<\/td>\n<td data-start=\"2219\" data-end=\"2237\" data-col-size=\"sm\">24,000<\/td>\n<td data-start=\"2237\" data-end=\"2267\" data-col-size=\"sm\">1 faza, 220\u2013240 V, 50 Hz<\/td>\n<td data-start=\"2267\" data-end=\"2284\" data-col-size=\"sm\">1300<\/td>\n<td data-start=\"2284\" data-end=\"2307\" data-col-size=\"sm\">1300 \u00d7 450 \u00d7 200<\/td>\n<\/tr>\n<tr data-start=\"2308\" data-end=\"2429\">\n<td data-start=\"2308\" data-end=\"2323\" data-col-size=\"sm\">SDVH36M-A4NA<\/td>\n<td data-start=\"2323\" data-end=\"2341\" data-col-size=\"sm\">36,000<\/td>\n<td data-start=\"2341\" data-end=\"2359\" data-col-size=\"sm\">36,000<\/td>\n<td data-start=\"2359\" data-end=\"2389\" data-col-size=\"sm\">1 faza, 220\u2013240 V, 50 Hz<\/td>\n<td data-start=\"2389\" data-end=\"2406\" data-col-size=\"sm\">2000<\/td>\n<td data-start=\"2406\" data-end=\"2429\" data-col-size=\"sm\">1430 \u00d7 715 \u00d7 280<\/td>\n<\/tr>\n<tr data-start=\"2430\" data-end=\"2551\">\n<td data-start=\"2430\" data-end=\"2445\" data-col-size=\"sm\">SDVH48H-E1NA<\/td>\n<td data-start=\"2445\" data-end=\"2463\" data-col-size=\"sm\">48,000<\/td>\n<td data-start=\"2463\" data-end=\"2481\" data-col-size=\"sm\">48,000<\/td>\n<td data-start=\"2481\" data-end=\"2511\" data-col-size=\"sm\">3 fazy, 380~415 V, 50 Hz<\/td>\n<td data-start=\"2511\" data-end=\"2528\" data-col-size=\"sm\">2150<\/td>\n<td data-start=\"2528\" data-end=\"2551\" data-col-size=\"sm\">1430 \u00d7 715 \u00d7 280<\/td>\n<\/tr>\n<\/tbody>\n<\/table>\n<hr data-start=\"2481\" data-end=\"2484\" \/>\n<h2 data-start=\"2921\" data-end=\"2939\">Aplikacje<\/h2>\n<ul data-start=\"2940\" data-end=\"3115\">\n<li data-start=\"2940\" data-end=\"2997\">\n<p data-start=\"2942\" data-end=\"2997\"><strong data-start=\"2942\" data-end=\"2957\">Mieszkaniowy<\/strong>:Apartamenty, wille i domy luksusowe<\/p>\n<\/li>\n<li data-start=\"2998\" data-end=\"3060\">\n<p data-start=\"3000\" data-end=\"3060\"><strong data-start=\"3000\" data-end=\"3014\">Handlowy<\/strong>:Biura, sklepy detaliczne, restauracje, hotele<\/p>\n<\/li>\n<li data-start=\"3061\" data-end=\"3115\">\n<p data-start=\"3063\" data-end=\"3115\"><strong data-start=\"3063\" data-end=\"3077\">Przemys\u0142owy<\/strong>:Magazyny, warsztaty, du\u017ce hale<\/p>\n<\/li>\n<\/ul>\n<hr data-start=\"2937\" data-end=\"2940\" \/>\n<h2 data-start=\"7759\" data-end=\"7819\">Dlaczego warto wsp\u00f3\u0142pracowa\u0107 z HETAPRO w zakresie klimatyzacji?<\/h2>\n<p data-start=\"7821\" data-end=\"8047\">Dystrybutorzy, instalatorzy i agenci korzystaj\u0105 z <strong data-start=\"7871\" data-end=\"7952\">dedykowane wsparcie techniczne, elastyczne ceny i solidna obs\u0142uga posprzeda\u017cowa<\/strong>. Partnerstwo z HETAPRO oznacza zyskanie wiarygodnej marki, kt\u00f3ra ceni d\u0142ugoterminow\u0105 wsp\u00f3\u0142prac\u0119.<\/p>\n<p>&nbsp;<\/p>\n<hr data-start=\"2937\" data-end=\"2940\" \/>\n<h2 data-start=\"2742\" data-end=\"2771\">Dane techniczne<\/h2>\n<p data-start=\"2773\" data-end=\"2879\">Poni\u017cej znajduje si\u0119 podsumowanie najwa\u017cniejszych parametr\u00f3w technicznych serii kaset (na podstawie przes\u0142anej specyfikacji):<\/p>\n<div class=\"_tableContainer_1rjym_1\">\n<div class=\"group _tableWrapper_1rjym_13 flex w-fit flex-col-reverse\" tabindex=\"-1\">\n<table width=\"980\">\n<tbody>\n<tr>\n<td colspan=\"3\" width=\"420\">Nazwa modelu<\/td>\n<td width=\"140\">SDVH18M-A3NA<\/td>\n<td width=\"140\">SDVH24M-A3NA<\/td>\n<td width=\"140\">SDVH36M-A4NA<\/td>\n<td width=\"140\">SDVH48H-E1NA<\/td>\n<\/tr>\n<tr>\n<td rowspan=\"2\" width=\"140\">Pojemno\u015b\u0107<\/td>\n<td width=\"140\">Ch\u0142odzenie<\/td>\n<td width=\"140\">BTU\/h<\/td>\n<td width=\"140\">18000<\/td>\n<td width=\"140\">24000<\/td>\n<td width=\"140\">36000<\/td>\n<td width=\"140\">48000<\/td>\n<\/tr>\n<tr>\n<td width=\"140\">Ogrzewanie<\/td>\n<td width=\"140\">BTU\/h<\/td>\n<td width=\"140\">18000<\/td>\n<td width=\"140\">24000<\/td>\n<td width=\"140\">36000<\/td>\n<td width=\"140\">48000<\/td>\n<\/tr>\n<tr>\n<td colspan=\"2\" width=\"280\">Zasilacz<\/td>\n<td width=\"140\">Ph\/V\/Hz<\/td>\n<td colspan=\"3\" width=\"420\">1 faza, 220~240 V, 50 Hz<\/td>\n<td width=\"140\">3 fazy, 380~415 V, 50 Hz<\/td>\n<\/tr>\n<tr>\n<td colspan=\"2\" width=\"280\">Obj\u0119to\u015b\u0107 przep\u0142ywu powietrza<\/td>\n<td width=\"140\">m3\/godz.<\/td>\n<td width=\"140\">920<\/td>\n<td width=\"140\">1300<\/td>\n<td width=\"140\">2000<\/td>\n<td width=\"140\">2150<\/td>\n<\/tr>\n<tr>\n<td width=\"140\">Wymiar<\/td>\n<td width=\"140\">Szer. \u00d7 Wys. \u00d7 G\u0142.<\/td>\n<td width=\"140\">mm<\/td>\n<td width=\"140\">1000x450x200<\/td>\n<td width=\"140\">1300x450x200<\/td>\n<td width=\"140\">1430x715x280<\/td>\n<td width=\"140\">1430x715x280<\/td>\n<\/tr>\n<\/tbody>\n<\/table>\n<\/div>\n<\/div>\n<p data-start=\"3448\" data-end=\"3544\"><em data-start=\"3448\" data-end=\"3542\">(Uwaga: dane opracowane na podstawie specyfikacji serii kaset Hetapro. Warto\u015bci mog\u0105 si\u0119 r\u00f3\u017cni\u0107 w zale\u017cno\u015bci od regionu.)<\/em><\/p>\n<hr data-start=\"4723\" data-end=\"4726\" \/>\n<h2 data-start=\"4728\" data-end=\"4759\">Instalacja i konserwacja<\/h2>\n<p data-start=\"4761\" data-end=\"4830\">Klimatyzatory kasetonowe Hetapro s\u0105 zaprojektowane dla <strong data-start=\"4801\" data-end=\"4822\">\u0142atwa instalacja<\/strong> z:<\/p>\n<ul data-start=\"4832\" data-end=\"5041\">\n<li data-start=\"4832\" data-end=\"4884\">\n<p data-start=\"4834\" data-end=\"4884\"><strong data-start=\"4834\" data-end=\"4851\">Jednostki kompaktowe<\/strong> kt\u00f3re pasuj\u0105 do sufit\u00f3w modu\u0142owych<\/p>\n<\/li>\n<li data-start=\"4885\" data-end=\"4940\">\n<p data-start=\"4887\" data-end=\"4940\"><strong data-start=\"4887\" data-end=\"4907\">Zdejmowane panele<\/strong> do wygodnego czyszczenia filtra<\/p>\n<\/li>\n<li data-start=\"4941\" data-end=\"4993\">\n<p data-start=\"4943\" data-end=\"4993\"><strong data-start=\"4943\" data-end=\"4963\">Zmywalne filtry<\/strong> aby obni\u017cy\u0107 koszty utrzymania<\/p>\n<\/li>\n<li data-start=\"4994\" data-end=\"5041\">\n<p data-start=\"4996\" data-end=\"5041\"><strong data-start=\"4996\" data-end=\"5023\">Przyjazny dla serwisu projekt<\/strong> dla technik\u00f3w<\/p>\n<\/li>\n<\/ul>\n<p data-start=\"5043\" data-end=\"5126\">Regularna konserwacja zapewnia d\u0142ugoterminow\u0105 wydajno\u015b\u0107 i wyd\u0142u\u017ca \u017cywotno\u015b\u0107 urz\u0105dzenia.<\/p>\n<hr data-start=\"6270\" data-end=\"6273\" \/>\n<h2 data-start=\"6275\" data-end=\"6309\">Oszcz\u0119dno\u015b\u0107 energii i zr\u00f3wnowa\u017cony rozw\u00f3j<\/h2>\n<p data-start=\"6311\" data-end=\"6594\">W HETAPRO jeste\u015bmy zaanga\u017cowani w <strong data-start=\"6342\" data-end=\"6382\">zr\u00f3wnowa\u017cony rozw\u00f3j i efektywno\u015b\u0107 energetyczna<\/strong>Nasze systemy kana\u0142owe wykorzystuj\u0105 ekologiczne czynniki ch\u0142odnicze i spr\u0119\u017carki inwerterowe, kt\u00f3re znacz\u0105co obni\u017caj\u0105 zu\u017cycie energii elektrycznej. To nie tylko obni\u017ca koszty operacyjne, ale tak\u017ce wspiera globalne cele redukcji emisji dwutlenku w\u0119gla.<\/p>","protected":false},"excerpt":{"rendered":"<p>Odkryj klimatyzatory kana\u0142owe HETAPRO (18\u201348 tys. BTU). Smuk\u0142a, zabudowana konstrukcja, energooszcz\u0119dny inwerter, cicha praca \u2014 idealne do dom\u00f3w i obiekt\u00f3w komercyjnych.<\/p>","protected":false},"featured_media":4913,"template":"","meta":{"_acf_changed":false,"_seopress_robots_primary_cat":"164","_seopress_titles_title":"HETAPRO Slim Ducted Air Conditioner Series","_seopress_titles_desc":"Discover HETAPRO ducted air conditioners (18k\u201348k BTU). Slim concealed design, inverter energy saving, quiet operation \u2014 ideal for homes & commercial spaces.","_seopress_robots_index":""},"product_cat":[164,181],"product_tag":[182],"acf":[],"_links":{"self":[{"href":"https:\/\/hetapro.com\/pl\/wp-json\/wp\/v2\/product\/4912"}],"collection":[{"href":"https:\/\/hetapro.com\/pl\/wp-json\/wp\/v2\/product"}],"about":[{"href":"https:\/\/hetapro.com\/pl\/wp-json\/wp\/v2\/types\/product"}],"wp:featuredmedia":[{"embeddable":true,"href":"https:\/\/hetapro.com\/pl\/wp-json\/wp\/v2\/media\/4913"}],"wp:attachment":[{"href":"https:\/\/hetapro.com\/pl\/wp-json\/wp\/v2\/media?parent=4912"}],"wp:term":[{"taxonomy":"product_cat","embeddable":true,"href":"https:\/\/hetapro.com\/pl\/wp-json\/wp\/v2\/product_cat?post=4912"},{"taxonomy":"product_tag","embeddable":true,"href":"https:\/\/hetapro.com\/pl\/wp-json\/wp\/v2\/product_tag?post=4912"}],"curies":[{"name":"wp","href":"https:\/\/api.w.org\/{rel}","templated":true}]}}