{"id":919,"date":"2023-07-04T08:03:56","date_gmt":"2023-07-04T08:03:56","guid":{"rendered":"https:\/\/hetapro.com\/?post_type=product&#038;p=919"},"modified":"2025-03-05T04:13:00","modified_gmt":"2025-03-05T04:13:00","slug":"thermax-r32-monoblock-heat-pump","status":"publish","type":"product","link":"https:\/\/hetapro.com\/pl\/products\/thermax-r32-monoblock-heat-pump\/","title":{"rendered":"Pompa ciep\u0142a powietrze-woda typu monoblok R32"},"content":{"rendered":"<h3 data-start=\"438\" data-end=\"513\"><strong data-start=\"442\" data-end=\"511\">Seria Thermax \u2013 pompa ciep\u0142a powietrze-woda typu monoblok z inwerterem DC R32<\/strong><\/h3>\n<p data-start=\"515\" data-end=\"905\">Jako wiod\u0105cy producent pomp ciep\u0142a, Hetapro wprowadza <strong data-start=\"575\" data-end=\"644\">Seria Thermax \u2013 pompa ciep\u0142a powietrze-woda typu monoblok z inwerterem DC R32<\/strong>, zaawansowane rozwi\u0105zanie do ogrzewania, ch\u0142odzenia i podgrzewania wody u\u017cytkowej (CWU) w domach i firmach komercyjnych. Ta wysokowydajna pompa ciep\u0142a \u0142\u0105czy w sobie efektywno\u015b\u0107 energetyczn\u0105, zr\u00f3wnowa\u017cony rozw\u00f3j i inteligentn\u0105 obs\u0142ug\u0119, zapewniaj\u0105c najwy\u017cszy komfort.<\/p>\n<h3 data-start=\"907\" data-end=\"947\"><strong data-start=\"911\" data-end=\"945\">Dlaczego warto wybra\u0107 seri\u0119 Thermax?<\/strong><\/h3>\n<p data-start=\"949\" data-end=\"989\">\u2714 <strong data-start=\"951\" data-end=\"987\">Wysoka wydajno\u015b\u0107 i oszcz\u0119dno\u015b\u0107 energii<\/strong><\/p>\n<ul data-start=\"990\" data-end=\"1217\">\n<li data-start=\"990\" data-end=\"1118\">Wyposa\u017cony w <strong data-start=\"1006\" data-end=\"1025\">Czynnik ch\u0142odniczy R32<\/strong>Seria Thermax zwi\u0119ksza efektywno\u015b\u0107 wymiany ciep\u0142a, jednocze\u015bnie zmniejszaj\u0105c wp\u0142yw na \u015brodowisko.<\/li>\n<li data-start=\"1119\" data-end=\"1217\"><strong data-start=\"1121\" data-end=\"1147\">Technologia inwertera pr\u0105du sta\u0142ego<\/strong> zapewnia precyzyjn\u0105 kontrol\u0119 temperatury i znaczn\u0105 oszcz\u0119dno\u015b\u0107 energii.<\/li>\n<\/ul>\n<p data-start=\"1219\" data-end=\"1263\">\u2714 <strong data-start=\"1221\" data-end=\"1261\">Wszechstronne rozwi\u0105zanie grzewcze i ch\u0142odz\u0105ce<\/strong><\/p>\n<ul data-start=\"1264\" data-end=\"1414\">\n<li data-start=\"1264\" data-end=\"1336\">Zapewnia <strong data-start=\"1275\" data-end=\"1310\">ogrzewanie, ch\u0142odzenie i ciep\u0142a woda<\/strong> dla ca\u0142orocznego komfortu.<\/li>\n<li data-start=\"1337\" data-end=\"1414\"><strong data-start=\"1339\" data-end=\"1375\">Szeroki zakres temperatur pracy<\/strong> co czyni go idealnym do stosowania w zr\u00f3\u017cnicowanym klimacie.<\/li>\n<\/ul>\n<p data-start=\"1416\" data-end=\"1450\">\u2714 <strong data-start=\"1418\" data-end=\"1448\">Ekologiczne i zr\u00f3wnowa\u017cone<\/strong><\/p>\n<ul data-start=\"1451\" data-end=\"1620\">\n<li data-start=\"1451\" data-end=\"1546\">Zastosowania <strong data-start=\"1458\" data-end=\"1485\">czynnik ch\u0142odniczy R32 o niskim wsp\u00f3\u0142czynniku GWP<\/strong>, redukuj\u0105c emisj\u0119 CO\u2082 i wspieraj\u0105c zr\u00f3wnowa\u017cony styl \u017cycia.<\/li>\n<li data-start=\"1547\" data-end=\"1620\">Zgodny z <strong data-start=\"1563\" data-end=\"1580\">Ekoprojekt UE<\/strong> normy wysokiej efektywno\u015bci energetycznej.<\/li>\n<\/ul>\n<p data-start=\"1622\" data-end=\"1653\">\u2714 <strong data-start=\"1624\" data-end=\"1651\">Inteligentna i cicha praca<\/strong><\/p>\n<ul data-start=\"1654\" data-end=\"1831\">\n<li data-start=\"1654\" data-end=\"1747\"><strong data-start=\"1656\" data-end=\"1686\">Inteligentny system sterowania<\/strong> umo\u017cliwia bezproblemow\u0105 integracj\u0119 z rozwi\u0105zaniami inteligentnego domu.<\/li>\n<li data-start=\"1748\" data-end=\"1831\"><strong data-start=\"1750\" data-end=\"1773\">Praca o niskim poziomie ha\u0142asu<\/strong>, dzi\u0119ki czemu nadaje si\u0119 do u\u017cytku mieszkaniowego i komercyjnego.<\/li>\n<\/ul>\n<h3 data-start=\"1833\" data-end=\"1893\"><strong data-start=\"1837\" data-end=\"1891\">Hetapro: lider przysz\u0142o\u015bci rozwi\u0105za\u0144 pomp ciep\u0142a<\/strong><\/h3>\n<p data-start=\"1895\" data-end=\"2301\">Z ponad <strong data-start=\"1905\" data-end=\"1930\">20 lat do\u015bwiadczenia<\/strong>Hetapro ugruntowa\u0142o swoj\u0105 pozycj\u0119 jako jedno z najbardziej obiecuj\u0105cych <strong data-start=\"1992\" data-end=\"2028\">producenci pomp ciep\u0142a w Chinach<\/strong>Firma stawia na innowacyjno\u015b\u0107, oferuj\u0105c najnowocze\u015bniejsze produkty, takie jak:<br data-start=\"2109\" data-end=\"2112\" \/>\u2705 <strong data-start=\"2114\" data-end=\"2130\">Mistrz Kosmosu<\/strong> \u2013 Uniwersalny uk\u0142ad hydrauliczny<br data-start=\"2160\" data-end=\"2163\" \/>\u2705 <strong data-start=\"2165\" data-end=\"2182\">Seria Heatix<\/strong> \u2013 Monoblokowa pompa ciep\u0142a R290<br data-start=\"2208\" data-end=\"2211\" \/>\u2705 <strong data-start=\"2213\" data-end=\"2227\">Pan Hybryda<\/strong> \u2013 Hybrydowa pompa ciep\u0142a montowana na \u015bcianie<br data-start=\"2259\" data-end=\"2262\" \/>\u2705 <strong data-start=\"2264\" data-end=\"2278\">Ultra ciep\u0142o<\/strong> \u2013 Pompa ciep\u0142a CO\u2082 Mono<\/p>\n<h3 data-start=\"2303\" data-end=\"2325\"><strong data-start=\"2307\" data-end=\"2323\">Skontaktuj si\u0119 z nami<\/strong><\/h3>\n<p data-start=\"2327\" data-end=\"2511\">Zaktualizuj do <strong data-start=\"2342\" data-end=\"2411\">Seria Thermax \u2013 pompa ciep\u0142a powietrze-woda typu monoblok z inwerterem DC R32<\/strong> dla zr\u00f3wnowa\u017conego i energooszcz\u0119dnego rozwi\u0105zania grzewczego. Kontakt <strong data-start=\"2477\" data-end=\"2488\">Hetapro<\/strong> ju\u017c dzi\u015b, aby dowiedzie\u0107 si\u0119 wi\u0119cej!<\/p>","protected":false},"excerpt":{"rendered":"<p><strong>Zdolno\u015b\u0107 produkcyjna<\/strong>: 150 sztuk \/ godzin\u0119<\/p>\n<p><strong>Zakres nape\u0142niania<\/strong>: 1-30kg<\/p>\n<ul>\n<li>Ci\u0105g\u0142e i automatyczne<\/li>\n<li>Dobre dla \u015brodowiska<\/li>\n<li>Wysoka dok\u0142adno\u015b\u0107 wype\u0142niania<\/li>\n<li>D\u0142ugi okres u\u017cytkowania<\/li>\n<\/ul>\n<p><strong>Wype\u0142nienie Precosion<\/strong>\u00a0: 1KG\u22640,02<\/p>","protected":false},"featured_media":4075,"template":"","meta":{"_acf_changed":false,"_seopress_robots_primary_cat":"none","_seopress_titles_title":"Thermax Series - R32 DC Inverter Monoblock Air to Water Heat Pump | Hetapro","_seopress_titles_desc":"Discover Hetapro's Thermax Series R32 DC Inverter Monoblock Air to Water Heat Pump\u2014high efficiency, eco-friendly, and ideal for heating, cooling & hot water.","_seopress_robots_index":""},"product_cat":[22],"product_tag":[23],"acf":[],"_links":{"self":[{"href":"https:\/\/hetapro.com\/pl\/wp-json\/wp\/v2\/product\/919"}],"collection":[{"href":"https:\/\/hetapro.com\/pl\/wp-json\/wp\/v2\/product"}],"about":[{"href":"https:\/\/hetapro.com\/pl\/wp-json\/wp\/v2\/types\/product"}],"wp:featuredmedia":[{"embeddable":true,"href":"https:\/\/hetapro.com\/pl\/wp-json\/wp\/v2\/media\/4075"}],"wp:attachment":[{"href":"https:\/\/hetapro.com\/pl\/wp-json\/wp\/v2\/media?parent=919"}],"wp:term":[{"taxonomy":"product_cat","embeddable":true,"href":"https:\/\/hetapro.com\/pl\/wp-json\/wp\/v2\/product_cat?post=919"},{"taxonomy":"product_tag","embeddable":true,"href":"https:\/\/hetapro.com\/pl\/wp-json\/wp\/v2\/product_tag?post=919"}],"curies":[{"name":"wp","href":"https:\/\/api.w.org\/{rel}","templated":true}]}}