{"id":1046,"date":"2023-07-05T07:43:01","date_gmt":"2023-07-05T07:43:01","guid":{"rendered":"https:\/\/hetapro.com\/?post_type=product&#038;p=1046"},"modified":"2025-01-14T03:02:20","modified_gmt":"2025-01-14T03:02:20","slug":"thermalux-r290-heat-pump","status":"publish","type":"product","link":"https:\/\/hetapro.com\/pt\/products\/thermalux-r290-heat-pump\/","title":{"rendered":"Bomba de calor monobloco inversor DC s\u00e9rie ThermaluX R290"},"content":{"rendered":"<table width=\"1333\">\n<tbody>\n<tr>\n<td width=\"323\">Modelo<\/td>\n<td width=\"67\">\/<\/td>\n<td width=\"173\">HEAW06MRN5-A<\/td>\n<td width=\"173\">HEAW10MRN5-A<\/td>\n<td width=\"173\">HEAW12MRN5-A<\/td>\n<td colspan=\"2\" width=\"251\">HEAW16MRN5-A<\/td>\n<td width=\"173\">HEAW18MRN5-A<\/td>\n<\/tr>\n<tr>\n<td>\u00a0Fonte de energia<\/td>\n<td>V\/Ph<\/td>\n<td colspan=\"2\" width=\"346\">220 V\/1 fase<\/td>\n<td colspan=\"4\" width=\"597\">220 V\/1 fase 380 V\/3 fase<\/td>\n<\/tr>\n<tr>\n<td colspan=\"8\">\u00a0Aquecimento (A7\/6\u2103,W30\/35\u2103)<\/td>\n<\/tr>\n<tr>\n<td>\u00a0Capacidade de aquecimento<\/td>\n<td>kWh<\/td>\n<td>6.25<\/td>\n<td>9.95<\/td>\n<td>12.50<\/td>\n<td>15.88<\/td>\n<td>15.88<\/td>\n<td>18.00<\/td>\n<\/tr>\n<tr>\n<td>\u00a0Entrada de energia<\/td>\n<td>kWh<\/td>\n<td>1.49<\/td>\n<td>2.07<\/td>\n<td>2.98<\/td>\n<td>3.55<\/td>\n<td>3.55<\/td>\n<td>4.62<\/td>\n<\/tr>\n<tr>\n<td>\u00a0POLICIAL<\/td>\n<td>S\/S<\/td>\n<td>4.19<\/td>\n<td>4.81<\/td>\n<td>4.20<\/td>\n<td>4.47<\/td>\n<td>4.47<\/td>\n<td>3.90<\/td>\n<\/tr>\n<tr>\n<td colspan=\"8\">\u00a0Aquecimento (A7\/6\u2103,W47\/55\u2103)<\/td>\n<\/tr>\n<tr>\n<td>\u00a0Capacidade de aquecimento<\/td>\n<td>kWh<\/td>\n<td>6.25<\/td>\n<td>9.34<\/td>\n<td>12.50<\/td>\n<td>15.97<\/td>\n<td>15.97<\/td>\n<td>17.00<\/td>\n<\/tr>\n<tr>\n<td>\u00a0Entrada de energia<\/td>\n<td>kWh<\/td>\n<td>2<\/td>\n<td>3.07<\/td>\n<td>4.17<\/td>\n<td>5.85<\/td>\n<td>5.85<\/td>\n<td>5.86<\/td>\n<\/tr>\n<tr>\n<td>\u00a0POLICIAL<\/td>\n<td>S\/S<\/td>\n<td>3.13<\/td>\n<td>3.04<\/td>\n<td>3.00<\/td>\n<td>2.73<\/td>\n<td>2.73<\/td>\n<td>2.90<\/td>\n<\/tr>\n<tr>\n<td colspan=\"8\">\u00a0Resfriamento (A35\/24\u2103,W12\/7\u2103)<\/td>\n<\/tr>\n<tr>\n<td>\u00a0Capacidade de resfriamento<\/td>\n<td>kWh<\/td>\n<td>4.4<\/td>\n<td width=\"173\">8.20<\/td>\n<td width=\"173\">8.80<\/td>\n<td width=\"125\">14.00<\/td>\n<td width=\"125\">14.00<\/td>\n<td width=\"173\">14.00<\/td>\n<\/tr>\n<tr>\n<td>\u00a0Entrada de energia<\/td>\n<td>kWh<\/td>\n<td>1.52<\/td>\n<td width=\"173\">2.52<\/td>\n<td>3.03<\/td>\n<td width=\"125\">5.19<\/td>\n<td width=\"125\">5.19<\/td>\n<td width=\"173\">5.19<\/td>\n<\/tr>\n<tr>\n<td>\u00a0EER<\/td>\n<td>S\/S<\/td>\n<td>2.89<\/td>\n<td>3.25<\/td>\n<td>2.90<\/td>\n<td>2.70<\/td>\n<td>2.70<\/td>\n<td>2.70<\/td>\n<\/tr>\n<tr>\n<td>\u00a0N\u00edvel ERP (35\u2103)<\/td>\n<td>\/<\/td>\n<td>Um+++<\/td>\n<td>Um+++<\/td>\n<td>Um+++<\/td>\n<td>Um+++<\/td>\n<td>Um+++<\/td>\n<td>Um+++<\/td>\n<\/tr>\n<tr>\n<td>\u00a0N\u00edvel ERP (55\u2103)<\/td>\n<td>\/<\/td>\n<td>Um++<\/td>\n<td>Um++<\/td>\n<td>Um++<\/td>\n<td>Um++<\/td>\n<td>Um++<\/td>\n<td>Um++<\/td>\n<\/tr>\n<tr>\n<td>\u00a0Fluxo de \u00e1gua nominal<\/td>\n<td>m3\/hora<\/td>\n<td>1.032<\/td>\n<td>1.72<\/td>\n<td>2.064<\/td>\n<td>2.752<\/td>\n<td>3.096<\/td>\n<td>3.784<\/td>\n<\/tr>\n<tr>\n<td>\u00a0Pot\u00eancia de entrada M\u00c1XIMA<\/td>\n<td>kWh<\/td>\n<td>2.5<\/td>\n<td>5.01<\/td>\n<td>5.01<\/td>\n<td>7.92<\/td>\n<td>7.92<\/td>\n<td>7.92<\/td>\n<\/tr>\n<tr>\n<td>\u00a0Corrente de entrada MAX<\/td>\n<td>UM<\/td>\n<td>9.5<\/td>\n<td>19<\/td>\n<td>19<\/td>\n<td>30<\/td>\n<td>30<\/td>\n<td>30<\/td>\n<\/tr>\n<tr>\n<td>Tipo de motor da unidade externa<\/td>\n<td>\/<\/td>\n<td><\/td>\n<td colspan=\"5\">Ventilador DC<\/td>\n<\/tr>\n<tr>\n<td>N\u00famero de p\u00e1s do ventilador da unidade externa<\/td>\n<td>\/<\/td>\n<td><\/td>\n<td colspan=\"5\">1<\/td>\n<\/tr>\n<tr>\n<td>\u00a0Compressor<\/td>\n<td>\/<\/td>\n<td><\/td>\n<td colspan=\"5\">GMCC\/Rot\u00e1rio\/EVI<\/td>\n<\/tr>\n<tr>\n<td>\u00a0Bomba de \u00e1gua<\/td>\n<td>\/<\/td>\n<td><\/td>\n<td colspan=\"5\">Novos Territ\u00f3rios\/Inversor\/Embutido<\/td>\n<\/tr>\n<tr>\n<td>Trocador de calor do lado do ar<\/td>\n<td>\/<\/td>\n<td><\/td>\n<td colspan=\"5\">Tubo com aletas<\/td>\n<\/tr>\n<tr>\n<td>Trocador de calor do lado da \u00e1gua<\/td>\n<td><\/td>\n<td><\/td>\n<td colspan=\"5\">Tipo de placa<\/td>\n<\/tr>\n<tr>\n<td>\u00a0Descongelar<\/td>\n<td>\/<\/td>\n<td><\/td>\n<td colspan=\"5\">\u00a0Descongelamento autom\u00e1tico com v\u00e1lvula de 4 vias<\/td>\n<\/tr>\n<tr>\n<td>\u00a0Grau \u00e0 prova d&#039;\u00e1gua<\/td>\n<td>\/<\/td>\n<td><\/td>\n<td colspan=\"5\">IPX4<\/td>\n<\/tr>\n<tr>\n<td>N\u00edvel de pot\u00eancia sonora<\/td>\n<td>dB(A)<\/td>\n<td>45<\/td>\n<td>48<\/td>\n<td>48<\/td>\n<td colspan=\"2\">50<\/td>\n<td>50<\/td>\n<\/tr>\n<tr>\n<td>\u00a0Temperatura m\u00e1xima de sa\u00edda de \u00e1gua<\/td>\n<td>\u00b0C<\/td>\n<td>75<\/td>\n<td>75<\/td>\n<td>75<\/td>\n<td colspan=\"2\">75<\/td>\n<td>75<\/td>\n<\/tr>\n<tr>\n<td width=\"323\">Temperatura ambiente de resfriamento<\/td>\n<td width=\"67\"><\/td>\n<td colspan=\"6\" width=\"943\">-5 ~43<\/td>\n<\/tr>\n<tr>\n<td width=\"323\">Aquecimento da temperatura ambiente<\/td>\n<td width=\"67\"><\/td>\n<td colspan=\"6\" width=\"943\">-25 ~ 35<\/td>\n<\/tr>\n<tr>\n<td width=\"323\">Temperatura ambiente da AQS<\/td>\n<td width=\"67\"><\/td>\n<td colspan=\"6\" width=\"943\">-25 ~43<\/td>\n<\/tr>\n<tr>\n<td width=\"323\">Temperatura da \u00e1gua de sa\u00edda de resfriamento<\/td>\n<td>\u00b0C<\/td>\n<td colspan=\"6\" width=\"943\">5~30<\/td>\n<\/tr>\n<tr>\n<td width=\"323\">Temperatura da \u00e1gua de sa\u00edda do aquecimento<\/td>\n<td>\u00b0C<\/td>\n<td colspan=\"6\" width=\"943\">12~75<\/td>\n<\/tr>\n<tr>\n<td width=\"323\">Temperatura da \u00e1gua de sa\u00edda do tanque AQS<\/td>\n<td>\u00b0C<\/td>\n<td colspan=\"6\" width=\"943\">10~70<\/td>\n<\/tr>\n<tr>\n<td>Conex\u00e3o do lado da \u00e1gua<\/td>\n<td>\/<\/td>\n<td colspan=\"6\">R5\/4\u2033<\/td>\n<\/tr>\n<tr>\n<td width=\"323\">Dimens\u00e3o da unidade (L\u00d7A\u00d7P)<\/td>\n<td>mil\u00edmetros<\/td>\n<td>1045*765*450<\/td>\n<td colspan=\"5\">1325\u00d7903\u00d7500<\/td>\n<\/tr>\n<tr>\n<td width=\"323\">Dimens\u00e3o da embalagem (L\u00d7A\u00d7P)<\/td>\n<td>mil\u00edmetros<\/td>\n<td>1120*810*520<\/td>\n<td colspan=\"5\">1410\u00d71055\u00d7550<\/td>\n<\/tr>\n<tr>\n<td>L\u00edquido<\/td>\n<td>kg<\/td>\n<td>90<\/td>\n<td colspan=\"2\">118<\/td>\n<td colspan=\"3\">130<\/td>\n<\/tr>\n<tr>\n<td width=\"323\">Peso bruto<\/td>\n<td width=\"67\">kg<\/td>\n<td width=\"173\">95<\/td>\n<td colspan=\"2\" width=\"346\">154<\/td>\n<td colspan=\"3\" width=\"424\">166<\/td>\n<\/tr>\n<tr>\n<td colspan=\"8\" width=\"1333\">Notas:<br \/>\n1. Normas e legisla\u00e7\u00e3o relevantes da UE: EN14511; EN14825; EN50564; EN12102; (UE) n.\u00ba 811\/2013; (UE) n.\u00ba 813\/2013; JO 2014\/C 207\/02.<br \/>\n2. Testes de efici\u00eancia energ\u00e9tica de aquecimento sazonal em condi\u00e7\u00f5es clim\u00e1ticas m\u00e9dias.<br \/>\n3. Condi\u00e7\u00e3o de teste de pot\u00eancia sonora: EN12102-1<\/td>\n<\/tr>\n<tr>\n<td colspan=\"8\">DHW: \u00c1gua quente sanit\u00e1ria.<\/td>\n<\/tr>\n<\/tbody>\n<\/table>","protected":false},"excerpt":{"rendered":"<p>Capacidade de produ\u00e7\u00e3o: 150 pe\u00e7as \/ hora<\/p>\n<p>Faixa de enchimento: 1-30 kg<\/p>\n<p>De forma cont\u00ednua e autom\u00e1tica<br \/>\nBom para o meio ambiente<br \/>\nEnchimento de alta precis\u00e3o<br \/>\nLongo per\u00edodo de uso<br \/>\nPrecis\u00e3o de enchimento: 1KG\u22640,02<\/p>","protected":false},"featured_media":2718,"template":"","meta":{"_acf_changed":false,"_seopress_robots_primary_cat":"none","_seopress_titles_title":"ThermaluX Series - R290 DC Inverter Monobloc Air to Water Heat Pump","_seopress_titles_desc":"ThermaluX Series - R290 DC Inverter Monobloc Air to Water Heat Pump for household heating cooling and sanitary hot water","_seopress_robots_index":""},"product_cat":[42],"product_tag":[107,106,105,36],"acf":[],"_links":{"self":[{"href":"https:\/\/hetapro.com\/pt\/wp-json\/wp\/v2\/product\/1046"}],"collection":[{"href":"https:\/\/hetapro.com\/pt\/wp-json\/wp\/v2\/product"}],"about":[{"href":"https:\/\/hetapro.com\/pt\/wp-json\/wp\/v2\/types\/product"}],"wp:featuredmedia":[{"embeddable":true,"href":"https:\/\/hetapro.com\/pt\/wp-json\/wp\/v2\/media\/2718"}],"wp:attachment":[{"href":"https:\/\/hetapro.com\/pt\/wp-json\/wp\/v2\/media?parent=1046"}],"wp:term":[{"taxonomy":"product_cat","embeddable":true,"href":"https:\/\/hetapro.com\/pt\/wp-json\/wp\/v2\/product_cat?post=1046"},{"taxonomy":"product_tag","embeddable":true,"href":"https:\/\/hetapro.com\/pt\/wp-json\/wp\/v2\/product_tag?post=1046"}],"curies":[{"name":"wp","href":"https:\/\/api.w.org\/{rel}","templated":true}]}}