{"id":1059,"date":"2023-07-05T08:44:53","date_gmt":"2023-07-05T08:44:53","guid":{"rendered":"https:\/\/hetapro.com\/?post_type=product&#038;p=1059"},"modified":"2025-01-06T08:08:13","modified_gmt":"2025-01-06T08:08:13","slug":"r410a-modular-chiller","status":"publish","type":"product","link":"https:\/\/hetapro.com\/pt\/products\/r410a-modular-chiller\/","title":{"rendered":"Refrigerador modular R410a"},"content":{"rendered":"<figure id=\"attachment_1069\" aria-describedby=\"caption-attachment-1069\" style=\"width: 300px\" class=\"wp-caption aligncenter\"><img loading=\"lazy\" decoding=\"async\" class=\"size-medium wp-image-1069\" src=\"http:\/\/hetapro.com\/wp-content\/uploads\/2023\/07\/r410a-modular-chiller4-300x200.webp\" alt=\"R410a Modular chiller4\" width=\"300\" height=\"200\" srcset=\"https:\/\/hetapro.com\/wp-content\/uploads\/2023\/07\/r410a-modular-chiller4-300x200.webp 300w, https:\/\/hetapro.com\/wp-content\/uploads\/2023\/07\/r410a-modular-chiller4-600x400.webp 600w, https:\/\/hetapro.com\/wp-content\/uploads\/2023\/07\/r410a-modular-chiller4-1024x682.webp 1024w, https:\/\/hetapro.com\/wp-content\/uploads\/2023\/07\/r410a-modular-chiller4-768x511.webp 768w, https:\/\/hetapro.com\/wp-content\/uploads\/2023\/07\/r410a-modular-chiller4.webp 1200w\" sizes=\"(max-width: 300px) 100vw, 300px\" \/><figcaption id=\"caption-attachment-1069\" class=\"wp-caption-text\">Chiller modular R410a4<\/figcaption><\/figure>\n<figure id=\"attachment_1070\" aria-describedby=\"caption-attachment-1070\" style=\"width: 212px\" class=\"wp-caption aligncenter\"><img loading=\"lazy\" decoding=\"async\" class=\"size-medium wp-image-1070\" src=\"http:\/\/hetapro.com\/wp-content\/uploads\/2023\/07\/r410a-modular-chiller5-212x300.webp\" alt=\"auto draft\" width=\"212\" height=\"300\" srcset=\"https:\/\/hetapro.com\/wp-content\/uploads\/2023\/07\/r410a-modular-chiller5-212x300.webp 212w, https:\/\/hetapro.com\/wp-content\/uploads\/2023\/07\/r410a-modular-chiller5-scaled-600x849.webp 600w, https:\/\/hetapro.com\/wp-content\/uploads\/2023\/07\/r410a-modular-chiller5-724x1024.webp 724w, https:\/\/hetapro.com\/wp-content\/uploads\/2023\/07\/r410a-modular-chiller5-768x1086.webp 768w, https:\/\/hetapro.com\/wp-content\/uploads\/2023\/07\/r410a-modular-chiller5-1086x1536.webp 1086w, https:\/\/hetapro.com\/wp-content\/uploads\/2023\/07\/r410a-modular-chiller5-1448x2048.webp 1448w, https:\/\/hetapro.com\/wp-content\/uploads\/2023\/07\/r410a-modular-chiller5-scaled.webp 1810w\" sizes=\"(max-width: 212px) 100vw, 212px\" \/><figcaption id=\"caption-attachment-1070\" class=\"wp-caption-text\">Chiller modular R410a4<\/figcaption><\/figure>\n<figure id=\"attachment_1071\" aria-describedby=\"caption-attachment-1071\" style=\"width: 212px\" class=\"wp-caption aligncenter\"><img loading=\"lazy\" decoding=\"async\" class=\"size-medium wp-image-1071\" src=\"http:\/\/hetapro.com\/wp-content\/uploads\/2023\/07\/r410a-modular-chiller6-212x300.webp\" alt=\"R410a Modular chiller4\" width=\"212\" height=\"300\" srcset=\"https:\/\/hetapro.com\/wp-content\/uploads\/2023\/07\/r410a-modular-chiller6-212x300.webp 212w, https:\/\/hetapro.com\/wp-content\/uploads\/2023\/07\/r410a-modular-chiller6-scaled-600x849.webp 600w, https:\/\/hetapro.com\/wp-content\/uploads\/2023\/07\/r410a-modular-chiller6-724x1024.webp 724w, https:\/\/hetapro.com\/wp-content\/uploads\/2023\/07\/r410a-modular-chiller6-768x1087.webp 768w, https:\/\/hetapro.com\/wp-content\/uploads\/2023\/07\/r410a-modular-chiller6-1086x1536.webp 1086w, https:\/\/hetapro.com\/wp-content\/uploads\/2023\/07\/r410a-modular-chiller6-1447x2048.webp 1447w, https:\/\/hetapro.com\/wp-content\/uploads\/2023\/07\/r410a-modular-chiller6-scaled.webp 1809w\" sizes=\"(max-width: 212px) 100vw, 212px\" \/><figcaption id=\"caption-attachment-1071\" class=\"wp-caption-text\">Chiller modular R410a4<\/figcaption><\/figure>\n<p><img loading=\"lazy\" decoding=\"async\" class=\"size-medium wp-image-1072 aligncenter\" src=\"http:\/\/hetapro.com\/wp-content\/uploads\/2023\/07\/r410a-modular-7chiller7-212x300.webp\" alt=\"auto draft\" width=\"212\" height=\"300\" srcset=\"https:\/\/hetapro.com\/wp-content\/uploads\/2023\/07\/r410a-modular-7chiller7-212x300.webp 212w, https:\/\/hetapro.com\/wp-content\/uploads\/2023\/07\/r410a-modular-7chiller7-scaled-600x849.webp 600w, https:\/\/hetapro.com\/wp-content\/uploads\/2023\/07\/r410a-modular-7chiller7-724x1024.webp 724w, https:\/\/hetapro.com\/wp-content\/uploads\/2023\/07\/r410a-modular-7chiller7-768x1086.webp 768w, https:\/\/hetapro.com\/wp-content\/uploads\/2023\/07\/r410a-modular-7chiller7-1086x1536.webp 1086w, https:\/\/hetapro.com\/wp-content\/uploads\/2023\/07\/r410a-modular-7chiller7-1448x2048.webp 1448w, https:\/\/hetapro.com\/wp-content\/uploads\/2023\/07\/r410a-modular-7chiller7-scaled.webp 1810w\" sizes=\"(max-width: 212px) 100vw, 212px\" \/><\/p>\n<table style=\"border-collapse: collapse; width: 387.02pt;\" border=\"0\" width=\"516\" cellspacing=\"0\" cellpadding=\"0\">\n<tbody>\n<tr style=\"height: 18.00pt;\">\n<td class=\"et2\" style=\"height: 18.00pt; width: 168.00pt;\" width=\"224\" height=\"24\">item<\/td>\n<td class=\"et2\" style=\"width: 219.00pt;\" width=\"292\">valor<\/td>\n<\/tr>\n<tr style=\"height: 18.00pt;\">\n<td class=\"et3\" style=\"height: 18.00pt; width: 168.00pt;\" width=\"224\" height=\"24\"><span class=\"font2\">Servi\u00e7o p\u00f3s-venda fornecido<\/span><\/td>\n<td class=\"et3\" style=\"width: 219.00pt;\" width=\"292\"><span class=\"font2\">Pe\u00e7as de reposi\u00e7\u00e3o gratuitas, Call Centers no exterior<\/span><\/td>\n<\/tr>\n<tr style=\"height: 18.00pt;\">\n<td class=\"et3\" style=\"height: 18.00pt; width: 168.00pt;\" width=\"224\" height=\"24\"><span class=\"font2\">Garantia<\/span><\/td>\n<td class=\"et3\" style=\"width: 219.00pt;\" width=\"292\"><span class=\"font2\">3 anos<\/span><\/td>\n<\/tr>\n<tr style=\"height: 18.00pt;\">\n<td class=\"et3\" style=\"height: 18.00pt; width: 168.00pt;\" width=\"224\" height=\"24\"><span class=\"font2\">Aplicativo<\/span><\/td>\n<td class=\"et3\" style=\"width: 219.00pt;\" width=\"292\"><span class=\"font2\">Ao ar livre, Hotel, Garagem, Comercial, Residencial<\/span><\/td>\n<\/tr>\n<tr style=\"height: 18.00pt;\">\n<td class=\"et3\" style=\"height: 18.00pt; width: 168.00pt;\" width=\"224\" height=\"24\"><span class=\"font2\">Fonte de energia<\/span><\/td>\n<td class=\"et3\" style=\"width: 219.00pt;\" width=\"292\"><span class=\"font2\">El\u00e9trico, G\u00e1s<\/span><\/td>\n<\/tr>\n<tr style=\"height: 18.00pt;\">\n<td class=\"et3\" style=\"height: 18.00pt; width: 168.00pt;\" width=\"224\" height=\"24\"><span class=\"font2\">Controlado por aplicativo<\/span><\/td>\n<td class=\"et3\" style=\"width: 219.00pt;\" width=\"292\"><span class=\"font2\">Sim<\/span><\/td>\n<\/tr>\n<tr style=\"height: 18.00pt;\">\n<td class=\"et3\" style=\"height: 18.00pt; width: 168.00pt;\" width=\"224\" height=\"24\"><span class=\"font2\">Molde Privado<\/span><\/td>\n<td class=\"et3\" style=\"width: 219.00pt;\" width=\"292\"><span class=\"font2\">N\u00c3O<\/span><\/td>\n<\/tr>\n<tr style=\"height: 18.00pt;\">\n<td class=\"et3\" style=\"height: 18.00pt; width: 168.00pt;\" width=\"224\" height=\"24\"><span class=\"font2\">Tipo<\/span><\/td>\n<td class=\"et3\" style=\"width: 219.00pt;\" width=\"292\"><span class=\"font2\">Resfriador de fonte de ar<\/span><\/td>\n<\/tr>\n<tr style=\"height: 18.00pt;\">\n<td class=\"et3\" style=\"height: 18.00pt; width: 168.00pt;\" width=\"224\" height=\"24\"><span class=\"font2\">Instala\u00e7\u00e3o<\/span><\/td>\n<td class=\"et3\" style=\"width: 219.00pt;\" width=\"292\"><span class=\"font2\">Aut\u00f4nomo<\/span><\/td>\n<\/tr>\n<tr style=\"height: 18.00pt;\">\n<td class=\"et3\" style=\"height: 18.00pt; width: 168.00pt;\" width=\"224\" height=\"24\"><span class=\"font2\">Armazenamento \/ Sem tanque<\/span><\/td>\n<td class=\"et3\" style=\"width: 219.00pt;\" width=\"292\"><span class=\"font2\">Outro<\/span><\/td>\n<\/tr>\n<tr style=\"height: 18.00pt;\">\n<td class=\"et3\" style=\"height: 18.00pt; width: 168.00pt;\" width=\"224\" height=\"24\"><span class=\"font2\">Material da carca\u00e7a<\/span><\/td>\n<td class=\"et3\" style=\"width: 219.00pt;\" width=\"292\"><span class=\"font2\">A\u00e7o inoxid\u00e1vel<\/span><\/td>\n<\/tr>\n<tr style=\"height: 18.00pt;\">\n<td class=\"et3\" style=\"height: 18.00pt; width: 168.00pt;\" width=\"224\" height=\"24\"><span class=\"font2\">Usar<\/span><\/td>\n<td class=\"et3\" style=\"width: 219.00pt;\" width=\"292\"><span class=\"font2\">ar livre<\/span><\/td>\n<\/tr>\n<tr style=\"height: 18.00pt;\">\n<td class=\"et3\" style=\"height: 18.00pt; width: 168.00pt;\" width=\"224\" height=\"24\"><span class=\"font2\">Lugar de origem<\/span><\/td>\n<td class=\"et3\" style=\"width: 219.00pt;\" width=\"292\"><span class=\"font2\">China<\/span><\/td>\n<\/tr>\n<tr style=\"height: 18.00pt;\">\n<td class=\"et3\" style=\"height: 18.00pt; width: 168.00pt;\" width=\"224\" height=\"24\"><span class=\"font2\">Marca<\/span><\/td>\n<td class=\"et3\" style=\"width: 219.00pt;\" width=\"292\"><span class=\"font2\">Hetapro<\/span><\/td>\n<\/tr>\n<tr style=\"height: 18.00pt;\">\n<td class=\"et3\" style=\"height: 18.00pt; width: 168.00pt;\" width=\"224\" height=\"24\"><span class=\"font2\">N\u00famero do modelo<\/span><\/td>\n<td class=\"et3\" style=\"width: 219.00pt;\" width=\"292\"><span class=\"font2\">DSKL-65\/N1S-A<\/span><\/td>\n<\/tr>\n<tr style=\"height: 18.00pt;\">\n<td class=\"et3\" style=\"height: 18.00pt; width: 168.00pt;\" width=\"224\" height=\"24\"><span class=\"font2\">Fun\u00e7\u00e3o<\/span><\/td>\n<td class=\"et3\" style=\"width: 219.00pt;\" width=\"292\"><span class=\"font2\">Aquecimento e resfriamento<\/span><\/td>\n<\/tr>\n<tr style=\"height: 18.00pt;\">\n<td class=\"et3\" style=\"height: 18.00pt; width: 168.00pt;\" width=\"224\" height=\"24\"><span class=\"font2\">Permutador de calor<\/span><\/td>\n<td class=\"et3\" style=\"width: 219.00pt;\" width=\"292\"><span class=\"font2\">tubo em tubo<\/span><\/td>\n<\/tr>\n<tr style=\"height: 18.00pt;\">\n<td class=\"et3\" style=\"height: 18.00pt; width: 168.00pt;\" width=\"224\" height=\"24\"><span class=\"font2\">Compressor<\/span><\/td>\n<td class=\"et3\" style=\"width: 219.00pt;\" width=\"292\"><span class=\"font2\">Rolar<\/span><\/td>\n<\/tr>\n<tr style=\"height: 18.00pt;\">\n<td class=\"et3\" style=\"height: 18.00pt; width: 168.00pt;\" width=\"224\" height=\"24\"><span class=\"font2\">Poder<\/span><\/td>\n<td class=\"et3\" style=\"width: 219.00pt;\" width=\"292\"><span class=\"font2\">380-420 V\/trif\u00e1sico\/50 Hz<\/span><\/td>\n<\/tr>\n<tr style=\"height: 18.00pt;\">\n<td class=\"et3\" style=\"height: 18.00pt; width: 168.00pt;\" width=\"224\" height=\"24\"><span class=\"font2\">Controlador<\/span><\/td>\n<td class=\"et3\" style=\"width: 219.00pt;\" width=\"292\"><span class=\"font2\">Controle com fio (compat\u00edvel com WiFi)<\/span><\/td>\n<\/tr>\n<tr style=\"height: 18.00pt;\">\n<td class=\"et3\" style=\"height: 18.00pt; width: 168.00pt;\" width=\"224\" height=\"24\"><span class=\"font2\">Fonte de calor<\/span><\/td>\n<td class=\"et3\" style=\"width: 219.00pt;\" width=\"292\"><span class=\"font2\">Fonte de ar<\/span><\/td>\n<\/tr>\n<tr style=\"height: 18.00pt;\">\n<td class=\"et3\" style=\"height: 18.00pt; width: 168.00pt;\" width=\"224\" height=\"24\"><span class=\"font2\">Refrigerante<\/span><\/td>\n<td class=\"et3\" style=\"width: 219.00pt;\" width=\"292\"><span class=\"font2\">R410A<\/span><\/td>\n<\/tr>\n<tr style=\"height: 18.00pt;\">\n<td class=\"et3\" style=\"height: 18.00pt; width: 168.00pt;\" width=\"224\" height=\"24\"><span class=\"font2\">Temperatura ambiente<\/span><\/td>\n<td class=\"et3\" style=\"width: 219.00pt;\" width=\"292\"><span class=\"font2\">-25 ~ 45 graus<\/span><\/td>\n<\/tr>\n<tr style=\"height: 18.00pt;\">\n<td class=\"et3\" style=\"height: 18.00pt; width: 168.00pt;\" width=\"224\" height=\"24\"><span class=\"font2\">Certifica\u00e7\u00e3o<\/span><\/td>\n<td class=\"et3\" style=\"width: 219.00pt;\" width=\"292\"><span class=\"font2\">Certificado CE<\/span><\/td>\n<\/tr>\n<tr style=\"height: 18.00pt;\">\n<td class=\"et3\" style=\"height: 18.00pt; width: 168.00pt;\" width=\"224\" height=\"24\"><span class=\"font2\">Servi\u00e7o OEM<\/span><\/td>\n<td class=\"et3\" style=\"width: 219.00pt;\" width=\"292\"><span class=\"font2\">Dispon\u00edvel<\/span><\/td>\n<\/tr>\n<\/tbody>\n<\/table>","protected":false},"excerpt":{"rendered":"<div class=\"elementor-element elementor-element-a18efa6 elementor-repeater-item-none elementor-repeater-item-none_hover elementor-widget elementor-widget-woocommerce-product-short-description\" data-id=\"a18efa6\" data-element_type=\"widget\" data-widget_type=\"woocommerce-product-short-description.default\">\n<div class=\"elementor-widget-container\">\n<div class=\"woocommerce-product-details__short-description\">\n<p><strong>Capacidade de produ\u00e7\u00e3o<\/strong>: 150 pe\u00e7as \/ hora<\/p>\n<p><strong>Faixa de enchimento<\/strong>: 1-30 kg<\/p>\n<ul>\n<li>De forma cont\u00ednua e autom\u00e1tica<\/li>\n<li>Bom para o meio ambiente<\/li>\n<li>Enchimento de alta precis\u00e3o<\/li>\n<li>Longo per\u00edodo de uso<\/li>\n<\/ul>\n<p><strong>Precis\u00e3o de preenchimento<\/strong> : 1KG\u22640,02<\/p>\n<\/div>\n<\/div>\n<\/div>","protected":false},"featured_media":3782,"template":"","meta":{"_acf_changed":false,"_seopress_robots_primary_cat":"none","_seopress_titles_title":"","_seopress_titles_desc":"","_seopress_robots_index":""},"product_cat":[28],"product_tag":[37],"acf":[],"_links":{"self":[{"href":"https:\/\/hetapro.com\/pt\/wp-json\/wp\/v2\/product\/1059"}],"collection":[{"href":"https:\/\/hetapro.com\/pt\/wp-json\/wp\/v2\/product"}],"about":[{"href":"https:\/\/hetapro.com\/pt\/wp-json\/wp\/v2\/types\/product"}],"wp:featuredmedia":[{"embeddable":true,"href":"https:\/\/hetapro.com\/pt\/wp-json\/wp\/v2\/media\/3782"}],"wp:attachment":[{"href":"https:\/\/hetapro.com\/pt\/wp-json\/wp\/v2\/media?parent=1059"}],"wp:term":[{"taxonomy":"product_cat","embeddable":true,"href":"https:\/\/hetapro.com\/pt\/wp-json\/wp\/v2\/product_cat?post=1059"},{"taxonomy":"product_tag","embeddable":true,"href":"https:\/\/hetapro.com\/pt\/wp-json\/wp\/v2\/product_tag?post=1059"}],"curies":[{"name":"wp","href":"https:\/\/api.w.org\/{rel}","templated":true}]}}