{"id":1062,"date":"2023-07-05T09:26:54","date_gmt":"2023-07-05T09:26:54","guid":{"rendered":"https:\/\/hetapro.com\/?post_type=product&#038;p=1062"},"modified":"2025-01-06T08:09:29","modified_gmt":"2025-01-06T08:09:29","slug":"r32-modular-chiller","status":"publish","type":"product","link":"https:\/\/hetapro.com\/pt\/products\/r32-modular-chiller\/","title":{"rendered":"Chiller modular R32"},"content":{"rendered":"<p><img loading=\"lazy\" decoding=\"async\" class=\"wp-image-1070\" src=\"http:\/\/hetapro.com\/wp-content\/uploads\/2023\/07\/r410a-modular-chiller5-scaled.webp\" alt=\"auto draft\" width=\"900\" height=\"1273\" srcset=\"https:\/\/hetapro.com\/wp-content\/uploads\/2023\/07\/r410a-modular-chiller5-scaled.webp 1810w, https:\/\/hetapro.com\/wp-content\/uploads\/2023\/07\/r410a-modular-chiller5-scaled-600x849.webp 600w, https:\/\/hetapro.com\/wp-content\/uploads\/2023\/07\/r410a-modular-chiller5-212x300.webp 212w, https:\/\/hetapro.com\/wp-content\/uploads\/2023\/07\/r410a-modular-chiller5-724x1024.webp 724w, https:\/\/hetapro.com\/wp-content\/uploads\/2023\/07\/r410a-modular-chiller5-768x1086.webp 768w, https:\/\/hetapro.com\/wp-content\/uploads\/2023\/07\/r410a-modular-chiller5-1086x1536.webp 1086w, https:\/\/hetapro.com\/wp-content\/uploads\/2023\/07\/r410a-modular-chiller5-1448x2048.webp 1448w\" sizes=\"(max-width: 900px) 100vw, 900px\" \/><\/p>\n<p><img loading=\"lazy\" decoding=\"async\" class=\"wp-image-1071\" src=\"http:\/\/hetapro.com\/wp-content\/uploads\/2023\/07\/r410a-modular-chiller6-scaled.webp\" alt=\"R410a Modular chiller4\" width=\"900\" height=\"1274\" srcset=\"https:\/\/hetapro.com\/wp-content\/uploads\/2023\/07\/r410a-modular-chiller6-scaled.webp 1809w, https:\/\/hetapro.com\/wp-content\/uploads\/2023\/07\/r410a-modular-chiller6-scaled-600x849.webp 600w, https:\/\/hetapro.com\/wp-content\/uploads\/2023\/07\/r410a-modular-chiller6-212x300.webp 212w, https:\/\/hetapro.com\/wp-content\/uploads\/2023\/07\/r410a-modular-chiller6-724x1024.webp 724w, https:\/\/hetapro.com\/wp-content\/uploads\/2023\/07\/r410a-modular-chiller6-768x1087.webp 768w, https:\/\/hetapro.com\/wp-content\/uploads\/2023\/07\/r410a-modular-chiller6-1086x1536.webp 1086w, https:\/\/hetapro.com\/wp-content\/uploads\/2023\/07\/r410a-modular-chiller6-1447x2048.webp 1447w\" sizes=\"(max-width: 900px) 100vw, 900px\" \/><\/p>\n<table class=\"alignleft\" style=\"border-collapse: collapse; width: 100%;\" border=\"0\" width=\"415\" cellspacing=\"0\" cellpadding=\"0\">\n<tbody>\n<tr style=\"height: 27.00pt;\">\n<td class=\"et2\" style=\"height: 27pt; width: 115.5pt; text-align: center;\" width=\"154\" height=\"36\">item<\/td>\n<td class=\"et2\" style=\"width: 195.75pt;\" width=\"261\">valor<\/td>\n<\/tr>\n<tr style=\"height: 27.00pt;\">\n<td class=\"et3\" style=\"height: 27.00pt; width: 115.50pt;\" width=\"154\" height=\"36\"><span class=\"font2\">Servi\u00e7o p\u00f3s-venda fornecido<\/span><\/td>\n<td class=\"et3\" style=\"width: 195.75pt;\" width=\"261\"><span class=\"font2\">Pe\u00e7as de reposi\u00e7\u00e3o gratuitas, Call Centers no exterior<\/span><\/td>\n<\/tr>\n<tr style=\"height: 27.00pt;\">\n<td class=\"et3\" style=\"height: 27.00pt; width: 115.50pt;\" width=\"154\" height=\"36\"><span class=\"font2\">Garantia<\/span><\/td>\n<td class=\"et3\" style=\"width: 195.75pt;\" width=\"261\"><span class=\"font2\">3 anos<\/span><\/td>\n<\/tr>\n<tr style=\"height: 27.00pt;\">\n<td class=\"et3\" style=\"height: 27.00pt; width: 115.50pt;\" width=\"154\" height=\"36\"><span class=\"font2\">Aplicativo<\/span><\/td>\n<td class=\"et3\" style=\"width: 195.75pt;\" width=\"261\"><span class=\"font2\">Ao ar livre, Hotel, Garagem, Comercial, Residencial<\/span><\/td>\n<\/tr>\n<tr style=\"height: 27.00pt;\">\n<td class=\"et3\" style=\"height: 27.00pt; width: 115.50pt;\" width=\"154\" height=\"36\"><span class=\"font2\">Fonte de energia<\/span><\/td>\n<td class=\"et3\" style=\"width: 195.75pt;\" width=\"261\"><span class=\"font2\">El\u00e9trico, G\u00e1s<\/span><\/td>\n<\/tr>\n<tr style=\"height: 27.00pt;\">\n<td class=\"et3\" style=\"height: 27.00pt; width: 115.50pt;\" width=\"154\" height=\"36\"><span class=\"font2\">Controlado por aplicativo<\/span><\/td>\n<td class=\"et3\" style=\"width: 195.75pt;\" width=\"261\"><span class=\"font2\">Sim<\/span><\/td>\n<\/tr>\n<tr style=\"height: 27.00pt;\">\n<td class=\"et3\" style=\"height: 27.00pt; width: 115.50pt;\" width=\"154\" height=\"36\"><span class=\"font2\">Molde Privado<\/span><\/td>\n<td class=\"et3\" style=\"width: 195.75pt;\" width=\"261\"><span class=\"font2\">N\u00c3O<\/span><\/td>\n<\/tr>\n<tr style=\"height: 27.00pt;\">\n<td class=\"et3\" style=\"height: 27.00pt; width: 115.50pt;\" width=\"154\" height=\"36\"><span class=\"font2\">Tipo<\/span><\/td>\n<td class=\"et3\" style=\"width: 195.75pt;\" width=\"261\"><span class=\"font2\">Resfriador de fonte de ar<\/span><\/td>\n<\/tr>\n<tr style=\"height: 27.00pt;\">\n<td class=\"et3\" style=\"height: 27.00pt; width: 115.50pt;\" width=\"154\" height=\"36\"><span class=\"font2\">Instala\u00e7\u00e3o<\/span><\/td>\n<td class=\"et3\" style=\"width: 195.75pt;\" width=\"261\"><span class=\"font2\">Aut\u00f4nomo<\/span><\/td>\n<\/tr>\n<tr style=\"height: 27.00pt;\">\n<td class=\"et3\" style=\"height: 27.00pt; width: 115.50pt;\" width=\"154\" height=\"36\"><span class=\"font2\">Armazenamento \/ Sem tanque<\/span><\/td>\n<td class=\"et3\" style=\"width: 195.75pt;\" width=\"261\"><span class=\"font2\">Outro<\/span><\/td>\n<\/tr>\n<tr style=\"height: 27.00pt;\">\n<td class=\"et3\" style=\"height: 27.00pt; width: 115.50pt;\" width=\"154\" height=\"36\"><span class=\"font2\">Material da carca\u00e7a<\/span><\/td>\n<td class=\"et3\" style=\"width: 195.75pt;\" width=\"261\"><span class=\"font2\">A\u00e7o inoxid\u00e1vel<\/span><\/td>\n<\/tr>\n<tr style=\"height: 27.00pt;\">\n<td class=\"et3\" style=\"height: 27.00pt; width: 115.50pt;\" width=\"154\" height=\"36\"><span class=\"font2\">Usar<\/span><\/td>\n<td class=\"et3\" style=\"width: 195.75pt;\" width=\"261\"><span class=\"font2\">ar livre<\/span><\/td>\n<\/tr>\n<tr style=\"height: 27.00pt;\">\n<td class=\"et3\" style=\"height: 27.00pt; width: 115.50pt;\" width=\"154\" height=\"36\"><span class=\"font2\">Lugar de origem<\/span><\/td>\n<td class=\"et3\" style=\"width: 195.75pt;\" width=\"261\"><span class=\"font2\">China<\/span><\/td>\n<\/tr>\n<tr style=\"height: 27.00pt;\">\n<td class=\"et3\" style=\"height: 27.00pt; width: 115.50pt;\" width=\"154\" height=\"36\"><span class=\"font2\">Marca<\/span><\/td>\n<td class=\"et3\" style=\"width: 195.75pt;\" width=\"261\"><span class=\"font2\">Hetapro<\/span><\/td>\n<\/tr>\n<tr style=\"height: 27.00pt;\">\n<td class=\"et3\" style=\"height: 27.00pt; width: 115.50pt;\" width=\"154\" height=\"36\"><span class=\"font2\">N\u00famero do modelo<\/span><\/td>\n<td class=\"et3\" style=\"width: 195.75pt;\" width=\"261\"><span class=\"font2\">DSKL-65\/N1S-A<\/span><\/td>\n<\/tr>\n<tr style=\"height: 27.00pt;\">\n<td class=\"et3\" style=\"height: 27.00pt; width: 115.50pt;\" width=\"154\" height=\"36\"><span class=\"font2\">Fun\u00e7\u00e3o<\/span><\/td>\n<td class=\"et3\" style=\"width: 195.75pt;\" width=\"261\"><span class=\"font2\">Aquecimento e resfriamento<\/span><\/td>\n<\/tr>\n<tr style=\"height: 27.00pt;\">\n<td class=\"et3\" style=\"height: 27.00pt; width: 115.50pt;\" width=\"154\" height=\"36\"><span class=\"font2\">Permutador de calor<\/span><\/td>\n<td class=\"et3\" style=\"width: 195.75pt;\" width=\"261\"><span class=\"font2\">tubo em tubo<\/span><\/td>\n<\/tr>\n<tr style=\"height: 27.00pt;\">\n<td class=\"et3\" style=\"height: 27.00pt; width: 115.50pt;\" width=\"154\" height=\"36\"><span class=\"font2\">Compressor<\/span><\/td>\n<td class=\"et3\" style=\"width: 195.75pt;\" width=\"261\"><span class=\"font2\">Rolar<\/span><\/td>\n<\/tr>\n<tr style=\"height: 27.00pt;\">\n<td class=\"et3\" style=\"height: 27.00pt; width: 115.50pt;\" width=\"154\" height=\"36\"><span class=\"font2\">Poder<\/span><\/td>\n<td class=\"et3\" style=\"width: 195.75pt;\" width=\"261\"><span class=\"font2\">380-420 V\/trif\u00e1sico\/50 Hz<\/span><\/td>\n<\/tr>\n<tr style=\"height: 27.00pt;\">\n<td class=\"et3\" style=\"height: 27.00pt; width: 115.50pt;\" width=\"154\" height=\"36\"><span class=\"font2\">Controlador<\/span><\/td>\n<td class=\"et3\" style=\"width: 195.75pt;\" width=\"261\"><span class=\"font2\">Controle com fio (compat\u00edvel com WiFi)<\/span><\/td>\n<\/tr>\n<tr style=\"height: 27.00pt;\">\n<td class=\"et3\" style=\"height: 27.00pt; width: 115.50pt;\" width=\"154\" height=\"36\"><span class=\"font2\">Fonte de calor<\/span><\/td>\n<td class=\"et3\" style=\"width: 195.75pt;\" width=\"261\"><span class=\"font2\">Fonte de ar<\/span><\/td>\n<\/tr>\n<tr style=\"height: 27.00pt;\">\n<td class=\"et3\" style=\"height: 27.00pt; width: 115.50pt;\" width=\"154\" height=\"36\"><span class=\"font2\">Refrigerante<\/span><\/td>\n<td class=\"et3\" style=\"width: 195.75pt;\" width=\"261\"><span class=\"font2\">R410A<\/span><\/td>\n<\/tr>\n<tr style=\"height: 27.00pt;\">\n<td class=\"et3\" style=\"height: 27.00pt; width: 115.50pt;\" width=\"154\" height=\"36\"><span class=\"font2\">Temperatura ambiente<\/span><\/td>\n<td class=\"et3\" style=\"width: 195.75pt;\" width=\"261\"><span class=\"font2\">-25 ~ 45 graus<\/span><\/td>\n<\/tr>\n<tr style=\"height: 27.00pt;\">\n<td class=\"et3\" style=\"height: 27.00pt; width: 115.50pt;\" width=\"154\" height=\"36\"><span class=\"font2\">Certifica\u00e7\u00e3o<\/span><\/td>\n<td class=\"et3\" style=\"width: 195.75pt;\" width=\"261\"><span class=\"font2\"><span class=\"font2\">Certificado CE<\/span><\/span>rascunho autom\u00e1tico<\/td>\n<\/tr>\n<tr style=\"height: 27.00pt;\">\n<td class=\"et3\" style=\"height: 27.00pt; width: 115.50pt;\" width=\"154\" height=\"36\"><span class=\"font2\">Servi\u00e7o OEM<\/span><\/td>\n<td class=\"et3\" style=\"width: 195.75pt;\" width=\"261\"><span class=\"font2\">Dispon\u00edvel<\/span><\/td>\n<\/tr>\n<\/tbody>\n<\/table>","protected":false},"excerpt":{"rendered":"<p>Capacidade de produ\u00e7\u00e3o: 150 pe\u00e7as \/ hora<\/p>\n<p>Faixa de enchimento: 1-30 kg<\/p>\n<p>De forma cont\u00ednua e autom\u00e1tica<br \/>\nBom para o meio ambiente<br \/>\nEnchimento de alta precis\u00e3o<br \/>\nLongo per\u00edodo de uso<br \/>\nPrecis\u00e3o de enchimento: 1KG\u22640,02<\/p>","protected":false},"featured_media":3783,"template":"","meta":{"_acf_changed":false,"_seopress_robots_primary_cat":"none","_seopress_titles_title":"","_seopress_titles_desc":"","_seopress_robots_index":""},"product_cat":[29],"product_tag":[],"acf":[],"_links":{"self":[{"href":"https:\/\/hetapro.com\/pt\/wp-json\/wp\/v2\/product\/1062"}],"collection":[{"href":"https:\/\/hetapro.com\/pt\/wp-json\/wp\/v2\/product"}],"about":[{"href":"https:\/\/hetapro.com\/pt\/wp-json\/wp\/v2\/types\/product"}],"wp:featuredmedia":[{"embeddable":true,"href":"https:\/\/hetapro.com\/pt\/wp-json\/wp\/v2\/media\/3783"}],"wp:attachment":[{"href":"https:\/\/hetapro.com\/pt\/wp-json\/wp\/v2\/media?parent=1062"}],"wp:term":[{"taxonomy":"product_cat","embeddable":true,"href":"https:\/\/hetapro.com\/pt\/wp-json\/wp\/v2\/product_cat?post=1062"},{"taxonomy":"product_tag","embeddable":true,"href":"https:\/\/hetapro.com\/pt\/wp-json\/wp\/v2\/product_tag?post=1062"}],"curies":[{"name":"wp","href":"https:\/\/api.w.org\/{rel}","templated":true}]}}