{"id":1506,"date":"2023-07-24T02:24:10","date_gmt":"2023-07-24T02:24:10","guid":{"rendered":"https:\/\/hetapro.com\/?post_type=product&#038;p=1506"},"modified":"2025-07-17T01:59:49","modified_gmt":"2025-07-17T01:59:49","slug":"r32-swimming-pool-series","status":"publish","type":"product","link":"https:\/\/hetapro.com\/pt\/products\/r32-swimming-pool-series\/","title":{"rendered":"S\u00e9rie de piscinas R32"},"content":{"rendered":"<p>Desfrute do conforto da sua piscina durante todo o ano com as bombas de calor inverter da S\u00e9rie R32 para Piscinas da Hetapro. Com refrigerante R32 ecol\u00f3gico, compressor inverter GMCC DC, trocador de calor espiral de tit\u00e2nio resistente \u00e0 corros\u00e3o, opera\u00e7\u00e3o ultrassilenciosa de 39 dB(A), COP &gt; 5.0 e op\u00e7\u00f5es de controle remoto inteligente por Wi-Fi\/4G \u2014 ideal para piscinas residenciais e comerciais.<\/p>","protected":false},"excerpt":{"rendered":"<p>Experimente o conforto da sua piscina o ano todo com as bombas de calor inverter da S\u00e9rie R32 para Piscinas da Hetapro. Com refrigerante R32 ecol\u00f3gico, compressor inverter CC GMCC, trocador de calor espiral de tit\u00e2nio resistente \u00e0 corros\u00e3o, opera\u00e7\u00e3o ultrassilenciosa de 39 dB(A), COP &gt; 5.0 e op\u00e7\u00f5es de controle remoto inteligente por Wi-Fi\/4G \u2014 ideal para piscinas residenciais e comerciais.<\/p>","protected":false},"featured_media":4435,"template":"","meta":{"_acf_changed":false,"_seopress_robots_primary_cat":"none","_seopress_titles_title":"Hetapro R32 Swimming Pool Series | 7\u201328\u202fkW Inverter Pool Heat Pump with Titanium Heat Exchanger","_seopress_titles_desc":"Experience year\u2011round pool comfort with Hetapro\u2019s R32 Swimming Pool Series inverter heat pumps. Featuring eco\u2011friendly R32 refrigerant, GMCC DC inverter compressor, corrosion\u2011resistant spiral titanium heat exchanger, ultra\u2011quiet 39\u202fdB(A) operation, COP\u202f>\u202f5.0, and smart WiFi\/4G remote control options\u2014ideal for residential and commercial pools.","_seopress_robots_index":""},"product_cat":[40],"product_tag":[38],"acf":[],"_links":{"self":[{"href":"https:\/\/hetapro.com\/pt\/wp-json\/wp\/v2\/product\/1506"}],"collection":[{"href":"https:\/\/hetapro.com\/pt\/wp-json\/wp\/v2\/product"}],"about":[{"href":"https:\/\/hetapro.com\/pt\/wp-json\/wp\/v2\/types\/product"}],"wp:featuredmedia":[{"embeddable":true,"href":"https:\/\/hetapro.com\/pt\/wp-json\/wp\/v2\/media\/4435"}],"wp:attachment":[{"href":"https:\/\/hetapro.com\/pt\/wp-json\/wp\/v2\/media?parent=1506"}],"wp:term":[{"taxonomy":"product_cat","embeddable":true,"href":"https:\/\/hetapro.com\/pt\/wp-json\/wp\/v2\/product_cat?post=1506"},{"taxonomy":"product_tag","embeddable":true,"href":"https:\/\/hetapro.com\/pt\/wp-json\/wp\/v2\/product_tag?post=1506"}],"curies":[{"name":"wp","href":"https:\/\/api.w.org\/{rel}","templated":true}]}}