{"id":4172,"date":"2025-03-12T12:50:25","date_gmt":"2025-03-12T12:50:25","guid":{"rendered":"https:\/\/hetapro.com\/?post_type=product&#038;p=4172"},"modified":"2025-03-13T09:40:05","modified_gmt":"2025-03-13T09:40:05","slug":"aquariux-r290-all-in-one-heat-pump-water-heater","status":"publish","type":"product","link":"https:\/\/hetapro.com\/pt\/products\/aquariux-r290-all-in-one-heat-pump-water-heater\/","title":{"rendered":"Aquecedor de \u00e1gua com bomba de calor tudo em um AquariuX R290"},"content":{"rendered":"<h1 data-start=\"145\" data-end=\"241\">Aquecedor de \u00e1gua com bomba de calor DHW tudo-em-um AquariuX Series 200\/250\/300L R290 \u2013 Inteligente, eficiente e ecol\u00f3gico<\/h1>\n<h2 data-start=\"243\" data-end=\"264\"><strong data-start=\"246\" data-end=\"262\">Introdu\u00e7\u00e3o<\/strong><\/h2>\n<p data-start=\"265\" data-end=\"762\">O <strong data-start=\"269\" data-end=\"288\">S\u00e9rie AquariuX<\/strong> por <strong data-start=\"292\" data-end=\"303\">Hetapro<\/strong> representa uma solu\u00e7\u00e3o de ponta para necessidades residenciais e comerciais de \u00e1gua quente. Projetado para ambientes de alta demanda, o aquecedor de \u00e1gua com bomba de calor AquariuX combina tecnologia avan\u00e7ada de refrigerante R290, controle Wi-Fi integrado e aquecimento solar opcional para m\u00e1xima efici\u00eancia e sustentabilidade. Dispon\u00edvel em <strong data-start=\"617\" data-end=\"641\">200L, 250L e 300L<\/strong> modelos, o AquariuX garante um fornecimento consistente de \u00e1gua quente, ao mesmo tempo que reduz o consumo de energia e diminui os custos operacionais.<\/p>\n<hr data-start=\"764\" data-end=\"767\" \/>\n<h2 data-start=\"769\" data-end=\"803\"><strong data-start=\"772\" data-end=\"801\">Principais recursos e benef\u00edcios<\/strong><\/h2>\n<h3 data-start=\"805\" data-end=\"843\">\u2705 <strong data-start=\"811\" data-end=\"841\">Efici\u00eancia energ\u00e9tica superior<\/strong><\/h3>\n<ul data-start=\"844\" data-end=\"1113\">\n<li data-start=\"844\" data-end=\"957\"><strong data-start=\"846\" data-end=\"862\">ErP Classe A+<\/strong> \u2013 Efici\u00eancia energ\u00e9tica excepcional, reduzindo o consumo de energia e economizando custos operacionais.<\/li>\n<li data-start=\"958\" data-end=\"1113\"><strong data-start=\"960\" data-end=\"980\">Refrigerante R290<\/strong> \u2013 Refrigerante ecol\u00f3gico com baixo Potencial de Aquecimento Global (PAG), garantindo alto desempenho com m\u00ednimo impacto ambiental.<\/li>\n<\/ul>\n<h3 data-start=\"1115\" data-end=\"1157\">\ud83d\ude80 <strong data-start=\"1122\" data-end=\"1155\">Alta capacidade e versatilidade<\/strong><\/h3>\n<ul data-start=\"1158\" data-end=\"1385\">\n<li data-start=\"1158\" data-end=\"1281\">Dispon\u00edvel em <strong data-start=\"1173\" data-end=\"1197\">200L, 250L e 300L<\/strong> tamanhos, ideais para fam\u00edlias grandes, vilas, apartamentos e propriedades comerciais.<\/li>\n<li data-start=\"1282\" data-end=\"1385\">Sa\u00edda m\u00e1xima de <strong data-start=\"1302\" data-end=\"1309\">75\u2103<\/strong> para \u00c1gua Quente Sanit\u00e1ria (AQS), atendendo \u00e0s mais exigentes necessidades de \u00e1gua quente.<\/li>\n<\/ul>\n<h3 data-start=\"1387\" data-end=\"1437\">\ud83c\udf1e <strong data-start=\"1394\" data-end=\"1435\">Integra\u00e7\u00e3o Solar para Maior Economia<\/strong><\/h3>\n<ul data-start=\"1438\" data-end=\"1665\">\n<li data-start=\"1438\" data-end=\"1570\">O modelo AquariuX Plus permite integra\u00e7\u00e3o com coletores solares t\u00e9rmicos, utilizando energia solar gratuita para minimizar o consumo de energia.<\/li>\n<li data-start=\"1571\" data-end=\"1665\">Reduz o impacto ambiental e os custos operacionais ao depender de fontes de energia renov\u00e1veis.<\/li>\n<\/ul>\n<h3 data-start=\"1667\" data-end=\"1703\">\ud83d\udd25 <strong data-start=\"1674\" data-end=\"1701\">Aquecimento el\u00e9trico de reserva<\/strong><\/h3>\n<ul data-start=\"1704\" data-end=\"1930\">\n<li data-start=\"1704\" data-end=\"1824\">Equipado com um <strong data-start=\"1722\" data-end=\"1751\">Resist\u00eancia el\u00e9trica de 2,5 kW<\/strong> para fornecer aquecimento r\u00e1pido durante picos de demanda ou clima extremamente frio.<\/li>\n<li data-start=\"1825\" data-end=\"1930\">\u00c9 ativado somente quando necess\u00e1rio para manter a efici\u00eancia energ\u00e9tica e, ao mesmo tempo, garantir um fornecimento constante de \u00e1gua quente.<\/li>\n<\/ul>\n<h3 data-start=\"1932\" data-end=\"1979\">\ud83d\udcf1 <strong data-start=\"1939\" data-end=\"1977\">Controle inteligente com WiFi integrado<\/strong><\/h3>\n<ul data-start=\"1980\" data-end=\"2250\">\n<li data-start=\"1980\" data-end=\"2056\">Controle e monitore seu sistema de \u00e1gua quente remotamente por meio de um aplicativo de smartphone.<\/li>\n<li data-start=\"2057\" data-end=\"2146\">Ajustes em tempo real, agendamento e monitoramento do uso de energia para m\u00e1xima conveni\u00eancia.<\/li>\n<li data-start=\"2147\" data-end=\"2250\">Atualiza\u00e7\u00f5es autom\u00e1ticas de software garantem que o sistema sempre funcione com os recursos e melhorias mais recentes.<\/li>\n<\/ul>\n<h3 data-start=\"2252\" data-end=\"2293\">\ud83c\udf0d <strong data-start=\"2259\" data-end=\"2291\">Ecol\u00f3gico e Sustent\u00e1vel<\/strong><\/h3>\n<ul data-start=\"2294\" data-end=\"2479\">\n<li data-start=\"2294\" data-end=\"2394\">Usos <strong data-start=\"2301\" data-end=\"2321\">Refrigerante R290<\/strong> com um PAB de apenas <strong data-start=\"2341\" data-end=\"2346\">3<\/strong>, reduzindo significativamente o impacto ambiental.<\/li>\n<li data-start=\"2395\" data-end=\"2479\">Opera\u00e7\u00e3o de baixo ru\u00eddo em <strong data-start=\"2420\" data-end=\"2431\">40 dB(A)<\/strong> para um ambiente dom\u00e9stico tranquilo e confort\u00e1vel.<\/li>\n<\/ul>\n<hr data-start=\"2481\" data-end=\"2484\" \/>\n<h2 data-start=\"2486\" data-end=\"2519\"><strong data-start=\"2489\" data-end=\"2517\">Especifica\u00e7\u00f5es t\u00e9cnicas<\/strong><\/h2>\n<table data-start=\"2521\" data-end=\"2935\">\n<thead data-start=\"2521\" data-end=\"2548\">\n<tr data-start=\"2521\" data-end=\"2548\">\n<th data-start=\"2521\" data-end=\"2531\">Recurso<\/th>\n<th data-start=\"2531\" data-end=\"2548\">Descri\u00e7\u00e3o<\/th>\n<\/tr>\n<\/thead>\n<tbody data-start=\"2577\" data-end=\"2935\">\n<tr data-start=\"2577\" data-end=\"2621\">\n<td><strong data-start=\"2579\" data-end=\"2596\">Op\u00e7\u00f5es de modelo<\/strong><\/td>\n<td>200L \/ 250L \/ 300L<\/td>\n<\/tr>\n<tr data-start=\"2622\" data-end=\"2660\">\n<td><strong data-start=\"2624\" data-end=\"2639\">Refrigerante<\/strong><\/td>\n<td>R290 (Propano)<\/td>\n<\/tr>\n<tr data-start=\"2661\" data-end=\"2702\">\n<td><strong data-start=\"2663\" data-end=\"2681\">Sa\u00edda de aquecimento<\/strong><\/td>\n<td>At\u00e9 75\u00b0C AQS<\/td>\n<\/tr>\n<tr data-start=\"2703\" data-end=\"2736\">\n<td><strong data-start=\"2705\" data-end=\"2721\">Classe de energia<\/strong><\/td>\n<td>A+ (ErP)<\/td>\n<\/tr>\n<tr data-start=\"2737\" data-end=\"2768\">\n<td><strong data-start=\"2739\" data-end=\"2754\">N\u00edvel de ru\u00eddo<\/strong><\/td>\n<td>40 dB(A)<\/td>\n<\/tr>\n<tr data-start=\"2769\" data-end=\"2821\">\n<td><strong data-start=\"2771\" data-end=\"2789\">Aquecimento de reserva<\/strong><\/td>\n<td>Resist\u00eancia el\u00e9trica de 2,5 kW<\/td>\n<\/tr>\n<tr data-start=\"2822\" data-end=\"2876\">\n<td><strong data-start=\"2824\" data-end=\"2841\">Controle Inteligente<\/strong><\/td>\n<td>WiFi integrado + aplicativo m\u00f3vel<\/td>\n<\/tr>\n<tr data-start=\"2877\" data-end=\"2935\">\n<td><strong data-start=\"2879\" data-end=\"2900\">Integra\u00e7\u00e3o Solar<\/strong><\/td>\n<td>Dispon\u00edvel com AquariuX Plus<\/td>\n<\/tr>\n<\/tbody>\n<\/table>\n<hr data-start=\"2937\" data-end=\"2940\" \/>\n<h2 data-start=\"2942\" data-end=\"2994\"><strong data-start=\"2945\" data-end=\"2992\">Por que escolher o aquecedor de \u00e1gua com bomba de calor AquariuX?<\/strong><\/h2>\n<ol data-start=\"2995\" data-end=\"3494\">\n<li data-start=\"2995\" data-end=\"3109\"><strong data-start=\"2998\" data-end=\"3016\">Economia de energia<\/strong> - At\u00e9 <strong data-start=\"3025\" data-end=\"3047\">Redu\u00e7\u00e3o de custos do 65%<\/strong> por meio de incentivos governamentais e menor consumo de energia.<\/li>\n<li data-start=\"3110\" data-end=\"3218\"><strong data-start=\"3113\" data-end=\"3134\">Desempenho Inteligente<\/strong> \u2013 O monitoramento e o controle em tempo real garantem uma opera\u00e7\u00e3o ideal em todas as condi\u00e7\u00f5es.<\/li>\n<li data-start=\"3219\" data-end=\"3317\"><strong data-start=\"3222\" data-end=\"3247\">Solu\u00e7\u00e3o Ecol\u00f3gica<\/strong> \u2013 O refrigerante R290 e a compatibilidade solar reduzem a pegada de carbono.<\/li>\n<li data-start=\"3318\" data-end=\"3396\"><strong data-start=\"3321\" data-end=\"3340\">Opera\u00e7\u00e3o silenciosa<\/strong> \u2013 Baixo n\u00edvel de ru\u00eddo de <strong data-start=\"3362\" data-end=\"3373\">40 dB(A)<\/strong> para m\u00e1ximo conforto.<\/li>\n<li data-start=\"3397\" data-end=\"3494\"><strong data-start=\"3400\" data-end=\"3419\">Backup confi\u00e1vel<\/strong> \u2013 A resist\u00eancia de 2,5 kW garante \u00e1gua quente consistente mesmo durante picos de demanda.<\/li>\n<\/ol>\n<hr data-start=\"3496\" data-end=\"3499\" \/>\n<h2 data-start=\"3501\" data-end=\"3534\"><strong data-start=\"3504\" data-end=\"3532\">Configura\u00e7\u00f5es dispon\u00edveis<\/strong><\/h2>\n<h3 data-start=\"3535\" data-end=\"3565\">\ud83d\udd39 <strong data-start=\"3542\" data-end=\"3563\">AquariuX Padr\u00e3o<\/strong><\/h3>\n<ul data-start=\"3566\" data-end=\"3688\">\n<li data-start=\"3566\" data-end=\"3607\">Aquecedor de \u00e1gua com bomba de calor totalmente el\u00e9trico<\/li>\n<li data-start=\"3608\" data-end=\"3651\">Alta efici\u00eancia energ\u00e9tica e aquecimento r\u00e1pido<\/li>\n<li data-start=\"3652\" data-end=\"3688\">Controle inteligente e aquecimento de reserva<\/li>\n<\/ul>\n<h3 data-start=\"3690\" data-end=\"3741\">\ud83d\udd39 <strong data-start=\"3697\" data-end=\"3739\">AquariuX Plus (com integra\u00e7\u00e3o solar)<\/strong><\/h3>\n<ul data-start=\"3742\" data-end=\"3916\">\n<li data-start=\"3742\" data-end=\"3795\">Conex\u00e3o adicional aos coletores solares t\u00e9rmicos<\/li>\n<li data-start=\"3796\" data-end=\"3850\">Menores custos operacionais e menor pegada de carbono<\/li>\n<li data-start=\"3851\" data-end=\"3916\">Ideal para fam\u00edlias e empresas com consci\u00eancia ambiental<\/li>\n<\/ul>\n<hr data-start=\"3918\" data-end=\"3921\" \/>\n<h2 data-start=\"3923\" data-end=\"3959\"><strong data-start=\"3926\" data-end=\"3957\">Incentivos e redu\u00e7\u00e3o de custos<\/strong><\/h2>\n<ul data-start=\"3960\" data-end=\"4224\">\n<li data-start=\"3960\" data-end=\"4051\">Os incentivos governamentais e as dedu\u00e7\u00f5es fiscais cobrem at\u00e9 <strong data-start=\"4015\" data-end=\"4022\">65%<\/strong> do investimento inicial.<\/li>\n<li data-start=\"4052\" data-end=\"4143\">Subs\u00eddios locais e regionais adicionais dispon\u00edveis para solu\u00e7\u00f5es energ\u00e9ticas de alta efici\u00eancia.<\/li>\n<li data-start=\"4144\" data-end=\"4224\">Custos operacionais mais baixos resultam em benef\u00edcios financeiros de longo prazo e ROI mais r\u00e1pido.<\/li>\n<\/ul>\n<hr data-start=\"4226\" data-end=\"4229\" \/>\n<h2 data-start=\"4231\" data-end=\"4264\"><strong data-start=\"4234\" data-end=\"4262\">Flexibilidade de instala\u00e7\u00e3o<\/strong><\/h2>\n<ul data-start=\"4265\" data-end=\"4508\">\n<li data-start=\"4265\" data-end=\"4452\">Adequado para aplica\u00e7\u00f5es residenciais e comerciais:\n<ul data-start=\"4331\" data-end=\"4452\">\n<li data-start=\"4331\" data-end=\"4348\">Vilas de luxo<\/li>\n<li data-start=\"4352\" data-end=\"4372\">Apartamentos grandes<\/li>\n<li data-start=\"4376\" data-end=\"4424\">Instala\u00e7\u00f5es desportivas (por exemplo, gin\u00e1sios, clubes desportivos)<\/li>\n<li data-start=\"4428\" data-end=\"4452\">Edif\u00edcios industriais<\/li>\n<\/ul>\n<\/li>\n<li data-start=\"4453\" data-end=\"4508\">Design compacto e compacto para f\u00e1cil instala\u00e7\u00e3o.<\/li>\n<\/ul>","protected":false},"excerpt":{"rendered":"<p>Descubra o aquecedor de \u00e1gua com bomba de calor para \u00e1gua quente sanit\u00e1ria (DHW) AquariuX R290 All-in-One \u2013 dispon\u00edvel em 200L, 250L e 300L. Com controle inteligente, integra\u00e7\u00e3o solar e alta efici\u00eancia. Economize energia e reduza custos hoje mesmo!<\/p>","protected":false},"featured_media":4190,"template":"","meta":{"_acf_changed":false,"_seopress_robots_primary_cat":"none","_seopress_titles_title":"AquariuX R290 All in One Heat Pump Water Heater","_seopress_titles_desc":"Discover the AquariuX R290 All in One Hot Water Heat Pump Water Heater \u2013 available in 200L, 250L, and 300L. Featuring smart control, solar integration, and high efficiency. Save energy and reduce costs today!","_seopress_robots_index":""},"product_cat":[154,102],"product_tag":[93],"acf":[],"_links":{"self":[{"href":"https:\/\/hetapro.com\/pt\/wp-json\/wp\/v2\/product\/4172"}],"collection":[{"href":"https:\/\/hetapro.com\/pt\/wp-json\/wp\/v2\/product"}],"about":[{"href":"https:\/\/hetapro.com\/pt\/wp-json\/wp\/v2\/types\/product"}],"wp:featuredmedia":[{"embeddable":true,"href":"https:\/\/hetapro.com\/pt\/wp-json\/wp\/v2\/media\/4190"}],"wp:attachment":[{"href":"https:\/\/hetapro.com\/pt\/wp-json\/wp\/v2\/media?parent=4172"}],"wp:term":[{"taxonomy":"product_cat","embeddable":true,"href":"https:\/\/hetapro.com\/pt\/wp-json\/wp\/v2\/product_cat?post=4172"},{"taxonomy":"product_tag","embeddable":true,"href":"https:\/\/hetapro.com\/pt\/wp-json\/wp\/v2\/product_tag?post=4172"}],"curies":[{"name":"wp","href":"https:\/\/api.w.org\/{rel}","templated":true}]}}