{"id":4290,"date":"2025-05-26T01:12:56","date_gmt":"2025-05-26T01:12:56","guid":{"rendered":"https:\/\/hetapro.com\/?post_type=product&#038;p=4290"},"modified":"2025-06-17T08:44:19","modified_gmt":"2025-06-17T08:44:19","slug":"pac-parking-air-conditioner","status":"publish","type":"product","link":"https:\/\/hetapro.com\/pt\/products\/pac-parking-air-conditioner\/","title":{"rendered":"PAC (Ar Condicionado de Estacionamento)"},"content":{"rendered":"<h1 data-start=\"145\" data-end=\"241\">Ar condicionado de estacionamento de teto de ve\u00edculo mono inversor de 24 V DC (PACs)<\/h1>\n<h2 data-start=\"243\" data-end=\"264\"><strong data-start=\"246\" data-end=\"262\">Introdu\u00e7\u00e3o<\/strong><\/h2>\n<p data-start=\"265\" data-end=\"762\">O <strong data-start=\"411\" data-end=\"470\">Hetapro 24 V DC Inverter Mono Ar Condicionado para Estacionamento no Teto de Ve\u00edculos<\/strong> foi projetado para fornecer refrigera\u00e7\u00e3o confi\u00e1vel e com baixo consumo de energia para ve\u00edculos comerciais, \u00f4nibus e frotas de vans. Seu design compacto e multifuncional \u00e9 facilmente montado no teto de qualquer ve\u00edculo, proporcionando controle clim\u00e1tico instant\u00e2neo sem modificar o interior da cabine.<\/p>\n<hr data-start=\"764\" data-end=\"767\" \/>\n<h3 data-start=\"726\" data-end=\"762\"><strong data-start=\"730\" data-end=\"760\">Principais recursos e benef\u00edcios<\/strong><\/h3>\n<ul data-start=\"763\" data-end=\"1797\">\n<li data-start=\"763\" data-end=\"880\">\n<p data-start=\"765\" data-end=\"880\"><strong data-start=\"765\" data-end=\"791\">Compressor inversor DC GMCC<\/strong>: Garante modula\u00e7\u00e3o de capacidade suave, minimizando o consumo de energia e prolongando a vida \u00fatil da bateria.<\/p>\n<\/li>\n<li data-start=\"881\" data-end=\"970\">\n<p data-start=\"883\" data-end=\"970\"><strong data-start=\"883\" data-end=\"903\">Fonte de alimenta\u00e7\u00e3o de 24 V<\/strong>: Ideal para sistemas el\u00e9tricos de caminh\u00f5es e \u00f4nibus; n\u00e3o necessita de inversor.<\/p>\n<\/li>\n<li data-start=\"971\" data-end=\"1068\">\n<p data-start=\"973\" data-end=\"1068\"><strong data-start=\"973\" data-end=\"1000\">Opera\u00e7\u00e3o silenciosa<\/strong>: N\u00edveis de ru\u00eddo t\u00e3o baixos quanto <strong data-start=\"1025\" data-end=\"1037\">53 dB(A)<\/strong> para que os passageiros viajem em paz.<\/p>\n<\/li>\n<li data-start=\"1069\" data-end=\"1164\">\n<p data-start=\"1071\" data-end=\"1164\"><strong data-start=\"1071\" data-end=\"1096\">Alta capacidade de resfriamento<\/strong>: At\u00e9 2<strong data-start=\"1104\" data-end=\"1112\">\u00a0kW<\/strong> de poder de resfriamento para redu\u00e7\u00e3o r\u00e1pida de temperatura.<\/p>\n<\/li>\n<li data-start=\"1165\" data-end=\"1298\">\n<p data-start=\"1167\" data-end=\"1298\"><strong data-start=\"1167\" data-end=\"1196\">Design compacto para montagem no teto<\/strong>: Perfil baixo (973 \u00d7 802 \u00d7 195) e leve (35 kg) para f\u00e1cil instala\u00e7\u00e3o e arrasto m\u00ednimo.<\/p>\n<\/li>\n<li data-start=\"1299\" data-end=\"1391\">\n<p data-start=\"1301\" data-end=\"1391\"><strong data-start=\"1301\" data-end=\"1330\">Distribui\u00e7\u00e3o Avan\u00e7ada de Ar<\/strong>: As aberturas multidirecionais garantem uma temperatura uniforme na cabine.<\/p>\n<\/li>\n<li data-start=\"1500\" data-end=\"1598\">\n<p data-start=\"1502\" data-end=\"1598\"><strong data-start=\"1502\" data-end=\"1519\">Economia de energia<\/strong>: At\u00e9 <strong data-start=\"1527\" data-end=\"1534\">30%<\/strong> menor consumo de energia em compara\u00e7\u00e3o com unidades de telhado tradicionais.<\/p>\n<\/li>\n<li data-start=\"1599\" data-end=\"1700\">\n<p data-start=\"1601\" data-end=\"1700\"><strong data-start=\"1601\" data-end=\"1622\">Durabilidade robusta<\/strong>: Prote\u00e7\u00e3o IPX4 contra \u00e1gua e poeira; opera a partir de <strong data-start=\"1670\" data-end=\"1689\">\u201310 \u00b0C a 55 \u00b0C<\/strong> ambiente.<\/p>\n<\/li>\n<li data-start=\"1701\" data-end=\"1797\">\n<p data-start=\"1703\" data-end=\"1797\"><strong data-start=\"1703\" data-end=\"1723\">F\u00e1cil Manuten\u00e7\u00e3o<\/strong>: Filtros remov\u00edveis e pain\u00e9is de servi\u00e7o para limpeza e inspe\u00e7\u00f5es r\u00e1pidas.<\/p>\n<\/li>\n<\/ul>","protected":false},"excerpt":{"rendered":"<p>O <strong data-start=\"411\" data-end=\"470\">Hetapro 24 V DC Inverter Mono Ar Condicionado para Estacionamento no Teto de Ve\u00edculos<\/strong> foi projetado para fornecer refrigera\u00e7\u00e3o confi\u00e1vel e com baixo consumo de energia para ve\u00edculos comerciais, \u00f4nibus e frotas de vans. Seu design compacto e multifuncional \u00e9 facilmente montado no teto de qualquer ve\u00edculo, proporcionando controle clim\u00e1tico instant\u00e2neo sem modificar o interior da cabine.<\/p>","protected":false},"featured_media":4291,"template":"","meta":{"_acf_changed":false,"_seopress_robots_primary_cat":"none","_seopress_titles_title":"Parking Air Conditioner (24V DC Inverter Rooftop Mono Unit)","_seopress_titles_desc":"Discover Hetapro\u2019s 24V DC Inverter Rooftop Parking Air Conditioner\u2014efficient cooling for buses, trucks & shuttles. Whisper-quiet, low power draw, 24\/7 comfort.","_seopress_robots_index":""},"product_cat":[164],"product_tag":[163],"acf":[],"_links":{"self":[{"href":"https:\/\/hetapro.com\/pt\/wp-json\/wp\/v2\/product\/4290"}],"collection":[{"href":"https:\/\/hetapro.com\/pt\/wp-json\/wp\/v2\/product"}],"about":[{"href":"https:\/\/hetapro.com\/pt\/wp-json\/wp\/v2\/types\/product"}],"wp:featuredmedia":[{"embeddable":true,"href":"https:\/\/hetapro.com\/pt\/wp-json\/wp\/v2\/media\/4291"}],"wp:attachment":[{"href":"https:\/\/hetapro.com\/pt\/wp-json\/wp\/v2\/media?parent=4290"}],"wp:term":[{"taxonomy":"product_cat","embeddable":true,"href":"https:\/\/hetapro.com\/pt\/wp-json\/wp\/v2\/product_cat?post=4290"},{"taxonomy":"product_tag","embeddable":true,"href":"https:\/\/hetapro.com\/pt\/wp-json\/wp\/v2\/product_tag?post=4290"}],"curies":[{"name":"wp","href":"https:\/\/api.w.org\/{rel}","templated":true}]}}