{"id":4850,"date":"2025-09-23T10:46:44","date_gmt":"2025-09-23T10:46:44","guid":{"rendered":"https:\/\/hetapro.com\/?post_type=product&#038;p=4850"},"modified":"2025-09-23T13:44:17","modified_gmt":"2025-09-23T13:44:17","slug":"breezesense-3-0-pro-series-wall-mounted-inverter-split-air-conditioners","status":"publish","type":"product","link":"https:\/\/hetapro.com\/pt\/products\/breezesense-3-0-pro-series-wall-mounted-inverter-split-air-conditioners\/","title":{"rendered":"BreezeSense 3.0 Pro Series \u2013 Ar-condicionado split inverter montado na parede"},"content":{"rendered":"<h1 data-start=\"145\" data-end=\"241\">BreezeSense 3.0 Pro Series \u2013 Unidade de Ar Condicionado Split Inverter de Zona \u00danica para Montagem em Parede | Inteligente, Eficiente e Ecol\u00f3gico<\/h1>\n<h2 data-start=\"243\" data-end=\"264\"><strong data-start=\"246\" data-end=\"262\">Introdu\u00e7\u00e3o<\/strong><\/h2>\n<p data-start=\"265\" data-end=\"762\">Projetado em HETAPRO, <strong>\u00a0BreezeSense 3.0 Pro Split<\/strong> combina controle inteligente, tecnologia avan\u00e7ada de inversor e v\u00e1rios m\u00e9todos de purifica\u00e7\u00e3o de ar para fornecer resfriamento e aquecimento confort\u00e1veis e com baixo consumo de energia para resid\u00eancias e espa\u00e7os comerciais leves.<\/p>\n<p>&nbsp;<\/p>\n<hr data-start=\"764\" data-end=\"767\" \/>\n<h2 data-start=\"769\" data-end=\"803\"><strong data-start=\"772\" data-end=\"801\">Principais recursos e benef\u00edcios<\/strong><\/h2>\n<p>\u25ba Voz offline de IA<\/p>\n<p>\u25ba Elegante display LED oculto<\/p>\n<p>\u25ba Filtro saud\u00e1vel, plasma, op\u00e7\u00e3o de l\u00e2mpada UVC<\/p>\n<p>\u25ba Tecnologia de pr\u00e9-aquecimento do compressor<\/p>\n<p>\u25ba Wi-Fi inteligente opcional<\/p>\n<p>\u25ba VIDOR\/SCOP: A+++\/A++<\/p>\n<p>\u25ba Correia de aquecimento do chassi opcional<\/p>\n<p>&nbsp;<\/p>\n<hr data-start=\"2481\" data-end=\"2484\" \/>\n<h2 data-start=\"2486\" data-end=\"2519\"><strong data-start=\"2489\" data-end=\"2517\">Especifica\u00e7\u00f5es t\u00e9cnicas<\/strong><\/h2>\n<p>&nbsp;<\/p>\n<hr data-start=\"2481\" data-end=\"2484\" \/>\n<h2 data-start=\"2486\" data-end=\"2519\"><strong data-start=\"2489\" data-end=\"2517\">Aplica\u00e7\u00f5es<\/strong><\/h2>\n<p>Ideal para apartamentos, escrit\u00f3rios, quartos, espa\u00e7os comerciais e projetos de reforma onde a instala\u00e7\u00e3o de dutos n\u00e3o \u00e9 vi\u00e1vel.<\/p>\n<p>&nbsp;<\/p>\n<hr data-start=\"2937\" data-end=\"2940\" \/>\n<h2 data-start=\"2942\" data-end=\"2994\"><strong data-start=\"2945\" data-end=\"2992\">Por que escolher o BreezeSense 3.0 Pro Split AC?<\/strong><\/h2>\n<ul class=\"list-disc pl-5 mt-3 muted\">\n<li><strong>Controle Inteligente de IA:<\/strong> Aprende padr\u00f5es de uso, otimiza o fluxo de ar e reduz o consumo de energia.<\/li>\n<li><strong>Controle do inversor principal:<\/strong> Compressor de velocidade vari\u00e1vel para controle preciso da temperatura, maior faixa operacional e menor consumo de energia.<\/li>\n<li><strong>Limpeza Avan\u00e7ada:<\/strong> I-CLEAN e a esteriliza\u00e7\u00e3o UVC opcional proporcionam esteriliza\u00e7\u00e3o de superf\u00edcie e redu\u00e7\u00e3o de micr\u00f3bios no fluxo de ar.<\/li>\n<li><strong>Purifica\u00e7\u00e3o do ar:<\/strong> Filtros multiest\u00e1gios e m\u00f3dulos de purifica\u00e7\u00e3o reduzem part\u00edculas e odores.<\/li>\n<li><strong>Instala\u00e7\u00e3o flex\u00edvel:<\/strong> Unidades externas de zona \u00fanica e multizona, unidades internas montadas na parede e uma variedade de capacidades para atender a projetos de reforma e novas constru\u00e7\u00f5es.<\/li>\n<\/ul>","protected":false},"excerpt":{"rendered":"<p>Descobrir <strong>BreezeSense 3.0 Pro Split<\/strong> \u2014 S\u00e9rie de ar-condicionado mini-split sem dutos e com efici\u00eancia energ\u00e9tica da HETAPRO, com controle por inversor e purifica\u00e7\u00e3o de ar em v\u00e1rios est\u00e1gios. Entre em contato com o departamento de vendas para obter fichas t\u00e9cnicas e or\u00e7amentos.<\/p>","protected":false},"featured_media":4852,"template":"","meta":{"_acf_changed":false,"_seopress_robots_primary_cat":"none","_seopress_titles_title":"BreezeSense 3.0 Pro Split Air Conditioner | Energy-Efficient Ductless Mini-Split AC","_seopress_titles_desc":"Discover BreezeSense 3.0 Pro Split \u2014 HETAPRO\u2019s energy-efficient ductless mini-split AC series with inverter control, multi-stage air purification. Contact sales for datasheets & quotes.","_seopress_robots_index":""},"product_cat":[164,171],"product_tag":[176],"acf":[],"_links":{"self":[{"href":"https:\/\/hetapro.com\/pt\/wp-json\/wp\/v2\/product\/4850"}],"collection":[{"href":"https:\/\/hetapro.com\/pt\/wp-json\/wp\/v2\/product"}],"about":[{"href":"https:\/\/hetapro.com\/pt\/wp-json\/wp\/v2\/types\/product"}],"wp:featuredmedia":[{"embeddable":true,"href":"https:\/\/hetapro.com\/pt\/wp-json\/wp\/v2\/media\/4852"}],"wp:attachment":[{"href":"https:\/\/hetapro.com\/pt\/wp-json\/wp\/v2\/media?parent=4850"}],"wp:term":[{"taxonomy":"product_cat","embeddable":true,"href":"https:\/\/hetapro.com\/pt\/wp-json\/wp\/v2\/product_cat?post=4850"},{"taxonomy":"product_tag","embeddable":true,"href":"https:\/\/hetapro.com\/pt\/wp-json\/wp\/v2\/product_tag?post=4850"}],"curies":[{"name":"wp","href":"https:\/\/api.w.org\/{rel}","templated":true}]}}