{"id":4891,"date":"2025-09-27T02:59:54","date_gmt":"2025-09-27T02:59:54","guid":{"rendered":"https:\/\/hetapro.com\/?post_type=product&#038;p=4891"},"modified":"2025-09-27T09:11:09","modified_gmt":"2025-09-27T09:11:09","slug":"cassette-series-inverter-ceiling-cassette-type-air-conditioner","status":"publish","type":"product","link":"https:\/\/hetapro.com\/pt\/products\/cassette-series-inverter-ceiling-cassette-type-air-conditioner\/","title":{"rendered":"S\u00e9rie Cassette \u2013 Ar Condicionado Tipo Cassete de Teto Inverter"},"content":{"rendered":"<h1 data-start=\"145\" data-end=\"241\">Ar condicionado tipo cassete \u2013 Refrigera\u00e7\u00e3o potente para espa\u00e7os comerciais modernos<\/h1>\n<h2 data-start=\"243\" data-end=\"264\"><strong data-start=\"246\" data-end=\"262\">Introdu\u00e7\u00e3o<\/strong><\/h2>\n<p data-start=\"265\" data-end=\"762\">Quando se trata de criar ambientes internos confort\u00e1veis para escrit\u00f3rios, hot\u00e9is, restaurantes ou lojas de varejo, <strong>condicionadores de ar cassete<\/strong> destacam-se como uma das solu\u00e7\u00f5es mais eficazes e elegantes. Com seu design de teto, potente capacidade de resfriamento e efici\u00eancia energ\u00e9tica, proporcionam o equil\u00edbrio perfeito entre desempenho e est\u00e9tica. A S\u00e9rie Cassette da Hetapro oferece recursos avan\u00e7ados, design elegante e tecnologia confi\u00e1vel que atende \u00e0s demandas dos projetos comerciais e residenciais atuais.<\/p>\n<p>&nbsp;<\/p>\n<hr data-start=\"764\" data-end=\"767\" \/>\n<h2 data-start=\"1500\" data-end=\"1528\">Principais recursos e benef\u00edcios<\/h2>\n<h3 data-start=\"1530\" data-end=\"1565\">Fluxo de ar de 360\u00b0 para resfriamento uniforme<\/h3>\n<p data-start=\"1566\" data-end=\"1834\">Os ACs cassete da Hetapro s\u00e3o equipados com <strong data-start=\"1607\" data-end=\"1636\">distribui\u00e7\u00e3o de ar em quatro vias<\/strong>, garantindo resfriamento uniforme em todos os cantos do ambiente. Ao contr\u00e1rio dos sistemas de parede que sopram o ar em uma \u00fanica dire\u00e7\u00e3o, as unidades cassete mant\u00eam temperaturas equilibradas, melhorando o conforto e o consumo de energia.<\/p>\n<h3 data-start=\"1836\" data-end=\"1875\">Tecnologia de inversor de economia de energia<\/h3>\n<p data-start=\"1876\" data-end=\"2122\">Usando <strong data-start=\"1882\" data-end=\"1922\">compressores inversores de alta efici\u00eancia<\/strong>Os aparelhos de ar condicionado cassete Hetapro proporcionam resfriamento consistente e minimizam o consumo de energia. Isso reduz os custos operacionais para as empresas e atende \u00e0s regulamenta\u00e7\u00f5es energ\u00e9ticas mais rigorosas na Europa e em outros pa\u00edses.<\/p>\n<h3 data-start=\"2124\" data-end=\"2157\">Design ultrafino e compacto<\/h3>\n<p data-start=\"2158\" data-end=\"2349\">O <strong data-start=\"2162\" data-end=\"2182\">design de corpo fino<\/strong> facilita a instala\u00e7\u00e3o, mesmo em locais com espa\u00e7o limitado no teto. Perfeito para escrit\u00f3rios, lojas de varejo e hot\u00e9is, onde a est\u00e9tica \u00e9 t\u00e3o importante quanto o desempenho.<\/p>\n<h3 data-start=\"2351\" data-end=\"2380\">Opera\u00e7\u00e3o silenciosa<\/h3>\n<p data-start=\"2381\" data-end=\"2534\">O ru\u00eddo pode prejudicar o conforto em ambientes de trabalho e restaurantes. As unidades Hetapro s\u00e3o projetadas para <strong data-start=\"2471\" data-end=\"2494\">opera\u00e7\u00e3o de baixo ru\u00eddo<\/strong>, garantindo um ambiente tranquilo.<\/p>\n<h3 data-start=\"2536\" data-end=\"2563\">Op\u00e7\u00f5es de controle inteligente<\/h3>\n<p data-start=\"2564\" data-end=\"2735\">Hetapro suporta ambos <strong data-start=\"2586\" data-end=\"2620\">controladores com e sem fio<\/strong>, assim como <strong data-start=\"2633\" data-end=\"2652\">Integra\u00e7\u00e3o BMS<\/strong>, dando aos gerentes de instala\u00e7\u00f5es controle flex\u00edvel e inteligente sobre os sistemas de refrigera\u00e7\u00e3o.<\/p>\n<hr data-start=\"2481\" data-end=\"2484\" \/>\n<h2 data-start=\"2486\" data-end=\"2519\"><strong data-start=\"2489\" data-end=\"2517\">Especifica\u00e7\u00f5es t\u00e9cnicas<\/strong><\/h2>\n<p>&nbsp;<\/p>\n<hr data-start=\"2481\" data-end=\"2484\" \/>\n<h2 data-start=\"2486\" data-end=\"2519\"><strong data-start=\"2489\" data-end=\"2517\">Aplica\u00e7\u00f5es<\/strong><\/h2>\n<p>Ideal para apartamentos, escrit\u00f3rios, quartos, espa\u00e7os comerciais e projetos de reforma onde a instala\u00e7\u00e3o de dutos n\u00e3o \u00e9 vi\u00e1vel.<\/p>\n<p>&nbsp;<\/p>\n<hr data-start=\"2937\" data-end=\"2940\" \/>\n<h2 data-start=\"754\" data-end=\"804\">Por que escolher os condicionadores de ar cassete Hetapro?<\/h2>\n<p data-start=\"806\" data-end=\"1057\">Escolher o sistema de refrigera\u00e7\u00e3o certo \u00e9 um investimento de longo prazo. Os aparelhos de ar condicionado tipo cassete da Hetapro s\u00e3o projetados para combinar <strong data-start=\"914\" data-end=\"965\">efici\u00eancia, durabilidade e controle inteligente<\/strong>. Em compara\u00e7\u00e3o com concorrentes como Hisense, Daikin, Toshiba e LG, as unidades Hetapro oferecem:<\/p>\n<ul data-start=\"1059\" data-end=\"1380\">\n<li data-start=\"1059\" data-end=\"1118\">\n<p data-start=\"1061\" data-end=\"1118\"><strong data-start=\"1061\" data-end=\"1089\">Controle de fluxo de ar superior<\/strong> com cobertura de resfriamento de 360\u00b0<\/p>\n<\/li>\n<li data-start=\"1119\" data-end=\"1184\">\n<p data-start=\"1121\" data-end=\"1184\"><strong data-start=\"1121\" data-end=\"1142\">Efici\u00eancia Energ\u00e9tica<\/strong> gra\u00e7as aos compressores inversores avan\u00e7ados<\/p>\n<\/li>\n<li data-start=\"1185\" data-end=\"1255\">\n<p data-start=\"1187\" data-end=\"1255\"><strong data-start=\"1187\" data-end=\"1212\">Design compacto e fino<\/strong> que cabe at\u00e9 mesmo em espa\u00e7os limitados no teto<\/p>\n<\/li>\n<li data-start=\"1256\" data-end=\"1323\">\n<p data-start=\"1258\" data-end=\"1323\"><strong data-start=\"1258\" data-end=\"1283\">Instala\u00e7\u00e3o flex\u00edvel<\/strong> para combinar com diferentes layouts comerciais<\/p>\n<\/li>\n<li data-start=\"1324\" data-end=\"1380\">\n<p data-start=\"1326\" data-end=\"1380\"><strong data-start=\"1326\" data-end=\"1354\">Refrigerante ecol\u00f3gico<\/strong> garantindo a sustentabilidade<\/p>\n<\/li>\n<\/ul>\n<p data-start=\"1382\" data-end=\"1493\">Essas vantagens fazem da Hetapro uma escolha confi\u00e1vel para distribuidores, instaladores e planejadores de projetos em todo o mundo.<\/p>\n<p>&nbsp;<\/p>\n<hr data-start=\"2937\" data-end=\"2940\" \/>\n<h2 data-start=\"2742\" data-end=\"2771\">Especifica\u00e7\u00f5es t\u00e9cnicas<\/h2>\n<p data-start=\"2773\" data-end=\"2879\">Abaixo est\u00e1 um resumo dos destaques t\u00e9cnicos da s\u00e9rie Cassette (com base na folha de especifica\u00e7\u00f5es enviada):<\/p>\n<div class=\"_tableContainer_1rjym_1\">\n<div class=\"group _tableWrapper_1rjym_13 flex w-fit flex-col-reverse\" tabindex=\"-1\">\n<table class=\"w-fit min-w-(--thread-content-width)\" data-start=\"2881\" data-end=\"3446\">\n<thead data-start=\"2881\" data-end=\"2981\">\n<tr data-start=\"2881\" data-end=\"2981\">\n<th data-start=\"2881\" data-end=\"2889\" data-col-size=\"sm\">Modelo<\/th>\n<th data-start=\"2889\" data-end=\"2911\" data-col-size=\"sm\">Faixa de capacidade (kW)<\/th>\n<th data-start=\"2911\" data-end=\"2928\" data-col-size=\"sm\">Fluxo de ar (m\u00b3\/h)<\/th>\n<th data-start=\"2928\" data-end=\"2943\" data-col-size=\"sm\">Fonte de energia<\/th>\n<th data-start=\"2943\" data-end=\"2961\" data-col-size=\"sm\">Dimens\u00f5es (mm)<\/th>\n<th data-start=\"2961\" data-end=\"2981\" data-col-size=\"sm\">N\u00edvel de ru\u00eddo (dB)<\/th>\n<\/tr>\n<\/thead>\n<tbody data-start=\"3084\" data-end=\"3446\">\n<tr data-start=\"3084\" data-end=\"3144\">\n<td data-start=\"3084\" data-end=\"3096\" data-col-size=\"sm\">HET-CAS09<\/td>\n<td data-start=\"3096\" data-end=\"3102\" data-col-size=\"sm\">2.6<\/td>\n<td data-start=\"3102\" data-end=\"3108\" data-col-size=\"sm\">600<\/td>\n<td data-start=\"3108\" data-end=\"3124\" data-col-size=\"sm\">220-240 V\/50 Hz<\/td>\n<td data-start=\"3124\" data-end=\"3138\" data-col-size=\"sm\">570\u00d7570\u00d7260<\/td>\n<td data-start=\"3138\" data-end=\"3144\" data-col-size=\"sm\">32<\/td>\n<\/tr>\n<tr data-start=\"3145\" data-end=\"3205\">\n<td data-start=\"3145\" data-end=\"3157\" data-col-size=\"sm\">HET-CAS12<\/td>\n<td data-start=\"3157\" data-end=\"3163\" data-col-size=\"sm\">3.5<\/td>\n<td data-start=\"3163\" data-end=\"3169\" data-col-size=\"sm\">650<\/td>\n<td data-start=\"3169\" data-end=\"3185\" data-col-size=\"sm\">220-240 V\/50 Hz<\/td>\n<td data-start=\"3185\" data-end=\"3199\" data-col-size=\"sm\">570\u00d7570\u00d7260<\/td>\n<td data-start=\"3199\" data-end=\"3205\" data-col-size=\"sm\">34<\/td>\n<\/tr>\n<tr data-start=\"3206\" data-end=\"3266\">\n<td data-start=\"3206\" data-end=\"3218\" data-col-size=\"sm\">HET-CAS18<\/td>\n<td data-start=\"3218\" data-end=\"3224\" data-col-size=\"sm\">5.3<\/td>\n<td data-start=\"3224\" data-end=\"3230\" data-col-size=\"sm\">950<\/td>\n<td data-start=\"3230\" data-end=\"3246\" data-col-size=\"sm\">220-240 V\/50 Hz<\/td>\n<td data-start=\"3246\" data-end=\"3260\" data-col-size=\"sm\">840\u00d7840\u00d7287<\/td>\n<td data-start=\"3260\" data-end=\"3266\" data-col-size=\"sm\">38<\/td>\n<\/tr>\n<tr data-start=\"3267\" data-end=\"3328\">\n<td data-start=\"3267\" data-end=\"3279\" data-col-size=\"sm\">HET-CAS24<\/td>\n<td data-start=\"3279\" data-end=\"3285\" data-col-size=\"sm\">7.1<\/td>\n<td data-start=\"3285\" data-end=\"3292\" data-col-size=\"sm\">1200<\/td>\n<td data-start=\"3292\" data-end=\"3308\" data-col-size=\"sm\">220-240 V\/50 Hz<\/td>\n<td data-start=\"3308\" data-end=\"3322\" data-col-size=\"sm\">840\u00d7840\u00d7287<\/td>\n<td data-start=\"3322\" data-end=\"3328\" data-col-size=\"sm\">42<\/td>\n<\/tr>\n<tr data-start=\"3329\" data-end=\"3387\">\n<td data-start=\"3329\" data-end=\"3341\" data-col-size=\"sm\">HET-CAS36<\/td>\n<td data-start=\"3341\" data-end=\"3348\" data-col-size=\"sm\">10.5<\/td>\n<td data-start=\"3348\" data-end=\"3355\" data-col-size=\"sm\">1800<\/td>\n<td data-start=\"3355\" data-end=\"3367\" data-col-size=\"sm\">380 V\/50 Hz<\/td>\n<td data-start=\"3367\" data-end=\"3381\" data-col-size=\"sm\">950\u00d7950\u00d7290<\/td>\n<td data-start=\"3381\" data-end=\"3387\" data-col-size=\"sm\">44<\/td>\n<\/tr>\n<tr data-start=\"3388\" data-end=\"3446\">\n<td data-start=\"3388\" data-end=\"3400\" data-col-size=\"sm\">HET-CAS48<\/td>\n<td data-start=\"3400\" data-end=\"3407\" data-col-size=\"sm\">14.0<\/td>\n<td data-start=\"3407\" data-end=\"3414\" data-col-size=\"sm\">2200<\/td>\n<td data-start=\"3414\" data-end=\"3426\" data-col-size=\"sm\">380 V\/50 Hz<\/td>\n<td data-start=\"3426\" data-end=\"3440\" data-col-size=\"sm\">950\u00d7950\u00d7290<\/td>\n<td data-start=\"3440\" data-end=\"3446\" data-col-size=\"sm\">46<\/td>\n<\/tr>\n<\/tbody>\n<\/table>\n<\/div>\n<\/div>\n<p data-start=\"3448\" data-end=\"3544\"><em data-start=\"3448\" data-end=\"3542\">(Observa\u00e7\u00e3o: dados adaptados das especifica\u00e7\u00f5es da s\u00e9rie Hetapro Cassette. Os valores podem variar de acordo com a regi\u00e3o.)<\/em><\/p>\n<hr data-start=\"4723\" data-end=\"4726\" \/>\n<h2 data-start=\"4728\" data-end=\"4759\">Instala\u00e7\u00e3o e Manuten\u00e7\u00e3o<\/h2>\n<p data-start=\"4761\" data-end=\"4830\">Os ACs de cassete Hetapro s\u00e3o projetados para <strong data-start=\"4801\" data-end=\"4822\">f\u00e1cil instala\u00e7\u00e3o<\/strong> com:<\/p>\n<ul data-start=\"4832\" data-end=\"5041\">\n<li data-start=\"4832\" data-end=\"4884\">\n<p data-start=\"4834\" data-end=\"4884\"><strong data-start=\"4834\" data-end=\"4851\">Unidades compactas<\/strong> que se encaixam em tetos modulares<\/p>\n<\/li>\n<li data-start=\"4885\" data-end=\"4940\">\n<p data-start=\"4887\" data-end=\"4940\"><strong data-start=\"4887\" data-end=\"4907\">Pain\u00e9is remov\u00edveis<\/strong> para limpeza conveniente do filtro<\/p>\n<\/li>\n<li data-start=\"4941\" data-end=\"4993\">\n<p data-start=\"4943\" data-end=\"4993\"><strong data-start=\"4943\" data-end=\"4963\">Filtros lav\u00e1veis<\/strong> para reduzir custos de manuten\u00e7\u00e3o<\/p>\n<\/li>\n<li data-start=\"4994\" data-end=\"5041\">\n<p data-start=\"4996\" data-end=\"5041\"><strong data-start=\"4996\" data-end=\"5023\">Design amig\u00e1vel ao servi\u00e7o<\/strong> para t\u00e9cnicos<\/p>\n<\/li>\n<\/ul>\n<p data-start=\"5043\" data-end=\"5126\">A manuten\u00e7\u00e3o regular garante efici\u00eancia a longo prazo e prolonga a vida \u00fatil da unidade.<\/p>","protected":false},"excerpt":{"rendered":"<p>Descubra os condicionadores de ar cassete Hetapro com fluxo de ar de 360\u00b0, design fino, tecnologia inverter e refrigerante ecol\u00f3gico R32. Ideais para escrit\u00f3rios, hot\u00e9is e lojas.<\/p>","protected":false},"featured_media":4892,"template":"","meta":{"_acf_changed":false,"_seopress_robots_primary_cat":"none","_seopress_titles_title":"Cassette Air Conditioner | Hetapro Ceiling-Mounted AC for Commercial Spaces","_seopress_titles_desc":"Discover Hetapro Cassette Air Conditioners with 360\u00b0 airflow, slim design, inverter technology, and eco-friendly R32 refrigerant. Ideal for offices, hotels, and retail.","_seopress_robots_index":""},"product_cat":[164,179],"product_tag":[180],"acf":[],"_links":{"self":[{"href":"https:\/\/hetapro.com\/pt\/wp-json\/wp\/v2\/product\/4891"}],"collection":[{"href":"https:\/\/hetapro.com\/pt\/wp-json\/wp\/v2\/product"}],"about":[{"href":"https:\/\/hetapro.com\/pt\/wp-json\/wp\/v2\/types\/product"}],"wp:featuredmedia":[{"embeddable":true,"href":"https:\/\/hetapro.com\/pt\/wp-json\/wp\/v2\/media\/4892"}],"wp:attachment":[{"href":"https:\/\/hetapro.com\/pt\/wp-json\/wp\/v2\/media?parent=4891"}],"wp:term":[{"taxonomy":"product_cat","embeddable":true,"href":"https:\/\/hetapro.com\/pt\/wp-json\/wp\/v2\/product_cat?post=4891"},{"taxonomy":"product_tag","embeddable":true,"href":"https:\/\/hetapro.com\/pt\/wp-json\/wp\/v2\/product_tag?post=4891"}],"curies":[{"name":"wp","href":"https:\/\/api.w.org\/{rel}","templated":true}]}}