{"id":4912,"date":"2025-09-29T02:37:54","date_gmt":"2025-09-29T02:37:54","guid":{"rendered":"https:\/\/hetapro.com\/?post_type=product&#038;p=4912"},"modified":"2025-09-30T02:32:49","modified_gmt":"2025-09-30T02:32:49","slug":"duct-series-inverter-ducted-air-conditioner","status":"publish","type":"product","link":"https:\/\/hetapro.com\/pt\/products\/duct-series-inverter-ducted-air-conditioner\/","title":{"rendered":"S\u00e9rie Duct \u2013 Ar Condicionado Ductado Inverter"},"content":{"rendered":"<h1 data-start=\"145\" data-end=\"241\">S\u00e9rie de condicionadores de ar canalizados HETAPRO R32 de alta efici\u00eancia com baixa est\u00e1tica e m\u00e9dia est\u00e1tica<\/h1>\n<p>Resfriamento e aquecimento potentes com design fino e oculto<\/p>\n<h2 data-start=\"243\" data-end=\"264\"><strong data-start=\"246\" data-end=\"262\">Introdu\u00e7\u00e3o<\/strong><\/h2>\n<p data-start=\"265\" data-end=\"762\">Quando se trata de controle clim\u00e1tico eficiente e confi\u00e1vel, <strong data-start=\"291\" data-end=\"326\">Ar condicionado canalizado HETAPRO<\/strong> Destacam-se como uma escolha superior para ambientes residenciais e comerciais. Projetados para proporcionar opera\u00e7\u00e3o silenciosa, distribui\u00e7\u00e3o uniforme do fluxo de ar e desempenho robusto, nossos sistemas de ar condicionado canalizados combinam tecnologia avan\u00e7ada de inversor com instala\u00e7\u00e3o oculta e elegante para proporcionar conforto incompar\u00e1vel.<\/p>\n<p>&nbsp;<\/p>\n<hr data-start=\"764\" data-end=\"767\" \/>\n<h2 data-start=\"1500\" data-end=\"1528\">Principais recursos e benef\u00edcios<\/h2>\n<ul>\n<li data-start=\"2577\" data-end=\"2644\">\n<p data-start=\"2579\" data-end=\"2644\"><strong data-start=\"2579\" data-end=\"2608\">Distribui\u00e7\u00e3o uniforme do fluxo de ar<\/strong> \u2013 Cobre todos os cantos da sala<\/p>\n<\/li>\n<li data-start=\"2645\" data-end=\"2715\">\n<p data-start=\"2647\" data-end=\"2715\"><strong data-start=\"2647\" data-end=\"2667\">Baixos n\u00edveis de ru\u00eddo<\/strong> \u2013 Desempenho silencioso para ambientes tranquilos<\/p>\n<\/li>\n<li data-start=\"2716\" data-end=\"2787\">\n<p data-start=\"2718\" data-end=\"2787\"><strong data-start=\"2718\" data-end=\"2743\">Instala\u00e7\u00e3o flex\u00edvel<\/strong> \u2013 O design fino se adapta a espa\u00e7os limitados no teto<\/p>\n<\/li>\n<li data-start=\"2788\" data-end=\"2851\">\n<p data-start=\"2790\" data-end=\"2851\"><strong data-start=\"2790\" data-end=\"2813\">Tecnologia Inversora<\/strong> \u2013 Reduz as contas de energia em at\u00e9 30%<\/p>\n<\/li>\n<li data-start=\"2852\" data-end=\"2914\">\n<p data-start=\"2854\" data-end=\"2914\"><strong data-start=\"2854\" data-end=\"2877\">Desempenho dur\u00e1vel<\/strong> \u2013 Constru\u00eddo para opera\u00e7\u00e3o duradoura<\/p>\n<\/li>\n<\/ul>\n<hr data-start=\"2481\" data-end=\"2484\" \/>\n<h2 data-start=\"2486\" data-end=\"2519\"><strong data-start=\"2489\" data-end=\"2517\">Especifica\u00e7\u00f5es t\u00e9cnicas<\/strong><\/h2>\n<table class=\"w-fit min-w-(--thread-content-width)\" data-start=\"1820\" data-end=\"2551\">\n<thead data-start=\"1820\" data-end=\"1941\">\n<tr data-start=\"1820\" data-end=\"1941\">\n<th data-start=\"1820\" data-end=\"1835\" data-col-size=\"sm\">Modelo<\/th>\n<th data-start=\"1835\" data-end=\"1853\" data-col-size=\"sm\">Resfriamento (BTU\/h)<\/th>\n<th data-start=\"1853\" data-end=\"1871\" data-col-size=\"sm\">Aquecimento (BTU\/h)<\/th>\n<th data-start=\"1871\" data-end=\"1901\" data-col-size=\"sm\">Fonte de energia<\/th>\n<th data-start=\"1901\" data-end=\"1918\" data-col-size=\"sm\">Fluxo de ar (m\u00b3\/h)<\/th>\n<th data-start=\"1918\" data-end=\"1941\" data-col-size=\"sm\">Dimens\u00f5es (mm)<\/th>\n<\/tr>\n<\/thead>\n<tbody data-start=\"2064\" data-end=\"2551\">\n<tr data-start=\"2064\" data-end=\"2185\">\n<td data-start=\"2064\" data-end=\"2079\" data-col-size=\"sm\">SDVH18M-A3NA<\/td>\n<td data-start=\"2079\" data-end=\"2097\" data-col-size=\"sm\">18,000<\/td>\n<td data-start=\"2097\" data-end=\"2115\" data-col-size=\"sm\">18,000<\/td>\n<td data-start=\"2115\" data-end=\"2145\" data-col-size=\"sm\">1F, 220\u2013240V, 50Hz<\/td>\n<td data-start=\"2145\" data-end=\"2162\" data-col-size=\"sm\">920<\/td>\n<td data-start=\"2162\" data-end=\"2185\" data-col-size=\"sm\">1000 \u00d7 450 \u00d7 200<\/td>\n<\/tr>\n<tr data-start=\"2186\" data-end=\"2307\">\n<td data-start=\"2186\" data-end=\"2201\" data-col-size=\"sm\">SDVH24M-A3NA<\/td>\n<td data-start=\"2201\" data-end=\"2219\" data-col-size=\"sm\">24,000<\/td>\n<td data-start=\"2219\" data-end=\"2237\" data-col-size=\"sm\">24,000<\/td>\n<td data-start=\"2237\" data-end=\"2267\" data-col-size=\"sm\">1F, 220\u2013240V, 50Hz<\/td>\n<td data-start=\"2267\" data-end=\"2284\" data-col-size=\"sm\">1300<\/td>\n<td data-start=\"2284\" data-end=\"2307\" data-col-size=\"sm\">1300 \u00d7 450 \u00d7 200<\/td>\n<\/tr>\n<tr data-start=\"2308\" data-end=\"2429\">\n<td data-start=\"2308\" data-end=\"2323\" data-col-size=\"sm\">SDVH36M-A4NA<\/td>\n<td data-start=\"2323\" data-end=\"2341\" data-col-size=\"sm\">36,000<\/td>\n<td data-start=\"2341\" data-end=\"2359\" data-col-size=\"sm\">36,000<\/td>\n<td data-start=\"2359\" data-end=\"2389\" data-col-size=\"sm\">1F, 220\u2013240V, 50Hz<\/td>\n<td data-start=\"2389\" data-end=\"2406\" data-col-size=\"sm\">2000<\/td>\n<td data-start=\"2406\" data-end=\"2429\" data-col-size=\"sm\">1430 \u00d7 715 \u00d7 280<\/td>\n<\/tr>\n<tr data-start=\"2430\" data-end=\"2551\">\n<td data-start=\"2430\" data-end=\"2445\" data-col-size=\"sm\">SDVH48H-E1NA<\/td>\n<td data-start=\"2445\" data-end=\"2463\" data-col-size=\"sm\">48,000<\/td>\n<td data-start=\"2463\" data-end=\"2481\" data-col-size=\"sm\">48,000<\/td>\n<td data-start=\"2481\" data-end=\"2511\" data-col-size=\"sm\">Trif\u00e1sico, 380~415V, 50Hz<\/td>\n<td data-start=\"2511\" data-end=\"2528\" data-col-size=\"sm\">2150<\/td>\n<td data-start=\"2528\" data-end=\"2551\" data-col-size=\"sm\">1430 \u00d7 715 \u00d7 280<\/td>\n<\/tr>\n<\/tbody>\n<\/table>\n<hr data-start=\"2481\" data-end=\"2484\" \/>\n<h2 data-start=\"2921\" data-end=\"2939\">Aplica\u00e7\u00f5es<\/h2>\n<ul data-start=\"2940\" data-end=\"3115\">\n<li data-start=\"2940\" data-end=\"2997\">\n<p data-start=\"2942\" data-end=\"2997\"><strong data-start=\"2942\" data-end=\"2957\">residencial<\/strong>: Apartamentos, vilas e casas de luxo<\/p>\n<\/li>\n<li data-start=\"2998\" data-end=\"3060\">\n<p data-start=\"3000\" data-end=\"3060\"><strong data-start=\"3000\" data-end=\"3014\">Comercial<\/strong>: Escrit\u00f3rios, lojas de varejo, restaurantes, hot\u00e9is<\/p>\n<\/li>\n<li data-start=\"3061\" data-end=\"3115\">\n<p data-start=\"3063\" data-end=\"3115\"><strong data-start=\"3063\" data-end=\"3077\">Industrial<\/strong>: Armaz\u00e9ns, oficinas, grandes sal\u00f5es<\/p>\n<\/li>\n<\/ul>\n<hr data-start=\"2937\" data-end=\"2940\" \/>\n<h2 data-start=\"7759\" data-end=\"7819\">Por que fazer parceria com a HETAPRO para suas necessidades de ar condicionado?<\/h2>\n<p data-start=\"7821\" data-end=\"8047\">Distribuidores, instaladores e agentes se beneficiam de <strong data-start=\"7871\" data-end=\"7952\">suporte t\u00e9cnico dedicado, pre\u00e7os flex\u00edveis e forte servi\u00e7o p\u00f3s-venda<\/strong>. A parceria com a HETAPRO significa ganhar uma marca confi\u00e1vel que valoriza a colabora\u00e7\u00e3o de longo prazo.<\/p>\n<p>&nbsp;<\/p>\n<hr data-start=\"2937\" data-end=\"2940\" \/>\n<h2 data-start=\"2742\" data-end=\"2771\">Especifica\u00e7\u00f5es t\u00e9cnicas<\/h2>\n<p data-start=\"2773\" data-end=\"2879\">Abaixo est\u00e1 um resumo dos destaques t\u00e9cnicos da s\u00e9rie Cassette (com base na folha de especifica\u00e7\u00f5es enviada):<\/p>\n<div class=\"_tableContainer_1rjym_1\">\n<div class=\"group _tableWrapper_1rjym_13 flex w-fit flex-col-reverse\" tabindex=\"-1\">\n<table width=\"980\">\n<tbody>\n<tr>\n<td colspan=\"3\" width=\"420\">Nome do modelo<\/td>\n<td width=\"140\">SDVH18M-A3NA<\/td>\n<td width=\"140\">SDVH24M-A3NA<\/td>\n<td width=\"140\">SDVH36M-A4NA<\/td>\n<td width=\"140\">SDVH48H-E1NA<\/td>\n<\/tr>\n<tr>\n<td rowspan=\"2\" width=\"140\">Capacidade<\/td>\n<td width=\"140\">Resfriamento<\/td>\n<td width=\"140\">BTU\/h<\/td>\n<td width=\"140\">18000<\/td>\n<td width=\"140\">24000<\/td>\n<td width=\"140\">36000<\/td>\n<td width=\"140\">48000<\/td>\n<\/tr>\n<tr>\n<td width=\"140\">Aquecimento<\/td>\n<td width=\"140\">BTU\/h<\/td>\n<td width=\"140\">18000<\/td>\n<td width=\"140\">24000<\/td>\n<td width=\"140\">36000<\/td>\n<td width=\"140\">48000<\/td>\n<\/tr>\n<tr>\n<td colspan=\"2\" width=\"280\">Fonte de energia<\/td>\n<td width=\"140\">Ph\/V\/Hz<\/td>\n<td colspan=\"3\" width=\"420\">1 fase, 220~240 V, 50 Hz<\/td>\n<td width=\"140\">Trif\u00e1sico, 380~415 V, 50 Hz<\/td>\n<\/tr>\n<tr>\n<td colspan=\"2\" width=\"280\">Volume do fluxo de ar<\/td>\n<td width=\"140\">m3\/hora<\/td>\n<td width=\"140\">920<\/td>\n<td width=\"140\">1300<\/td>\n<td width=\"140\">2000<\/td>\n<td width=\"140\">2150<\/td>\n<\/tr>\n<tr>\n<td width=\"140\">Dimens\u00e3o<\/td>\n<td width=\"140\">L\u00d7A\u00d7P<\/td>\n<td width=\"140\">mil\u00edmetros<\/td>\n<td width=\"140\">1000x450x200<\/td>\n<td width=\"140\">1300x450x200<\/td>\n<td width=\"140\">1430x715x280<\/td>\n<td width=\"140\">1430x715x280<\/td>\n<\/tr>\n<\/tbody>\n<\/table>\n<\/div>\n<\/div>\n<p data-start=\"3448\" data-end=\"3544\"><em data-start=\"3448\" data-end=\"3542\">(Observa\u00e7\u00e3o: dados adaptados das especifica\u00e7\u00f5es da s\u00e9rie Hetapro Cassette. Os valores podem variar de acordo com a regi\u00e3o.)<\/em><\/p>\n<hr data-start=\"4723\" data-end=\"4726\" \/>\n<h2 data-start=\"4728\" data-end=\"4759\">Instala\u00e7\u00e3o e Manuten\u00e7\u00e3o<\/h2>\n<p data-start=\"4761\" data-end=\"4830\">Os ACs de cassete Hetapro s\u00e3o projetados para <strong data-start=\"4801\" data-end=\"4822\">f\u00e1cil instala\u00e7\u00e3o<\/strong> com:<\/p>\n<ul data-start=\"4832\" data-end=\"5041\">\n<li data-start=\"4832\" data-end=\"4884\">\n<p data-start=\"4834\" data-end=\"4884\"><strong data-start=\"4834\" data-end=\"4851\">Unidades compactas<\/strong> que se encaixam em tetos modulares<\/p>\n<\/li>\n<li data-start=\"4885\" data-end=\"4940\">\n<p data-start=\"4887\" data-end=\"4940\"><strong data-start=\"4887\" data-end=\"4907\">Pain\u00e9is remov\u00edveis<\/strong> para limpeza conveniente do filtro<\/p>\n<\/li>\n<li data-start=\"4941\" data-end=\"4993\">\n<p data-start=\"4943\" data-end=\"4993\"><strong data-start=\"4943\" data-end=\"4963\">Filtros lav\u00e1veis<\/strong> para reduzir custos de manuten\u00e7\u00e3o<\/p>\n<\/li>\n<li data-start=\"4994\" data-end=\"5041\">\n<p data-start=\"4996\" data-end=\"5041\"><strong data-start=\"4996\" data-end=\"5023\">Design amig\u00e1vel ao servi\u00e7o<\/strong> para t\u00e9cnicos<\/p>\n<\/li>\n<\/ul>\n<p data-start=\"5043\" data-end=\"5126\">A manuten\u00e7\u00e3o regular garante efici\u00eancia a longo prazo e prolonga a vida \u00fatil da unidade.<\/p>\n<hr data-start=\"6270\" data-end=\"6273\" \/>\n<h2 data-start=\"6275\" data-end=\"6309\">Economia de energia e sustentabilidade<\/h2>\n<p data-start=\"6311\" data-end=\"6594\">Na HETAPRO, estamos comprometidos em <strong data-start=\"6342\" data-end=\"6382\">sustentabilidade e efici\u00eancia energ\u00e9tica<\/strong>Nossos sistemas canalizados utilizam refrigerantes ecol\u00f3gicos e compressores acionados por inversores, o que reduz significativamente o consumo de energia. Isso n\u00e3o apenas reduz os custos operacionais, mas tamb\u00e9m contribui para as metas globais de redu\u00e7\u00e3o de carbono.<\/p>","protected":false},"excerpt":{"rendered":"<p>Descubra os condicionadores de ar canalizados HETAPRO (18k\u201348k BTU). Design fino e oculto, economia de energia por inversor, opera\u00e7\u00e3o silenciosa \u2014 ideal para resid\u00eancias e espa\u00e7os comerciais.<\/p>","protected":false},"featured_media":4913,"template":"","meta":{"_acf_changed":false,"_seopress_robots_primary_cat":"164","_seopress_titles_title":"HETAPRO Slim Ducted Air Conditioner Series","_seopress_titles_desc":"Discover HETAPRO ducted air conditioners (18k\u201348k BTU). Slim concealed design, inverter energy saving, quiet operation \u2014 ideal for homes & commercial spaces.","_seopress_robots_index":""},"product_cat":[164,181],"product_tag":[182],"acf":[],"_links":{"self":[{"href":"https:\/\/hetapro.com\/pt\/wp-json\/wp\/v2\/product\/4912"}],"collection":[{"href":"https:\/\/hetapro.com\/pt\/wp-json\/wp\/v2\/product"}],"about":[{"href":"https:\/\/hetapro.com\/pt\/wp-json\/wp\/v2\/types\/product"}],"wp:featuredmedia":[{"embeddable":true,"href":"https:\/\/hetapro.com\/pt\/wp-json\/wp\/v2\/media\/4913"}],"wp:attachment":[{"href":"https:\/\/hetapro.com\/pt\/wp-json\/wp\/v2\/media?parent=4912"}],"wp:term":[{"taxonomy":"product_cat","embeddable":true,"href":"https:\/\/hetapro.com\/pt\/wp-json\/wp\/v2\/product_cat?post=4912"},{"taxonomy":"product_tag","embeddable":true,"href":"https:\/\/hetapro.com\/pt\/wp-json\/wp\/v2\/product_tag?post=4912"}],"curies":[{"name":"wp","href":"https:\/\/api.w.org\/{rel}","templated":true}]}}