{"id":919,"date":"2023-07-04T08:03:56","date_gmt":"2023-07-04T08:03:56","guid":{"rendered":"https:\/\/hetapro.com\/?post_type=product&#038;p=919"},"modified":"2025-03-05T04:13:00","modified_gmt":"2025-03-05T04:13:00","slug":"thermax-r32-monoblock-heat-pump","status":"publish","type":"product","link":"https:\/\/hetapro.com\/pt\/products\/thermax-r32-monoblock-heat-pump\/","title":{"rendered":"Bomba de calor ar-\u00e1gua monobloco R32"},"content":{"rendered":"<h3 data-start=\"438\" data-end=\"513\"><strong data-start=\"442\" data-end=\"511\">S\u00e9rie Thermax \u2013 Bomba de calor monobloco ar-\u00e1gua inversora R32 DC<\/strong><\/h3>\n<p data-start=\"515\" data-end=\"905\">Como fabricante l\u00edder de bombas de calor, a Hetapro apresenta o <strong data-start=\"575\" data-end=\"644\">S\u00e9rie Thermax \u2013 Bomba de calor monobloco ar-\u00e1gua inversora R32 DC<\/strong>, uma solu\u00e7\u00e3o avan\u00e7ada para aplica\u00e7\u00f5es residenciais e comerciais de aquecimento, resfriamento e \u00e1gua quente sanit\u00e1ria (AQS). Esta bomba de calor de alto desempenho combina efici\u00eancia energ\u00e9tica, sustentabilidade ambiental e opera\u00e7\u00e3o inteligente para proporcionar conforto superior.<\/p>\n<h3 data-start=\"907\" data-end=\"947\"><strong data-start=\"911\" data-end=\"945\">Por que escolher a s\u00e9rie Thermax?<\/strong><\/h3>\n<p data-start=\"949\" data-end=\"989\">\u2714 <strong data-start=\"951\" data-end=\"987\">Alta efici\u00eancia e economia de energia<\/strong><\/p>\n<ul data-start=\"990\" data-end=\"1217\">\n<li data-start=\"990\" data-end=\"1118\">Equipado com <strong data-start=\"1006\" data-end=\"1025\">Refrigerante R32<\/strong>, a s\u00e9rie Thermax melhora a efici\u00eancia da transfer\u00eancia de calor ao mesmo tempo que reduz o impacto ambiental.<\/li>\n<li data-start=\"1119\" data-end=\"1217\"><strong data-start=\"1121\" data-end=\"1147\">Tecnologia de inversor DC<\/strong> garante controle preciso da temperatura e economia significativa de energia.<\/li>\n<\/ul>\n<p data-start=\"1219\" data-end=\"1263\">\u2714 <strong data-start=\"1221\" data-end=\"1261\">Solu\u00e7\u00e3o vers\u00e1til de aquecimento e resfriamento<\/strong><\/p>\n<ul data-start=\"1264\" data-end=\"1414\">\n<li data-start=\"1264\" data-end=\"1336\">Fornece <strong data-start=\"1275\" data-end=\"1310\">aquecimento, resfriamento e \u00e1gua quente<\/strong> para conforto durante todo o ano.<\/li>\n<li data-start=\"1337\" data-end=\"1414\"><strong data-start=\"1339\" data-end=\"1375\">Ampla faixa de temperatura operacional<\/strong> o que o torna ideal para climas diversos.<\/li>\n<\/ul>\n<p data-start=\"1416\" data-end=\"1450\">\u2714 <strong data-start=\"1418\" data-end=\"1448\">Ecol\u00f3gico e Sustent\u00e1vel<\/strong><\/p>\n<ul data-start=\"1451\" data-end=\"1620\">\n<li data-start=\"1451\" data-end=\"1546\">Usos <strong data-start=\"1458\" data-end=\"1485\">refrigerante R32 de baixo PAG<\/strong>, reduzindo as emiss\u00f5es de CO\u2082 e apoiando uma vida sustent\u00e1vel.<\/li>\n<li data-start=\"1547\" data-end=\"1620\">Est\u00e1 em conformidade com <strong data-start=\"1563\" data-end=\"1580\">Design ecol\u00f3gico da UE<\/strong> padr\u00f5es de alta efici\u00eancia energ\u00e9tica.<\/li>\n<\/ul>\n<p data-start=\"1622\" data-end=\"1653\">\u2714 <strong data-start=\"1624\" data-end=\"1651\">Opera\u00e7\u00e3o inteligente e silenciosa<\/strong><\/p>\n<ul data-start=\"1654\" data-end=\"1831\">\n<li data-start=\"1654\" data-end=\"1747\"><strong data-start=\"1656\" data-end=\"1686\">Sistema de controle inteligente<\/strong> permite integra\u00e7\u00e3o perfeita com solu\u00e7\u00f5es de casa inteligente.<\/li>\n<li data-start=\"1748\" data-end=\"1831\"><strong data-start=\"1750\" data-end=\"1773\">Opera\u00e7\u00e3o de baixo ru\u00eddo<\/strong>, tornando-o adequado para uso residencial e comercial.<\/li>\n<\/ul>\n<h3 data-start=\"1833\" data-end=\"1893\"><strong data-start=\"1837\" data-end=\"1891\">Hetapro: Liderando o Futuro das Solu\u00e7\u00f5es de Bombas de Calor<\/strong><\/h3>\n<p data-start=\"1895\" data-end=\"2301\">Com mais de <strong data-start=\"1905\" data-end=\"1930\">20 anos de experi\u00eancia<\/strong>, a Hetapro se consolidou como uma das empresas mais promissoras <strong data-start=\"1992\" data-end=\"2028\">fabricantes de bombas de calor na China<\/strong>. A empresa est\u00e1 comprometida com a inova\u00e7\u00e3o, oferecendo produtos de ponta como:<br data-start=\"2109\" data-end=\"2112\" \/>\u2705 <strong data-start=\"2114\" data-end=\"2130\">Mestre do Espa\u00e7o<\/strong> \u2013 Sistema Hidr\u00e1ulico Tudo em Um<br data-start=\"2160\" data-end=\"2163\" \/>\u2705 <strong data-start=\"2165\" data-end=\"2182\">S\u00e9rie Heatix<\/strong> \u2013 Bomba de calor monobloco R290<br data-start=\"2208\" data-end=\"2211\" \/>\u2705 <strong data-start=\"2213\" data-end=\"2227\">Sr. H\u00edbrido<\/strong> \u2013 Bomba de calor h\u00edbrida de parede<br data-start=\"2259\" data-end=\"2262\" \/>\u2705 <strong data-start=\"2264\" data-end=\"2278\">Ultra Calor<\/strong> \u2013 Bomba de calor mono CO\u2082<\/p>\n<h3 data-start=\"2303\" data-end=\"2325\"><strong data-start=\"2307\" data-end=\"2323\">Entre em contato<\/strong><\/h3>\n<p data-start=\"2327\" data-end=\"2511\">Atualizar para o <strong data-start=\"2342\" data-end=\"2411\">S\u00e9rie Thermax \u2013 Bomba de calor monobloco ar-\u00e1gua inversora R32 DC<\/strong> para uma solu\u00e7\u00e3o de aquecimento sustent\u00e1vel e energeticamente eficiente. Contato <strong data-start=\"2477\" data-end=\"2488\">Hetapro<\/strong> hoje para saber mais!<\/p>","protected":false},"excerpt":{"rendered":"<p><strong>Capacidade de produ\u00e7\u00e3o<\/strong>: 150 pe\u00e7as \/ hora<\/p>\n<p><strong>Faixa de enchimento<\/strong>: 1-30 kg<\/p>\n<ul>\n<li>De forma cont\u00ednua e autom\u00e1tica<\/li>\n<li>Bom para o meio ambiente<\/li>\n<li>Enchimento de alta precis\u00e3o<\/li>\n<li>Longo per\u00edodo de uso<\/li>\n<\/ul>\n<p><strong>Precis\u00e3o de preenchimento<\/strong>\u00a0: 1KG\u22640,02<\/p>","protected":false},"featured_media":4075,"template":"","meta":{"_acf_changed":false,"_seopress_robots_primary_cat":"none","_seopress_titles_title":"Thermax Series - R32 DC Inverter Monoblock Air to Water Heat Pump | Hetapro","_seopress_titles_desc":"Discover Hetapro's Thermax Series R32 DC Inverter Monoblock Air to Water Heat Pump\u2014high efficiency, eco-friendly, and ideal for heating, cooling & hot water.","_seopress_robots_index":""},"product_cat":[22],"product_tag":[23],"acf":[],"_links":{"self":[{"href":"https:\/\/hetapro.com\/pt\/wp-json\/wp\/v2\/product\/919"}],"collection":[{"href":"https:\/\/hetapro.com\/pt\/wp-json\/wp\/v2\/product"}],"about":[{"href":"https:\/\/hetapro.com\/pt\/wp-json\/wp\/v2\/types\/product"}],"wp:featuredmedia":[{"embeddable":true,"href":"https:\/\/hetapro.com\/pt\/wp-json\/wp\/v2\/media\/4075"}],"wp:attachment":[{"href":"https:\/\/hetapro.com\/pt\/wp-json\/wp\/v2\/media?parent=919"}],"wp:term":[{"taxonomy":"product_cat","embeddable":true,"href":"https:\/\/hetapro.com\/pt\/wp-json\/wp\/v2\/product_cat?post=919"},{"taxonomy":"product_tag","embeddable":true,"href":"https:\/\/hetapro.com\/pt\/wp-json\/wp\/v2\/product_tag?post=919"}],"curies":[{"name":"wp","href":"https:\/\/api.w.org\/{rel}","templated":true}]}}